{"id":4098,"date":"2022-12-21T23:13:03","date_gmt":"2022-12-21T22:13:03","guid":{"rendered":"https:\/\/jadastroom.nl\/?post_type=product&#038;p=4098"},"modified":"2025-06-20T10:51:15","modified_gmt":"2025-06-20T08:51:15","slug":"4098","status":"publish","type":"product","link":"https:\/\/www.jadastroom.nl\/it\/winkel\/geen-categorie\/4098\/","title":{"rendered":"Uitklapbaar Zonnepaneel 100W Met Opberghoes"},"content":{"rendered":"<p>Artikelnummer: JaDa950498419264123121<\/p>\n<p>Geen ruimte voor zonnepanelen op het dak of dek van je vaar- of voertuig en toch stroom opladen met zonnepanelen? Met dit uitklapbare zonnepaneel is het mogelijk, kom niet zonder stroom te zitten!<\/p>\n<p><strong>Informazioni sul pannello:<\/strong><\/p>\n<ul>\n<li>Maximum Power (Pmax) 100 W<\/li>\n<li>Open Circuit Voltage (Voc) 21,6 V<\/li>\n<li>Short Circuit Current (Isc) 6,16 A<\/li>\n<li>Maximum Power Voltage (Vmp) 18,00 V<\/li>\n<li>Maximum Power Current (Imp) 5,56A<\/li>\n<li>Afmetingen wanneer paneel is uitgeklapt: 1008 * 693 * 35MM<\/li>\n<li>Gewicht: 12,17kg<\/li>\n<li>Paneel is uitklapbaar<\/li>\n<li>Monocristallino<\/li>\n<\/ul>\n<p><strong>Il pacchetto include:<\/strong><\/p>\n<ul>\n<li>1 x uitklapbaar zonnepaneel 100Wp<\/li>\n<li>1 x stevige opberghoes<\/li>\n<li>1 x lista di istruzioni<\/li>\n<li>Altijd technische ondersteuning door JaDa Consumentenartikelen<\/li>\n<\/ul>\n<p><strong>Utile sapere<\/strong><\/p>\n<ul>\n<li>Durante il collegamento, prestare attenzione ai seguenti punti: coprire sempre il pannello durante il collegamento o lo scollegamento e seguire le istruzioni del regolatore di carica.<\/li>\n<li>Non collegare mai 2 tipi diversi di pannelli a un unico regolatore di carica, cio\u00e8 pannelli con specifiche diverse. Per motivi di sicurezza ed efficienza.<\/li>\n<li>Se un pannello \u00e8 danneggiato e pu\u00f2 entrare acqua al suo interno, non utilizzarlo pi\u00f9.<\/li>\n<\/ul>","protected":false},"excerpt":{"rendered":"<p>Artikelnummer: JaDa950498419264123121 Geen ruimte voor zonnepanelen op het dak of dek van je vaar- of voertuig en toch stroom opladen met zonnepanelen? Met dit uitklapbare zonnepaneel is het mogelijk, kom niet zonder stroom te zitten! Informatie over het paneel: Maximum Power (Pmax) 100 W Open Circuit Voltage (Voc) 21,6 V Short Circuit Current (Isc) 6,16 [&hellip;]<\/p>\n","protected":false},"featured_media":4099,"comment_status":"open","ping_status":"closed","template":"","meta":{"wds_primary_product_brand":0,"wds_primary_product_cat":139},"product_brand":[],"product_cat":[46],"product_tag":[],"class_list":{"0":"post-4098","1":"product","2":"type-product","3":"status-publish","4":"has-post-thumbnail","6":"product_cat-geen-categorie","7":"pa_hoeveel-wp-100wp","9":"first","10":"outofstock","11":"taxable","12":"shipping-taxable","13":"purchasable","14":"product-type-simple"},"_links":{"self":[{"href":"https:\/\/www.jadastroom.nl\/it\/wp-json\/wp\/v2\/product\/4098","targetHints":{"allow":["GET"]}}],"collection":[{"href":"https:\/\/www.jadastroom.nl\/it\/wp-json\/wp\/v2\/product"}],"about":[{"href":"https:\/\/www.jadastroom.nl\/it\/wp-json\/wp\/v2\/types\/product"}],"replies":[{"embeddable":true,"href":"https:\/\/www.jadastroom.nl\/it\/wp-json\/wp\/v2\/comments?post=4098"}],"wp:featuredmedia":[{"embeddable":true,"href":"https:\/\/www.jadastroom.nl\/it\/wp-json\/wp\/v2\/media\/4099"}],"wp:attachment":[{"href":"https:\/\/www.jadastroom.nl\/it\/wp-json\/wp\/v2\/media?parent=4098"}],"wp:term":[{"taxonomy":"product_brand","embeddable":true,"href":"https:\/\/www.jadastroom.nl\/it\/wp-json\/wp\/v2\/product_brand?post=4098"},{"taxonomy":"product_cat","embeddable":true,"href":"https:\/\/www.jadastroom.nl\/it\/wp-json\/wp\/v2\/product_cat?post=4098"},{"taxonomy":"product_tag","embeddable":true,"href":"https:\/\/www.jadastroom.nl\/it\/wp-json\/wp\/v2\/product_tag?post=4098"}],"curies":[{"name":"wp","href":"https:\/\/api.w.org\/{rel}","templated":true}]}}