{"id":4058,"date":"2022-12-14T19:28:35","date_gmt":"2022-12-14T18:28:35","guid":{"rendered":"https:\/\/jadastroom.nl\/?post_type=product&#038;p=4058"},"modified":"2025-06-20T10:51:32","modified_gmt":"2025-06-20T08:51:32","slug":"flexibel-zonnepaneel-175wp-caravan-camper-boot-bestelwagen-of-vrachtwagen","status":"publish","type":"product","link":"https:\/\/www.jadastroom.nl\/it\/winkel\/geen-categorie\/flexibel-zonnepaneel-175wp-caravan-camper-boot-bestelwagen-of-vrachtwagen\/","title":{"rendered":"Flexibel Zonnepaneel 175Wp \u2013 Caravan, Camper, Boot, Bestelwagen Of Vrachtwagen"},"content":{"rendered":"<p>Artikelnummer: JaDa95045992127271<\/p>\n<p>Pannelli leggeri e flessibili; si tratta di pannelli monocristallini.<br \/>\nQuesti pannelli solari sono versatili grazie alla loro flessibilit\u00e0. Possono essere facilmente installati su una superficie leggermente curva.<br \/>\nIl montaggio pu\u00f2 essere effettuato con adesivo oppure tramite i punti di fissaggio.<br \/>\nQuesti pannelli sono spesso utilizzati sul tetto di una roulotte o sul ponte di una barca, oltre che per molte altre applicazioni.<\/p>\n<p><strong>Informazioni sul pannello:<\/strong><\/p>\n<ul>\n<li>Maximum Power (Pmax) 175 Wp<\/li>\n<li>Opitmum Operating Voltage: 19,5 V<\/li>\n<li>Open-Circuit voltage (Voc): 23,9 V<\/li>\n<li>Optimum Operating Current: 8,98 A<\/li>\n<li>Short-Circuit Current (Isc): 9,50 A<\/li>\n<li>Afmetingen: 150,37 x 67,31 x 0,20 cm<\/li>\n<li>Gewicht: 2,81 kg<\/li>\n<li>Pannello flessibile<\/li>\n<li>Monocristallino<\/li>\n<\/ul>\n<p><strong>Il pacchetto include:<\/strong><\/p>\n<ul>\n<li>1 x Flexibel Zonnepaneel 175Wp<\/li>\n<li>1 x lista di istruzioni<\/li>\n<li>Altijd technische ondersteuning door JaDa Consumentenartikelen<\/li>\n<\/ul>\n<p><strong>Utile sapere<\/strong><\/p>\n<ul>\n<li>Durante il collegamento, prestare attenzione ai seguenti punti: coprire sempre il pannello durante il collegamento o lo scollegamento e seguire le istruzioni del regolatore di carica.<\/li>\n<li>Non collegare mai 2 tipi diversi di pannelli a un unico regolatore di carica, cio\u00e8 pannelli con specifiche diverse. Per motivi di sicurezza ed efficienza.<\/li>\n<li>I pannelli solari possono diventare molto caldi.<\/li>\n<li>Assicurati che la superficie su cui vengono installati i pannelli solari sia resistente al calore. In caso contrario, la vernice potrebbe formare bolle.<\/li>\n<li>Als u kit gaat gebruiken voor de bevestiging: kies dan een kit dat hitte \/ uv bestendig is, bijvoorbeeld sikaflex 252 (check ook of de kit op uw oppervlakte kan worden verlijmd)<\/li>\n<li>Se un pannello \u00e8 danneggiato e pu\u00f2 entrare acqua al suo interno, non utilizzarlo pi\u00f9.<\/li>\n<\/ul>","protected":false},"excerpt":{"rendered":"<p>Artikelnummer: JaDa95045992127271 Lichte flexibele panelen, dit zijn monokristallijn panelen. Deze zonnepanelen zijn breed toepasbaar doordat ze buigbaar zijn u kunt ze makkelijk monteren op een licht gebogen oppervlakte. Monteren kan met kit of via de bevestigingspunten. Deze panelen worden veel gebruikt op het dak van een caravan of op het dek van een boot en [&hellip;]<\/p>\n","protected":false},"featured_media":4059,"comment_status":"open","ping_status":"closed","template":"","meta":{"wds_primary_product_brand":0,"wds_primary_product_cat":139},"product_brand":[],"product_cat":[46],"product_tag":[],"class_list":{"0":"post-4058","1":"product","2":"type-product","3":"status-publish","4":"has-post-thumbnail","6":"product_cat-geen-categorie","7":"pa_vast-of-flexibel-flexibel","9":"first","10":"outofstock","11":"taxable","12":"shipping-taxable","13":"purchasable","14":"product-type-simple"},"_links":{"self":[{"href":"https:\/\/www.jadastroom.nl\/it\/wp-json\/wp\/v2\/product\/4058","targetHints":{"allow":["GET"]}}],"collection":[{"href":"https:\/\/www.jadastroom.nl\/it\/wp-json\/wp\/v2\/product"}],"about":[{"href":"https:\/\/www.jadastroom.nl\/it\/wp-json\/wp\/v2\/types\/product"}],"replies":[{"embeddable":true,"href":"https:\/\/www.jadastroom.nl\/it\/wp-json\/wp\/v2\/comments?post=4058"}],"wp:featuredmedia":[{"embeddable":true,"href":"https:\/\/www.jadastroom.nl\/it\/wp-json\/wp\/v2\/media\/4059"}],"wp:attachment":[{"href":"https:\/\/www.jadastroom.nl\/it\/wp-json\/wp\/v2\/media?parent=4058"}],"wp:term":[{"taxonomy":"product_brand","embeddable":true,"href":"https:\/\/www.jadastroom.nl\/it\/wp-json\/wp\/v2\/product_brand?post=4058"},{"taxonomy":"product_cat","embeddable":true,"href":"https:\/\/www.jadastroom.nl\/it\/wp-json\/wp\/v2\/product_cat?post=4058"},{"taxonomy":"product_tag","embeddable":true,"href":"https:\/\/www.jadastroom.nl\/it\/wp-json\/wp\/v2\/product_tag?post=4058"}],"curies":[{"name":"wp","href":"https:\/\/api.w.org\/{rel}","templated":true}]}}