{"id":4054,"date":"2022-12-14T19:17:38","date_gmt":"2022-12-14T18:17:38","guid":{"rendered":"https:\/\/jadastroom.nl\/?post_type=product&#038;p=4054"},"modified":"2025-06-20T10:51:35","modified_gmt":"2025-06-20T08:51:35","slug":"bluetooth-victron-energy-mppt-laadregelaar-set-flexibel-zonnepaneel-350wp","status":"publish","type":"product","link":"https:\/\/www.jadastroom.nl\/it\/winkel\/geen-categorie\/bluetooth-victron-energy-mppt-laadregelaar-set-flexibel-zonnepaneel-350wp\/","title":{"rendered":"Bluetooth \u2013 Victron Energy MPPT Laadregelaar \u2013 Set Flexibel Zonnepaneel 350Wp"},"content":{"rendered":"<p>Artikelnummer: JaDa95015138537768<\/p>\n<p>Partir\u00e0 quest\u2019anno con la barca, la roulotte o il camper e non vuole rimanere senza corrente?<br \/>\nAllora questo kit di pannelli solari \u00e8 ideale, poich\u00e9 i pannelli solari caricano automaticamente la batteria.<br \/>\nIl set \u00e8 molto facile da collegare, anche se non hai esperienza con i pannelli solari. Questo perch\u00e9 il kit \u00e8 plug-and-play.<br \/>\nInoltre, il kit viene fornito con istruzioni passo passo, uno schema elettrico e un manuale per il regolatore di carica. Se avete ancora domande, siamo sempre a vostra disposizione!<br \/>\nOok kan u via de app van Victron Energy zien hoeveel de zonnepanelen opleveren.<\/p>\n<p><strong>Questo set include<\/strong><\/p>\n<ul>\n<li>2 x zonnepaneel 175Wp<\/li>\n<li>1 x regolatore di carica MPPT Victron Energy 100\/30 con Bluetooth (manuale incluso)<\/li>\n<li>1 x schema elettrico<\/li>\n<li>1 x passacavo da tetto<\/li>\n<li>5 metri di cavo rosso (dal pannello solare al regolatore)<\/li>\n<li>5 metri di cavo nero (dal pannello solare al regolatore)<\/li>\n<li>2,5 metri di cavo rosso (dal regolatore alla batteria)<\/li>\n<li>2,5 metri di cavo nero (dal regolatore alla batteria)<\/li>\n<li>Tutti i cavi sono forniti con connettori<\/li>\n<li>Altijd technische ondersteuning door JaDa Consumentenartikelen<\/li>\n<\/ul>\n<p><strong>Informazioni sul pannello:<\/strong><\/p>\n<ul>\n<li>Maximum Power (Pmax) 175 Wp<\/li>\n<li>Opitmum Operating Voltage: 19,5 V<\/li>\n<li>Open-Circuit voltage (Voc): 23,9 V<\/li>\n<li>Optimum Operating Current: 8,98 A<\/li>\n<li>Short-Circuit Current (Isc): 9,50 A<\/li>\n<li>Afmetingen: 150,37 x 67,31 x 0,20 cm<\/li>\n<li>Gewicht: 2,81 kg<\/li>\n<li>Pannello flessibile<\/li>\n<li>Monocristallino<\/li>\n<\/ul>\n<p><strong>Informazioni sul regolatore di carica<\/strong><br \/>\nCon il regolatore di carica MPPT di Victron Energy, aumenti la produzione di energia del 30% rispetto ai regolatori PWM, e il regolatore MPPT di Victron Energy \u00e8 anche il 10% pi\u00f9 efficiente dei MPPT pi\u00f9 lenti.<br \/>\nIl regolatore di carica include un manuale, disponibile in olandese e inglese.<br \/>\nPu\u00f2 anche vedere quanta energia producono i pannelli solari tramite l\u2019app di Victron Energy, chiamata \u201cVictronConnect\u201d, facilmente scaricabile da App Store e Play Store.<\/p>\n<p><strong>Informazioni sul cavo<\/strong><\/p>\n<ul>\n<li>Il cavo contiene tutti i connettori per il collegamento. Inoltre, un fusibile \u00e8 integrato nel cavo.<\/li>\n<li>Il cavo dal pannello solare al regolatore \u00e8 di 6 mm\u00b2.<\/li>\n<li>Il cavo dal regolatore di carica alla batteria \u00e8 di 10 mm\u00b2.<\/li>\n<\/ul>\n<p><strong>Informazioni sul passacavo da tetto<\/strong><br \/>\nPermette di far passare il cavo all\u2019interno della caravan o della barca senza far entrare acqua.<\/p>\n<p><strong>Utile sapere<\/strong><\/p>\n<ul>\n<li>I pannelli possono essere fissati con sigillante o tramite i punti di fissaggio laterali<\/li>\n<li>Questo set \u00e8 per un sistema 12V e 24V<\/li>\n<\/ul>\n<p><strong>Perch\u00e9 sceglierci?<\/strong><\/p>\n<p>JaDa Consumentenartikelen biedt een complete zonnepanelen set aan voor een scherpe prijs, daarnaast kan u altijd bij ons terecht met vragen zowel voor als na de koop! Daarnaast staan wij voor kwaliteit, wij hebben er bewust voor gekozen om een weerbestendig paneel aan te bieden. Dit is ook te zien aan de Victron Energy laadregelaar, een van de beste merken op de markt.<\/p>\n<p><strong>Informazioni aggiuntive<br \/>\n<\/strong>De laadregelaar is geschikt voor de volgende accu\u2019s: loodzuur, Lithium lifepo4 met interne bms,\u00a0AGM en GEL accu\u2019s.<\/p>\n<p>Non collegare mai 2 tipi diversi di pannelli a un unico regolatore di carica, cio\u00e8 pannelli con specifiche diverse. Per motivi di sicurezza ed efficienza.<\/p>\n<p class=\"translation-block\">I pannelli solari possono diventare caldi.\nAssicurati che la superficie su cui vengono posizionati i pannelli possa sopportarlo. Altrimenti, la vernice potrebbe ad esempio formare bolle.<\/p>\n<p>Se si utilizza del sigillante per il fissaggio: scegli un sigillante resistente al calore\/UV, ad esempio Sikaflex 252 (verifica anche se il sigillante pu\u00f2 aderire alla tua superficie).<\/p>","protected":false},"excerpt":{"rendered":"<p>Artikelnummer: JaDa95015138537768 Gaat u dit jaar weg met de boot, caravan of camper en wilt u niet zonder stroom zitten? Dan is deze zonnepanelen set ideaal, omdat de zonnepanelen automatisch uw accu opladen. De set is erg eenvoudig om aan te sluiten, ook al heeft u geen ervaring met zonnepanelen dit komt omdat de set [&hellip;]<\/p>\n","protected":false},"featured_media":4055,"comment_status":"open","ping_status":"closed","template":"","meta":{"wds_primary_product_brand":0,"wds_primary_product_cat":139},"product_brand":[],"product_cat":[46],"product_tag":[],"class_list":{"0":"post-4054","1":"product","2":"type-product","3":"status-publish","4":"has-post-thumbnail","6":"product_cat-geen-categorie","7":"pa_bluetooth-scherm-alleen-bluetooth","8":"pa_merk-laadregelaar-victron-energy","9":"pa_type-laadregelaar-mppt","10":"pa_vast-of-flexibel-flexibel","12":"first","13":"outofstock","14":"taxable","15":"shipping-taxable","16":"purchasable","17":"product-type-simple"},"_links":{"self":[{"href":"https:\/\/www.jadastroom.nl\/it\/wp-json\/wp\/v2\/product\/4054","targetHints":{"allow":["GET"]}}],"collection":[{"href":"https:\/\/www.jadastroom.nl\/it\/wp-json\/wp\/v2\/product"}],"about":[{"href":"https:\/\/www.jadastroom.nl\/it\/wp-json\/wp\/v2\/types\/product"}],"replies":[{"embeddable":true,"href":"https:\/\/www.jadastroom.nl\/it\/wp-json\/wp\/v2\/comments?post=4054"}],"wp:featuredmedia":[{"embeddable":true,"href":"https:\/\/www.jadastroom.nl\/it\/wp-json\/wp\/v2\/media\/4055"}],"wp:attachment":[{"href":"https:\/\/www.jadastroom.nl\/it\/wp-json\/wp\/v2\/media?parent=4054"}],"wp:term":[{"taxonomy":"product_brand","embeddable":true,"href":"https:\/\/www.jadastroom.nl\/it\/wp-json\/wp\/v2\/product_brand?post=4054"},{"taxonomy":"product_cat","embeddable":true,"href":"https:\/\/www.jadastroom.nl\/it\/wp-json\/wp\/v2\/product_cat?post=4054"},{"taxonomy":"product_tag","embeddable":true,"href":"https:\/\/www.jadastroom.nl\/it\/wp-json\/wp\/v2\/product_tag?post=4054"}],"curies":[{"name":"wp","href":"https:\/\/api.w.org\/{rel}","templated":true}]}}