{"id":4015,"date":"2022-11-06T14:09:21","date_gmt":"2022-11-06T13:09:21","guid":{"rendered":"https:\/\/jadastroom.nl\/?post_type=product&#038;p=4015"},"modified":"2026-02-24T15:15:31","modified_gmt":"2026-02-24T14:15:31","slug":"400wp-set-met-victron-energy-lithium-lifepo4-accu-200ah-12v-230v-omvormer-12-1600","status":"publish","type":"product","link":"https:\/\/www.jadastroom.nl\/it\/winkel\/zonnepanelensets\/400wp-set-met-victron-energy-lithium-lifepo4-accu-200ah-12v-230v-omvormer-12-1600\/","title":{"rendered":"Kit 440Wp con batteria al litio LiFePO4 Victron Energy 200Ah &amp; inverter 12V-230V 12\/1600"},"content":{"rendered":"<p>Numero articolo: JaDa95084223128201l4<\/p>\n<p>Partir\u00e0 quest\u2019anno con la barca, la roulotte o il camper e non vuole rimanere senza corrente?<br \/>\nAllora questo kit di pannelli solari \u00e8 ideale, poich\u00e9 i pannelli solari caricano automaticamente la batteria.<br \/>\nIl set \u00e8 molto facile da collegare, anche se non hai esperienza con i pannelli solari. Questo perch\u00e9 il kit \u00e8 plug-and-play.<br \/>\nInoltre, il kit viene fornito con istruzioni passo passo, uno schema elettrico e un manuale per il regolatore di carica. Se avete ancora domande, siamo sempre a vostra disposizione!<br \/>\nTramite l\u2019app Victron Energy puoi vedere quanta energia producono i pannelli solari. Il kit solare include una batteria, un inverter 12V-230V e tutti i cavi necessari per il collegamento.<\/p>\n<p><strong>Questo set include<\/strong><\/p>\n<ul>\n<li>4 x pannello solare flessibile JaDaStroom 110Wp<\/li>\n<li>1 x regolatore di carica MPPT Victron Energy 100\/30 con Bluetooth (manuale incluso)<\/li>\n<li>2 x Batteria al litio Victron SuperPack 12,8V\/100Ah (M8) alta corrente<\/li>\n<li>1 x Inverter Victron Phoenix Smart 12\/1600 230V<\/li>\n<li>1 x schema elettrico<\/li>\n<li>1 x passacavo da tetto<\/li>\n<li>5 metri di cavo rosso (dal pannello solare al regolatore)<\/li>\n<li>5 metri di cavo nero (dal pannello solare al regolatore)<\/li>\n<li>2,5 metri di cavo rosso (dal regolatore alla batteria)<\/li>\n<li>2,5 metri di cavo nero (dal regolatore alla batteria)<\/li>\n<li>Cavo rosso da 1,5 metri (cavo dalla batteria all\u2019inverter 12V-230V)<\/li>\n<li>Cavo nero da 1,5 metri (cavo dalla batteria all\u2019inverter 12V-230V)<\/li>\n<li>Cavo rosso da 30 cm (tra le due batterie)<\/li>\n<li>Cavo nero da 30 cm (tra le due batterie)<\/li>\n<li>Tutti i cavi sono forniti con connettori<\/li>\n<li>Supporto tecnico sempre disponibile da JaDaStroom<\/li>\n<\/ul>\n<p><strong>Informazioni sul pannello:<\/strong><\/p>\n<ul>\n<li>Maximum Power (Pmax) 110Wp<\/li>\n<li>Open Circuit Voltage (Voc) 24,50V<\/li>\n<li>Short Circuit Current (Isc) 5,53A<\/li>\n<li>Maximum Power Voltage (Vmp) 20,9V<\/li>\n<li>Maximum Power Current (Imp) 5,27A<\/li>\n<li>Dimensioni: 108 * 54 * 0,2cm<\/li>\n<li>Lunghezza dei cavi del pannello solare: 30cm<\/li>\n<li>Peso: 2kg<\/li>\n<li>Pannello flessibile<\/li>\n<li>Monocristallino<\/li>\n<li>Marca: JaDaStroom<\/li>\n<\/ul>\n<p><strong>Informazioni sul regolatore di carica<\/strong><br \/>\nCon il regolatore di carica MPPT di Victron Energy, aumenti la produzione di energia del 30% rispetto ai regolatori PWM, e il regolatore MPPT di Victron Energy \u00e8 anche il 10% pi\u00f9 efficiente dei MPPT pi\u00f9 lenti.<br \/>\nIl regolatore di carica include un manuale, disponibile in olandese e inglese.<br \/>\nPu\u00f2 anche vedere quanta energia producono i pannelli solari tramite l\u2019app di Victron Energy, chiamata \u201cVictronConnect\u201d, facilmente scaricabile da App Store e Play Store.<\/p>\n<p><strong>Informazioni sulla batteria<\/strong><\/p>\n<p>Victron Lithium SuperPack 12,8V\/100Ah (M8) alta corrente. Questo modello ad alta corrente \u00e8 adatto per la carica e la scarica fino a 100A.<\/p>\n<p>Le batterie Victron 12,8V Lithium SuperPack sono dotate di BMS integrato e interruttore di sicurezza. Le batterie SuperPack sono molto facili da installare senza componenti aggiuntivi. L\u2019interruttore interno scollega la batteria in caso di scarica profonda, sovratensione o temperature elevate. Le batterie possono essere collegate in parallelo. Il collegamento in serie non \u00e8 consentito.<\/p>\n<p><strong>Informazioni sull\u2019inverter 12V-230V<\/strong><\/p>\n<p>Con questo inverter DC\/AC a onda sinusoidale pura, la tensione 12 VDC viene convertita in 230 VAC per dispositivi con potenza continua di 1300 W (potenza di picco 2400 W). L\u2019inverter \u00e8 dotato di Bluetooth integrato e porta di comunicazione VE.Direct.<\/p>\n<p>L\u2019inverter Phoenix da 1600VA \u00e8 particolarmente adatto per dispositivi che richiedono un\u2019elevata potenza di avviamento, come frigoriferi e congelatori. Molto utilizzato in camper, barche e veicoli commerciali. Compatibile con Senseo, Nespresso, microonde, bollitori e altri elettrodomestici.<\/p>\n<p><strong>Informazioni sul cavo<\/strong><\/p>\n<ul>\n<li>Il cavo contiene tutti i connettori per il collegamento. Inoltre, un fusibile \u00e8 integrato nel cavo.<\/li>\n<li>Il cavo dal pannello solare al regolatore \u00e8 di 6 mm\u00b2.<\/li>\n<li>Il cavo dal regolatore di carica alla batteria \u00e8 di 10 mm\u00b2. Questo cavo \u00e8 dotato di un fusibile.<\/li>\n<li>Il cavo dalla batteria all\u2019inverter 12V-230V \u00e8 di 70 mm\u00b2. Questo cavo \u00e8 dotato di un fusibile.<\/li>\n<li>Il cavo tra le batterie \u00e8 di 70 mm\u00b2.<\/li>\n<\/ul>\n<p><strong>Informazioni sul passacavo da tetto<\/strong><br \/>\nPermette di far passare il cavo all\u2019interno della caravan o della barca senza far entrare acqua.<\/p>\n<p><strong>Utile sapere<\/strong><\/p>\n<ul>\n<li>I pannelli possono essere fissati con sigillante o tramite i punti di fissaggio laterali<\/li>\n<li>Questo set \u00e8 per un sistema 12V<\/li>\n<li>Se desidera collegare dispositivi direttamente alle batterie, si prega di consultare prima noi. Potrebbe essere necessario un cavo pi\u00f9 spesso. Questo per motivi di sicurezza.<\/li>\n<li>Per il cavo dalla batteria all\u2019inverter 230V: collegare sempre il lato del fusibile alla batteria.<\/li>\n<\/ul>\n<p><strong>Perch\u00e9 sceglierci?<\/strong><\/p>\n<p>JaDaStroom offre un kit completo di pannelli solari a un prezzo competitivo. Inoltre, puoi sempre contattarci per qualsiasi domanda, sia prima che dopo l\u2019acquisto. Puntiamo sulla qualit\u00e0 e abbiamo scelto consapevolmente un pannello resistente alle intemperie. Questo si riflette anche nel regolatore di carica Victron Energy, uno dei migliori marchi sul mercato.<\/p>\n<p><strong>Informazioni aggiuntive<br \/>\n<\/strong>De laadregelaar is geschikt voor de volgende accu\u2019s: loodzuur, Lithium lifepo4 met interne bms, AGM en GEL accu\u2019s.<\/p>\n<p>Non collegare mai 2 tipi diversi di pannelli a un unico regolatore di carica, cio\u00e8 pannelli con specifiche diverse. Per motivi di sicurezza ed efficienza.<\/p>\n<p class=\"translation-block\">I pannelli solari possono diventare caldi.\nAssicurati che la superficie su cui vengono posizionati i pannelli possa sopportarlo. Altrimenti, la vernice potrebbe ad esempio formare bolle.<\/p>\n<p>Se si utilizza del sigillante per il fissaggio: scegli un sigillante resistente al calore\/UV, ad esempio Sikaflex 252 (verifica anche se il sigillante pu\u00f2 aderire alla tua superficie).<\/p>","protected":false},"excerpt":{"rendered":"<p>Artikelnummer: JaDa95084223128201l4 Gaat u dit jaar weg met de boot, caravan of camper en wilt u niet zonder stroom zitten? Dan is deze zonnepanelen set ideaal, omdat de zonnepanelen automatisch uw accu opladen. De set is erg eenvoudig om aan te sluiten, ook al heeft u geen ervaring met zonnepanelen dit komt omdat de set [&hellip;]<\/p>\n","protected":false},"featured_media":33195,"comment_status":"open","ping_status":"closed","template":"","meta":{"wds_primary_product_brand":0,"wds_primary_product_cat":139},"product_brand":[],"product_cat":[139],"product_tag":[],"class_list":{"0":"post-4015","1":"product","2":"type-product","3":"status-publish","4":"has-post-thumbnail","6":"product_cat-zonnepanelensets","7":"pa_bluetooth-scherm-alleen-bluetooth","8":"pa_hoeveel-wp-400wp","9":"pa_merk-laadregelaar-victron-energy","10":"pa_type-laadregelaar-mppt","11":"pa_vast-of-flexibel-flexibel","13":"first","14":"instock","15":"taxable","16":"shipping-taxable","17":"purchasable","18":"product-type-simple"},"_links":{"self":[{"href":"https:\/\/www.jadastroom.nl\/it\/wp-json\/wp\/v2\/product\/4015","targetHints":{"allow":["GET"]}}],"collection":[{"href":"https:\/\/www.jadastroom.nl\/it\/wp-json\/wp\/v2\/product"}],"about":[{"href":"https:\/\/www.jadastroom.nl\/it\/wp-json\/wp\/v2\/types\/product"}],"replies":[{"embeddable":true,"href":"https:\/\/www.jadastroom.nl\/it\/wp-json\/wp\/v2\/comments?post=4015"}],"wp:featuredmedia":[{"embeddable":true,"href":"https:\/\/www.jadastroom.nl\/it\/wp-json\/wp\/v2\/media\/33195"}],"wp:attachment":[{"href":"https:\/\/www.jadastroom.nl\/it\/wp-json\/wp\/v2\/media?parent=4015"}],"wp:term":[{"taxonomy":"product_brand","embeddable":true,"href":"https:\/\/www.jadastroom.nl\/it\/wp-json\/wp\/v2\/product_brand?post=4015"},{"taxonomy":"product_cat","embeddable":true,"href":"https:\/\/www.jadastroom.nl\/it\/wp-json\/wp\/v2\/product_cat?post=4015"},{"taxonomy":"product_tag","embeddable":true,"href":"https:\/\/www.jadastroom.nl\/it\/wp-json\/wp\/v2\/product_tag?post=4015"}],"curies":[{"name":"wp","href":"https:\/\/api.w.org\/{rel}","templated":true}]}}