{"id":3636,"date":"2022-09-07T19:01:35","date_gmt":"2022-09-07T17:01:35","guid":{"rendered":"https:\/\/jadastroom.nl\/?post_type=product&#038;p=3636"},"modified":"2026-01-29T14:46:11","modified_gmt":"2026-01-29T13:46:11","slug":"victron-phoenix-smart-omvormer-12-3000-230v","status":"publish","type":"product","link":"https:\/\/www.jadastroom.nl\/it\/winkel\/230v-omvormers\/victron-phoenix-smart-omvormer-12-3000-230v\/","title":{"rendered":"Inverter Victron Phoenix Smart 12\/3000 230V \u2013 Bluetooth"},"content":{"rendered":"<div class=\"sku\">Numero articolo: PIN122300000<\/div>\n<div class=\"long-description with-long open\">\n<div class=\"std\">\n<div class=\"shortdesc active\"><strong>Inverter Victron Phoenix 12\/3000 230V Smart \u2013 NUOVO!<\/strong><br \/>\nCon questo inverter DC\/AC a onda sinusoidale pura, la tensione 12 VDC viene convertita in 230 VAC per dispositivi con potenza continua di 2400 W (potenza di picco 4800 W). L\u2019inverter \u00e8 dotato di Bluetooth integrato e porta di comunicazione VE.Direct.<\/div>\n<div class=\"longdesc\">\n<p class=\"translation-block\">Questo nuovo modello di inverter Victron Phoenix 12\/3000 230V Smart fornisce agli elettrodomestici a 230 V AC la corretta tensione di alimentazione dalle batterie in corrente continua. L\u2019inverter \u00e8 dotato di Bluetooth e pu\u00f2 essere controllato tramite smartphone, tablet o PC attraverso l\u2019app Victron Connect per informazioni e impostazioni.<\/p>\n<p><strong>Bluetooth integrato<\/strong>\u00a0: completamente configurabile con tablet o smartphone<\/p>\n<p>\u2022 Allarme per batteria quasi scarica<br \/>\n\u2022 Livelli di spegnimento e riavvio per batteria quasi scarica<br \/>\n\u2022 Spegnimento dinamico: livello di spegnimento in funzione del carico<br \/>\n\u2022 Tensione di uscita: 210 \u2013 245 V<br \/>\n\u2022 Frequenza: 50 Hz o 60 Hz<br \/>\n\u2022 Modalit\u00e0 ECO on\/off e livello di rilevamento della modalit\u00e0 ECO<br \/>\n\u2022 Rel\u00e8 di allarme<\/p>\n<p>Monitoraggio<br \/>\n\u2022 Tensione di ingresso e uscita, carico e allarmi<\/p>\n<p><strong>Porta di comunicazione VE.Direct<\/strong><br \/>\nLa porta VE.Direct pu\u00f2 essere collegata a un computer (\u00e8 necessario un cavo interfaccia VE.Direct-USB) per configurare e monitorare gli stessi parametri.<\/p>\n<p><strong>Affidabilit\u00e0 comprovata<\/strong><br \/>\nLa topologia a ponte completo e trasformatore toroidale ha dimostrato la propria affidabilit\u00e0 per molti anni. Gli inverter sono protetti da cortocircuiti e dal surriscaldamento, sia causato da sovraccarico che da alta temperatura ambiente.<\/p>\n<p><strong>Elevata potenza di avviamento<\/strong><br \/>\nNecessario per avviare carichi, come convertitori di potenza per lampade LED, lampade alogene o utensili elettrici.<br \/>\n<strong>Modalit\u00e0 ECO<\/strong><\/p>\n<p>In modalit\u00e0 ECO, l\u2019inverter passa in standby quando il carico scende sotto un valore preimpostato. In modalit\u00e0 standby, l\u2019inverter si attiva brevemente ogni 2,5 secondi (regolabile). Se il carico supera un livello preimpostato, l\u2019inverter rimane acceso.<\/p>\n<p><strong>Accensione\/spegnimento remoto<\/strong><br \/>\nUn interruttore esterno di accensione\/spegnimento pu\u00f2 essere collegato a un connettore bipolare. In alternativa, il terminale H (sinistro) del connettore bipolare pu\u00f2 essere collegato al polo positivo della batteria oppure il terminale L (destro) del connettore bipolare pu\u00f2 essere collegato al polo negativo della batteria (o ad esempio al telaio di un veicolo).<\/p>\n<p><strong>Diagnosi LED<\/strong><br \/>\nConsultare il manuale per una descrizione.<\/p>\n<p><strong>Per trasferire il carico a un\u2019altra fonte AC<\/strong>: l\u2019interruttore di trasferimento automatico<br \/>\nPer i nostri inverter a bassa potenza consigliamo il nostro Filax Automatic Transfer Switch. Il Filax ha un tempo di commutazione molto breve (meno di 20 millisecondi), consentendo a computer e altre apparecchiature elettroniche di funzionare senza interruzioni. In alternativa, utilizzare un MultiPlus con interruttore di trasferimento integrato.<\/p>\n<\/div>\n<\/div>\n<\/div>","protected":false},"excerpt":{"rendered":"<p>Artikelnummer: PIN122300000 Victron Phoenix omvormer 12\/3000 230V Smart &#8211; NIEUW! Met deze zuivere sinus DC\/AC omvormer wordt 12 VDC omgevormd naar 230 VAC, voor apparaten met continue vermogen van 2400W (piekvermogen 4800W). De omvormer is voorzien van ge\u00efntegreerde Bluetooth en een VE.Direct-communicatiepoort. Dit nieuwe model\u00a0Victron Phoenix omvormer 12\/3000 230V Smart\u00a0voorziet huishoudelijke apparaten op 230V-wisselstroom van [&hellip;]<\/p>\n","protected":false},"featured_media":3858,"comment_status":"open","ping_status":"closed","template":"","meta":{"wds_primary_product_brand":0,"wds_primary_product_cat":180},"product_brand":[],"product_cat":[180],"product_tag":[],"class_list":{"0":"post-3636","1":"product","2":"type-product","3":"status-publish","4":"has-post-thumbnail","6":"product_cat-230v-omvormers","7":"pa_met-kabel-zonder-kabel","9":"first","10":"instock","11":"taxable","12":"shipping-taxable","13":"purchasable","14":"product-type-simple"},"_links":{"self":[{"href":"https:\/\/www.jadastroom.nl\/it\/wp-json\/wp\/v2\/product\/3636","targetHints":{"allow":["GET"]}}],"collection":[{"href":"https:\/\/www.jadastroom.nl\/it\/wp-json\/wp\/v2\/product"}],"about":[{"href":"https:\/\/www.jadastroom.nl\/it\/wp-json\/wp\/v2\/types\/product"}],"replies":[{"embeddable":true,"href":"https:\/\/www.jadastroom.nl\/it\/wp-json\/wp\/v2\/comments?post=3636"}],"wp:featuredmedia":[{"embeddable":true,"href":"https:\/\/www.jadastroom.nl\/it\/wp-json\/wp\/v2\/media\/3858"}],"wp:attachment":[{"href":"https:\/\/www.jadastroom.nl\/it\/wp-json\/wp\/v2\/media?parent=3636"}],"wp:term":[{"taxonomy":"product_brand","embeddable":true,"href":"https:\/\/www.jadastroom.nl\/it\/wp-json\/wp\/v2\/product_brand?post=3636"},{"taxonomy":"product_cat","embeddable":true,"href":"https:\/\/www.jadastroom.nl\/it\/wp-json\/wp\/v2\/product_cat?post=3636"},{"taxonomy":"product_tag","embeddable":true,"href":"https:\/\/www.jadastroom.nl\/it\/wp-json\/wp\/v2\/product_tag?post=3636"}],"curies":[{"name":"wp","href":"https:\/\/api.w.org\/{rel}","templated":true}]}}