{"id":33258,"date":"2025-03-12T10:10:11","date_gmt":"2025-03-12T09:10:11","guid":{"rendered":"https:\/\/www.jadastroom.nl\/?post_type=product&#038;p=33258"},"modified":"2025-06-20T10:52:22","modified_gmt":"2025-06-20T08:52:22","slug":"bluetooth-victron-energy-mppt-laadregelaar-set-zonnepaneel-460wp-5-jaar-garantie","status":"publish","type":"product","link":"https:\/\/www.jadastroom.nl\/it\/winkel\/geen-categorie\/bluetooth-victron-energy-mppt-laadregelaar-set-zonnepaneel-460wp-5-jaar-garantie\/","title":{"rendered":"Bluetooth \u2013 Victron Energy MPPT Laadregelaar \u2013 Set Zonnepaneel 460Wp \u2013 5 Jaar Garantie"},"content":{"rendered":"<p>Artikelnummer: JaDa9501513853771<\/p>\n<p class=\"translation-block\">Andate via quest\u2019anno con la barca, la roulotte o il camper e non volete rimanere senza corrente? Allora questo kit di pannelli solari \u00e8 ideale, poich\u00e9 carica automaticamente la batteria. Il kit \u00e8 molto facile da collegare, anche se non avete esperienza con i pannelli solari! Questo perch\u00e9 il kit \u00e8 plug-and-play. Inoltre, il kit viene fornito con istruzioni passo-passo, schema elettrico, manuale per il regolatore di carica e, se avete domande sull\u2019installazione, il team di JaDaStroom \u00e8 sempre a disposizione! Tramite l\u2019app Victron Energy, potete vedere quanta energia producono i pannelli solari. I cavi del pannello solare sono lunghi 30 cm, quindi non ci sono cavi sciolti sul tetto (possiamo fornire prolunga se necessario). Il kit di pannelli solari ha una garanzia di 5 anni.<\/p>\n<p><strong>Questo set include<\/strong><\/p>\n<ul>\n<li>4 x Sungold Solar 115Wp mono zonnepaneel<\/li>\n<li>4 x Montage spoiler (set van 2 stuks)<\/li>\n<li>1 x regolatore di carica MPPT Victron Energy 100\/30 con Bluetooth (manuale incluso)<\/li>\n<li>1 x schema elettrico<\/li>\n<li>1 x passacavo da tetto<\/li>\n<li>5 metri di cavo rosso (dal pannello solare al regolatore)<\/li>\n<li>5 metri di cavo nero (dal pannello solare al regolatore)<\/li>\n<li>2,5 metri di cavo rosso (dal regolatore alla batteria)<\/li>\n<li>2,5 metri di cavo nero (dal regolatore alla batteria)<\/li>\n<li>Tutti i cavi sono forniti con connettori<\/li>\n<li>Supporto tecnico sempre disponibile da JaDaStroom<\/li>\n<\/ul>\n<p><strong>Informazioni sul pannello:<\/strong><\/p>\n<ul>\n<li>Maximum Power (Pmax): 115 Watt<\/li>\n<li>Open Circuit Voltage (Voc): 22,6 Volt<\/li>\n<li>Maximum Power Current (Imp): 5,09A<\/li>\n<li>Dimensioni 1195 x 545 x 35 mm<\/li>\n<li>Peso: 5,9 kg<\/li>\n<li>Monocristallino<\/li>\n<\/ul>\n<p><strong>Informazioni sul regolatore di carica<\/strong><br \/>\nCon il regolatore di carica MPPT di Victron Energy, aumenti la produzione di energia del 30% rispetto ai regolatori PWM, e il regolatore MPPT di Victron Energy \u00e8 anche il 10% pi\u00f9 efficiente dei MPPT pi\u00f9 lenti.<br \/>\nIl regolatore di carica include un manuale, disponibile in olandese e inglese.<br \/>\nPu\u00f2 anche vedere quanta energia producono i pannelli solari tramite l\u2019app di Victron Energy, chiamata \u201cVictronConnect\u201d, facilmente scaricabile da App Store e Play Store.<\/p>\n<p><strong>Informazioni sul cavo<\/strong><\/p>\n<ul>\n<li>Il cavo contiene tutti i connettori per il collegamento. Inoltre, un fusibile \u00e8 integrato nel cavo.<\/li>\n<li>Il cavo dal pannello solare al regolatore \u00e8 di 6 mm\u00b2.<\/li>\n<li>Il cavo dal regolatore di carica alla batteria \u00e8 di 10 mm\u00b2.<\/li>\n<\/ul>\n<p><strong>Informazioni sul passacavo da tetto<\/strong><br \/>\nPermette di far passare il cavo all\u2019interno della caravan o della barca senza far entrare acqua.<\/p>\n<p><strong>Utile sapere<\/strong><\/p>\n<ul>\n<li>I pannelli possono essere fissati con sigillante o tramite i punti di fissaggio laterali<\/li>\n<li>Questo set \u00e8 per un sistema 12V e 24V<\/li>\n<\/ul>\n<p><strong>Perch\u00e9 sceglierci?<\/strong><\/p>\n<p>JaDaStroom offre un set completo di pannelli solari plug-and-play a un prezzo competitivo. Inoltre, potete sempre contattarci per qualsiasi domanda, sia prima che dopo l\u2019acquisto! Puntiamo anche sulla qualit\u00e0, avendo scelto deliberatamente un pannello resistente alle intemperie. Questo si riflette anche nel regolatore di carica Victron Energy, uno dei migliori marchi sul mercato. Inoltre, JaDaStroom offre 5 anni di garanzia su questo set di pannelli solari.<\/p>\n<p><strong>Informazioni aggiuntive<br \/>\n<\/strong>De laadregelaar is geschikt voor de volgende accu\u2019s: loodzuur, Lithium lifepo4 met interne bms,\u00a0AGM en GEL accu\u2019s.<\/p>\n<p>Non collegare mai 2 tipi diversi di pannelli a un unico regolatore di carica, cio\u00e8 pannelli con specifiche diverse. Per motivi di sicurezza ed efficienza.<\/p>\n<p class=\"translation-block\">I pannelli solari possono diventare caldi.\nAssicurati che la superficie su cui vengono posizionati i pannelli possa sopportarlo. Altrimenti, la vernice potrebbe ad esempio formare bolle.<\/p>\n<p>Se si utilizza del sigillante per il fissaggio: scegli un sigillante resistente al calore\/UV, ad esempio Sikaflex 252 (verifica anche se il sigillante pu\u00f2 aderire alla tua superficie).<\/p>","protected":false},"excerpt":{"rendered":"<p>Artikelnummer: JaDa9501513853771 Gaat u dit jaar weg met de boot, caravan of camper en wilt u niet zonder stroom zitten? Dan is deze zonnepanelen set ideaal, omdat de zonnepanelen set automatisch uw accu oplaad. De set is erg eenvoudig om aan te sluiten, ook al heeft u geen ervaring met zonnepanelen! Dit komt omdat de [&hellip;]<\/p>\n","protected":false},"featured_media":33259,"comment_status":"open","ping_status":"closed","template":"","meta":{"wds_primary_product_brand":0,"wds_primary_product_cat":0},"product_brand":[],"product_cat":[46],"product_tag":[],"class_list":{"0":"post-33258","1":"product","2":"type-product","3":"status-publish","4":"has-post-thumbnail","6":"product_cat-geen-categorie","8":"first","9":"outofstock","10":"taxable","11":"shipping-taxable","12":"purchasable","13":"product-type-simple"},"_links":{"self":[{"href":"https:\/\/www.jadastroom.nl\/it\/wp-json\/wp\/v2\/product\/33258","targetHints":{"allow":["GET"]}}],"collection":[{"href":"https:\/\/www.jadastroom.nl\/it\/wp-json\/wp\/v2\/product"}],"about":[{"href":"https:\/\/www.jadastroom.nl\/it\/wp-json\/wp\/v2\/types\/product"}],"replies":[{"embeddable":true,"href":"https:\/\/www.jadastroom.nl\/it\/wp-json\/wp\/v2\/comments?post=33258"}],"wp:featuredmedia":[{"embeddable":true,"href":"https:\/\/www.jadastroom.nl\/it\/wp-json\/wp\/v2\/media\/33259"}],"wp:attachment":[{"href":"https:\/\/www.jadastroom.nl\/it\/wp-json\/wp\/v2\/media?parent=33258"}],"wp:term":[{"taxonomy":"product_brand","embeddable":true,"href":"https:\/\/www.jadastroom.nl\/it\/wp-json\/wp\/v2\/product_brand?post=33258"},{"taxonomy":"product_cat","embeddable":true,"href":"https:\/\/www.jadastroom.nl\/it\/wp-json\/wp\/v2\/product_cat?post=33258"},{"taxonomy":"product_tag","embeddable":true,"href":"https:\/\/www.jadastroom.nl\/it\/wp-json\/wp\/v2\/product_tag?post=33258"}],"curies":[{"name":"wp","href":"https:\/\/api.w.org\/{rel}","templated":true}]}}