{"id":33035,"date":"2024-07-18T17:04:08","date_gmt":"2024-07-18T15:04:08","guid":{"rendered":"https:\/\/www.jadastroom.nl\/?post_type=product&#038;p=33035"},"modified":"2026-05-05T17:33:46","modified_gmt":"2026-05-05T15:33:46","slug":"bluetooth-victron-energy-mppt-laadregelaar-set-flexibel-zonnepaneel-200wp-5-jaar-garantie","status":"publish","type":"product","link":"https:\/\/www.jadastroom.nl\/it\/winkel\/zonnepanelensets\/bluetooth-victron-energy-mppt-laadregelaar-set-flexibel-zonnepaneel-200wp-5-jaar-garantie\/","title":{"rendered":"Bluetooth \u2013 Regolatore di carica Victron Energy MPPT \u2013 Kit pannello solare flessibile 200Wp \u2013 Garanzia di 5 anni"},"content":{"rendered":"<p class=\"translation-block\">Andate via quest\u2019anno con la barca, la roulotte o il camper e non volete rimanere senza corrente? Allora questo kit di pannelli solari \u00e8 ideale, poich\u00e9 carica automaticamente la batteria. Il kit \u00e8 molto facile da collegare, anche se non avete esperienza con i pannelli solari! Questo perch\u00e9 il kit \u00e8 plug-and-play. Inoltre, il kit viene fornito con istruzioni passo-passo, schema elettrico, manuale per il regolatore di carica e, se avete domande sull\u2019installazione, il team di JaDaStroom \u00e8 sempre a disposizione! Tramite l\u2019app Victron Energy, potete vedere quanta energia producono i pannelli solari. I cavi del pannello solare sono lunghi 30 cm, quindi non ci sono cavi sciolti sul tetto (possiamo fornire prolunga se necessario). Il kit di pannelli solari ha una garanzia di 5 anni.<\/p>\n<p><strong>Questo set include<\/strong><\/p>\n<ul>\n<li>1 x pannello solare flessibile JaDaStroom 200Wp<\/li>\n<li>1 x regolatore di carica MPPT Victron Energy 75\/15 con Bluetooth (manuale incluso)<\/li>\n<li>1 x schema elettrico<\/li>\n<li>1 x passacavo da tetto<\/li>\n<li>5 metri di cavo rosso (dal pannello solare al regolatore)<\/li>\n<li>5 metri di cavo nero (dal pannello solare al regolatore)<\/li>\n<li>2,5 metri di cavo rosso (dal regolatore alla batteria)<\/li>\n<li>2,5 metri di cavo nero (dal regolatore alla batteria)<\/li>\n<li>Tutti i cavi sono forniti con connettori<\/li>\n<li>Supporto tecnico sempre disponibile da JaDaStroom<\/li>\n<\/ul>\n<p><strong>Informazioni sul pannello:<\/strong><\/p>\n<ul>\n<li>Maximum Power (Pmax) 200Wp<\/li>\n<li>Open Circuit Voltage (Voc) 21,8V<\/li>\n<li>Short Circuit Current (Isc) 11,29A<\/li>\n<li>Maximum Power Voltage (Vmp) 18,6V<\/li>\n<li>Maximum Power Current (Imp) 10,76A<\/li>\n<li>Dimensioni: 1435*710*3mm<\/li>\n<li>Lunghezza dei cavi del pannello solare: 30cm<\/li>\n<li>Peso: 4kg<\/li>\n<li>Pannello flessibile<\/li>\n<li>Monocristallino<\/li>\n<li>Marca: JaDaStroom<\/li>\n<\/ul>\n<p class=\"translation-block\"><strong>Informazioni sul regolatore di carica<\/strong><br>\nCon il regolatore di carica MPPT di Victron Energy, aumenti la produzione di energia del 30% rispetto ai regolatori PWM, e il regolatore MPPT di Victron Energy \u00e8 anche il 10% pi\u00f9 efficiente dei MPPT pi\u00f9 lenti. Il regolatore di carica include un manuale, disponibile in olandese e inglese. Puoi anche vedere quanta energia producono i pannelli solari tramite l\u2019app di Victron Energy, chiamata \u201cVictronConnect\u201d, facilmente scaricabile da App Store e Play Store. Inoltre, un fusibile \u00e8 integrato nel regolatore di carica.<\/p>\n<p><strong>Informazioni sul cavo<\/strong><\/p>\n<ul>\n<li>Il cavo contiene tutti i connettori per il collegamento. Inoltre, un fusibile \u00e8 integrato nel cavo.<\/li>\n<li>Il cavo dal pannello solare al regolatore \u00e8 di 4 mm\u00b2.<\/li>\n<li>Il cavo dal regolatore alla batteria \u00e8 di 6 mm\u00b2.<\/li>\n<\/ul>\n<p><strong>Informazioni sul passacavo da tetto<\/strong><br \/>\nPermette di far passare il cavo all\u2019interno della caravan o della barca senza far entrare acqua.<\/p>\n<p><strong>Utile sapere<\/strong><\/p>\n<ul>\n<li>I pannelli possono essere fissati con sigillante o tramite i punti di fissaggio laterali<\/li>\n<li>Questo set \u00e8 per un sistema 12V<\/li>\n<\/ul>\n<p><strong>Perch\u00e9 sceglierci?<\/strong><\/p>\n<p>JaDaStroom offre un set completo di pannelli solari plug-and-play a un prezzo competitivo. Inoltre, potete sempre contattarci per qualsiasi domanda, sia prima che dopo l\u2019acquisto! Puntiamo anche sulla qualit\u00e0, avendo scelto deliberatamente un pannello resistente alle intemperie. Questo si riflette anche nel regolatore di carica Victron Energy, uno dei migliori marchi sul mercato. Inoltre, JaDaStroom offre 5 anni di garanzia su questo set di pannelli solari.<\/p>\n<p><strong>Informazioni aggiuntive<br \/>\n<\/strong>De laadregelaar is geschikt voor de volgende accu\u2019s: loodzuur, Lithium lifepo4 met interne bms, AGM en GEL accu\u2019s.<\/p>\n<p>Non collegare mai 2 tipi diversi di pannelli a un unico regolatore di carica, cio\u00e8 pannelli con specifiche diverse. Per motivi di sicurezza ed efficienza.<\/p>\n<p class=\"translation-block\">I pannelli solari possono diventare caldi.\nAssicurati che la superficie su cui vengono posizionati i pannelli possa sopportarlo. Altrimenti, la vernice potrebbe ad esempio formare bolle.<\/p>\n<p>Se si utilizza del sigillante per il fissaggio: scegli un sigillante resistente al calore\/UV, ad esempio Sikaflex 252 (verifica anche se il sigillante pu\u00f2 aderire alla tua superficie).<\/p>\n<p><a href=\"https:\/\/www.jadastroom.nl\/it\/categoria-prodotto\/zonnepanelensets\/\" target=\"_blank\" rel=\"noopener\">Scopri tutti i kit di pannelli solari per camper e barca<\/a><\/p>","protected":false},"excerpt":{"rendered":"<p>Gaat u dit jaar weg met de boot, caravan of camper en wilt u niet zonder stroom zitten? Dan is deze zonnepanelen set ideaal, omdat de zonnepanelen set automatisch uw accu oplaad. De set is erg eenvoudig om aan te sluiten, ook al heeft u geen ervaring met zonnepanelen! Dit komt omdat de set plug-and-play [&hellip;]<\/p>\n","protected":false},"featured_media":33036,"comment_status":"open","ping_status":"closed","template":"","meta":{"wds_primary_product_brand":0,"wds_primary_product_cat":139},"product_brand":[],"product_cat":[139],"product_tag":[],"class_list":{"0":"post-33035","1":"product","2":"type-product","3":"status-publish","4":"has-post-thumbnail","6":"product_cat-zonnepanelensets","8":"first","9":"instock","10":"taxable","11":"shipping-taxable","12":"purchasable","13":"product-type-simple"},"_links":{"self":[{"href":"https:\/\/www.jadastroom.nl\/it\/wp-json\/wp\/v2\/product\/33035","targetHints":{"allow":["GET"]}}],"collection":[{"href":"https:\/\/www.jadastroom.nl\/it\/wp-json\/wp\/v2\/product"}],"about":[{"href":"https:\/\/www.jadastroom.nl\/it\/wp-json\/wp\/v2\/types\/product"}],"replies":[{"embeddable":true,"href":"https:\/\/www.jadastroom.nl\/it\/wp-json\/wp\/v2\/comments?post=33035"}],"wp:featuredmedia":[{"embeddable":true,"href":"https:\/\/www.jadastroom.nl\/it\/wp-json\/wp\/v2\/media\/33036"}],"wp:attachment":[{"href":"https:\/\/www.jadastroom.nl\/it\/wp-json\/wp\/v2\/media?parent=33035"}],"wp:term":[{"taxonomy":"product_brand","embeddable":true,"href":"https:\/\/www.jadastroom.nl\/it\/wp-json\/wp\/v2\/product_brand?post=33035"},{"taxonomy":"product_cat","embeddable":true,"href":"https:\/\/www.jadastroom.nl\/it\/wp-json\/wp\/v2\/product_cat?post=33035"},{"taxonomy":"product_tag","embeddable":true,"href":"https:\/\/www.jadastroom.nl\/it\/wp-json\/wp\/v2\/product_tag?post=33035"}],"curies":[{"name":"wp","href":"https:\/\/api.w.org\/{rel}","templated":true}]}}