{"id":32995,"date":"2024-06-28T18:25:33","date_gmt":"2024-06-28T16:25:33","guid":{"rendered":"https:\/\/www.jadastroom.nl\/?post_type=product&#038;p=32995"},"modified":"2026-04-14T15:35:37","modified_gmt":"2026-04-14T13:35:37","slug":"beloopbaar-flexibel-zonnepaneel-120wp-caravan-camper-boot-bestelwagen-of-vrachtwagen-5-jaar-garantie","status":"publish","type":"product","link":"https:\/\/www.jadastroom.nl\/it\/winkel\/zonnepanelensets\/beloopbaar-flexibel-zonnepaneel-120wp-caravan-camper-boot-bestelwagen-of-vrachtwagen-5-jaar-garantie\/","title":{"rendered":"Pannello solare flessibile premium calpestabile 120 Wp \u2013 Roulotte, Camper, Barca, Furgone o Camion \u2013 5 Anni di Garanzia"},"content":{"rendered":"<p>Rendi i tuoi viaggi in roulotte, camper o barca ancora pi\u00f9 confortevoli con il nostro pannello solare flessibile e calpestabile da 120 Wp. Questo pannello di alta qualit\u00e0 offre prestazioni e durata eccezionali, ideale per applicazioni mobili. Con 5 anni di garanzia, hai una maggiore sicurezza e affidabilit\u00e0 nel tempo.<\/p>\n<p><strong>Caratteristiche:<\/strong><\/p>\n<ul>\n<li class=\"translation-block\">Flessibile e calpestabile: ideale per superfici curve e adatto al passaggio pedonale.<\/li>\n<li class=\"translation-block\">Cavo da 30 cm: riduce il disordine sul tetto per un\u2019installazione ordinata.<\/li>\n<li class=\"translation-block\">Installazione semplice: design plug &amp; play per un montaggio senza sforzo.<\/li>\n<li class=\"translation-block\">Uso versatile: progettato appositamente per roulotte, camper e barche.<\/li>\n<li class=\"translation-block\">Supporto tecnico: Assistenza tecnica sempre fornita da JaDaStroom.<\/li>\n<\/ul>\n<p>Scegli l\u2019energia sostenibile in movimento con il nostro pannello solare premium e goditi la libert\u00e0 di un\u2019alimentazione indipendente.<\/p>\n<p><strong>Informazioni sul pannello:<\/strong><\/p>\n<ul>\n<li>Maximum Power (Pmax) 120Wp<\/li>\n<li>Open Circuit Voltage (Voc) 23,30V<\/li>\n<li>Short Circuit Current (Isc) 6,42A<\/li>\n<li>Maximum Power Voltage (Vmp) 19,8V<\/li>\n<li>Maximum Power Current (Imp) 6,07A<\/li>\n<li>Dimensioni: 107 * 54 * 0,2cm<\/li>\n<li>Lunghezza dei cavi del pannello solare: 30cm<\/li>\n<li>Peso: 2kg<\/li>\n<li>Pannello flessibile<\/li>\n<li>Monocristallino<\/li>\n<li>Il pannello solare \u00e8 calpestabile<\/li>\n<li>Marca: JaDaStroom<\/li>\n<\/ul>\n<p><strong>Utile sapere<\/strong><\/p>\n<ul>\n<li>Durante il collegamento, prestare attenzione ai seguenti punti: coprire sempre il pannello durante il collegamento o lo scollegamento e seguire le istruzioni del regolatore di carica.<\/li>\n<li>Non collegare mai 2 tipi diversi di pannelli a un unico regolatore di carica, cio\u00e8 pannelli con specifiche diverse. Per motivi di sicurezza ed efficienza.<\/li>\n<li>I pannelli solari possono diventare molto caldi.<\/li>\n<li>Assicurati che la superficie su cui vengono installati i pannelli solari sia resistente al calore. In caso contrario, la vernice potrebbe formare bolle.<\/li>\n<li>Se utilizza l\u2019adesivo per il fissaggio: scegliere un adesivo resistente al calore e ai raggi UV, ad esempio Sikaflex 252 (verificare anche che l\u2019adesivo sia adatto alla propria superficie). Utilizzare un cavo solare di almeno 4 mm\u00b2.<\/li>\n<li>Assicurarsi che non possa entrare aria sotto il pannello, in modo che non si stacchi durante il viaggio.<\/li>\n<li>Se utilizza adesivo, verificare che sia resistente al calore.<\/li>\n<li>Se un pannello \u00e8 danneggiato e pu\u00f2 entrare acqua al suo interno, non utilizzarlo pi\u00f9.<\/li>\n<li>Se si sta in piedi sul pannello solare, assicurarsi che non ci siano oggetti appuntiti sul pannello o sotto la scarpa. Non salire sul pannello solare con i tacchi.<\/li>\n<\/ul>\n<p><a href=\"https:\/\/www.jadastroom.nl\/it\/categoria-prodotto\/zonnepanelensets\/\" target=\"_blank\" rel=\"noopener\">Scopri tutti i sistemi di pannelli solari per camper e barche<\/a><\/p>\n<p>&nbsp;<\/p>","protected":false},"excerpt":{"rendered":"<p>Maak uw reis met uw caravan, camper of boot nog comfortabeler met ons 120Wp flexibele overloopbare zonnepaneel. Dit hoogwaardige zonnepaneel biedt uitzonderlijke prestaties en duurzaamheid, perfect voor mobiele toepassingen. Met een garantie van 5 jaar bent u verzekerd van langdurige betrouwbaarheid. Kenmerken: Flexibel en Overloopbaar: Ideaal voor gebogen oppervlakken en voetgangersvriendelijk. 30cm Kabel: Minimaliseert rommel [&hellip;]<\/p>\n","protected":false},"featured_media":32996,"comment_status":"open","ping_status":"closed","template":"","meta":{"wds_primary_product_brand":0,"wds_primary_product_cat":139},"product_brand":[],"product_cat":[139],"product_tag":[],"class_list":{"0":"post-32995","1":"product","2":"type-product","3":"status-publish","4":"has-post-thumbnail","6":"product_cat-zonnepanelensets","8":"first","9":"instock","10":"taxable","11":"shipping-taxable","12":"purchasable","13":"product-type-simple"},"_links":{"self":[{"href":"https:\/\/www.jadastroom.nl\/it\/wp-json\/wp\/v2\/product\/32995","targetHints":{"allow":["GET"]}}],"collection":[{"href":"https:\/\/www.jadastroom.nl\/it\/wp-json\/wp\/v2\/product"}],"about":[{"href":"https:\/\/www.jadastroom.nl\/it\/wp-json\/wp\/v2\/types\/product"}],"replies":[{"embeddable":true,"href":"https:\/\/www.jadastroom.nl\/it\/wp-json\/wp\/v2\/comments?post=32995"}],"wp:featuredmedia":[{"embeddable":true,"href":"https:\/\/www.jadastroom.nl\/it\/wp-json\/wp\/v2\/media\/32996"}],"wp:attachment":[{"href":"https:\/\/www.jadastroom.nl\/it\/wp-json\/wp\/v2\/media?parent=32995"}],"wp:term":[{"taxonomy":"product_brand","embeddable":true,"href":"https:\/\/www.jadastroom.nl\/it\/wp-json\/wp\/v2\/product_brand?post=32995"},{"taxonomy":"product_cat","embeddable":true,"href":"https:\/\/www.jadastroom.nl\/it\/wp-json\/wp\/v2\/product_cat?post=32995"},{"taxonomy":"product_tag","embeddable":true,"href":"https:\/\/www.jadastroom.nl\/it\/wp-json\/wp\/v2\/product_tag?post=32995"}],"curies":[{"name":"wp","href":"https:\/\/api.w.org\/{rel}","templated":true}]}}