{"id":2252,"date":"2021-11-23T20:38:16","date_gmt":"2021-11-23T19:38:16","guid":{"rendered":"https:\/\/jadastroom.nl\/?post_type=product&#038;p=2252"},"modified":"2026-02-25T10:48:07","modified_gmt":"2026-02-25T09:48:07","slug":"victron-agm-accu-12v-220ah","status":"publish","type":"product","link":"https:\/\/www.jadastroom.nl\/it\/winkel\/accus\/victron-agm-accu-12v-220ah\/","title":{"rendered":"Batteria AGM Victron 12V \/ 220Ah"},"content":{"rendered":"<p>Numero articolo: BAT412201084<\/p>\n<p>Batteria Victron AGM 12V\/220Ah Deep Cycle dotata di collegamento filettato M8.<\/p>\n<p>Specifiche generali:<br \/>\nTecnologia: AGM<br \/>\nCapacit\u00e0 nominale della batteria (Ah)*: 220<br \/>\nTensione della batteria (V): 12<br \/>\nConnessione: rame<br \/>\nDimensioni LxPxH (mm): 522 x 238 x 240<br \/>\nPeso (kg): 65<br \/>\nCCA a -18\u00b0C (0\u00b0F): 650<br \/>\nRES CAP @80\u00b0F: 250<\/p>\n<p>* Capacit\u00e0 nominale: scarica in 20 ore a 25\u00b0C<\/p>\n<p>La batteria Victron 12V\/220Ah AGM \u00e8 una batteria sigillata con una capacit\u00e0 di 220Ah basata sulla tecnologia VRLA. Una batteria AGM \u00e8 anche chiamata multi-purpose o dual-purpose ed \u00e8 adatta sia per scariche lente sia per l\u2019erogazione di correnti elevate per brevi periodi, per inverter, eliche di prua e verricelli. I terminali della batteria sono in rame con fori per bulloni M8 per garantire un buon contatto. I capicorda a crimpare possono essere montati direttamente sulla batteria e non sono necessari poli aggiuntivi. Le batterie sono conformi alle specifiche europee CE e americane UL in involucri in ABS ignifugo e vengono fornite con la garanzia mondiale di 2 anni di Victron Energy.<\/p>\n<p>AGM significa Absorbed Glass Mat.<br \/>\nNelle batterie AGM, l\u2019elettrolita \u00e8 assorbito in un tappetino in fibra di vetro che \u00e8 compresso tra le piastre. In una batteria AGM, i portatori di carica, gli ioni di idrogeno (H\u2082) e gli ioni solfato (SO\u2084), si muovono pi\u00f9 facilmente tra le piastre rispetto a una batteria al gel.<\/p>\n<p>Tecnologia VRLA<br \/>\nVRLA significa Valve Regulated Lead Acid. Ci\u00f2 significa che le batterie sono sigillate. Solo in caso di carica errata e\/o celle danneggiate il gas pu\u00f2 fuoriuscire attraverso una valvola di sicurezza. Le batterie VRLA sono prive di manutenzione per tutta la loro durata di vita.<\/p>\n<p>Bassa autoscarica<br \/>\nGrazie all\u2019uso di griglie in piombo-calcio e materiali altamente puri, le batterie VRLA Victron possono resistere a lunghi periodi senza ricarica. L\u2019autoscarica \u00e8 inferiore al 2% al mese a una temperatura di 20\u00b0C. Questa velocit\u00e0 di scarica raddoppia per ogni aumento di temperatura di 10\u00b0C. Le batterie VRLA Victron possono quindi essere conservate fino a un anno senza dover essere ricaricate, a condizione che siano mantenute a una temperatura relativamente bassa.<br \/>\nRecupero eccezionale dopo la scarica<\/p>\n<p>Le batterie VRLA Victron si ripristinano molto bene, anche dopo scariche profonde e prolungate. Tuttavia, scariche profonde e ripetute hanno un impatto negativo sulla durata di tutte le batterie al piombo-acido. Le batterie Victron non fanno eccezione.<\/p>\n<p>Caratteristiche di scarica della batteria<br \/>\nLa capacit\u00e0 nominale delle batterie Victron \u201cDeep Cycle\u201d si riferisce a una scarica di 20 ore (corrente di scarica di 0,05C). La capacit\u00e0 nominale delle batterie Victron Tubular Plate Long Life si riferisce a una scarica di 10 ore. La capacit\u00e0 effettiva diminuisce all\u2019aumentare della corrente di scarica.<\/p>\n<p>Corrente di carica<br \/>\nLa corrente di carica di una batteria VRLA non deve superare 0,2C (20A per una batteria da 100Ah). La temperatura di una batteria aumenter\u00e0 di oltre 10\u00b0C se la corrente di carica supera 0,2C, e in tal caso \u00e8 necessaria la compensazione della temperatura.<\/p>","protected":false},"excerpt":{"rendered":"<p>Artikelnummer: BAT412201084 Victron AGM 12V\/220Ah Deep Cycle accu voorzien van een schroefdraad inzet aansluiting M8. Algemene specificaties: Technologie: vlakke plaat AGM Nominale accucapaciteit (Ah)*: 220 Accuspanning (V): 12 Aansluiting: koper Afmetingen LxBxH (mm): 522 x 238 x 240 Gewicht (kg): 65 CCA&lt; @0\u00b0F: 650 RES CAP @80\u00b0F: 250 * Nominale Capaciteit: 20u ontlading bij 25\u00b0C [&hellip;]<\/p>\n","protected":false},"featured_media":3903,"comment_status":"open","ping_status":"closed","template":"","meta":{"wds_primary_product_brand":0,"wds_primary_product_cat":140},"product_brand":[],"product_cat":[140],"product_tag":[],"class_list":{"0":"post-2252","1":"product","2":"type-product","3":"status-publish","4":"has-post-thumbnail","6":"product_cat-accus","7":"pa_ah-accu-220-ah","8":"pa_merk-accu-victron-energy","9":"pa_type-accu-agm","11":"first","12":"instock","13":"taxable","14":"shipping-taxable","15":"purchasable","16":"product-type-simple"},"_links":{"self":[{"href":"https:\/\/www.jadastroom.nl\/it\/wp-json\/wp\/v2\/product\/2252","targetHints":{"allow":["GET"]}}],"collection":[{"href":"https:\/\/www.jadastroom.nl\/it\/wp-json\/wp\/v2\/product"}],"about":[{"href":"https:\/\/www.jadastroom.nl\/it\/wp-json\/wp\/v2\/types\/product"}],"replies":[{"embeddable":true,"href":"https:\/\/www.jadastroom.nl\/it\/wp-json\/wp\/v2\/comments?post=2252"}],"wp:featuredmedia":[{"embeddable":true,"href":"https:\/\/www.jadastroom.nl\/it\/wp-json\/wp\/v2\/media\/3903"}],"wp:attachment":[{"href":"https:\/\/www.jadastroom.nl\/it\/wp-json\/wp\/v2\/media?parent=2252"}],"wp:term":[{"taxonomy":"product_brand","embeddable":true,"href":"https:\/\/www.jadastroom.nl\/it\/wp-json\/wp\/v2\/product_brand?post=2252"},{"taxonomy":"product_cat","embeddable":true,"href":"https:\/\/www.jadastroom.nl\/it\/wp-json\/wp\/v2\/product_cat?post=2252"},{"taxonomy":"product_tag","embeddable":true,"href":"https:\/\/www.jadastroom.nl\/it\/wp-json\/wp\/v2\/product_tag?post=2252"}],"curies":[{"name":"wp","href":"https:\/\/api.w.org\/{rel}","templated":true}]}}