{"id":4220,"date":"2023-02-07T13:28:36","date_gmt":"2023-02-07T12:28:36","guid":{"rendered":"https:\/\/jadastroom.nl\/?post_type=product&#038;p=4220"},"modified":"2023-02-07T13:28:37","modified_gmt":"2023-02-07T12:28:37","slug":"set-op-maat-982","status":"publish","type":"product","link":"https:\/\/www.jadastroom.nl\/fr\/winkel\/geen-categorie\/set-op-maat-982\/","title":{"rendered":"Set op maat 982"},"content":{"rendered":"<p><strong>Ce kit comprend<\/strong><\/p>\n<ul>\n<li>1 x zonnepaneel 100Wp<\/li>\n<li>1 x r\u00e9gulateur de charge MPPT Victron Energy 75\/15 avec Bluetooth (manuel inclus)<\/li>\n<li>1 x sch\u00e9ma \u00e9lectrique<\/li>\n<li>5 m\u00e8tres de c\u00e2ble rouge (du panneau solaire au r\u00e9gulateur)<\/li>\n<li>5 m\u00e8tres de c\u00e2ble noir (du panneau solaire au r\u00e9gulateur)<\/li>\n<li>2,5 m\u00e8tres de c\u00e2ble rouge (du r\u00e9gulateur \u00e0 la batterie)<\/li>\n<li>2,5 m\u00e8tres de c\u00e2ble noir (du r\u00e9gulateur \u00e0 la batterie)<\/li>\n<li>Tous les c\u00e2bles sont \u00e9quip\u00e9s de connecteurs<\/li>\n<li>Altijd technische ondersteuning door JaDa Consumentenartikelen<\/li>\n<\/ul>\n<p>Dit is dezelfde set als de onderstaande set maar dan zonder een dakdoorvoer<\/p>\n<p>https:\/\/jadastroom.nl\/index.php\/product\/bluetooth-victron-energy-set-van-1\/<\/p>","protected":false},"excerpt":{"rendered":"<p>Deze set bevat: 1 x zonnepaneel 100Wp 1 x MPPT laadregelaar Victron Energy 75\/15 met bluetooth (hier zit ook een handleiding bij) 1 x schematische tekening 5meter kabel rood (kabel voor zonnepaneel naar laadregelaar) 5meter kabel zwart (kabel voor zonnepaneel naar laadregelaar) 2,5 meter kabel rood (kabel is voor laadregelaar naar accu) 2,5 meter kabel [&hellip;]<\/p>\n","protected":false},"featured_media":0,"comment_status":"open","ping_status":"closed","template":"","meta":{"wds_primary_product_brand":0,"wds_primary_product_cat":46},"product_brand":[],"product_cat":[46],"product_tag":[],"class_list":{"0":"post-4220","1":"product","2":"type-product","3":"status-publish","5":"product_cat-geen-categorie","7":"first","8":"instock","9":"taxable","10":"shipping-taxable","11":"purchasable","12":"product-type-simple"},"_links":{"self":[{"href":"https:\/\/www.jadastroom.nl\/fr\/wp-json\/wp\/v2\/product\/4220","targetHints":{"allow":["GET"]}}],"collection":[{"href":"https:\/\/www.jadastroom.nl\/fr\/wp-json\/wp\/v2\/product"}],"about":[{"href":"https:\/\/www.jadastroom.nl\/fr\/wp-json\/wp\/v2\/types\/product"}],"replies":[{"embeddable":true,"href":"https:\/\/www.jadastroom.nl\/fr\/wp-json\/wp\/v2\/comments?post=4220"}],"wp:attachment":[{"href":"https:\/\/www.jadastroom.nl\/fr\/wp-json\/wp\/v2\/media?parent=4220"}],"wp:term":[{"taxonomy":"product_brand","embeddable":true,"href":"https:\/\/www.jadastroom.nl\/fr\/wp-json\/wp\/v2\/product_brand?post=4220"},{"taxonomy":"product_cat","embeddable":true,"href":"https:\/\/www.jadastroom.nl\/fr\/wp-json\/wp\/v2\/product_cat?post=4220"},{"taxonomy":"product_tag","embeddable":true,"href":"https:\/\/www.jadastroom.nl\/fr\/wp-json\/wp\/v2\/product_tag?post=4220"}],"curies":[{"name":"wp","href":"https:\/\/api.w.org\/{rel}","templated":true}]}}