{"id":4092,"date":"2022-12-21T23:08:28","date_gmt":"2022-12-21T22:08:28","guid":{"rendered":"https:\/\/jadastroom.nl\/?post_type=product&#038;p=4092"},"modified":"2025-06-20T10:51:18","modified_gmt":"2025-06-20T08:51:18","slug":"bluetooth-victron-energy-mppt-laadregelaar-set-uitklapbaar-zonnepaneel-400wp","status":"publish","type":"product","link":"https:\/\/www.jadastroom.nl\/fr\/winkel\/geen-categorie\/bluetooth-victron-energy-mppt-laadregelaar-set-uitklapbaar-zonnepaneel-400wp\/","title":{"rendered":"Bluetooth \u2013 Victron Energy MPPT Laadregelaar \u2013 Set Uitklapbaar Zonnepaneel 400Wp"},"content":{"rendered":"<p>Artikelnummer: JaDa950842231282011<\/p>\n<p>Geen ruimte voor zonnepanelen op het dak of dek van je vaar- of voertuig en toch stroom opladen met zonnepanelen? Met deze uitklapbare zonnepanelen set is het mogelijk, kom niet zonder stroom te zitten! De zonnepanelen zijn makkelijk om in en uit elkaar te vouwen en worden geleverd met een stevige hoes.<br \/>\nLe kit est tr\u00e8s facile \u00e0 installer, m\u00eame si vous n\u2019avez aucune exp\u00e9rience avec les panneaux solaires. Cela est d\u00fb au fait que le kit est plug-and-play.<br \/>\nDe plus, le kit est livr\u00e9 avec des instructions \u00e9tape par \u00e9tape, un sch\u00e9ma \u00e9lectrique et un manuel pour le r\u00e9gulateur de charge. Si vous avez encore des questions, nous sommes toujours \u00e0 votre disposition !<br \/>\nOok kan u via de app van Victron Energy zien hoeveel de zonnepanelen opleveren.<\/p>\n<p><strong>Ce kit comprend<\/strong><\/p>\n<ul>\n<li>4 x uitklapbaar zonnepaneel 100Wp<\/li>\n<li>4 x stevige opberghoes<\/li>\n<li>1 x r\u00e9gulateur de charge MPPT Victron Energy 100\/30 avec Bluetooth (manuel inclus)<\/li>\n<li>1 x sch\u00e9ma \u00e9lectrique<\/li>\n<li>1 x passe-c\u00e2ble de toit<\/li>\n<li>3 x 1meter verbindingskabel (kabel tussen de zonnepanelen)<\/li>\n<li>5 m\u00e8tres de c\u00e2ble rouge (du panneau solaire au r\u00e9gulateur)<\/li>\n<li>5 m\u00e8tres de c\u00e2ble noir (du panneau solaire au r\u00e9gulateur)<\/li>\n<li>2,5 m\u00e8tres de c\u00e2ble rouge (du r\u00e9gulateur \u00e0 la batterie)<\/li>\n<li>2,5 m\u00e8tres de c\u00e2ble noir (du r\u00e9gulateur \u00e0 la batterie)<\/li>\n<li>Tous les c\u00e2bles sont \u00e9quip\u00e9s de connecteurs<\/li>\n<li>Altijd technische ondersteuning door JaDa Consumentenartikelen<\/li>\n<\/ul>\n<p><strong>Informations sur le panneau :<\/strong><\/p>\n<ul>\n<li>Maximum Power (Pmax) 100 W<\/li>\n<li>Open Circuit Voltage (Voc) 21,6 V<\/li>\n<li>Short Circuit Current (Isc) 6,16 A<\/li>\n<li>Maximum Power Voltage (Vmp) 18,00 V<\/li>\n<li>Maximum Power Current (Imp) 5,56A<\/li>\n<li>Afmetingen wanneer paneel is uitgeklapt: 1008 * 693 * 35MM<\/li>\n<li>Gewicht: 12,17kg<\/li>\n<li>Paneel is uitklapbaar<\/li>\n<li>Monocristallin<\/li>\n<\/ul>\n<p><strong>Informations sur le r\u00e9gulateur de charge<\/strong><br \/>\nAvec le r\u00e9gulateur de charge MPPT de Victron Energy, vous augmentez le rendement \u00e9nerg\u00e9tique de 30 % par rapport aux r\u00e9gulateurs PWM, et le r\u00e9gulateur MPPT de Victron Energy est \u00e9galement 10 % plus efficace que les r\u00e9gulateurs MPPT plus lents.<br \/>\nLe r\u00e9gulateur de charge est livr\u00e9 avec un manuel, disponible en n\u00e9erlandais et en anglais.<br \/>\nVous pouvez \u00e9galement voir la production des panneaux solaires via l\u2019application Victron Energy, appel\u00e9e \u00ab VictronConnect \u00bb, facilement t\u00e9l\u00e9chargeable sur l\u2019App Store et le Play Store.<\/p>\n<p><strong>Informations sur le c\u00e2ble<\/strong><\/p>\n<ul>\n<li>Le c\u00e2ble contient tous les connecteurs pour le branchement. De plus, un fusible est int\u00e9gr\u00e9 dans le c\u00e2ble.<\/li>\n<li>Le c\u00e2ble du panneau solaire au r\u00e9gulateur de charge est de 6 mm\u00b2.<\/li>\n<li>Le c\u00e2ble du r\u00e9gulateur de charge \u00e0 la batterie est de 10 mm\u00b2.<\/li>\n<li>Verbindingskabel is 6mm2.<\/li>\n<\/ul>\n<p><strong>Informations sur le passe-c\u00e2ble de toit<\/strong><br \/>\nPermet de faire passer le c\u00e2ble \u00e0 l\u2019int\u00e9rieur de la caravane ou du bateau, sans que l\u2019eau ne p\u00e9n\u00e8tre.<\/p>\n<p><strong>Utile \u00e0 savoir<\/strong><\/p>\n<ul>\n<li>Ce kit est pour un syst\u00e8me 12V et 24V<\/li>\n<\/ul>\n<p><strong>Pourquoi nous choisir ?<\/strong><\/p>\n<p>JaDa Consumentenartikelen biedt een complete zonnepanelen set aan voor een scherpe prijs, daarnaast kan u altijd bij ons terecht met vragen zowel voor als na de koop! Daarnaast staan wij voor kwaliteit, wij hebben er bewust voor gekozen om een weerbestendig paneel aan te bieden. Dit is ook te zien aan de Victron Energy laadregelaar, een van de beste merken op de markt.<\/p>\n<p><strong>Informations compl\u00e9mentaires<br \/>\n<\/strong>De laadregelaar is geschikt voor de volgende accu\u2019s: loodzuur, Lithium lifepo4 met interne bms, AGM en GEL accu\u2019s.<\/p>\n<p>Ne connectez jamais deux types de panneaux diff\u00e9rents sur un m\u00eame r\u00e9gulateur de charge, c\u2019est-\u00e0-dire des panneaux avec des sp\u00e9cifications diff\u00e9rentes. Pour des raisons de s\u00e9curit\u00e9 et d\u2019efficacit\u00e9.<\/p>\n<p>&nbsp;<\/p>","protected":false},"excerpt":{"rendered":"<p>Artikelnummer: JaDa950842231282011 Geen ruimte voor zonnepanelen op het dak of dek van je vaar- of voertuig en toch stroom opladen met zonnepanelen? Met deze uitklapbare zonnepanelen set is het mogelijk, kom niet zonder stroom te zitten! De zonnepanelen zijn makkelijk om in en uit elkaar te vouwen en worden geleverd met een stevige hoes. De [&hellip;]<\/p>\n","protected":false},"featured_media":4093,"comment_status":"open","ping_status":"closed","template":"","meta":{"wds_primary_product_brand":0,"wds_primary_product_cat":139},"product_brand":[],"product_cat":[46],"product_tag":[],"class_list":{"0":"post-4092","1":"product","2":"type-product","3":"status-publish","4":"has-post-thumbnail","6":"product_cat-geen-categorie","7":"pa_bluetooth-scherm-alleen-bluetooth","8":"pa_hoeveel-wp-400wp","9":"pa_merk-laadregelaar-victron-energy","10":"pa_type-laadregelaar-mppt","12":"first","13":"outofstock","14":"taxable","15":"shipping-taxable","16":"purchasable","17":"product-type-simple"},"_links":{"self":[{"href":"https:\/\/www.jadastroom.nl\/fr\/wp-json\/wp\/v2\/product\/4092","targetHints":{"allow":["GET"]}}],"collection":[{"href":"https:\/\/www.jadastroom.nl\/fr\/wp-json\/wp\/v2\/product"}],"about":[{"href":"https:\/\/www.jadastroom.nl\/fr\/wp-json\/wp\/v2\/types\/product"}],"replies":[{"embeddable":true,"href":"https:\/\/www.jadastroom.nl\/fr\/wp-json\/wp\/v2\/comments?post=4092"}],"wp:featuredmedia":[{"embeddable":true,"href":"https:\/\/www.jadastroom.nl\/fr\/wp-json\/wp\/v2\/media\/4093"}],"wp:attachment":[{"href":"https:\/\/www.jadastroom.nl\/fr\/wp-json\/wp\/v2\/media?parent=4092"}],"wp:term":[{"taxonomy":"product_brand","embeddable":true,"href":"https:\/\/www.jadastroom.nl\/fr\/wp-json\/wp\/v2\/product_brand?post=4092"},{"taxonomy":"product_cat","embeddable":true,"href":"https:\/\/www.jadastroom.nl\/fr\/wp-json\/wp\/v2\/product_cat?post=4092"},{"taxonomy":"product_tag","embeddable":true,"href":"https:\/\/www.jadastroom.nl\/fr\/wp-json\/wp\/v2\/product_tag?post=4092"}],"curies":[{"name":"wp","href":"https:\/\/api.w.org\/{rel}","templated":true}]}}