{"id":4058,"date":"2022-12-14T19:28:35","date_gmt":"2022-12-14T18:28:35","guid":{"rendered":"https:\/\/jadastroom.nl\/?post_type=product&#038;p=4058"},"modified":"2025-06-20T10:51:32","modified_gmt":"2025-06-20T08:51:32","slug":"flexibel-zonnepaneel-175wp-caravan-camper-boot-bestelwagen-of-vrachtwagen","status":"publish","type":"product","link":"https:\/\/www.jadastroom.nl\/fr\/winkel\/geen-categorie\/flexibel-zonnepaneel-175wp-caravan-camper-boot-bestelwagen-of-vrachtwagen\/","title":{"rendered":"Flexibel Zonnepaneel 175Wp \u2013 Caravan, Camper, Boot, Bestelwagen Of Vrachtwagen"},"content":{"rendered":"<p>Artikelnummer: JaDa95045992127271<\/p>\n<p>Panneaux l\u00e9gers et flexibles, il s\u2019agit de panneaux monocristallins.<br \/>\nCes panneaux solaires sont polyvalents gr\u00e2ce \u00e0 leur flexibilit\u00e9. Vous pouvez les installer facilement sur une surface l\u00e9g\u00e8rement courb\u00e9e.<br \/>\nLe montage peut se faire avec du mastic-colle ou via les points de fixation.<br \/>\nCes panneaux sont souvent utilis\u00e9s sur le toit d\u2019une caravane ou sur le pont d\u2019un bateau, ainsi que pour de nombreuses autres applications.<\/p>\n<p><strong>Informations sur le panneau :<\/strong><\/p>\n<ul>\n<li>Maximum Power (Pmax) 175 Wp<\/li>\n<li>Opitmum Operating Voltage: 19,5 V<\/li>\n<li>Open-Circuit voltage (Voc): 23,9 V<\/li>\n<li>Optimum Operating Current: 8,98 A<\/li>\n<li>Short-Circuit Current (Isc): 9,50 A<\/li>\n<li>Afmetingen: 150,37 x 67,31 x 0,20 cm<\/li>\n<li>Gewicht: 2,81 kg<\/li>\n<li>Panneau flexible<\/li>\n<li>Monocristallin<\/li>\n<\/ul>\n<p><strong>Le paquet contient :<\/strong><\/p>\n<ul>\n<li>1 x Flexibel Zonnepaneel 175Wp<\/li>\n<li>1 x liste d\u2019instructions<\/li>\n<li>Altijd technische ondersteuning door JaDa Consumentenartikelen<\/li>\n<\/ul>\n<p><strong>\u00c0 savoir<\/strong><\/p>\n<ul>\n<li>Lors du raccordement, veuillez respecter les points suivants : couvrez toujours le panneau pendant la connexion ou la d\u00e9connexion et suivez les instructions du r\u00e9gulateur de charge.<\/li>\n<li>Ne connectez jamais deux types de panneaux diff\u00e9rents sur un m\u00eame r\u00e9gulateur de charge, c\u2019est-\u00e0-dire des panneaux avec des sp\u00e9cifications diff\u00e9rentes. Pour des raisons de s\u00e9curit\u00e9 et d\u2019efficacit\u00e9.<\/li>\n<li>Les panneaux solaires peuvent devenir tr\u00e8s chauds.<\/li>\n<li>Veuillez vous assurer que la surface sur laquelle les panneaux solaires sont install\u00e9s r\u00e9siste \u00e0 la chaleur. Sinon, la peinture peut par exemple former des bulles.<\/li>\n<li>Als u kit gaat gebruiken voor de bevestiging: kies dan een kit dat hitte \/ uv bestendig is, bijvoorbeeld sikaflex 252 (check ook of de kit op uw oppervlakte kan worden verlijmd)<\/li>\n<li>Si un panneau est endommag\u00e9 et que de l\u2019eau peut y p\u00e9n\u00e9trer, ne l\u2019utilisez plus.<\/li>\n<\/ul>","protected":false},"excerpt":{"rendered":"<p>Artikelnummer: JaDa95045992127271 Lichte flexibele panelen, dit zijn monokristallijn panelen. Deze zonnepanelen zijn breed toepasbaar doordat ze buigbaar zijn u kunt ze makkelijk monteren op een licht gebogen oppervlakte. Monteren kan met kit of via de bevestigingspunten. Deze panelen worden veel gebruikt op het dak van een caravan of op het dek van een boot en [&hellip;]<\/p>\n","protected":false},"featured_media":4059,"comment_status":"open","ping_status":"closed","template":"","meta":{"wds_primary_product_brand":0,"wds_primary_product_cat":139},"product_brand":[],"product_cat":[46],"product_tag":[],"class_list":{"0":"post-4058","1":"product","2":"type-product","3":"status-publish","4":"has-post-thumbnail","6":"product_cat-geen-categorie","7":"pa_vast-of-flexibel-flexibel","9":"first","10":"outofstock","11":"taxable","12":"shipping-taxable","13":"purchasable","14":"product-type-simple"},"_links":{"self":[{"href":"https:\/\/www.jadastroom.nl\/fr\/wp-json\/wp\/v2\/product\/4058","targetHints":{"allow":["GET"]}}],"collection":[{"href":"https:\/\/www.jadastroom.nl\/fr\/wp-json\/wp\/v2\/product"}],"about":[{"href":"https:\/\/www.jadastroom.nl\/fr\/wp-json\/wp\/v2\/types\/product"}],"replies":[{"embeddable":true,"href":"https:\/\/www.jadastroom.nl\/fr\/wp-json\/wp\/v2\/comments?post=4058"}],"wp:featuredmedia":[{"embeddable":true,"href":"https:\/\/www.jadastroom.nl\/fr\/wp-json\/wp\/v2\/media\/4059"}],"wp:attachment":[{"href":"https:\/\/www.jadastroom.nl\/fr\/wp-json\/wp\/v2\/media?parent=4058"}],"wp:term":[{"taxonomy":"product_brand","embeddable":true,"href":"https:\/\/www.jadastroom.nl\/fr\/wp-json\/wp\/v2\/product_brand?post=4058"},{"taxonomy":"product_cat","embeddable":true,"href":"https:\/\/www.jadastroom.nl\/fr\/wp-json\/wp\/v2\/product_cat?post=4058"},{"taxonomy":"product_tag","embeddable":true,"href":"https:\/\/www.jadastroom.nl\/fr\/wp-json\/wp\/v2\/product_tag?post=4058"}],"curies":[{"name":"wp","href":"https:\/\/api.w.org\/{rel}","templated":true}]}}