{"id":4046,"date":"2022-12-14T16:15:05","date_gmt":"2022-12-14T15:15:05","guid":{"rendered":"https:\/\/jadastroom.nl\/?post_type=product&#038;p=4046"},"modified":"2025-06-20T10:51:40","modified_gmt":"2025-06-20T08:51:40","slug":"bluetooth-victron-energy-mppt-laadregelaar-set-flexibel-zonnepaneel-175wp","status":"publish","type":"product","link":"https:\/\/www.jadastroom.nl\/fr\/winkel\/geen-categorie\/bluetooth-victron-energy-mppt-laadregelaar-set-flexibel-zonnepaneel-175wp\/","title":{"rendered":"Bluetooth \u2013 Victron Energy MPPT Laadregelaar \u2013 Set Flexibel Zonnepaneel 175Wp"},"content":{"rendered":"<p>Artikelnummer: JaDa95046549465672<\/p>\n<p>Partez-vous cette ann\u00e9e avec le bateau, la caravane ou le camping-car et ne voulez-vous pas manquer d\u2019\u00e9lectricit\u00e9 ?<br \/>\nAlors ce kit de panneaux solaires est id\u00e9al, car les panneaux solaires chargent automatiquement votre batterie.<br \/>\nLe kit est tr\u00e8s facile \u00e0 installer, m\u00eame si vous n\u2019avez aucune exp\u00e9rience avec les panneaux solaires. Cela est d\u00fb au fait que le kit est plug-and-play.<br \/>\nDe plus, le kit est livr\u00e9 avec des instructions \u00e9tape par \u00e9tape, un sch\u00e9ma \u00e9lectrique et un manuel pour le r\u00e9gulateur de charge. Si vous avez encore des questions, nous sommes toujours \u00e0 votre disposition !<br \/>\nOok kan u via de app van Victron Energy zien hoeveel de zonnepanelen opleveren.<\/p>\n<p><strong>Ce kit comprend<\/strong><\/p>\n<ul>\n<li>1 x flexibel zonnepaneel 175Wp<\/li>\n<li>1 x r\u00e9gulateur de charge MPPT Victron Energy 75\/15 avec Bluetooth (manuel inclus)<\/li>\n<li>1 x sch\u00e9ma \u00e9lectrique<\/li>\n<li>1 x passe-c\u00e2ble de toit<\/li>\n<li>5 m\u00e8tres de c\u00e2ble rouge (du panneau solaire au r\u00e9gulateur)<\/li>\n<li>5 m\u00e8tres de c\u00e2ble noir (du panneau solaire au r\u00e9gulateur)<\/li>\n<li>2,5 m\u00e8tres de c\u00e2ble rouge (du r\u00e9gulateur \u00e0 la batterie)<\/li>\n<li>2,5 m\u00e8tres de c\u00e2ble noir (du r\u00e9gulateur \u00e0 la batterie)<\/li>\n<li>Tous les c\u00e2bles sont \u00e9quip\u00e9s de connecteurs<\/li>\n<li>Altijd technische ondersteuning door JaDa Consumentenartikelen<\/li>\n<\/ul>\n<p><strong>Informations sur le panneau :<\/strong><\/p>\n<ul>\n<li>Maximum Power (Pmax) 175 Wp<\/li>\n<li>Opitmum Operating Voltage: 19,5 V<\/li>\n<li>Open-Circuit voltage (Voc): 23,9 V<\/li>\n<li>Optimum Operating Current: 8,98 A<\/li>\n<li>Short-Circuit Current (Isc): 9,50 A<\/li>\n<li>Afmetingen: 150,37 x 67,31 x 0,20 cm<\/li>\n<li>Gewicht: 2,81 kg<\/li>\n<li>Panneau flexible<\/li>\n<li>Monocristallin<\/li>\n<\/ul>\n<p class=\"translation-block\"><strong>Informations sur le r\u00e9gulateur de charge<\/strong><br>\nAvec le r\u00e9gulateur de charge MPPT de Victron Energy, vous augmentez le rendement \u00e9nerg\u00e9tique de 30 % par rapport aux r\u00e9gulateurs PWM, et le r\u00e9gulateur MPPT de Victron Energy est \u00e9galement 10 % plus efficace que les r\u00e9gulateurs MPPT plus lents. Le r\u00e9gulateur de charge est livr\u00e9 avec un manuel, disponible en n\u00e9erlandais et en anglais. Vous pouvez \u00e9galement voir la production des panneaux solaires via l\u2019application Victron Energy, appel\u00e9e \u00ab VictronConnect \u00bb, facilement t\u00e9l\u00e9chargeable sur l\u2019App Store et le Play Store. De plus, un fusible est int\u00e9gr\u00e9 dans le r\u00e9gulateur de charge.<\/p>\n<p><strong>Informations sur le c\u00e2ble<\/strong><\/p>\n<ul>\n<li>Le c\u00e2ble contient tous les connecteurs pour le branchement. De plus, un fusible est int\u00e9gr\u00e9 dans le c\u00e2ble.<\/li>\n<li>Le c\u00e2ble du panneau solaire au r\u00e9gulateur de charge est de 6 mm\u00b2.<\/li>\n<li>Le c\u00e2ble du r\u00e9gulateur \u00e0 la batterie est de 6 mm\u00b2.<\/li>\n<\/ul>\n<p><strong>Informations sur le passe-c\u00e2ble de toit<\/strong><br \/>\nPermet de faire passer le c\u00e2ble \u00e0 l\u2019int\u00e9rieur de la caravane ou du bateau, sans que l\u2019eau ne p\u00e9n\u00e8tre.<\/p>\n<p><strong>Utile \u00e0 savoir<\/strong><\/p>\n<ul>\n<li>Les panneaux peuvent \u00eatre fix\u00e9s avec du mastic ou via les points de fixation sur le c\u00f4t\u00e9<\/li>\n<li>Ce kit est pour un syst\u00e8me 12V<\/li>\n<\/ul>\n<p><strong>Pourquoi nous choisir ?<\/strong><\/p>\n<p>JaDa Consumentenartikelen biedt een complete zonnepanelen set aan voor een scherpe prijs, daarnaast kan u altijd bij ons terecht met vragen zowel voor als na de koop! Daarnaast staan wij voor kwaliteit, wij hebben er bewust voor gekozen om een weerbestendig paneel aan te bieden. Dit is ook te zien aan de Victron Energy laadregelaar, een van de beste merken op de markt.<\/p>\n<p><strong>Informations compl\u00e9mentaires<br \/>\n<\/strong>De laadregelaar is geschikt voor de volgende accu\u2019s: loodzuur, Lithium lifepo4 met interne bms, AGM en GEL accu\u2019s.<\/p>\n<p>Ne connectez jamais deux types de panneaux diff\u00e9rents sur un m\u00eame r\u00e9gulateur de charge, c\u2019est-\u00e0-dire des panneaux avec des sp\u00e9cifications diff\u00e9rentes. Pour des raisons de s\u00e9curit\u00e9 et d\u2019efficacit\u00e9.<\/p>\n<p class=\"translation-block\">Les panneaux solaires peuvent devenir chauds.\nAssurez-vous que la surface sur laquelle les panneaux solaires sont install\u00e9s peut le supporter. Sinon, la peinture pourrait, par exemple, cloquer.<\/p>\n<p>Si vous utilisez du mastic pour la fixation : choisissez un mastic r\u00e9sistant \u00e0 la chaleur et aux UV, par exemple Sikaflex 252 (v\u00e9rifiez \u00e9galement si le mastic peut \u00eatre coll\u00e9 sur votre surface).<\/p>","protected":false},"excerpt":{"rendered":"<p>Artikelnummer: JaDa95046549465672 Gaat u dit jaar weg met de boot, caravan of camper en wilt u niet zonder stroom zitten? Dan is deze zonnepanelen set ideaal, omdat de zonnepanelen automatisch uw accu opladen. De set is erg eenvoudig om aan te sluiten, ook al heeft u geen ervaring met zonnepanelen dit komt omdat de set [&hellip;]<\/p>\n","protected":false},"featured_media":4053,"comment_status":"open","ping_status":"closed","template":"","meta":{"wds_primary_product_brand":0,"wds_primary_product_cat":139},"product_brand":[],"product_cat":[46],"product_tag":[],"class_list":{"0":"post-4046","1":"product","2":"type-product","3":"status-publish","4":"has-post-thumbnail","6":"product_cat-geen-categorie","7":"pa_bluetooth-scherm-alleen-bluetooth","8":"pa_merk-laadregelaar-victron-energy","9":"pa_type-laadregelaar-mppt","10":"pa_vast-of-flexibel-flexibel","12":"first","13":"outofstock","14":"taxable","15":"shipping-taxable","16":"purchasable","17":"product-type-simple"},"_links":{"self":[{"href":"https:\/\/www.jadastroom.nl\/fr\/wp-json\/wp\/v2\/product\/4046","targetHints":{"allow":["GET"]}}],"collection":[{"href":"https:\/\/www.jadastroom.nl\/fr\/wp-json\/wp\/v2\/product"}],"about":[{"href":"https:\/\/www.jadastroom.nl\/fr\/wp-json\/wp\/v2\/types\/product"}],"replies":[{"embeddable":true,"href":"https:\/\/www.jadastroom.nl\/fr\/wp-json\/wp\/v2\/comments?post=4046"}],"wp:featuredmedia":[{"embeddable":true,"href":"https:\/\/www.jadastroom.nl\/fr\/wp-json\/wp\/v2\/media\/4053"}],"wp:attachment":[{"href":"https:\/\/www.jadastroom.nl\/fr\/wp-json\/wp\/v2\/media?parent=4046"}],"wp:term":[{"taxonomy":"product_brand","embeddable":true,"href":"https:\/\/www.jadastroom.nl\/fr\/wp-json\/wp\/v2\/product_brand?post=4046"},{"taxonomy":"product_cat","embeddable":true,"href":"https:\/\/www.jadastroom.nl\/fr\/wp-json\/wp\/v2\/product_cat?post=4046"},{"taxonomy":"product_tag","embeddable":true,"href":"https:\/\/www.jadastroom.nl\/fr\/wp-json\/wp\/v2\/product_tag?post=4046"}],"curies":[{"name":"wp","href":"https:\/\/api.w.org\/{rel}","templated":true}]}}