{"id":4015,"date":"2022-11-06T14:09:21","date_gmt":"2022-11-06T13:09:21","guid":{"rendered":"https:\/\/jadastroom.nl\/?post_type=product&#038;p=4015"},"modified":"2026-02-24T15:15:31","modified_gmt":"2026-02-24T14:15:31","slug":"400wp-set-met-victron-energy-lithium-lifepo4-accu-200ah-12v-230v-omvormer-12-1600","status":"publish","type":"product","link":"https:\/\/www.jadastroom.nl\/fr\/winkel\/zonnepanelensets\/400wp-set-met-victron-energy-lithium-lifepo4-accu-200ah-12v-230v-omvormer-12-1600\/","title":{"rendered":"Kit 440Wp avec batterie lithium LiFePO4 Victron Energy 200Ah &amp; onduleur 12V-230V 12\/1600"},"content":{"rendered":"<p>Num\u00e9ro d\u2019article: JaDa95084223128201l4<\/p>\n<p>Partez-vous cette ann\u00e9e avec le bateau, la caravane ou le camping-car et ne voulez-vous pas manquer d\u2019\u00e9lectricit\u00e9 ?<br \/>\nAlors ce kit de panneaux solaires est id\u00e9al, car les panneaux solaires chargent automatiquement votre batterie.<br \/>\nLe kit est tr\u00e8s facile \u00e0 installer, m\u00eame si vous n\u2019avez aucune exp\u00e9rience avec les panneaux solaires. Cela est d\u00fb au fait que le kit est plug-and-play.<br \/>\nDe plus, le kit est livr\u00e9 avec des instructions \u00e9tape par \u00e9tape, un sch\u00e9ma \u00e9lectrique et un manuel pour le r\u00e9gulateur de charge. Si vous avez encore des questions, nous sommes toujours \u00e0 votre disposition !<br \/>\nGr\u00e2ce \u00e0 l\u2019application Victron Energy, vous pouvez voir la production des panneaux solaires. Le kit solaire est livr\u00e9 avec une batterie, un onduleur 12V-230V et tous les c\u00e2bles n\u00e9cessaires au raccordement.<\/p>\n<p><strong>Ce kit comprend<\/strong><\/p>\n<ul>\n<li>4 x panneau solaire flexible JaDaStroom 110Wp<\/li>\n<li>1 x r\u00e9gulateur de charge MPPT Victron Energy 100\/30 avec Bluetooth (manuel inclus)<\/li>\n<li>2 x Batterie Lithium Victron SuperPack 12,8V\/100Ah (M8) haute intensit\u00e9<\/li>\n<li>1 x Onduleur Victron Phoenix Smart 12\/1600 230V<\/li>\n<li>1 x sch\u00e9ma \u00e9lectrique<\/li>\n<li>1 x passe-c\u00e2ble de toit<\/li>\n<li>5 m\u00e8tres de c\u00e2ble rouge (du panneau solaire au r\u00e9gulateur)<\/li>\n<li>5 m\u00e8tres de c\u00e2ble noir (du panneau solaire au r\u00e9gulateur)<\/li>\n<li>2,5 m\u00e8tres de c\u00e2ble rouge (du r\u00e9gulateur \u00e0 la batterie)<\/li>\n<li>2,5 m\u00e8tres de c\u00e2ble noir (du r\u00e9gulateur \u00e0 la batterie)<\/li>\n<li>C\u00e2ble rouge de 1,5 m\u00e8tre (c\u00e2ble de la batterie vers l\u2019onduleur 12V-230V)<\/li>\n<li>C\u00e2ble noir de 1,5 m\u00e8tre (c\u00e2ble de la batterie vers l\u2019onduleur 12V-230V)<\/li>\n<li>C\u00e2ble rouge de 30 cm (entre les deux batteries)<\/li>\n<li>C\u00e2ble noir de 30 cm (entre les deux batteries)<\/li>\n<li>Tous les c\u00e2bles sont \u00e9quip\u00e9s de connecteurs<\/li>\n<li>Assistance technique toujours disponible par JaDaStroom<\/li>\n<\/ul>\n<p><strong>Informations sur le panneau :<\/strong><\/p>\n<ul>\n<li>Maximum Power (Pmax) 110Wp<\/li>\n<li>Open Circuit Voltage (Voc) 24,50V<\/li>\n<li>Short Circuit Current (Isc) 5,53A<\/li>\n<li>Maximum Power Voltage (Vmp) 20,9V<\/li>\n<li>Maximum Power Current (Imp) 5,27A<\/li>\n<li>Dimensions : 108 * 54 * 0.2cm<\/li>\n<li>Longueur des c\u00e2bles du panneau solaire : 30cm<\/li>\n<li>Poids : 2kg<\/li>\n<li>Panneau flexible<\/li>\n<li>Monocristallin<\/li>\n<li>Marque : JaDaStroom<\/li>\n<\/ul>\n<p><strong>Informations sur le r\u00e9gulateur de charge<\/strong><br \/>\nAvec le r\u00e9gulateur de charge MPPT de Victron Energy, vous augmentez le rendement \u00e9nerg\u00e9tique de 30 % par rapport aux r\u00e9gulateurs PWM, et le r\u00e9gulateur MPPT de Victron Energy est \u00e9galement 10 % plus efficace que les r\u00e9gulateurs MPPT plus lents.<br \/>\nLe r\u00e9gulateur de charge est livr\u00e9 avec un manuel, disponible en n\u00e9erlandais et en anglais.<br \/>\nVous pouvez \u00e9galement voir la production des panneaux solaires via l\u2019application Victron Energy, appel\u00e9e \u00ab VictronConnect \u00bb, facilement t\u00e9l\u00e9chargeable sur l\u2019App Store et le Play Store.<\/p>\n<p><strong>Informations sur la batterie<\/strong><\/p>\n<p>Victron Lithium SuperPack 12,8V\/100Ah (M8) haute intensit\u00e9. Ce mod\u00e8le haute intensit\u00e9 est adapt\u00e9 pour une charge et une d\u00e9charge jusqu\u2019\u00e0 100A.<\/p>\n<p>Les batteries Victron 12,8V Lithium SuperPack disposent d\u2019un BMS int\u00e9gr\u00e9 et d\u2019un interrupteur de s\u00e9curit\u00e9. Les batteries SuperPack sont tr\u00e8s faciles \u00e0 installer sans composants suppl\u00e9mentaires. L\u2019interrupteur interne coupe la batterie en cas de d\u00e9charge profonde, surtension ou temp\u00e9ratures \u00e9lev\u00e9es. Les batteries peuvent \u00eatre connect\u00e9es en parall\u00e8le. Le montage en s\u00e9rie n\u2019est pas autoris\u00e9.<\/p>\n<p><strong>Informations sur l\u2019onduleur 12V-230V<\/strong><\/p>\n<p>Avec cet onduleur \u00e0 onde sinuso\u00efdale pure DC\/AC, le 12 VDC est converti en 230 VAC pour des appareils avec une puissance continue de 1300 W (puissance de pointe 2400 W). L\u2019onduleur est \u00e9quip\u00e9 du Bluetooth int\u00e9gr\u00e9 et d\u2019un port de communication VE.Direct.<\/p>\n<p>L\u2019onduleur Phoenix 1600VA est id\u00e9al pour les appareils n\u00e9cessitant une forte puissance de d\u00e9marrage, comme les r\u00e9frig\u00e9rateurs et cong\u00e9lateurs. Tr\u00e8s utilis\u00e9 dans les camping-cars, bateaux et v\u00e9hicules utilitaires. Compatible avec Senseo, Nespresso, micro-ondes, bouilloires et autres appareils m\u00e9nagers.<\/p>\n<p><strong>Informations sur le c\u00e2ble<\/strong><\/p>\n<ul>\n<li>Le c\u00e2ble contient tous les connecteurs pour le branchement. De plus, un fusible est int\u00e9gr\u00e9 dans le c\u00e2ble.<\/li>\n<li>Le c\u00e2ble du panneau solaire au r\u00e9gulateur de charge est de 6 mm\u00b2.<\/li>\n<li>Le c\u00e2ble du r\u00e9gulateur de charge vers la batterie est de 10 mm\u00b2. Ce c\u00e2ble est \u00e9quip\u00e9 d\u2019un fusible.<\/li>\n<li>Le c\u00e2ble de la batterie vers l\u2019onduleur 12V-230V est de 70 mm\u00b2. Ce c\u00e2ble est \u00e9quip\u00e9 d\u2019un fusible.<\/li>\n<li>Le c\u00e2ble entre les batteries est de 70 mm\u00b2.<\/li>\n<\/ul>\n<p><strong>Informations sur le passe-c\u00e2ble de toit<\/strong><br \/>\nPermet de faire passer le c\u00e2ble \u00e0 l\u2019int\u00e9rieur de la caravane ou du bateau, sans que l\u2019eau ne p\u00e9n\u00e8tre.<\/p>\n<p><strong>Utile \u00e0 savoir<\/strong><\/p>\n<ul>\n<li>Les panneaux peuvent \u00eatre fix\u00e9s avec du mastic ou via les points de fixation sur le c\u00f4t\u00e9<\/li>\n<li>Ce kit est pour un syst\u00e8me 12V<\/li>\n<li>Si vous souhaitez connecter des appareils directement aux batteries, veuillez nous consulter au pr\u00e9alable. Un c\u00e2ble plus \u00e9pais pourrait \u00eatre n\u00e9cessaire. Cela est important pour des raisons de s\u00e9curit\u00e9.<\/li>\n<li>Pour le c\u00e2ble de la batterie vers l\u2019onduleur 230V : connectez toujours le c\u00f4t\u00e9 du fusible \u00e0 la batterie.<\/li>\n<\/ul>\n<p><strong>Pourquoi nous choisir ?<\/strong><\/p>\n<p>JaDaStroom propose un kit solaire complet \u00e0 un prix attractif. De plus, vous pouvez toujours nous contacter pour toute question, avant et apr\u00e8s l\u2019achat. Nous misons sur la qualit\u00e9 et avons choisi un panneau r\u00e9sistant aux intemp\u00e9ries. Cela se refl\u00e8te \u00e9galement dans le r\u00e9gulateur de charge Victron Energy, l\u2019une des meilleures marques du march\u00e9.<\/p>\n<p><strong>Informations compl\u00e9mentaires<br \/>\n<\/strong>De laadregelaar is geschikt voor de volgende accu\u2019s: loodzuur, Lithium lifepo4 met interne bms, AGM en GEL accu\u2019s.<\/p>\n<p>Ne connectez jamais deux types de panneaux diff\u00e9rents sur un m\u00eame r\u00e9gulateur de charge, c\u2019est-\u00e0-dire des panneaux avec des sp\u00e9cifications diff\u00e9rentes. Pour des raisons de s\u00e9curit\u00e9 et d\u2019efficacit\u00e9.<\/p>\n<p class=\"translation-block\">Les panneaux solaires peuvent devenir chauds.\nAssurez-vous que la surface sur laquelle les panneaux solaires sont install\u00e9s peut le supporter. Sinon, la peinture pourrait, par exemple, cloquer.<\/p>\n<p>Si vous utilisez du mastic pour la fixation : choisissez un mastic r\u00e9sistant \u00e0 la chaleur et aux UV, par exemple Sikaflex 252 (v\u00e9rifiez \u00e9galement si le mastic peut \u00eatre coll\u00e9 sur votre surface).<\/p>","protected":false},"excerpt":{"rendered":"<p>Artikelnummer: JaDa95084223128201l4 Gaat u dit jaar weg met de boot, caravan of camper en wilt u niet zonder stroom zitten? Dan is deze zonnepanelen set ideaal, omdat de zonnepanelen automatisch uw accu opladen. De set is erg eenvoudig om aan te sluiten, ook al heeft u geen ervaring met zonnepanelen dit komt omdat de set [&hellip;]<\/p>\n","protected":false},"featured_media":33195,"comment_status":"open","ping_status":"closed","template":"","meta":{"wds_primary_product_brand":0,"wds_primary_product_cat":139},"product_brand":[],"product_cat":[139],"product_tag":[],"class_list":{"0":"post-4015","1":"product","2":"type-product","3":"status-publish","4":"has-post-thumbnail","6":"product_cat-zonnepanelensets","7":"pa_bluetooth-scherm-alleen-bluetooth","8":"pa_hoeveel-wp-400wp","9":"pa_merk-laadregelaar-victron-energy","10":"pa_type-laadregelaar-mppt","11":"pa_vast-of-flexibel-flexibel","13":"first","14":"instock","15":"taxable","16":"shipping-taxable","17":"purchasable","18":"product-type-simple"},"_links":{"self":[{"href":"https:\/\/www.jadastroom.nl\/fr\/wp-json\/wp\/v2\/product\/4015","targetHints":{"allow":["GET"]}}],"collection":[{"href":"https:\/\/www.jadastroom.nl\/fr\/wp-json\/wp\/v2\/product"}],"about":[{"href":"https:\/\/www.jadastroom.nl\/fr\/wp-json\/wp\/v2\/types\/product"}],"replies":[{"embeddable":true,"href":"https:\/\/www.jadastroom.nl\/fr\/wp-json\/wp\/v2\/comments?post=4015"}],"wp:featuredmedia":[{"embeddable":true,"href":"https:\/\/www.jadastroom.nl\/fr\/wp-json\/wp\/v2\/media\/33195"}],"wp:attachment":[{"href":"https:\/\/www.jadastroom.nl\/fr\/wp-json\/wp\/v2\/media?parent=4015"}],"wp:term":[{"taxonomy":"product_brand","embeddable":true,"href":"https:\/\/www.jadastroom.nl\/fr\/wp-json\/wp\/v2\/product_brand?post=4015"},{"taxonomy":"product_cat","embeddable":true,"href":"https:\/\/www.jadastroom.nl\/fr\/wp-json\/wp\/v2\/product_cat?post=4015"},{"taxonomy":"product_tag","embeddable":true,"href":"https:\/\/www.jadastroom.nl\/fr\/wp-json\/wp\/v2\/product_tag?post=4015"}],"curies":[{"name":"wp","href":"https:\/\/api.w.org\/{rel}","templated":true}]}}