{"id":3642,"date":"2022-09-07T19:08:05","date_gmt":"2022-09-07T17:08:05","guid":{"rendered":"https:\/\/jadastroom.nl\/?post_type=product&#038;p=3642"},"modified":"2026-01-29T14:46:10","modified_gmt":"2026-01-29T13:46:10","slug":"victron-phoenix-omvormer-12-800-230v-ve-direct-schuko","status":"publish","type":"product","link":"https:\/\/www.jadastroom.nl\/fr\/winkel\/230v-omvormers\/victron-phoenix-omvormer-12-800-230v-ve-direct-schuko\/","title":{"rendered":"Onduleur Victron Phoenix 12\/800 230V VE.Direct SCHUKO"},"content":{"rendered":"<div>\n<p>Num\u00e9ro d\u2019article : PIN121801200<\/p>\n<\/div>\n<div class=\"long-description with-long open\">\n<div class=\"std\">\n<div class=\"shortdesc active\">\n<p>L\u2019onduleur Victron Phoenix 12\/800 230V VE.Direct SCHUKO* est un onduleur \u00e0 onde sinuso\u00efdale pure avec un rendement \u00e9lev\u00e9 et un bo\u00eetier compact. Gr\u00e2ce \u00e0 son bo\u00eetier allong\u00e9 en acier\/plastique (indice de protection IP21), les nouveaux mod\u00e8les Phoenix sont facilement reconnaissables. Avec cet onduleur, les appareils n\u00e9cessitant du courant alternatif 230V ou 120V peuvent \u00eatre aliment\u00e9s \u00e0 partir d\u2019une batterie en 12V, 24V ou 48V courant continu.<\/p>\n<p><strong>Sp\u00e9cifications de l\u2019onduleur Phoenix 12\/800 230 V VE.Direct SCHUKO :<\/strong>:<\/p>\n<p>Tension d\u2019entr\u00e9e : 12VDC | Tension de sortie : 230VAC<br \/>\nPuissance de sortie : 800VA \/ 650W | Puissance de pointe : 1500W<br \/>\nEntr\u00e9es AC : non | Sorties AC : 1<br \/>\nCapacit\u00e9 de batterie recommand\u00e9e : 100\u2013400 Ah<br \/>\nFusible DC recommand\u00e9 : 125 A MEGA \u2013 Voir \u00ab \u00c0 commander directement \u00bb<br \/>\nConnexion batterie : Bornes \u00e0 vis<\/p>\n<p>*SCHUKO est le syst\u00e8me de prise le plus utilis\u00e9 aux Pays-Bas pour les fiches rondes avec terre (CEE 7\/7), les fiches rondes sans terre (CEE 7\/17) ainsi que les fiches plates sans terre (CEE 7\/16). La prise comporte deux ouvertures pour les broches et, sur les c\u00f4t\u00e9s, deux contacts m\u00e9talliques \u00e0 ressort pour la mise \u00e0 la terre. Lors de l\u2019insertion de la fiche, les contacts de terre se connectent en premier, puis les deux broches conductrices. L\u2019intensit\u00e9 maximale est de 16 A.<\/p>\n<\/div>\n<div class=\"longdesc\">\n<p class=\"translation-block\">Le Phoenix 12\/800 est un onduleur \u00e0 onde sinuso\u00efdale pure puissant d\u2019une puissance de 800 VA (650 watts) dans un bo\u00eetier compact unique. Ce Phoenix est livr\u00e9 sans les c\u00e2bles 25 mm\u00b2 n\u00e9cessaires.<\/p>\n<p>La s\u00e9rie d\u2019onduleurs sinuso\u00efdaux Phoenix de Victron Energy a \u00e9t\u00e9 d\u00e9velopp\u00e9e pour un usage professionnel et peut \u00eatre utilis\u00e9e pour un large \u00e9ventail d\u2019applications \u00e9lectriques \u2013 partout et \u00e0 tout moment ! Les onduleurs convertissent le courant continu (DC) en courant alternatif (AC). Ainsi, les appareils m\u00e9nagers \u2013 des bouilloires aux t\u00e9l\u00e9viseurs \u2013 peuvent toujours \u00eatre utilis\u00e9s, par exemple dans des voitures, camping-cars, bateaux ou maisons de jardin ou de plage. Un g\u00e9n\u00e9rateur bruyant n\u2019est alors plus n\u00e9cessaire.<\/p>\n<p>Chaque onduleur \u00e0 onde sinuso\u00efdale pure dispose d\u2019une puissance de cr\u00eate \u00e9lev\u00e9e et fournit sans probl\u00e8me de l\u2019\u00e9nergie pour tout type de charge. Les onduleurs de Victron Energy sont con\u00e7us pour un usage professionnel. Ils conviennent \u00e0 une grande vari\u00e9t\u00e9 d\u2019appareils avec des puissances de d\u00e9marrage \u00e9lev\u00e9es ou faibles.<\/p>\n<p class=\"translation-block\"><strong>VE.Direct-communicatiepoort<\/strong><br>\r\nDe Phoenix omvormer VE.Direct serie is voorzien van een VE.Direct communicatiepoort waardoor de omvormer kan worden aangesloten op een computer met een VE.Direct naar USB-interface kabel of op Apple- en Android-smartphones, tablets, macbooks en overige apparaten met een VE.Direct Bluetooth Smart dongle. Hierdoor is de omvormer volledig configureerbaar op de navolgende functionaliteit:<br>\r\n&gt; Schakel- en resetniveaus alarm voor lage accuspanning<br>\r\n&gt; Uitschakel- en herstartniveaus alarm voor lage accuspanning<br>\r\n&gt; Dynamische cut-off: afhankelijk van de belasting cut-off niveau<br>\r\n&gt; Uitgangsspanning 210 \u2013 245V<br>\r\n&gt; Frequentie 50 Hz of 60 Hz<br>\r\n&gt; ECO-modus aan\/uit en ECO-modus-detectieniveau<br>\r\n&gt; Bewaking: In- en uitgangsspanning, % belasting en alarmen<\/p>\n<p><strong>Fiabilit\u00e9 \u00e9prouv\u00e9e<\/strong><br \/>\nLa topologie d\u2019onduleur en pont complet avec transformateur toro\u00efdal a fait ses preuves en mati\u00e8re de fiabilit\u00e9 depuis de nombreuses ann\u00e9es. Les onduleurs r\u00e9sistent aux courts-circuits et sont prot\u00e9g\u00e9s contre la surchauffe, qu\u2019elle soit caus\u00e9e par une surcharge ou par une temp\u00e9rature ambiante \u00e9lev\u00e9e.<\/p>\n<p><strong>Puissance de d\u00e9marrage \u00e9lev\u00e9e<\/strong><br \/>\nN\u00e9cessaire pour d\u00e9marrer des charges, telles que des convertisseurs de puissance pour lampes LED, lampes halog\u00e8nes ou outils \u00e9lectriques.<\/p>\n<p><strong>Mode ECO<\/strong><br \/>\nEn mode ECO, l\u2019onduleur passe en veille lorsque la charge descend sous une valeur pr\u00e9d\u00e9finie (charge minimale : 15 W). Une fois en veille, l\u2019onduleur s\u2019active bri\u00e8vement \u00e0 intervalles r\u00e9glables (par d\u00e9faut toutes les 2,5 secondes). Si la charge d\u00e9passe un niveau pr\u00e9d\u00e9fini, l\u2019onduleur reste activ\u00e9.<\/p>\n<p><strong>Marche\/arr\u00eat \u00e0 distance<\/strong><br \/>\nUn interrupteur marche\/arr\u00eat \u00e0 distance peut \u00eatre connect\u00e9 \u00e0 une fiche bipolaire ou entre le p\u00f4le positif de la batterie et le contact gauche de la fiche bipolaire.<\/p>\n<\/div>\n<\/div>\n<\/div>","protected":false},"excerpt":{"rendered":"<p>Artikelnummer: PIN121801200 Victron Phoenix 12\/800 230V VE.Direct SCHUKO* omvormer is een zuivere sinusgolf-omvormer met een hoge effici\u00ebntie in een enkele compacte behuizing. Door de langwerpige staal\/kunststof behuizing (beschermklasse IP 21) zijn de nieuwe Phoenix modellen eenvoudig te herkennen. Met een omvormer kunnen apparaten, die 230V- of 120V-wisselstroom vereisen, worden gevoed vanuit een accu met 12V-, [&hellip;]<\/p>\n","protected":false},"featured_media":3835,"comment_status":"open","ping_status":"closed","template":"","meta":{"wds_primary_product_brand":0,"wds_primary_product_cat":180},"product_brand":[],"product_cat":[180],"product_tag":[],"class_list":{"0":"post-3642","1":"product","2":"type-product","3":"status-publish","4":"has-post-thumbnail","6":"product_cat-230v-omvormers","7":"pa_met-kabel-zonder-kabel","9":"first","10":"instock","11":"taxable","12":"shipping-taxable","13":"purchasable","14":"product-type-simple"},"_links":{"self":[{"href":"https:\/\/www.jadastroom.nl\/fr\/wp-json\/wp\/v2\/product\/3642","targetHints":{"allow":["GET"]}}],"collection":[{"href":"https:\/\/www.jadastroom.nl\/fr\/wp-json\/wp\/v2\/product"}],"about":[{"href":"https:\/\/www.jadastroom.nl\/fr\/wp-json\/wp\/v2\/types\/product"}],"replies":[{"embeddable":true,"href":"https:\/\/www.jadastroom.nl\/fr\/wp-json\/wp\/v2\/comments?post=3642"}],"wp:featuredmedia":[{"embeddable":true,"href":"https:\/\/www.jadastroom.nl\/fr\/wp-json\/wp\/v2\/media\/3835"}],"wp:attachment":[{"href":"https:\/\/www.jadastroom.nl\/fr\/wp-json\/wp\/v2\/media?parent=3642"}],"wp:term":[{"taxonomy":"product_brand","embeddable":true,"href":"https:\/\/www.jadastroom.nl\/fr\/wp-json\/wp\/v2\/product_brand?post=3642"},{"taxonomy":"product_cat","embeddable":true,"href":"https:\/\/www.jadastroom.nl\/fr\/wp-json\/wp\/v2\/product_cat?post=3642"},{"taxonomy":"product_tag","embeddable":true,"href":"https:\/\/www.jadastroom.nl\/fr\/wp-json\/wp\/v2\/product_tag?post=3642"}],"curies":[{"name":"wp","href":"https:\/\/api.w.org\/{rel}","templated":true}]}}