{"id":3623,"date":"2022-09-07T18:52:23","date_gmt":"2022-09-07T16:52:23","guid":{"rendered":"https:\/\/jadastroom.nl\/?post_type=product&#038;p=3623"},"modified":"2026-01-29T14:46:31","modified_gmt":"2026-01-29T13:46:31","slug":"victron-phoenix-smart-omvormer-12-1600-230v","status":"publish","type":"product","link":"https:\/\/www.jadastroom.nl\/fr\/winkel\/230v-omvormers\/victron-phoenix-smart-omvormer-12-1600-230v\/","title":{"rendered":"Onduleur Victron Phoenix Smart 12\/1600 230V \u2013 Bluetooth"},"content":{"rendered":"<div>\n<p>Num\u00e9ro d\u2019article : PIN122160000<\/p>\n<\/div>\n<div class=\"long-description with-long open\">\n<div class=\"std\">\n<div class=\"shortdesc active translation-block\">Onduleur Victron Phoenix 12\/1600 230V Smart \u2013 NOUVEAU !\nCet onduleur DC\/AC \u00e0 onde sinuso\u00efdale pure convertit le 12 V DC en 230 V AC, pour des appareils d\u2019une puissance continue de 1300 W (puissance de pointe 2400 W). L\u2019onduleur est \u00e9quip\u00e9 du Bluetooth int\u00e9gr\u00e9 et d\u2019un port de communication VE.Direct. L\u2019onduleur Phoenix 1600 VA est donc particuli\u00e8rement adapt\u00e9 aux appareils n\u00e9cessitant un fort courant de d\u00e9marrage comme les r\u00e9frig\u00e9rateurs et cong\u00e9lateurs. Tr\u00e8s utilis\u00e9 dans les camping-cars, bateaux et v\u00e9hicules utilitaires. Compatible avec Senseo, Nespresso, micro-ondes, bouilloires et autres appareils m\u00e9nagers.<\/div>\n<div class=\"longdesc\">\n<p>Dit nieuwe model\u00a0<strong>Victron Phoenix omvormer 12\/1600 230V Smart<\/strong>\u00a0Ce nouveau mod\u00e8le d\u2019onduleur Victron Phoenix 12\/1600 230V Smart fournit aux appareils m\u00e9nagers en courant alternatif 230 V la tension d\u2019alimentation correcte \u00e0 partir de batteries en courant continu. Avec cet onduleur DC\/AC \u00e0 onde sinuso\u00efdale pure, le 12 V DC est converti en 230 V AC pour des appareils avec une puissance continue en charge non lin\u00e9aire de 1600 VA (1300 W avec une puissance de pointe de 2400 W). L\u2019onduleur est \u00e9quip\u00e9 du Bluetooth int\u00e9gr\u00e9 et d\u2019un port de communication VE.Direct. Gr\u00e2ce au Bluetooth, il peut \u00eatre contr\u00f4l\u00e9 via smartphone, tablette ou PC avec l\u2019application Victron Connect pour les informations et les r\u00e9glages.<\/p>\n<p><strong>Bluetooth int\u00e9gr\u00e9<\/strong>\u00a0: enti\u00e8rement configurable avec une tablette ou un smartphone<\/p>\n<p>\u2022 Alarme de batterie presque d\u00e9charg\u00e9e<br \/>\n\u2022 Niveaux d\u2019arr\u00eat et de red\u00e9marrage pour batterie presque d\u00e9charg\u00e9e<br \/>\n\u2022 Arr\u00eat dynamique : niveau d\u2019arr\u00eat d\u00e9pendant de la charge<br \/>\n\u2022 Tension de sortie : 210 \u2013 245 V\n\u2022 Fr\u00e9quence : 50 Hz ou 60 Hz<br \/>\n\u2022 Mode ECO activ\u00e9\/d\u00e9sactiv\u00e9 et niveau de d\u00e9tection du mode ECO<br \/>\n\u2022 Relais d\u2019alarme<\/p>\n<p>Surveillance<br \/>\n\u2022 Tension d\u2019entr\u00e9e et de sortie, charge et alarmes<\/p>\n<p><strong>Port de communication VE.Direct<\/strong><br \/>\nLe port VE.Direct peut \u00eatre connect\u00e9 \u00e0 un ordinateur (c\u00e2ble d\u2019interface VE.Direct vers USB n\u00e9cessaire) afin de configurer et de surveiller les m\u00eames param\u00e8tres.<\/p>\n<p><strong>Fiabilit\u00e9 \u00e9prouv\u00e9e<\/strong><br \/>\nLa topologie \u00e0 pont complet et transformateur toro\u00efdal a fait ses preuves en mati\u00e8re de fiabilit\u00e9 pendant de nombreuses ann\u00e9es. Les onduleurs sont r\u00e9sistants aux courts-circuits et prot\u00e9g\u00e9s contre la surchauffe, qu\u2019elle soit caus\u00e9e par une surcharge ou par une temp\u00e9rature ambiante \u00e9lev\u00e9e.<\/p>\n<p><strong>Puissance de d\u00e9marrage \u00e9lev\u00e9e<\/strong><br \/>\nN\u00e9cessaire pour d\u00e9marrer des charges, telles que des convertisseurs d\u2019alimentation pour lampes LED, lampes halog\u00e8nes ou outils \u00e9lectriques.<br \/>\n<strong>Mode ECO<\/strong><\/p>\n<p>En mode ECO, l\u2019onduleur passe en veille lorsque la charge descend en dessous d\u2019une valeur pr\u00e9d\u00e9finie. En mode veille, l\u2019onduleur s\u2019active bri\u00e8vement toutes les 2,5 secondes (r\u00e9glable). Si la charge d\u00e9passe un niveau pr\u00e9d\u00e9fini, l\u2019onduleur reste activ\u00e9.<\/p>\n<p><strong>Marche\/arr\u00eat \u00e0 distance<\/strong><br \/>\nUn interrupteur marche\/arr\u00eat externe peut \u00eatre connect\u00e9 \u00e0 un connecteur bipolaire. En alternative, la borne H (\u00e0 gauche) du connecteur bipolaire peut \u00eatre reli\u00e9e au p\u00f4le positif de la batterie, ou la borne L (\u00e0 droite) du connecteur bipolaire peut \u00eatre reli\u00e9e au p\u00f4le n\u00e9gatif de la batterie (ou par exemple au ch\u00e2ssis d\u2019un v\u00e9hicule).<\/p>\n<p><strong>Diagnostic LED<\/strong><br \/>\nConsultez le manuel pour une description.<\/p>\n<p><strong>Pour transf\u00e9rer la charge vers une autre source AC<\/strong>: le commutateur de transfert automatique<br \/>\nPour nos onduleurs \u00e0 faible puissance, nous recommandons notre commutateur de transfert automatique Filax. Le Filax dispose d\u2019un temps de commutation tr\u00e8s court (moins de 20 millisecondes), permettant aux ordinateurs et autres \u00e9quipements \u00e9lectroniques de fonctionner sans interruption. \u00c0 d\u00e9faut, utilisez un MultiPlus avec commutateur de transfert int\u00e9gr\u00e9.<\/p>\n<\/div>\n<\/div>\n<\/div>","protected":false},"excerpt":{"rendered":"<p>Artikelnummer: PIN122160000 Victron Phoenix omvormer 12\/1600 230V Smart &#8211; NIEUW! Met deze zuivere sinus DC\/AC omvormer wordt 12 VDC omgevormd naar 230 VAC, voor apparaten met continue vermogen van 1300W (piekvermogen 2400W). De omvormer is voorzien van ge\u00efntegreerde Bluetooth en een VE.Direct-communicatiepoort.De Phoenix omvormer 1600VA is daarom zeer geschikt voor apparaten die een hoog startvermogen [&hellip;]<\/p>\n","protected":false},"featured_media":3846,"comment_status":"open","ping_status":"closed","template":"","meta":{"wds_primary_product_brand":0,"wds_primary_product_cat":180},"product_brand":[],"product_cat":[180],"product_tag":[],"class_list":{"0":"post-3623","1":"product","2":"type-product","3":"status-publish","4":"has-post-thumbnail","6":"product_cat-230v-omvormers","7":"pa_met-kabel-zonder-kabel","9":"first","10":"instock","11":"taxable","12":"shipping-taxable","13":"purchasable","14":"product-type-simple"},"_links":{"self":[{"href":"https:\/\/www.jadastroom.nl\/fr\/wp-json\/wp\/v2\/product\/3623","targetHints":{"allow":["GET"]}}],"collection":[{"href":"https:\/\/www.jadastroom.nl\/fr\/wp-json\/wp\/v2\/product"}],"about":[{"href":"https:\/\/www.jadastroom.nl\/fr\/wp-json\/wp\/v2\/types\/product"}],"replies":[{"embeddable":true,"href":"https:\/\/www.jadastroom.nl\/fr\/wp-json\/wp\/v2\/comments?post=3623"}],"wp:featuredmedia":[{"embeddable":true,"href":"https:\/\/www.jadastroom.nl\/fr\/wp-json\/wp\/v2\/media\/3846"}],"wp:attachment":[{"href":"https:\/\/www.jadastroom.nl\/fr\/wp-json\/wp\/v2\/media?parent=3623"}],"wp:term":[{"taxonomy":"product_brand","embeddable":true,"href":"https:\/\/www.jadastroom.nl\/fr\/wp-json\/wp\/v2\/product_brand?post=3623"},{"taxonomy":"product_cat","embeddable":true,"href":"https:\/\/www.jadastroom.nl\/fr\/wp-json\/wp\/v2\/product_cat?post=3623"},{"taxonomy":"product_tag","embeddable":true,"href":"https:\/\/www.jadastroom.nl\/fr\/wp-json\/wp\/v2\/product_tag?post=3623"}],"curies":[{"name":"wp","href":"https:\/\/api.w.org\/{rel}","templated":true}]}}