{"id":3607,"date":"2022-09-02T17:21:09","date_gmt":"2022-09-02T15:21:09","guid":{"rendered":"https:\/\/jadastroom.nl\/?post_type=product&#038;p=3607"},"modified":"2026-01-29T14:40:56","modified_gmt":"2026-01-29T13:40:56","slug":"victron-lithium-accu-superpack-128v-60ah","status":"publish","type":"product","link":"https:\/\/www.jadastroom.nl\/fr\/winkel\/accus\/victron-lithium-accu-superpack-128v-60ah\/","title":{"rendered":"Batterie Lithium Victron SuperPack 12,8V\/60Ah"},"content":{"rendered":"<div>\n<p>Num\u00e9ro d\u2019article : BAT512060705<\/p>\n<\/div>\n<div id=\"rmjs-1\" class=\"short-description\" data-readmore=\"\" aria-expanded=\"true\">\n<div class=\"std\">Victron Lithium SuperPack 12,8V\/60Ah (M6)<\/div>\n<div class=\"std\">Poids : 9,5 kg<\/div>\n<div class=\"std\">\n<p>Dimensions (HxLxP) mm : 213 x 229 x 138<\/p>\n<p>Les batteries Victron 12,8V Lithium SuperPack disposent d\u2019un BMS int\u00e9gr\u00e9 et d\u2019un interrupteur de s\u00e9curit\u00e9. Les batteries SuperPack sont tr\u00e8s faciles \u00e0 installer sans composants suppl\u00e9mentaires. L\u2019interrupteur interne coupe la batterie en cas de d\u00e9charge profonde, surtension ou temp\u00e9ratures \u00e9lev\u00e9es. Les batteries peuvent \u00eatre connect\u00e9es en parall\u00e8le. Le montage en s\u00e9rie n\u2019est pas autoris\u00e9.<\/p>\n<\/div>\n<\/div>","protected":false},"excerpt":{"rendered":"<p>Artikelnummer: BAT512060705 Victron Lithium SuperPack 12,8V\/60Ah (M6) Gewicht 9,5 kg Afmetingen (HxBxD) mm 213 x 229 x 138 De Victron 12,8V Lithium SuperPack batterijen hebben een ge\u00efntegreerd BMS en veiligheidsschakelaar. De SuperPack-accu\u2019s zijn heel gemakkelijk te installeren zonder dat daar extra onderdelen voor nodig zijn. De interne schakelaar zal de accu afsluiten in het geval [&hellip;]<\/p>\n","protected":false},"featured_media":3918,"comment_status":"open","ping_status":"closed","template":"","meta":{"wds_primary_product_brand":0,"wds_primary_product_cat":140},"product_brand":[],"product_cat":[140],"product_tag":[],"class_list":{"0":"post-3607","1":"product","2":"type-product","3":"status-publish","4":"has-post-thumbnail","6":"product_cat-accus","7":"pa_merk-accu-victron-energy","8":"pa_type-accu-lithium","10":"first","11":"instock","12":"taxable","13":"shipping-taxable","14":"purchasable","15":"product-type-simple"},"_links":{"self":[{"href":"https:\/\/www.jadastroom.nl\/fr\/wp-json\/wp\/v2\/product\/3607","targetHints":{"allow":["GET"]}}],"collection":[{"href":"https:\/\/www.jadastroom.nl\/fr\/wp-json\/wp\/v2\/product"}],"about":[{"href":"https:\/\/www.jadastroom.nl\/fr\/wp-json\/wp\/v2\/types\/product"}],"replies":[{"embeddable":true,"href":"https:\/\/www.jadastroom.nl\/fr\/wp-json\/wp\/v2\/comments?post=3607"}],"wp:featuredmedia":[{"embeddable":true,"href":"https:\/\/www.jadastroom.nl\/fr\/wp-json\/wp\/v2\/media\/3918"}],"wp:attachment":[{"href":"https:\/\/www.jadastroom.nl\/fr\/wp-json\/wp\/v2\/media?parent=3607"}],"wp:term":[{"taxonomy":"product_brand","embeddable":true,"href":"https:\/\/www.jadastroom.nl\/fr\/wp-json\/wp\/v2\/product_brand?post=3607"},{"taxonomy":"product_cat","embeddable":true,"href":"https:\/\/www.jadastroom.nl\/fr\/wp-json\/wp\/v2\/product_cat?post=3607"},{"taxonomy":"product_tag","embeddable":true,"href":"https:\/\/www.jadastroom.nl\/fr\/wp-json\/wp\/v2\/product_tag?post=3607"}],"curies":[{"name":"wp","href":"https:\/\/api.w.org\/{rel}","templated":true}]}}