{"id":3407,"date":"2022-07-29T13:05:23","date_gmt":"2022-07-29T11:05:23","guid":{"rendered":"https:\/\/jadastroom.nl\/?post_type=product&#038;p=3407"},"modified":"2026-04-14T15:46:17","modified_gmt":"2026-04-14T13:46:17","slug":"100wp-set-met-accu-12v-230v-omvormer","status":"publish","type":"product","link":"https:\/\/www.jadastroom.nl\/fr\/winkel\/zonnepanelensets\/100wp-set-met-accu-12v-230v-omvormer\/","title":{"rendered":"Kit 110 Wc Avec Batterie Victron Energy 110Ah &amp; Onduleur 12V-230V 12\/800"},"content":{"rendered":"<p>R\u00e9f\u00e9rence produit : JaDa95046549465671<\/p>\n<p>Partez-vous cette ann\u00e9e avec le bateau, la caravane ou le camping-car et ne voulez-vous pas manquer d\u2019\u00e9lectricit\u00e9 ?<br \/>\nAlors ce kit de panneaux solaires est id\u00e9al, car les panneaux solaires chargent automatiquement votre batterie.<br \/>\nLe kit est tr\u00e8s facile \u00e0 installer, m\u00eame si vous n\u2019avez aucune exp\u00e9rience avec les panneaux solaires. Cela est d\u00fb au fait que le kit est plug-and-play.<br \/>\nDe plus, le kit est livr\u00e9 avec des instructions \u00e9tape par \u00e9tape, un sch\u00e9ma \u00e9lectrique et un manuel pour le r\u00e9gulateur de charge. Si vous avez encore des questions, nous sommes toujours \u00e0 votre disposition !<br \/>\nGr\u00e2ce \u00e0 l\u2019application Victron Energy, vous pouvez voir la production des panneaux solaires. Le kit solaire est livr\u00e9 avec une batterie, un onduleur 12V-230V et tous les c\u00e2bles n\u00e9cessaires au raccordement.<\/p>\n<p><strong>Ce kit comprend<\/strong><\/p>\n<ul>\n<li>1 x panneau solaire flexible JaDaStroom 110Wp<\/li>\n<li>1 x r\u00e9gulateur de charge MPPT Victron Energy 75\/15 avec Bluetooth (manuel inclus)<\/li>\n<li>1 x Batterie AGM Victron 12V\/110Ah<\/li>\n<li>1 x Onduleur Victron Phoenix 12\/800 230V VE.Direct SCHUKO<\/li>\n<li>1 x sch\u00e9ma \u00e9lectrique<\/li>\n<li>1 x passe-c\u00e2ble de toit<\/li>\n<li>5 m\u00e8tres de c\u00e2ble rouge (du panneau solaire au r\u00e9gulateur)<\/li>\n<li>5 m\u00e8tres de c\u00e2ble noir (du panneau solaire au r\u00e9gulateur)<\/li>\n<li>2,5 m\u00e8tres de c\u00e2ble rouge (du r\u00e9gulateur \u00e0 la batterie)<\/li>\n<li>2,5 m\u00e8tres de c\u00e2ble noir (du r\u00e9gulateur \u00e0 la batterie)<\/li>\n<li>C\u00e2ble rouge de 1,5 m\u00e8tre (c\u00e2ble de la batterie vers l\u2019onduleur 12V-230V)<\/li>\n<li>C\u00e2ble noir de 1,5 m\u00e8tre (c\u00e2ble de la batterie vers l\u2019onduleur 12V-230V)<\/li>\n<li>Tous les c\u00e2bles sont \u00e9quip\u00e9s de connecteurs<\/li>\n<li>Assistance technique toujours disponible par JaDaStroom<\/li>\n<\/ul>\n<p>&nbsp;<\/p>\n<p><strong>Informations sur le panneau :<\/strong><\/p>\n<ul>\n<li>Maximum Power (Pmax) 110Wp<\/li>\n<li>Open Circuit Voltage (Voc) 24,50V<\/li>\n<li>Short Circuit Current (Isc) 5,53A<\/li>\n<li>Maximum Power Voltage (Vmp) 20,9V<\/li>\n<li>Maximum Power Current (Imp) 5,27A<\/li>\n<li>Dimensions : 108 * 54 * 0.2cm<\/li>\n<li>Longueur des c\u00e2bles du panneau solaire : 30cm<\/li>\n<li>Poids : 2kg<\/li>\n<li>Panneau flexible<\/li>\n<li>Monocristallin<\/li>\n<li>Marque : JaDaStroom<\/li>\n<\/ul>\n<p>&nbsp;<\/p>\n<p class=\"translation-block\"><strong>Informations sur le r\u00e9gulateur de charge<\/strong><br>\nAvec le r\u00e9gulateur de charge MPPT de Victron Energy, vous augmentez le rendement \u00e9nerg\u00e9tique de 30 % par rapport aux r\u00e9gulateurs PWM, et le r\u00e9gulateur MPPT de Victron Energy est \u00e9galement 10 % plus efficace que les r\u00e9gulateurs MPPT plus lents. Le r\u00e9gulateur de charge est livr\u00e9 avec un manuel, disponible en n\u00e9erlandais et en anglais. Vous pouvez \u00e9galement voir la production des panneaux solaires via l\u2019application Victron Energy, appel\u00e9e \u00ab VictronConnect \u00bb, facilement t\u00e9l\u00e9chargeable sur l\u2019App Store et le Play Store. De plus, un fusible est int\u00e9gr\u00e9 dans le r\u00e9gulateur de charge.<\/p>\n<p>&nbsp;<\/p>\n<p><strong>Informations sur la batterie<\/strong><\/p>\n<p>Technologie : AGM<br \/>\nCapacit\u00e9 nominale de la batterie (Ah)* : 110<br \/>\nTension de la batterie (V) : 12<br \/>\nConnexion : cuivre<br \/>\nDimensions LxLxH (mm) : 330 x 171 x 220<br \/>\nPoids (kg) : 32<br \/>\nCCA&lt; @0\u00b0F: 500<br \/>\nRES CAP @80\u00b0F: 170<\/p>\n<p>* Capacit\u00e9 nominale : d\u00e9charge sur 20 heures \u00e0 25\u00b0C<\/p>\n<p><strong>Informations sur l\u2019onduleur 12V-230V<\/strong><\/p>\n<p>L\u2019onduleur Victron Phoenix 12\/800 230V VE.Direct SCHUKO* est un onduleur \u00e0 onde sinuso\u00efdale pure avec un rendement \u00e9lev\u00e9 et un bo\u00eetier compact. Gr\u00e2ce \u00e0 son bo\u00eetier allong\u00e9 en acier\/plastique (indice de protection IP21), les nouveaux mod\u00e8les Phoenix sont facilement reconnaissables. Avec cet onduleur, les appareils n\u00e9cessitant du courant alternatif 230V ou 120V peuvent \u00eatre aliment\u00e9s \u00e0 partir d\u2019une batterie en 12V, 24V ou 48V courant continu.<\/p>\n<p>Tension d\u2019entr\u00e9e : 12VDC | Tension de sortie : 230VAC<br \/>\nPuissance de sortie : 800VA \/ 650W | Puissance de pointe : 1500W<br \/>\nEntr\u00e9es AC : non | Sorties AC : 1<\/p>\n<p><strong>Informations sur le c\u00e2ble<\/strong><\/p>\n<ul>\n<li>Le c\u00e2ble contient tous les connecteurs pour le branchement. De plus, un fusible est int\u00e9gr\u00e9 dans le c\u00e2ble.<\/li>\n<li>Le c\u00e2ble du panneau solaire au r\u00e9gulateur de charge est de 4 mm\u00b2.<\/li>\n<li>Le c\u00e2ble du r\u00e9gulateur de charge vers la batterie est de 6 mm\u00b2. Ce c\u00e2ble est \u00e9quip\u00e9 d\u2019un fusible.<\/li>\n<li>Le c\u00e2ble de la batterie vers l\u2019onduleur 12V-230V est de 25 mm\u00b2. Ce c\u00e2ble est \u00e9quip\u00e9 d\u2019un fusible.<\/li>\n<\/ul>\n<p><strong>Informations sur le passe-c\u00e2ble de toit<\/strong><br \/>\nPermet de faire passer le c\u00e2ble \u00e0 l\u2019int\u00e9rieur de la caravane ou du bateau, sans que l\u2019eau ne p\u00e9n\u00e8tre.<\/p>\n<p><strong>Utile \u00e0 savoir<\/strong><\/p>\n<ul>\n<li>Les panneaux peuvent \u00eatre fix\u00e9s avec du mastic ou via les points de fixation sur le c\u00f4t\u00e9<\/li>\n<li>Ce kit est pour un syst\u00e8me 12V<\/li>\n<li>Pour le c\u00e2ble de la batterie vers l\u2019onduleur 230V : connectez toujours le c\u00f4t\u00e9 du fusible \u00e0 la batterie.<\/li>\n<\/ul>\n<p><strong>Pourquoi nous choisir ?<\/strong><\/p>\n<p>JaDaStroom propose un kit solaire complet \u00e0 un prix attractif. De plus, vous pouvez toujours nous contacter pour toute question, avant et apr\u00e8s l\u2019achat. Nous misons sur la qualit\u00e9 et avons choisi un panneau r\u00e9sistant aux intemp\u00e9ries. Cela se refl\u00e8te \u00e9galement dans le r\u00e9gulateur de charge Victron Energy, l\u2019une des meilleures marques du march\u00e9.<\/p>\n<p><strong>Informations compl\u00e9mentaires<br \/>\n<\/strong>De laadregelaar is geschikt voor de volgende accu\u2019s: loodzuur, Lithium lifepo4 met interne bms, AGM en GEL accu\u2019s.<\/p>\n<p>Ne connectez jamais deux types de panneaux diff\u00e9rents sur un m\u00eame r\u00e9gulateur de charge, c\u2019est-\u00e0-dire des panneaux avec des sp\u00e9cifications diff\u00e9rentes. Pour des raisons de s\u00e9curit\u00e9 et d\u2019efficacit\u00e9.<\/p>\n<p class=\"translation-block\">Les panneaux solaires peuvent devenir chauds.\nAssurez-vous que la surface sur laquelle les panneaux solaires sont install\u00e9s peut le supporter. Sinon, la peinture pourrait, par exemple, cloquer.<\/p>\n<p>Si vous utilisez du mastic pour la fixation : choisissez un mastic r\u00e9sistant \u00e0 la chaleur et aux UV, par exemple Sikaflex 252 (v\u00e9rifiez \u00e9galement si le mastic peut \u00eatre coll\u00e9 sur votre surface).<\/p>\n<p>Si vous souhaitez connecter des appareils directement aux batteries, veuillez nous consulter au pr\u00e9alable. Un c\u00e2ble plus \u00e9pais pourrait \u00eatre n\u00e9cessaire. Cela est important pour des raisons de s\u00e9curit\u00e9.<\/p>\n<p><a href=\"https:\/\/www.jadastroom.nl\/fr\/categorie-produit\/zonnepanelensets\/\" target=\"_blank\" rel=\"noopener\">D\u00e9couvrez tous les syst\u00e8mes de panneaux solaires pour camping-cars et bateaux<\/a><\/p>","protected":false},"excerpt":{"rendered":"<p>Artikelnummer: JaDa95046549465671 Gaat u dit jaar weg met de boot, caravan of camper en wilt u niet zonder stroom zitten? Dan is deze zonnepanelen set ideaal, omdat de zonnepanelen automatisch uw accu opladen. De set is erg eenvoudig om aan te sluiten, ook al heeft u geen ervaring met zonnepanelen dit komt omdat de set [&hellip;]<\/p>\n","protected":false},"featured_media":33211,"comment_status":"open","ping_status":"closed","template":"","meta":{"wds_primary_product_brand":0,"wds_primary_product_cat":139},"product_brand":[],"product_cat":[139],"product_tag":[],"class_list":{"0":"post-3407","1":"product","2":"type-product","3":"status-publish","4":"has-post-thumbnail","6":"product_cat-zonnepanelensets","7":"pa_bluetooth-scherm-alleen-bluetooth","8":"pa_hoeveel-wp-100wp","9":"pa_merk-laadregelaar-victron-energy","10":"pa_type-laadregelaar-mppt","11":"pa_vast-of-flexibel-flexibel","13":"first","14":"instock","15":"taxable","16":"shipping-taxable","17":"purchasable","18":"product-type-simple"},"_links":{"self":[{"href":"https:\/\/www.jadastroom.nl\/fr\/wp-json\/wp\/v2\/product\/3407","targetHints":{"allow":["GET"]}}],"collection":[{"href":"https:\/\/www.jadastroom.nl\/fr\/wp-json\/wp\/v2\/product"}],"about":[{"href":"https:\/\/www.jadastroom.nl\/fr\/wp-json\/wp\/v2\/types\/product"}],"replies":[{"embeddable":true,"href":"https:\/\/www.jadastroom.nl\/fr\/wp-json\/wp\/v2\/comments?post=3407"}],"wp:featuredmedia":[{"embeddable":true,"href":"https:\/\/www.jadastroom.nl\/fr\/wp-json\/wp\/v2\/media\/33211"}],"wp:attachment":[{"href":"https:\/\/www.jadastroom.nl\/fr\/wp-json\/wp\/v2\/media?parent=3407"}],"wp:term":[{"taxonomy":"product_brand","embeddable":true,"href":"https:\/\/www.jadastroom.nl\/fr\/wp-json\/wp\/v2\/product_brand?post=3407"},{"taxonomy":"product_cat","embeddable":true,"href":"https:\/\/www.jadastroom.nl\/fr\/wp-json\/wp\/v2\/product_cat?post=3407"},{"taxonomy":"product_tag","embeddable":true,"href":"https:\/\/www.jadastroom.nl\/fr\/wp-json\/wp\/v2\/product_tag?post=3407"}],"curies":[{"name":"wp","href":"https:\/\/api.w.org\/{rel}","templated":true}]}}