{"id":3385,"date":"2022-07-12T11:33:16","date_gmt":"2022-07-12T09:33:16","guid":{"rendered":"https:\/\/jadastroom.nl\/?post_type=product&#038;p=3385"},"modified":"2026-01-29T14:35:33","modified_gmt":"2026-01-29T13:35:33","slug":"kabel-kopie-kopie-kopie-kopie","status":"publish","type":"product","link":"https:\/\/www.jadastroom.nl\/fr\/winkel\/gereedschap-kabel\/kabel-kopie-kopie-kopie-kopie\/","title":{"rendered":"C\u00e2ble solaire 6mm\u00b2 5m MC4 m\u00e2le\/femelle"},"content":{"rendered":"<div class=\"sku\">1 x c\u00e2ble solaire de 5 m\u00e8tres avec connecteurs MC4 (1 x connecteur m\u00e2le &amp; 1 x connecteur femelle).<\/div>\n<div><\/div>\n<div>Vous avez besoin d\u2019une autre taille ? N\u2019h\u00e9sitez pas \u00e0 nous contacter !<\/div>","protected":false},"excerpt":{"rendered":"<p>1 x solarkabel van 5 meter met mc4 connectoren (1 x male connector &amp; 1 x female connector). Heeft u een andere maat nodig? Neem dan contact op met ons!<\/p>","protected":false},"featured_media":3376,"comment_status":"open","ping_status":"closed","template":"","meta":{"wds_primary_product_brand":0,"wds_primary_product_cat":142},"product_brand":[],"product_cat":[142],"product_tag":[],"class_list":{"0":"post-3385","1":"product","2":"type-product","3":"status-publish","4":"has-post-thumbnail","6":"product_cat-gereedschap-kabel","8":"first","9":"instock","10":"taxable","11":"shipping-taxable","12":"purchasable","13":"product-type-simple"},"_links":{"self":[{"href":"https:\/\/www.jadastroom.nl\/fr\/wp-json\/wp\/v2\/product\/3385","targetHints":{"allow":["GET"]}}],"collection":[{"href":"https:\/\/www.jadastroom.nl\/fr\/wp-json\/wp\/v2\/product"}],"about":[{"href":"https:\/\/www.jadastroom.nl\/fr\/wp-json\/wp\/v2\/types\/product"}],"replies":[{"embeddable":true,"href":"https:\/\/www.jadastroom.nl\/fr\/wp-json\/wp\/v2\/comments?post=3385"}],"wp:featuredmedia":[{"embeddable":true,"href":"https:\/\/www.jadastroom.nl\/fr\/wp-json\/wp\/v2\/media\/3376"}],"wp:attachment":[{"href":"https:\/\/www.jadastroom.nl\/fr\/wp-json\/wp\/v2\/media?parent=3385"}],"wp:term":[{"taxonomy":"product_brand","embeddable":true,"href":"https:\/\/www.jadastroom.nl\/fr\/wp-json\/wp\/v2\/product_brand?post=3385"},{"taxonomy":"product_cat","embeddable":true,"href":"https:\/\/www.jadastroom.nl\/fr\/wp-json\/wp\/v2\/product_cat?post=3385"},{"taxonomy":"product_tag","embeddable":true,"href":"https:\/\/www.jadastroom.nl\/fr\/wp-json\/wp\/v2\/product_tag?post=3385"}],"curies":[{"name":"wp","href":"https:\/\/api.w.org\/{rel}","templated":true}]}}