{"id":33261,"date":"2025-03-12T10:15:23","date_gmt":"2025-03-12T09:15:23","guid":{"rendered":"https:\/\/www.jadastroom.nl\/?post_type=product&#038;p=33261"},"modified":"2026-02-24T11:28:22","modified_gmt":"2026-02-24T10:28:22","slug":"victron-bluesolar-185wp-mono-zonnepaneel-en-montagespoiler","status":"publish","type":"product","link":"https:\/\/www.jadastroom.nl\/fr\/winkel\/zonnepanelensets\/victron-bluesolar-185wp-mono-zonnepaneel-en-montagespoiler\/","title":{"rendered":"Panneau solaire mono Victron BlueSolar 185 Wp avec d\u00e9flecteurs de montage"},"content":{"rendered":"<p><strong>Ce pack comprend :<\/strong><\/p>\n<ul>\n<li>1 x panneau solaire monocristallin Victron BlueSolar 185Wp<\/li>\n<li>1 x spoiler de montage Solara HS68\/W (2) (lot de 2 pi\u00e8ces)<\/li>\n<\/ul>\n<p><strong>Informations sur le panneau :<\/strong><\/p>\n<p>Maximum Power (Pmax) 185Wp<br \/>\nOpen Circuit Voltage (Voc): 24,11V<br \/>\nMaximum Power Current (Imp) 9,41A<br \/>\nDimensions 1485 x 668 x 30 mm<br \/>\nPoids : 11 Kg<br \/>\nMonocristallin<\/p>\n<p>Les spoilers de montage d\u00e9passent de 7 cm de chaque c\u00f4t\u00e9. Mesurez donc soigneusement le toit ou le pont afin de vous assurer qu\u2019il y a suffisamment d\u2019espace pour une installation correcte.<\/p>","protected":false},"excerpt":{"rendered":"<p>Dit pakket bevat: 1 x Victron BlueSolar 185Wp mono zonnepaneel 1 x Solara montage spoiler HS68\/W (2) (set van 2 stuks) Informatie over het paneel: Nominaal vermogen (Pmpp): 185 Watt Open klemspanning (Voc): 24,11 Volt Max. vermogensstroom (Impp): 9,41 Amp\u00e8re Afmetingen 1485 x 668 x 30 mm Gewicht: 11 Kg Monokristallijn De montage spoilers steken [&hellip;]<\/p>\n","protected":false},"featured_media":33262,"comment_status":"open","ping_status":"closed","template":"","meta":{"wds_primary_product_brand":0,"wds_primary_product_cat":0},"product_brand":[],"product_cat":[139],"product_tag":[],"class_list":{"0":"post-33261","1":"product","2":"type-product","3":"status-publish","4":"has-post-thumbnail","6":"product_cat-zonnepanelensets","8":"first","9":"instock","10":"taxable","11":"shipping-taxable","12":"purchasable","13":"product-type-simple"},"_links":{"self":[{"href":"https:\/\/www.jadastroom.nl\/fr\/wp-json\/wp\/v2\/product\/33261","targetHints":{"allow":["GET"]}}],"collection":[{"href":"https:\/\/www.jadastroom.nl\/fr\/wp-json\/wp\/v2\/product"}],"about":[{"href":"https:\/\/www.jadastroom.nl\/fr\/wp-json\/wp\/v2\/types\/product"}],"replies":[{"embeddable":true,"href":"https:\/\/www.jadastroom.nl\/fr\/wp-json\/wp\/v2\/comments?post=33261"}],"wp:featuredmedia":[{"embeddable":true,"href":"https:\/\/www.jadastroom.nl\/fr\/wp-json\/wp\/v2\/media\/33262"}],"wp:attachment":[{"href":"https:\/\/www.jadastroom.nl\/fr\/wp-json\/wp\/v2\/media?parent=33261"}],"wp:term":[{"taxonomy":"product_brand","embeddable":true,"href":"https:\/\/www.jadastroom.nl\/fr\/wp-json\/wp\/v2\/product_brand?post=33261"},{"taxonomy":"product_cat","embeddable":true,"href":"https:\/\/www.jadastroom.nl\/fr\/wp-json\/wp\/v2\/product_cat?post=33261"},{"taxonomy":"product_tag","embeddable":true,"href":"https:\/\/www.jadastroom.nl\/fr\/wp-json\/wp\/v2\/product_tag?post=33261"}],"curies":[{"name":"wp","href":"https:\/\/api.w.org\/{rel}","templated":true}]}}