{"id":33258,"date":"2025-03-12T10:10:11","date_gmt":"2025-03-12T09:10:11","guid":{"rendered":"https:\/\/www.jadastroom.nl\/?post_type=product&#038;p=33258"},"modified":"2025-06-20T10:52:22","modified_gmt":"2025-06-20T08:52:22","slug":"bluetooth-victron-energy-mppt-laadregelaar-set-zonnepaneel-460wp-5-jaar-garantie","status":"publish","type":"product","link":"https:\/\/www.jadastroom.nl\/fr\/winkel\/geen-categorie\/bluetooth-victron-energy-mppt-laadregelaar-set-zonnepaneel-460wp-5-jaar-garantie\/","title":{"rendered":"Bluetooth \u2013 Victron Energy MPPT Laadregelaar \u2013 Set Zonnepaneel 460Wp \u2013 5 Jaar Garantie"},"content":{"rendered":"<p>Artikelnummer: JaDa9501513853771<\/p>\n<p class=\"translation-block\">Vous partez cette ann\u00e9e avec le bateau, la caravane ou le camping-car et vous ne voulez pas \u00eatre \u00e0 court d\u2019\u00e9lectricit\u00e9 ? Alors ce kit de panneaux solaires est id\u00e9al, car il charge automatiquement votre batterie. Le kit est tr\u00e8s facile \u00e0 installer, m\u00eame si vous n\u2019avez aucune exp\u00e9rience avec les panneaux solaires ! Cela est d\u00fb au fait que le kit est plug-and-play. De plus, le kit est livr\u00e9 avec un guide \u00e9tape par \u00e9tape, un sch\u00e9ma, un manuel pour le r\u00e9gulateur de charge, et si vous avez des questions sur l\u2019installation, l\u2019\u00e9quipe de JaDaStroom est toujours \u00e0 votre disposition ! Via l\u2019application Victron Energy, vous pouvez voir combien d\u2019\u00e9lectricit\u00e9 les panneaux solaires produisent. Les c\u00e2bles du panneau solaire mesurent 30 cm, vous n\u2019avez donc pas de c\u00e2ble d\u00e9tach\u00e9 sur le toit (nous pouvons fournir des rallonges si n\u00e9cessaire). Le kit de panneaux solaires b\u00e9n\u00e9ficie d\u2019une garantie de 5 ans.<\/p>\n<p><strong>Ce kit comprend<\/strong><\/p>\n<ul>\n<li>4 x Sungold Solar 115Wp mono zonnepaneel<\/li>\n<li>4 x Montage spoiler (set van 2 stuks)<\/li>\n<li>1 x r\u00e9gulateur de charge MPPT Victron Energy 100\/30 avec Bluetooth (manuel inclus)<\/li>\n<li>1 x sch\u00e9ma \u00e9lectrique<\/li>\n<li>1 x passe-c\u00e2ble de toit<\/li>\n<li>5 m\u00e8tres de c\u00e2ble rouge (du panneau solaire au r\u00e9gulateur)<\/li>\n<li>5 m\u00e8tres de c\u00e2ble noir (du panneau solaire au r\u00e9gulateur)<\/li>\n<li>2,5 m\u00e8tres de c\u00e2ble rouge (du r\u00e9gulateur \u00e0 la batterie)<\/li>\n<li>2,5 m\u00e8tres de c\u00e2ble noir (du r\u00e9gulateur \u00e0 la batterie)<\/li>\n<li>Tous les c\u00e2bles sont \u00e9quip\u00e9s de connecteurs<\/li>\n<li>Assistance technique toujours disponible par JaDaStroom<\/li>\n<\/ul>\n<p><strong>Informations sur le panneau :<\/strong><\/p>\n<ul>\n<li>Maximum Power (Pmax): 115 Watt<\/li>\n<li>Open Circuit Voltage (Voc): 22,6 Volt<\/li>\n<li>Maximum Power Current (Imp): 5,09A<\/li>\n<li>Dimensions 1195 x 545 x 35 mm<\/li>\n<li>Poids : 5,9 kg<\/li>\n<li>Monocristallin<\/li>\n<\/ul>\n<p><strong>Informations sur le r\u00e9gulateur de charge<\/strong><br \/>\nAvec le r\u00e9gulateur de charge MPPT de Victron Energy, vous augmentez le rendement \u00e9nerg\u00e9tique de 30 % par rapport aux r\u00e9gulateurs PWM, et le r\u00e9gulateur MPPT de Victron Energy est \u00e9galement 10 % plus efficace que les r\u00e9gulateurs MPPT plus lents.<br \/>\nLe r\u00e9gulateur de charge est livr\u00e9 avec un manuel, disponible en n\u00e9erlandais et en anglais.<br \/>\nVous pouvez \u00e9galement voir la production des panneaux solaires via l\u2019application Victron Energy, appel\u00e9e \u00ab VictronConnect \u00bb, facilement t\u00e9l\u00e9chargeable sur l\u2019App Store et le Play Store.<\/p>\n<p><strong>Informations sur le c\u00e2ble<\/strong><\/p>\n<ul>\n<li>Le c\u00e2ble contient tous les connecteurs pour le branchement. De plus, un fusible est int\u00e9gr\u00e9 dans le c\u00e2ble.<\/li>\n<li>Le c\u00e2ble du panneau solaire au r\u00e9gulateur de charge est de 6 mm\u00b2.<\/li>\n<li>Le c\u00e2ble du r\u00e9gulateur de charge \u00e0 la batterie est de 10 mm\u00b2.<\/li>\n<\/ul>\n<p><strong>Informations sur le passe-c\u00e2ble de toit<\/strong><br \/>\nPermet de faire passer le c\u00e2ble \u00e0 l\u2019int\u00e9rieur de la caravane ou du bateau, sans que l\u2019eau ne p\u00e9n\u00e8tre.<\/p>\n<p><strong>Utile \u00e0 savoir<\/strong><\/p>\n<ul>\n<li>Les panneaux peuvent \u00eatre fix\u00e9s avec du mastic ou via les points de fixation sur le c\u00f4t\u00e9<\/li>\n<li>Ce kit est pour un syst\u00e8me 12V et 24V<\/li>\n<\/ul>\n<p><strong>Pourquoi nous choisir ?<\/strong><\/p>\n<p>JaDaStroom propose un kit complet de panneaux solaires plug-and-play \u00e0 un prix comp\u00e9titif. De plus, vous pouvez toujours nous contacter pour des questions, avant et apr\u00e8s l\u2019achat ! Nous misons \u00e9galement sur la qualit\u00e9, en proposant d\u00e9lib\u00e9r\u00e9ment un panneau r\u00e9sistant aux intemp\u00e9ries. Cela se refl\u00e8te \u00e9galement dans le r\u00e9gulateur de charge Victron Energy, l\u2019une des meilleures marques du march\u00e9. De plus, JaDaStroom offre une garantie de 5 ans sur ce kit de panneaux solaires.<\/p>\n<p><strong>Informations compl\u00e9mentaires<br \/>\n<\/strong>De laadregelaar is geschikt voor de volgende accu\u2019s: loodzuur, Lithium lifepo4 met interne bms,\u00a0AGM en GEL accu\u2019s.<\/p>\n<p>Ne connectez jamais deux types de panneaux diff\u00e9rents sur un m\u00eame r\u00e9gulateur de charge, c\u2019est-\u00e0-dire des panneaux avec des sp\u00e9cifications diff\u00e9rentes. Pour des raisons de s\u00e9curit\u00e9 et d\u2019efficacit\u00e9.<\/p>\n<p class=\"translation-block\">Les panneaux solaires peuvent devenir chauds.\nAssurez-vous que la surface sur laquelle les panneaux solaires sont install\u00e9s peut le supporter. Sinon, la peinture pourrait, par exemple, cloquer.<\/p>\n<p>Si vous utilisez du mastic pour la fixation : choisissez un mastic r\u00e9sistant \u00e0 la chaleur et aux UV, par exemple Sikaflex 252 (v\u00e9rifiez \u00e9galement si le mastic peut \u00eatre coll\u00e9 sur votre surface).<\/p>","protected":false},"excerpt":{"rendered":"<p>Artikelnummer: JaDa9501513853771 Gaat u dit jaar weg met de boot, caravan of camper en wilt u niet zonder stroom zitten? Dan is deze zonnepanelen set ideaal, omdat de zonnepanelen set automatisch uw accu oplaad. De set is erg eenvoudig om aan te sluiten, ook al heeft u geen ervaring met zonnepanelen! Dit komt omdat de [&hellip;]<\/p>\n","protected":false},"featured_media":33259,"comment_status":"open","ping_status":"closed","template":"","meta":{"wds_primary_product_brand":0,"wds_primary_product_cat":0},"product_brand":[],"product_cat":[46],"product_tag":[],"class_list":{"0":"post-33258","1":"product","2":"type-product","3":"status-publish","4":"has-post-thumbnail","6":"product_cat-geen-categorie","8":"first","9":"outofstock","10":"taxable","11":"shipping-taxable","12":"purchasable","13":"product-type-simple"},"_links":{"self":[{"href":"https:\/\/www.jadastroom.nl\/fr\/wp-json\/wp\/v2\/product\/33258","targetHints":{"allow":["GET"]}}],"collection":[{"href":"https:\/\/www.jadastroom.nl\/fr\/wp-json\/wp\/v2\/product"}],"about":[{"href":"https:\/\/www.jadastroom.nl\/fr\/wp-json\/wp\/v2\/types\/product"}],"replies":[{"embeddable":true,"href":"https:\/\/www.jadastroom.nl\/fr\/wp-json\/wp\/v2\/comments?post=33258"}],"wp:featuredmedia":[{"embeddable":true,"href":"https:\/\/www.jadastroom.nl\/fr\/wp-json\/wp\/v2\/media\/33259"}],"wp:attachment":[{"href":"https:\/\/www.jadastroom.nl\/fr\/wp-json\/wp\/v2\/media?parent=33258"}],"wp:term":[{"taxonomy":"product_brand","embeddable":true,"href":"https:\/\/www.jadastroom.nl\/fr\/wp-json\/wp\/v2\/product_brand?post=33258"},{"taxonomy":"product_cat","embeddable":true,"href":"https:\/\/www.jadastroom.nl\/fr\/wp-json\/wp\/v2\/product_cat?post=33258"},{"taxonomy":"product_tag","embeddable":true,"href":"https:\/\/www.jadastroom.nl\/fr\/wp-json\/wp\/v2\/product_tag?post=33258"}],"curies":[{"name":"wp","href":"https:\/\/api.w.org\/{rel}","templated":true}]}}