{"id":32995,"date":"2024-06-28T18:25:33","date_gmt":"2024-06-28T16:25:33","guid":{"rendered":"https:\/\/www.jadastroom.nl\/?post_type=product&#038;p=32995"},"modified":"2026-04-14T15:35:37","modified_gmt":"2026-04-14T13:35:37","slug":"beloopbaar-flexibel-zonnepaneel-120wp-caravan-camper-boot-bestelwagen-of-vrachtwagen-5-jaar-garantie","status":"publish","type":"product","link":"https:\/\/www.jadastroom.nl\/fr\/winkel\/zonnepanelensets\/beloopbaar-flexibel-zonnepaneel-120wp-caravan-camper-boot-bestelwagen-of-vrachtwagen-5-jaar-garantie\/","title":{"rendered":"Panneau solaire flexible premium pi\u00e9tinable 120 Wp \u2013 Caravane, Camping-car, Bateau, Fourgon ou Camion \u2013 Garantie 5 Ans"},"content":{"rendered":"<p>Rendez vos voyages en caravane, camping-car ou bateau encore plus confortables gr\u00e2ce \u00e0 notre panneau solaire flexible et pi\u00e9tinable de 120 Wp. Ce panneau de haute qualit\u00e9 offre des performances exceptionnelles et une grande durabilit\u00e9, id\u00e9al pour les applications mobiles. Avec une garantie de 5 ans, vous b\u00e9n\u00e9ficiez d\u2019une fiabilit\u00e9 \u00e0 long terme.<\/p>\n<p><strong>Caract\u00e9ristiques :<\/strong><\/p>\n<ul>\n<li class=\"translation-block\">Flexible et pi\u00e9tinable : id\u00e9al pour les surfaces courb\u00e9es et adapt\u00e9 aux passages pi\u00e9tons.<\/li>\n<li class=\"translation-block\">C\u00e2ble de 30 cm : r\u00e9duit l\u2019encombrement sur le toit pour une installation propre.<\/li>\n<li class=\"translation-block\">Installation facile : conception plug &amp; play pour un montage sans effort.<\/li>\n<li class=\"translation-block\">Utilisation polyvalente : sp\u00e9cialement con\u00e7u pour les caravanes, camping-cars et bateaux.<\/li>\n<li class=\"translation-block\">Assistance technique : Support technique toujours assur\u00e9 par JaDaStroom.<\/li>\n<\/ul>\n<p>Optez pour une \u00e9nergie durable en d\u00e9placement avec notre panneau solaire premium et profitez de la libert\u00e9 d\u2019une alimentation \u00e9lectrique ind\u00e9pendante.<\/p>\n<p><strong>Informations sur le panneau :<\/strong><\/p>\n<ul>\n<li>Maximum Power (Pmax) 120Wp<\/li>\n<li>Open Circuit Voltage (Voc) 23,30V<\/li>\n<li>Short Circuit Current (Isc) 6,42A<\/li>\n<li>Maximum Power Voltage (Vmp) 19,8V<\/li>\n<li>Maximum Power Current (Imp) 6,07A<\/li>\n<li>Dimensions : 107 * 54 * 0,2cm<\/li>\n<li>Longueur des c\u00e2bles du panneau solaire : 30cm<\/li>\n<li>Poids : 2kg<\/li>\n<li>Panneau flexible<\/li>\n<li>Monocristallin<\/li>\n<li>Le panneau solaire est praticable<\/li>\n<li>Marque : JaDaStroom<\/li>\n<\/ul>\n<p><strong>\u00c0 savoir<\/strong><\/p>\n<ul>\n<li>Lors du raccordement, veuillez respecter les points suivants : couvrez toujours le panneau pendant la connexion ou la d\u00e9connexion et suivez les instructions du r\u00e9gulateur de charge.<\/li>\n<li>Ne connectez jamais deux types de panneaux diff\u00e9rents sur un m\u00eame r\u00e9gulateur de charge, c\u2019est-\u00e0-dire des panneaux avec des sp\u00e9cifications diff\u00e9rentes. Pour des raisons de s\u00e9curit\u00e9 et d\u2019efficacit\u00e9.<\/li>\n<li>Les panneaux solaires peuvent devenir tr\u00e8s chauds.<\/li>\n<li>Veuillez vous assurer que la surface sur laquelle les panneaux solaires sont install\u00e9s r\u00e9siste \u00e0 la chaleur. Sinon, la peinture peut par exemple former des bulles.<\/li>\n<li>Si vous utilisez de la colle pour la fixation : choisissez un adh\u00e9sif r\u00e9sistant \u00e0 la chaleur et aux UV, par exemple Sikaflex 252 (v\u00e9rifiez \u00e9galement que la colle est compatible avec votre surface). Utilisez un c\u00e2ble solaire d\u2019au moins 4 mm\u00b2.<\/li>\n<li>Assurez-vous qu\u2019aucde air ne puisse s\u2019infiltrer sous le panneau afin qu\u2019il ne se d\u00e9tache pas pendant le trajet.<\/li>\n<li>Si vous utilisez de la colle, v\u00e9rifiez qu\u2019elle est \u00e9galement r\u00e9sistante \u00e0 la chaleur.<\/li>\n<li>Si un panneau est endommag\u00e9 et que de l\u2019eau peut y p\u00e9n\u00e9trer, ne l\u2019utilisez plus.<\/li>\n<li>Si vous vous tenez sur le panneau solaire, assurez-vous qu\u2019il n\u2019y ait aucun objet pointu sur le panneau ou sous votre chaussure. Ne montez pas sur le panneau solaire avec des talons.<\/li>\n<\/ul>\n<p><a href=\"https:\/\/www.jadastroom.nl\/fr\/categorie-produit\/zonnepanelensets\/\" target=\"_blank\" rel=\"noopener\">D\u00e9couvrez tous les syst\u00e8mes de panneaux solaires pour camping-cars et bateaux<\/a><\/p>\n<p>&nbsp;<\/p>","protected":false},"excerpt":{"rendered":"<p>Maak uw reis met uw caravan, camper of boot nog comfortabeler met ons 120Wp flexibele overloopbare zonnepaneel. Dit hoogwaardige zonnepaneel biedt uitzonderlijke prestaties en duurzaamheid, perfect voor mobiele toepassingen. Met een garantie van 5 jaar bent u verzekerd van langdurige betrouwbaarheid. Kenmerken: Flexibel en Overloopbaar: Ideaal voor gebogen oppervlakken en voetgangersvriendelijk. 30cm Kabel: Minimaliseert rommel [&hellip;]<\/p>\n","protected":false},"featured_media":32996,"comment_status":"open","ping_status":"closed","template":"","meta":{"wds_primary_product_brand":0,"wds_primary_product_cat":139},"product_brand":[],"product_cat":[139],"product_tag":[],"class_list":{"0":"post-32995","1":"product","2":"type-product","3":"status-publish","4":"has-post-thumbnail","6":"product_cat-zonnepanelensets","8":"first","9":"instock","10":"taxable","11":"shipping-taxable","12":"purchasable","13":"product-type-simple"},"_links":{"self":[{"href":"https:\/\/www.jadastroom.nl\/fr\/wp-json\/wp\/v2\/product\/32995","targetHints":{"allow":["GET"]}}],"collection":[{"href":"https:\/\/www.jadastroom.nl\/fr\/wp-json\/wp\/v2\/product"}],"about":[{"href":"https:\/\/www.jadastroom.nl\/fr\/wp-json\/wp\/v2\/types\/product"}],"replies":[{"embeddable":true,"href":"https:\/\/www.jadastroom.nl\/fr\/wp-json\/wp\/v2\/comments?post=32995"}],"wp:featuredmedia":[{"embeddable":true,"href":"https:\/\/www.jadastroom.nl\/fr\/wp-json\/wp\/v2\/media\/32996"}],"wp:attachment":[{"href":"https:\/\/www.jadastroom.nl\/fr\/wp-json\/wp\/v2\/media?parent=32995"}],"wp:term":[{"taxonomy":"product_brand","embeddable":true,"href":"https:\/\/www.jadastroom.nl\/fr\/wp-json\/wp\/v2\/product_brand?post=32995"},{"taxonomy":"product_cat","embeddable":true,"href":"https:\/\/www.jadastroom.nl\/fr\/wp-json\/wp\/v2\/product_cat?post=32995"},{"taxonomy":"product_tag","embeddable":true,"href":"https:\/\/www.jadastroom.nl\/fr\/wp-json\/wp\/v2\/product_tag?post=32995"}],"curies":[{"name":"wp","href":"https:\/\/api.w.org\/{rel}","templated":true}]}}