{"id":2252,"date":"2021-11-23T20:38:16","date_gmt":"2021-11-23T19:38:16","guid":{"rendered":"https:\/\/jadastroom.nl\/?post_type=product&#038;p=2252"},"modified":"2026-02-25T10:48:07","modified_gmt":"2026-02-25T09:48:07","slug":"victron-agm-accu-12v-220ah","status":"publish","type":"product","link":"https:\/\/www.jadastroom.nl\/fr\/winkel\/accus\/victron-agm-accu-12v-220ah\/","title":{"rendered":"Batterie AGM Victron 12V \/ 220Ah"},"content":{"rendered":"<p>Num\u00e9ro d\u2019article : BAT412201084<\/p>\n<p>Batterie Victron AGM 12V\/220Ah Deep Cycle \u00e9quip\u00e9e d\u2019un raccord filet\u00e9 M8.<\/p>\n<p>Sp\u00e9cifications g\u00e9n\u00e9rales :<br \/>\nTechnologie : AGM<br \/>\nCapacit\u00e9 nominale de la batterie (Ah)* : 220<br \/>\nTension de la batterie (V) : 12<br \/>\nConnexion : cuivre<br \/>\nDimensions LxLxH (mm) : 522 x 238 x 240<br \/>\nPoids (kg) : 65<br \/>\nCCA \u00e0 -18\u00b0C (0\u00b0F) : 650<br \/>\nRES CAP @80\u00b0F: 250<\/p>\n<p>* Capacit\u00e9 nominale : d\u00e9charge sur 20 heures \u00e0 25\u00b0C<\/p>\n<p>La batterie Victron 12V\/220Ah AGM est une batterie scell\u00e9e d\u2019une capacit\u00e9 de 220Ah bas\u00e9e sur la technologie VRLA. Une batterie AGM est \u00e9galement appel\u00e9e batterie multi-usage ou dual-purpose et convient aussi bien \u00e0 une d\u00e9charge lente qu\u2019\u00e0 la fourniture de courants \u00e9lev\u00e9s de courte dur\u00e9e, pour les onduleurs, propulseurs d\u2019\u00e9trave et treuils. Les bornes de la batterie sont en cuivre avec des trous pour boulons M8 afin de garantir un bon contact. Les cosses de c\u00e2ble peuvent \u00eatre mont\u00e9es directement sur la batterie et des bornes suppl\u00e9mentaires ne sont pas n\u00e9cessaires. Les batteries sont conformes aux sp\u00e9cifications europ\u00e9ennes CE et am\u00e9ricaines UL dans des bo\u00eetiers ABS r\u00e9sistants au feu et sont livr\u00e9es avec la garantie mondiale de 2 ans de Victron Energy.<\/p>\n<p>AGM signifie Absorbed Glass Mat.<br \/>\nDans les batteries AGM, l\u2019\u00e9lectrolyte est absorb\u00e9 dans un tapis en fibre de verre plac\u00e9 entre les plaques. Dans une batterie AGM, les porteurs de charge, les ions hydrog\u00e8ne (H\u2082) et les ions sulfate (SO\u2084), se d\u00e9placent plus facilement entre les plaques que dans une batterie gel.<\/p>\n<p>Technologie VRLA<br \/>\nVRLA signifie Valve Regulated Lead Acid. Cela signifie que les batteries sont scell\u00e9es. Ce n\u2019est qu\u2019en cas de charge incorrecte et\/ou de cellules d\u00e9fectueuses que du gaz peut s\u2019\u00e9chapper par une soupape de s\u00e9curit\u00e9. Les batteries VRLA sont sans entretien pendant toute leur dur\u00e9e de vie.<\/p>\n<p>Faible autod\u00e9charge<br \/>\nGr\u00e2ce \u00e0 l\u2019utilisation de grilles en plomb-calcium et de mat\u00e9riaux tr\u00e8s purs, les batteries VRLA Victron peuvent supporter de longues p\u00e9riodes sans recharge. L\u2019autod\u00e9charge est inf\u00e9rieure \u00e0 2 % par mois \u00e0 une temp\u00e9rature de 20 \u00b0C. Ce taux double \u00e0 chaque augmentation de temp\u00e9rature de 10 \u00b0C. Les batteries VRLA Victron peuvent ainsi \u00eatre stock\u00e9es jusqu\u2019\u00e0 un an sans devoir \u00eatre recharg\u00e9es, \u00e0 condition qu\u2019elles soient conserv\u00e9es \u00e0 une temp\u00e9rature relativement basse.<br \/>\nR\u00e9cup\u00e9ration exceptionnelle apr\u00e8s d\u00e9charge<\/p>\n<p>Les batteries VRLA Victron se r\u00e9tablissent tr\u00e8s bien, m\u00eame apr\u00e8s des d\u00e9charges profondes et prolong\u00e9es. N\u00e9anmoins, des d\u00e9charges profondes et r\u00e9p\u00e9t\u00e9es ont un impact n\u00e9gatif sur la dur\u00e9e de vie de toutes les batteries au plomb-acide. Les batteries Victron ne font pas exception.<\/p>\n<p>Caract\u00e9ristiques de d\u00e9charge de la batterie<br \/>\nLa capacit\u00e9 nominale des batteries Victron \u00ab Deep Cycle \u00bb correspond \u00e0 une d\u00e9charge sur 20 heures (courant de d\u00e9charge de 0,05C). La capacit\u00e9 nominale des batteries Victron Tubular Plate Long Life correspond \u00e0 une d\u00e9charge sur 10 heures. La capacit\u00e9 effective diminue \u00e0 mesure que le courant de d\u00e9charge augmente.<\/p>\n<p>Courant de charge<br \/>\nLe courant de charge d\u2019une batterie VRLA ne doit pas d\u00e9passer 0,2C (20A pour une batterie de 100 Ah). La temp\u00e9rature d\u2019une batterie augmente de plus de 10 \u00b0C lorsque le courant de charge d\u00e9passe 0,2C, et une compensation de temp\u00e9rature est alors n\u00e9cessaire.<\/p>","protected":false},"excerpt":{"rendered":"<p>Artikelnummer: BAT412201084 Victron AGM 12V\/220Ah Deep Cycle accu voorzien van een schroefdraad inzet aansluiting M8. Algemene specificaties: Technologie: vlakke plaat AGM Nominale accucapaciteit (Ah)*: 220 Accuspanning (V): 12 Aansluiting: koper Afmetingen LxBxH (mm): 522 x 238 x 240 Gewicht (kg): 65 CCA&lt; @0\u00b0F: 650 RES CAP @80\u00b0F: 250 * Nominale Capaciteit: 20u ontlading bij 25\u00b0C [&hellip;]<\/p>\n","protected":false},"featured_media":3903,"comment_status":"open","ping_status":"closed","template":"","meta":{"wds_primary_product_brand":0,"wds_primary_product_cat":140},"product_brand":[],"product_cat":[140],"product_tag":[],"class_list":{"0":"post-2252","1":"product","2":"type-product","3":"status-publish","4":"has-post-thumbnail","6":"product_cat-accus","7":"pa_ah-accu-220-ah","8":"pa_merk-accu-victron-energy","9":"pa_type-accu-agm","11":"first","12":"instock","13":"taxable","14":"shipping-taxable","15":"purchasable","16":"product-type-simple"},"_links":{"self":[{"href":"https:\/\/www.jadastroom.nl\/fr\/wp-json\/wp\/v2\/product\/2252","targetHints":{"allow":["GET"]}}],"collection":[{"href":"https:\/\/www.jadastroom.nl\/fr\/wp-json\/wp\/v2\/product"}],"about":[{"href":"https:\/\/www.jadastroom.nl\/fr\/wp-json\/wp\/v2\/types\/product"}],"replies":[{"embeddable":true,"href":"https:\/\/www.jadastroom.nl\/fr\/wp-json\/wp\/v2\/comments?post=2252"}],"wp:featuredmedia":[{"embeddable":true,"href":"https:\/\/www.jadastroom.nl\/fr\/wp-json\/wp\/v2\/media\/3903"}],"wp:attachment":[{"href":"https:\/\/www.jadastroom.nl\/fr\/wp-json\/wp\/v2\/media?parent=2252"}],"wp:term":[{"taxonomy":"product_brand","embeddable":true,"href":"https:\/\/www.jadastroom.nl\/fr\/wp-json\/wp\/v2\/product_brand?post=2252"},{"taxonomy":"product_cat","embeddable":true,"href":"https:\/\/www.jadastroom.nl\/fr\/wp-json\/wp\/v2\/product_cat?post=2252"},{"taxonomy":"product_tag","embeddable":true,"href":"https:\/\/www.jadastroom.nl\/fr\/wp-json\/wp\/v2\/product_tag?post=2252"}],"curies":[{"name":"wp","href":"https:\/\/api.w.org\/{rel}","templated":true}]}}