{"id":720,"date":"2021-11-09T11:55:17","date_gmt":"2021-11-09T11:55:17","guid":{"rendered":"https:\/\/jadastroom.nl\/?page_id=720"},"modified":"2023-05-22T14:40:04","modified_gmt":"2023-05-22T12:40:04","slug":"privacybeleid","status":"publish","type":"page","link":"https:\/\/www.jadastroom.nl\/fr\/privacybeleid\/","title":{"rendered":"Politique de confidentialit\u00e9"},"content":{"rendered":"<div data-elementor-type=\"wp-page\" data-elementor-id=\"720\" class=\"elementor elementor-720\" data-elementor-post-type=\"page\">\n\t\t\t\t\t\t<section class=\"elementor-section elementor-top-section elementor-element elementor-element-4836825 elementor-section-height-min-height elementor-section-boxed elementor-section-height-default elementor-section-items-middle\" data-id=\"4836825\" data-element_type=\"section\" data-e-type=\"section\" data-settings=\"{&quot;background_background&quot;:&quot;classic&quot;,&quot;jet_parallax_layout_list&quot;:[]}\">\n\t\t\t\t\t\t\t<div class=\"elementor-background-overlay\"><\/div>\n\t\t\t\t\t\t\t<div class=\"elementor-container elementor-column-gap-default\">\n\t\t\t\t\t<div class=\"elementor-column elementor-col-100 elementor-top-column elementor-element elementor-element-084f3cb\" data-id=\"084f3cb\" data-element_type=\"column\" data-e-type=\"column\">\n\t\t\t<div class=\"elementor-widget-wrap elementor-element-populated\">\n\t\t\t\t\t\t<div class=\"elementor-element elementor-element-376b98e elementor-widget elementor-widget-text-editor\" data-id=\"376b98e\" data-element_type=\"widget\" data-e-type=\"widget\" data-widget_type=\"text-editor.default\">\n\t\t\t\t<div class=\"elementor-widget-container\">\n\t\t\t\t\t\t\t\t\t<p>Politique de confidentialit\u00e9<\/p>\t\t\t\t\t\t\t\t<\/div>\n\t\t\t\t<\/div>\n\t\t\t\t\t<\/div>\n\t\t<\/div>\n\t\t\t\t\t<\/div>\n\t\t<\/section>\n\t\t\t\t<section class=\"elementor-section elementor-top-section elementor-element elementor-element-4bcde0d elementor-section-boxed elementor-section-height-default elementor-section-height-default\" data-id=\"4bcde0d\" data-element_type=\"section\" data-e-type=\"section\" data-settings=\"{&quot;background_background&quot;:&quot;classic&quot;,&quot;jet_parallax_layout_list&quot;:[]}\">\n\t\t\t\t\t\t<div class=\"elementor-container elementor-column-gap-default\">\n\t\t\t\t\t<div class=\"elementor-column elementor-col-100 elementor-top-column elementor-element elementor-element-c46e682\" data-id=\"c46e682\" data-element_type=\"column\" data-e-type=\"column\">\n\t\t\t<div class=\"elementor-widget-wrap elementor-element-populated\">\n\t\t\t\t\t\t<div class=\"elementor-element elementor-element-b171c07 elementor-widget elementor-widget-woocommerce-breadcrumb\" data-id=\"b171c07\" data-element_type=\"widget\" data-e-type=\"widget\" data-widget_type=\"woocommerce-breadcrumb.default\">\n\t\t\t\t<div class=\"elementor-widget-container\">\n\t\t\t\t\t<nav class=\"woocommerce-breadcrumb\" aria-label=\"Breadcrumb\" data-no-translation=\"\" data-trp-gettext=\"\">Accueil<\/nav>\t\t\t\t<\/div>\n\t\t\t\t<\/div>\n\t\t\t\t\t<\/div>\n\t\t<\/div>\n\t\t\t\t\t<\/div>\n\t\t<\/section>\n\t\t\t\t<section class=\"elementor-section elementor-top-section elementor-element elementor-element-6bf4b8f elementor-section-boxed elementor-section-height-default elementor-section-height-default\" data-id=\"6bf4b8f\" data-element_type=\"section\" data-e-type=\"section\" data-settings=\"{&quot;jet_parallax_layout_list&quot;:[]}\">\n\t\t\t\t\t\t<div class=\"elementor-container elementor-column-gap-default\">\n\t\t\t\t\t<div class=\"elementor-column elementor-col-100 elementor-top-column elementor-element elementor-element-f283c8c\" data-id=\"f283c8c\" data-element_type=\"column\" data-e-type=\"column\">\n\t\t\t<div class=\"elementor-widget-wrap elementor-element-populated\">\n\t\t\t\t\t\t<div class=\"elementor-element elementor-element-50dc239 elementor-widget elementor-widget-text-editor\" data-id=\"50dc239\" data-element_type=\"widget\" data-e-type=\"widget\" data-widget_type=\"text-editor.default\">\n\t\t\t\t<div class=\"elementor-widget-container\">\n\t\t\t\t\t\t\t\t\t<blockquote><p>Ceci est la d\u00e9claration de confidentialit\u00e9 de la soci\u00e9t\u00e9 en nom collectif JaDaStroom, ci-apr\u00e8s : JaDa. JaDa est inscrite \u00e0 la Chambre de commerce sous le num\u00e9ro 77891880 et est \u00e9tablie \u00e0 Ds ten Catewei 5 (8412TE) \u00e0 Hoornsterzwaag. Ce document explique comment JaDa traite vos donn\u00e9es personnelles. Lors du traitement de vos donn\u00e9es personnelles, JaDa fait preuve de la plus grande diligence.<\/p><\/blockquote><p><a name=\"_Toc7f8k4cecj95a\"><\/a>Collecte des donn\u00e9es personnelles :<\/p><p>Si vous utilisez les services de JaDa, vous fournissez vous-m\u00eame un certain nombre de donn\u00e9es personnelles \u00e0 JaDa, ou des donn\u00e9es personnelles vous concernant sont obtenues dans le cadre du contrat. Par donn\u00e9es personnelles, on entend toute information se rapportant \u00e0 une personne physique identifi\u00e9e ou identifiable.<\/p><p>Cat\u00e9gories de donn\u00e9es personnelles<\/p><p>JaDa traite les cat\u00e9gories de donn\u00e9es personnelles suivantes :<\/p><ul><li>Coordonn\u00e9es et donn\u00e9es d\u2019identification (nom, adresse et lieu de r\u00e9sidence), y compris les donn\u00e9es de localisation, le num\u00e9ro de t\u00e9l\u00e9phone et l\u2019adresse e-mail ;<\/li><li>Donn\u00e9es de l\u2019entreprise, y compris le num\u00e9ro de TVA et le num\u00e9ro d\u2019immatriculation \u00e0 la Chambre de commerce ;<\/li><li>Adresse de livraison diff\u00e9rente ;<\/li><li>Donn\u00e9es financi\u00e8res ;<\/li><li>Donn\u00e9es de compte, y compris votre mot de passe et nom d\u2019utilisateur ;<\/li><li>Donn\u00e9es du service client, y compris l\u2019enregistrement de vos contacts avec notre service client, y compris la correspondance par e-mail, lettre et\/ou appels t\u00e9l\u00e9phoniques ;<\/li><li>Donn\u00e9es concernant vos activit\u00e9s sur notre site web ;<\/li><li>Autres donn\u00e9es personnelles que vous avez fournies vous-m\u00eame.<\/li><\/ul><p><a name=\"_Tocoy9vd4wmmvta\"><\/a>Finalit\u00e9 du traitement<\/p><p>Les donn\u00e9es personnelles trait\u00e9es par JaDa ont pour but de :<\/p><ul><li>Vous contacter afin de vous informer sur les services que vous avez souscrits et leur ex\u00e9cution ;<\/li><li>pouvoir fournir ses services ;<\/li><li>am\u00e9liorer ses services ;<\/li><li>effectuer des paiements ;<\/li><li>respecter les obligations l\u00e9gales ;<\/li><li>effectuer des actions de marketing et de communication, y compris l\u2019am\u00e9lioration du site web gr\u00e2ce \u00e0 l\u2019analyse du comportement des visiteurs sur le site ;<\/li><li>mettre en \u0153uvre des programmes de fid\u00e9lit\u00e9 ;<\/li><li>envoyer des newsletters ;<\/li><li>\u00e9changer des donn\u00e9es avec des tiers dans la mesure o\u00f9 cela est n\u00e9cessaire \u00e0 l\u2019ex\u00e9cution des services.<\/li><\/ul><p><a name=\"_Tockezaeprs3ruz\"><\/a>Base juridique du traitement<\/p><p>Le traitement des donn\u00e9es personnelles n\u2019est possible que sur la base des fondements suivants : (i) obligation l\u00e9gale, (ii) ex\u00e9cution du contrat, (iii) consentement (explicite) obtenu des personnes concern\u00e9es, et (iv) int\u00e9r\u00eat l\u00e9gitime. Lors de la fourniture des services de JaDa, des donn\u00e9es personnelles sont trait\u00e9es. JaDa traite uniquement les donn\u00e9es qu\u2019elle juge n\u00e9cessaires pour (l\u2019am\u00e9lioration de) la prestation de services et traite avec soin les donn\u00e9es (personnelles) qu\u2019elle a recueillies \u00e0 votre sujet et concernant votre utilisation des services. La base juridique du traitement de ces donn\u00e9es est le contrat que vous avez conclu avec JaDa. De plus, des donn\u00e9es personnelles peuvent \u00eatre trait\u00e9es lors de la visite du site web WEBSITE si vous avez donn\u00e9 votre consentement \u00e0 cet effet.<\/p><p><a name=\"_Tocy3l07viied6n\"><\/a>N\u00e9cessit\u00e9 du traitement<\/p><p>Le traitement de vos donn\u00e9es personnelles est n\u00e9cessaire pour pouvoir fournir les services. Les services propos\u00e9s par JaDa ne peuvent pas \u00eatre ex\u00e9cut\u00e9s pleinement sans le traitement de vos donn\u00e9es personnelles. Si pour des finalit\u00e9s sp\u00e9cifiques li\u00e9es aux donn\u00e9es personnelles votre consentement explicite est requis, vous devez le donner s\u00e9par\u00e9ment.<\/p><p><a name=\"_Toci1rvpd9e0jnc\"><\/a>Prise de d\u00e9cision automatis\u00e9e<\/p><p>Il n\u2019y a pas de prise de d\u00e9cision automatis\u00e9e.<\/p><p>Dur\u00e9e de conservation<\/p><p>Les donn\u00e9es personnelles trait\u00e9es par JaDa sont conserv\u00e9es conform\u00e9ment aux lois et r\u00e9glementations en vigueur. Si une p\u00e9riode de conservation plus longue est n\u00e9cessaire en vertu de la loi ou de la r\u00e9glementation, les donn\u00e9es personnelles sont conserv\u00e9es plus longtemps conform\u00e9ment \u00e0 ces exigences. Toutes les donn\u00e9es personnelles (collect\u00e9es) ne sont pas conserv\u00e9es plus longtemps que strictement n\u00e9cessaire.<\/p><p><strong>Traitement par des tiers<\/strong><\/p><p>JaDa ne partage les donn\u00e9es personnelles avec des tiers que si cela est strictement n\u00e9cessaire pour l\u2019ex\u00e9cution d\u2019un contrat et pour se conformer aux lois et r\u00e9glementations applicables. Aucune donn\u00e9e personnelle n\u2019est vendue. JaDa peut \u00eatre l\u00e9galement tenue de partager des donn\u00e9es personnelles avec des tiers. Lorsque des donn\u00e9es personnelles sont partag\u00e9es avec des tiers, des contrats de traitement sont conclus \u00e0 cet effet. Les tiers avec lesquels les donn\u00e9es personnelles sont partag\u00e9es sont :<\/p><ul><li>Les services de livraison engag\u00e9s, dans le cadre de l\u2019ex\u00e9cution du contrat. Les cat\u00e9gories de donn\u00e9es personnelles trait\u00e9es sont les coordonn\u00e9es et les informations d\u2019adresse.<\/li><li>Le prestataire de paiement, dans le cadre de l\u2019ex\u00e9cution d\u2019un contrat. Les cat\u00e9gories de donn\u00e9es personnelles trait\u00e9es sont les donn\u00e9es financi\u00e8res.<\/li><li>Le comptable, dans le cadre de l\u2019ex\u00e9cution d\u2019un contrat. Les cat\u00e9gories de donn\u00e9es personnelles trait\u00e9es sont les coordonn\u00e9es, les informations d\u2019adresse et les donn\u00e9es financi\u00e8res.<\/li><li>Fournisseurs de logiciels, dans le cadre de l\u2019ex\u00e9cution d\u2019un contrat. Les cat\u00e9gories de donn\u00e9es personnelles trait\u00e9es sont les coordonn\u00e9es et les informations d\u2019adresse.<\/li><li>Administrateur du site web, dans le cadre de l\u2019ex\u00e9cution du contrat. Les cat\u00e9gories de donn\u00e9es personnelles trait\u00e9es sont les coordonn\u00e9es et les informations d\u2019adresse.<\/li><li>Tiers et\/ou installateurs engag\u00e9s, dans le cadre de l\u2019ex\u00e9cution du contrat. Les cat\u00e9gories de donn\u00e9es personnelles trait\u00e9es sont les coordonn\u00e9es et les informations d\u2019adresse.<\/li><\/ul><p><a name=\"_Tocz8i8qzxw9bu4\"><\/a>S\u00e9curit\u00e9 des donn\u00e9es personnelles<\/p><p>JaDa prend la protection de vos donn\u00e9es personnelles au s\u00e9rieux et, \u00e0 cet \u00e9gard, met en \u0153uvre, en tenant compte de l\u2019\u00e9tat de la technique, des co\u00fbts de mise en \u0153uvre, ainsi que de la nature, de l\u2019\u00e9tendue, du contexte et des finalit\u00e9s du traitement et des risques variables en probabilit\u00e9 et en gravit\u00e9 pour les droits et libert\u00e9s des personnes, des mesures techniques et organisationnelles appropri\u00e9es afin de garantir un niveau de s\u00e9curit\u00e9 adapt\u00e9 aux risques.<\/p><p><a name=\"_Toc4f7whd4ldp41\"><\/a>Avertissement \/ Clause de non-responsabilit\u00e9<\/p><p>En utilisant le site web, vous acceptez la clause de non-responsabilit\u00e9. JaDa se r\u00e9serve le droit de modifier \u00e0 tout moment le contenu de son site web et\/ou cette clause de non-responsabilit\u00e9, sans informer ses clients et\/ou les utilisateurs du site de ces modifications. Le contenu du site a \u00e9t\u00e9 \u00e9labor\u00e9 avec le plus grand soin, mais peut n\u00e9anmoins contenir des inexactitudes ou \u00eatre incomplet. JaDa n\u2019accepte aucune responsabilit\u00e9 pour les dommages r\u00e9sultant de l\u2019utilisation du site web ou en lien avec celle-ci. L\u2019utilisation de ce site web se fait enti\u00e8rement aux risques et p\u00e9rils de l\u2019utilisateur. Aucun droit ne peut \u00eatre tir\u00e9 du contenu du site web. Tous les textes du site sont prot\u00e9g\u00e9s par le droit d\u2019auteur et sont la propri\u00e9t\u00e9 de JaDa, sauf s\u2019ils appartiennent \u00e0 des tiers.<\/p><p><a name=\"_Tocmmew2cqxtxsg\"><\/a>D\u00e9claration sur les cookies<\/p><p>JaDa utilise des cookies techniques et fonctionnels pour optimiser le site web. Les cookies sont de petits fichiers texte envoy\u00e9s lors de la visite d\u2019un site web afin de rendre l\u2019exp\u00e9rience des utilisateurs plus efficace. Selon la loi, JaDa peut stocker des cookies sur votre appareil si ces cookies sont strictement n\u00e9cessaires pour utiliser le site web. Pour les autres types de cookies, votre consentement est n\u00e9cessaire. JaDa vous recommande d\u2019accepter les cookies pour am\u00e9liorer l\u2019ergonomie du site web. Les visiteurs du site ont la possibilit\u00e9 de v\u00e9rifier les cookies.<\/p><p>Les cookies utilis\u00e9s par JaDa sont des cookies fonctionnels : ces cookies garantissent le bon fonctionnement du site web. Ces cookies n\u2019ont aucune incidence sur la vie priv\u00e9e, il n\u2019est donc pas n\u00e9cessaire de demander ou de donner votre consentement. Ces cookies permettent, par exemple, de m\u00e9moriser vos param\u00e8tres de navigateur pour que notre site soit affich\u00e9 de mani\u00e8re optimale, ou de garantir que le site reste accessible (r\u00e9partition de charge), ainsi que des cookies emp\u00eachant la pose d\u2019autres cookies (no-follow).<\/p><p>Avec votre consentement, JaDa place des \u00ab cookies de suivi \u00bb sur votre ordinateur. Ces cookies sont utilis\u00e9s par JaDa pour suivre les pages que vous visitez et ainsi \u00e9tablir un profil de votre comportement en ligne. Ce profil n\u2019est pas li\u00e9 \u00e0 votre nom, adresse, e-mail ou autres informations personnelles, mais uniquement pour adapter les publicit\u00e9s \u00e0 votre profil afin qu\u2019elles soient les plus pertinentes possible pour vous.<\/p><p class=\"translation-block\">Des cookies de Google sont \u00e9galement plac\u00e9s sur le site web de JaDa \u00e0 des fins de Google Analytics. Cela signifie que JaDa ne peut pas relier ces informations \u00e0 une personne physique. JaDa ne conserve aucune information sur vos activit\u00e9s sur Internet. Google Analytics peut \u00eatre l\u00e9galement tenu de fournir un acc\u00e8s \u00e0 ces donn\u00e9es conform\u00e9ment \u00e0 la l\u00e9gislation applicable. Si vous avez des questions \u00e0 ce sujet, vous pouvez nous contacter \u00e0 l\u2019adresse JaDaConsumentenartikelen@outlook.com\n.<\/p><p><a name=\"_Toccprk61z1xsaj\"><\/a>Utilisation des r\u00e9seaux sociaux<\/p><p>JaDa utilise des cookies de tiers pour optimiser le site web. Certains cookies sont plac\u00e9s par des services tiers int\u00e9gr\u00e9s au site. Les tiers concern\u00e9s sont Google Analytics et les r\u00e9seaux sociaux (LinkedIn, Facebook, Twitter). L\u2019utilisation des cookies d\u2019autres entreprises (tiers) est r\u00e9gie par la politique de confidentialit\u00e9 et de cookies de ces entreprises. Lorsque vous cliquez sur le bouton de r\u00e9seau social sur le site, un cookie de r\u00e9seau social est plac\u00e9. Ainsi, le fournisseur de r\u00e9seaux sociaux peut reconna\u00eetre votre adresse IP d\u00e8s que vous partagez un article du site. Pour les cookies des r\u00e9seaux sociaux et les donn\u00e9es et\/ou donn\u00e9es personnelles qu\u2019ils collectent, JaDa vous renvoie aux d\u00e9clarations de confidentialit\u00e9 et de cookies de ces fournisseurs.<\/p><p><strong>\u00a0<\/strong><\/p><p><a name=\"_Toct7himsckcy66\"><\/a>Newsletter par e-mail et autres courriels marketing<\/p><p>Vous pouvez vous inscrire via le site web \u00e0 une newsletter et\/ou \u00e0 d\u2019autres offres commerciales. Lorsque vous vous inscrivez, JaDa vous demande votre consentement pour traiter votre adresse e-mail afin de vous envoyer des e-mails marketing contenant les informations les plus r\u00e9centes sur les produits et services, les offres sp\u00e9ciales et les campagnes marketing. Vous ne recevrez des e-mails marketing que si vous y avez consenti.<\/p><p>Votre consentement inclut \u00e9galement votre approbation pour que JaDa puisse personnaliser le contenu des e-mails marketing en fonction de vos besoins et int\u00e9r\u00eats, sur la base d\u2019un \u00e9ventuel profil utilisateur cr\u00e9\u00e9 pour vous.<\/p><p>Vous pouvez retirer votre consentement \u00e0 l\u2019envoi d\u2019e-mails marketing \u00e0 tout moment en cliquant sur \u00ab D\u00e9sinscription \u00bb \u00e0 la fin de l\u2019e-mail marketing. Le retrait du consentement n\u2019affecte pas la l\u00e9galit\u00e9 du traitement effectu\u00e9 avant le retrait du consentement.<\/p><p><a name=\"_Toca5gtqkkof4cz\"><\/a>Param\u00e8tres du navigateur<\/p><p>Si vous ne souhaitez pas que des sites web d\u00e9posent des cookies sur votre appareil lorsque vous consultez le site, vous pouvez modifier les param\u00e8tres de votre navigateur. Avant qu\u2019un cookie ne soit plac\u00e9, vous recevrez un avertissement et devrez donner votre consentement pour le cookie. Si vous ne le faites pas, cela peut entra\u00eener, par exemple, un fonctionnement moins optimal du site web. Vous pouvez configurer votre navigateur pour qu\u2019il refuse tous les cookies, y compris ceux des tiers. Vous pouvez \u00e9galement supprimer les cookies d\u00e9j\u00e0 plac\u00e9s. Pour cela, vous devez modifier les param\u00e8tres de votre navigateur via les pr\u00e9f\u00e9rences, puis ajuster les param\u00e8tres de confidentialit\u00e9.<\/p><p>Cette d\u00e9claration de confidentialit\u00e9 ne s\u2019applique pas aux sites web tiers li\u00e9s \u00e0 ce site via des liens. JaDa ne peut garantir que ces tiers traitent vos donn\u00e9es personnelles de mani\u00e8re fiable ou s\u00e9curis\u00e9e. JaDa vous recommande de lire la d\u00e9claration de confidentialit\u00e9 de ces sites avant de les utiliser.<\/p><p><strong>Droits des personnes concern\u00e9es<\/strong><\/p><p>En tant que personne concern\u00e9e, vous disposez des droits suivants :<\/p><ul><li class=\"translation-block\">Droit d\u2019acc\u00e8s ;\nEn tant que personne concern\u00e9e, vous avez le droit de savoir si vos donn\u00e9es personnelles sont trait\u00e9es et, le cas \u00e9ch\u00e9ant, d\u2019obtenir un acc\u00e8s \u00e0 ces donn\u00e9es et \u00e0 leur traitement.<\/li><li>Recht op rectificatie;<br \/>U heeft het recht om rectificatie en aanvulling van onjuiste gegevens te verkrijgen.<\/li><li class=\"translation-block\">Droit \u00e0 l\u2019effacement ;\nSans retard d\u00e9raisonnable, une personne concern\u00e9e doit obtenir l\u2019effacement des donn\u00e9es personnelles la concernant.<\/li><li class=\"translation-block\">Droit \u00e0 la limitation du traitement ;\nEn tant que personne concern\u00e9e, vous avez le droit de demander la limitation du traitement de vos donn\u00e9es personnelles. Veuillez contacter JaDa \u00e0 cet effet.<\/li><li class=\"translation-block\">Droit \u00e0 la portabilit\u00e9 des donn\u00e9es ;\nUne personne concern\u00e9e a le droit d\u2019obtenir les donn\u00e9es personnelles la concernant qu\u2019elle a fournies \u00e0 JaDa, dans un format structur\u00e9, couramment utilis\u00e9 et lisible par machine, afin de pouvoir les transf\u00e9rer \u00e9ventuellement \u00e0 un tiers. Une personne concern\u00e9e peut \u00e9galement demander \u00e0 JaDa de transf\u00e9rer ces donn\u00e9es directement \u00e0 un tiers.<\/li><li class=\"translation-block\">Droit d\u2019opposition ;\nLa personne concern\u00e9e a le droit de s\u2019opposer \u00e0 tout moment au traitement de ses donn\u00e9es personnelles, y compris le profilage, pour des raisons li\u00e9es \u00e0 sa situation particuli\u00e8re sur la base des dispositions en vigueur. JaDa cesse le traitement des donn\u00e9es personnelles, sauf s\u2019il existe des motifs l\u00e9gitimes imp\u00e9rieux de traitement qui l\u2019emportent sur les int\u00e9r\u00eats, libert\u00e9s et droits de la personne concern\u00e9e li\u00e9s \u00e0 l\u2019exercice, l\u2019\u00e9tablissement ou la justification d\u2019une action en justice.<\/li><\/ul><p><a name=\"_Tociuuq9xxl6k99\"><\/a>Plainte<\/p><p class=\"translation-block\">Si vous avez une plainte concernant la mani\u00e8re dont JaDa traite vos donn\u00e9es personnelles, ou si vous souhaitez exercer l\u2019un des droits mentionn\u00e9s ci-dessus, vous pouvez contacter JaDa via le site web ou par e-mail \u00e0 JaDaConsumentenartikelen@outlook.com\n. Pour s\u2019assurer que vous souhaitez exercer un droit, JaDa vous demande de joindre une copie de votre pi\u00e8ce d\u2019identit\u00e9. Vous pouvez masquer votre photo d\u2019identit\u00e9 et la MRZ (la ligne de num\u00e9ros en bas) pour prot\u00e9ger votre vie priv\u00e9e. JaDa r\u00e9pondra \u00e0 votre demande d\u00e8s que possible, au plus tard dans les 4 semaines. Vous pouvez \u00e9galement d\u00e9poser une plainte aupr\u00e8s de l\u2019Autoriteit Persoonsgegevens, l\u2019autorit\u00e9 comp\u00e9tente en mati\u00e8re de protection des donn\u00e9es. Vous pouvez les contacter via ce lien : https:\/\/autoriteitpersoonsgegevens.nl\/nl\/contact-met-de-autoriteit-persoonsgegevens\/tip-ons\n.<\/p><p><a name=\"_Toc6ddccdkt23md\"><\/a>Modifications de la d\u00e9claration de confidentialit\u00e9<\/p><p>JaDa peut modifier la d\u00e9claration de confidentialit\u00e9 \u00e0 tout moment. La version la plus r\u00e9cente est publi\u00e9e sur le site web. Veuillez donc toujours consulter le site pour conna\u00eetre la version la plus r\u00e9cente. Si la nouvelle d\u00e9claration de confidentialit\u00e9 a des cons\u00e9quences sur la mani\u00e8re dont JaDa traite les donn\u00e9es d\u00e9j\u00e0 collect\u00e9es vous concernant, JaDa vous en informera par e-mail.<\/p><p>Cette version a \u00e9t\u00e9 \u00e9tablie pour la derni\u00e8re fois le 17 ao\u00fbt 2021.<\/p>\t\t\t\t\t\t\t\t<\/div>\n\t\t\t\t<\/div>\n\t\t\t\t\t<\/div>\n\t\t<\/div>\n\t\t\t\t\t<\/div>\n\t\t<\/section>\n\t\t\t\t<\/div>","protected":false},"excerpt":{"rendered":"<p>Privacybeleid Dit is het privacy statement van Vennootschap onder firma JaDaStroom, hierna: JaDa. JaDa is ingeschreven bij de Kamer van Koophandel onder nummer 77891880 en is gevestigd aan Ds ten Catewei 5 (8412TE) te Hoornsterzwaag. In dit document wordt uitgelegd hoe JaDa omgaat met het verwerken van uw persoonsgegevens. Bij de verwerking van uw persoonsgegevens [&hellip;]<\/p>\n","protected":false},"author":8,"featured_media":0,"parent":0,"menu_order":0,"comment_status":"closed","ping_status":"closed","template":"","meta":{"footnotes":""},"class_list":["post-720","page","type-page","status-publish","hentry"],"_links":{"self":[{"href":"https:\/\/www.jadastroom.nl\/fr\/wp-json\/wp\/v2\/pages\/720","targetHints":{"allow":["GET"]}}],"collection":[{"href":"https:\/\/www.jadastroom.nl\/fr\/wp-json\/wp\/v2\/pages"}],"about":[{"href":"https:\/\/www.jadastroom.nl\/fr\/wp-json\/wp\/v2\/types\/page"}],"author":[{"embeddable":true,"href":"https:\/\/www.jadastroom.nl\/fr\/wp-json\/wp\/v2\/users\/8"}],"replies":[{"embeddable":true,"href":"https:\/\/www.jadastroom.nl\/fr\/wp-json\/wp\/v2\/comments?post=720"}],"version-history":[{"count":0,"href":"https:\/\/www.jadastroom.nl\/fr\/wp-json\/wp\/v2\/pages\/720\/revisions"}],"wp:attachment":[{"href":"https:\/\/www.jadastroom.nl\/fr\/wp-json\/wp\/v2\/media?parent=720"}],"curies":[{"name":"wp","href":"https:\/\/api.w.org\/{rel}","templated":true}]}}