{"id":2948,"date":"2022-02-26T15:12:57","date_gmt":"2022-02-26T14:12:57","guid":{"rendered":"https:\/\/jadastroom.nl\/?page_id=2948"},"modified":"2023-07-10T19:43:04","modified_gmt":"2023-07-10T17:43:04","slug":"faq","status":"publish","type":"page","link":"https:\/\/www.jadastroom.nl\/fr\/faq\/","title":{"rendered":"FAQ"},"content":{"rendered":"<div data-elementor-type=\"wp-page\" data-elementor-id=\"2948\" class=\"elementor elementor-2948\" data-elementor-post-type=\"page\">\n\t\t\t\t\t\t<section class=\"elementor-section elementor-top-section elementor-element elementor-element-2056b elementor-section-height-min-height elementor-section-boxed elementor-section-height-default elementor-section-items-middle\" data-id=\"2056b\" data-element_type=\"section\" data-e-type=\"section\" data-settings=\"{&quot;background_background&quot;:&quot;classic&quot;,&quot;jet_parallax_layout_list&quot;:[]}\">\n\t\t\t\t\t\t\t<div class=\"elementor-background-overlay\"><\/div>\n\t\t\t\t\t\t\t<div class=\"elementor-container elementor-column-gap-default\">\n\t\t\t\t\t<div class=\"elementor-column elementor-col-100 elementor-top-column elementor-element elementor-element-22c038b7\" data-id=\"22c038b7\" data-element_type=\"column\" data-e-type=\"column\">\n\t\t\t<div class=\"elementor-widget-wrap elementor-element-populated\">\n\t\t\t\t\t\t<div class=\"elementor-element elementor-element-7dd8ef15 elementor-widget elementor-widget-text-editor\" data-id=\"7dd8ef15\" data-element_type=\"widget\" data-e-type=\"widget\" data-widget_type=\"text-editor.default\">\n\t\t\t\t<div class=\"elementor-widget-container\">\n\t\t\t\t\t\t\t\t\t<p>Questions fr\u00e9quentes\u00a0<b>FAQ<\/b><\/p>\t\t\t\t\t\t\t\t<\/div>\n\t\t\t\t<\/div>\n\t\t\t\t\t<\/div>\n\t\t<\/div>\n\t\t\t\t\t<\/div>\n\t\t<\/section>\n\t\t\t\t<section class=\"elementor-section elementor-top-section elementor-element elementor-element-f12acd5 elementor-section-boxed elementor-section-height-default elementor-section-height-default\" data-id=\"f12acd5\" data-element_type=\"section\" data-e-type=\"section\" data-settings=\"{&quot;background_background&quot;:&quot;classic&quot;,&quot;jet_parallax_layout_list&quot;:[]}\">\n\t\t\t\t\t\t<div class=\"elementor-container elementor-column-gap-default\">\n\t\t\t\t\t<div class=\"elementor-column elementor-col-100 elementor-top-column elementor-element elementor-element-31343fd9\" data-id=\"31343fd9\" data-element_type=\"column\" data-e-type=\"column\">\n\t\t\t<div class=\"elementor-widget-wrap elementor-element-populated\">\n\t\t\t\t\t\t<div class=\"elementor-element elementor-element-420f7202 elementor-widget elementor-widget-woocommerce-breadcrumb\" data-id=\"420f7202\" data-element_type=\"widget\" data-e-type=\"widget\" data-widget_type=\"woocommerce-breadcrumb.default\">\n\t\t\t\t<div class=\"elementor-widget-container\">\n\t\t\t\t\t<nav class=\"woocommerce-breadcrumb\" aria-label=\"Breadcrumb\" data-no-translation=\"\" data-trp-gettext=\"\">Accueil<\/nav>\t\t\t\t<\/div>\n\t\t\t\t<\/div>\n\t\t\t\t\t<\/div>\n\t\t<\/div>\n\t\t\t\t\t<\/div>\n\t\t<\/section>\n\t\t\t\t<section class=\"elementor-section elementor-top-section elementor-element elementor-element-42ae3b8 elementor-section-boxed elementor-section-height-default elementor-section-height-default\" data-id=\"42ae3b8\" data-element_type=\"section\" data-e-type=\"section\" data-settings=\"{&quot;jet_parallax_layout_list&quot;:[]}\">\n\t\t\t\t\t\t<div class=\"elementor-container elementor-column-gap-default\">\n\t\t\t\t\t<div class=\"elementor-column elementor-col-100 elementor-top-column elementor-element elementor-element-ff7b146\" data-id=\"ff7b146\" data-element_type=\"column\" data-e-type=\"column\">\n\t\t\t<div class=\"elementor-widget-wrap elementor-element-populated\">\n\t\t\t\t\t\t<div class=\"elementor-element elementor-element-8a3aa3a elementor-widget elementor-widget-elementskit-faq\" data-id=\"8a3aa3a\" data-element_type=\"widget\" data-e-type=\"widget\" data-widget_type=\"elementskit-faq.default\">\n\t\t\t\t<div class=\"elementor-widget-container\">\n\t\t\t\t\t<div class=\"ekit-wid-con\" >\n                <div class=\"elementskit-single-faq elementor-repeater-item-3f236db\">\n            <div class=\"elementskit-faq-header\">\n                <h2 class=\"elementskit-faq-title\">Comment installer un kit de panneaux solaires de JaDa Stroom ?<\/h2>\n            <\/div>\n            <div class=\"elementskit-faq-body translation-block\">Un kit de panneaux solaires de JaDa Stroom est facile \u00e0 installer, vous pouvez le lire dans ce blog. Si vous avez encore des questions, veuillez contacter l\u2019un de nos experts !<\/div>\n        <\/div>\n                <div class=\"elementskit-single-faq elementor-repeater-item-f9767e9\">\n            <div class=\"elementskit-faq-header\">\n                <h2 class=\"elementskit-faq-title\">Comment choisir le kit de panneaux solaires adapt\u00e9 pour ma caravane, mon camping-car ou mon bateau ?<\/h2>\n            <\/div>\n            <div class=\"elementskit-faq-body translation-block\">Lors du choix d\u2019un kit de panneaux solaires adapt\u00e9, plusieurs \u00e9l\u00e9ments doivent \u00eatre pris en compte, comme expliqu\u00e9 dans ce blog. Si vous avez encore des questions, veuillez contacter l\u2019un de nos experts !<\/div>\n        <\/div>\n                <div class=\"elementskit-single-faq elementor-repeater-item-27872fc\">\n            <div class=\"elementskit-faq-header\">\n                <h2 class=\"elementskit-faq-title\">Quand un kit de panneaux solaires pour un v\u00e9hicule ou un bateau vaut-il la peine ?<\/h2>\n            <\/div>\n            <div class=\"elementskit-faq-body translation-block\">Un kit de panneaux solaires vaut souvent la peine pour un v\u00e9hicule ou un bateau, plus d\u2019informations \u00e0 ce sujet sont disponibles dans ce blog. Si vous avez encore des questions, veuillez contacter l\u2019un de nos experts !<\/div>\n        <\/div>\n                <div class=\"elementskit-single-faq elementor-repeater-item-0274c1a\">\n            <div class=\"elementskit-faq-header\">\n                <h2 class=\"elementskit-faq-title\">Comment fixer les panneaux solaires ?<\/h2>\n            <\/div>\n            <div class=\"elementskit-faq-body translation-block\">Les panneaux solaires flexibles sont souvent fix\u00e9s avec du mastic, le Sikaflex 252 est fr\u00e9quemment utilis\u00e9. V\u00e9rifiez toujours si le mastic est adapt\u00e9 \u00e0 la surface sur laquelle les panneaux seront install\u00e9s. D\u2019autres options sont les points de fixation sur les panneaux flexibles ou des bandes auto-agrippantes. Veillez en tout cas \u00e0 ce que le panneau solaire ne puisse pas s\u2019envoler. Les panneaux solaires fixes sont attach\u00e9s avec les supports de montage fournis avec le kit. Si vous avez encore des questions, veuillez contacter l\u2019un de nos experts !<\/div>\n        <\/div>\n                <div class=\"elementskit-single-faq elementor-repeater-item-b40acb9\">\n            <div class=\"elementskit-faq-header\">\n                <h2 class=\"elementskit-faq-title\">Quelle batterie et quel onduleur 12\u202fV 230\u202fV me faut il ? <\/h2>\n            <\/div>\n            <div class=\"elementskit-faq-body translation-block\">Il n\u2019y a pas encore de blog \u00e0 ce sujet pour le moment, vous pouvez poser vos questions via notre formulaire de contact. Si vous avez encore des questions, veuillez contacter l\u2019un de nos experts !<\/div>\n        <\/div>\n                <div class=\"elementskit-single-faq elementor-repeater-item-34558e1\">\n            <div class=\"elementskit-faq-header\">\n                <h2 class=\"elementskit-faq-title\">O\u00f9 puis-je trouver le type de ma batterie afin de configurer correctement mon r\u00e9gulateur de charge ? <\/h2>\n            <\/div>\n            <div class=\"elementskit-faq-body translation-block\">Cela est souvent indiqu\u00e9 sur la batterie ou sur le site Web du fournisseur et du fabricant. Si ce n\u2019est pas le cas, il est pr\u00e9f\u00e9rable de demander directement au fournisseur ou au fabricant. Pour les batteries fournies par JaDa Stroom, cette information est toujours disponible ! Si vous avez encore des questions, veuillez contacter l\u2019un de nos experts !<\/div>\n        <\/div>\n                <div class=\"elementskit-single-faq elementor-repeater-item-d7e9374\">\n            <div class=\"elementskit-faq-header\">\n                <h2 class=\"elementskit-faq-title\">Comment modifier les param\u00e8tres du r\u00e9gulateur de charge ? <\/h2>\n            <\/div>\n            <div class=\"elementskit-faq-body translation-block\">Cela varie selon le r\u00e9gulateur de charge ; le manuel fourni avec le kit contient plus d\u2019informations \u00e0 ce sujet. Si vous avez encore des questions, veuillez contacter l\u2019un de nos experts !<\/div>\n        <\/div>\n                <div class=\"elementskit-single-faq elementor-repeater-item-10a210a\">\n            <div class=\"elementskit-faq-header\">\n                <h2 class=\"elementskit-faq-title\">Quelles sont les dimensions et le poids des panneaux solaires ? <\/h2>\n            <\/div>\n            <div class=\"elementskit-faq-body translation-block\">Cela se trouve sur la page produit, sous le titre : \u00ab Informations sur le panneau : \u00bb. Cliquez ici pour voir tous les kits de panneaux solaires. Si vous avez encore des questions, veuillez contacter l\u2019un de nos experts !<\/div>\n        <\/div>\n                <div class=\"elementskit-single-faq elementor-repeater-item-7ba43f7\">\n            <div class=\"elementskit-faq-header\">\n                <h2 class=\"elementskit-faq-title\">Quelle est la diff\u00e9rence entre les diff\u00e9rents r\u00e9gulateurs de charge ? <\/h2>\n            <\/div>\n            <div class=\"elementskit-faq-body translation-block\">La diff\u00e9rence entre les diff\u00e9rents r\u00e9gulateurs de charge est expliqu\u00e9e dans ce blog, sous le titre : \u00ab Options par r\u00e9gulateur de charge \u00bb. Si vous avez encore des questions, veuillez contacter l\u2019un de nos experts !<\/div>\n        <\/div>\n                \n    <\/div>\t\t\t\t<\/div>\n\t\t\t\t<\/div>\n\t\t\t\t\t<\/div>\n\t\t<\/div>\n\t\t\t\t\t<\/div>\n\t\t<\/section>\n\t\t\t\t<\/div>","protected":false},"excerpt":{"rendered":"<p>Veel gestelde vragen &#8211;\u00a0FAQ Hoe installeer ik een zonnepanelen set van JaDa Stroom? Een zonnepanelen set van JaDa Stroom is makkelijk te installeren, dit is te lezen in deze blog. Mocht u nog vragen hebben neem dan contact op met een van de experts! Hoe kies ik de geschikte zonnepanelen set voor mijn caravan, camper [&hellip;]<\/p>\n","protected":false},"author":8,"featured_media":0,"parent":0,"menu_order":0,"comment_status":"closed","ping_status":"closed","template":"","meta":{"footnotes":""},"class_list":["post-2948","page","type-page","status-publish","hentry"],"_links":{"self":[{"href":"https:\/\/www.jadastroom.nl\/fr\/wp-json\/wp\/v2\/pages\/2948","targetHints":{"allow":["GET"]}}],"collection":[{"href":"https:\/\/www.jadastroom.nl\/fr\/wp-json\/wp\/v2\/pages"}],"about":[{"href":"https:\/\/www.jadastroom.nl\/fr\/wp-json\/wp\/v2\/types\/page"}],"author":[{"embeddable":true,"href":"https:\/\/www.jadastroom.nl\/fr\/wp-json\/wp\/v2\/users\/8"}],"replies":[{"embeddable":true,"href":"https:\/\/www.jadastroom.nl\/fr\/wp-json\/wp\/v2\/comments?post=2948"}],"version-history":[{"count":0,"href":"https:\/\/www.jadastroom.nl\/fr\/wp-json\/wp\/v2\/pages\/2948\/revisions"}],"wp:attachment":[{"href":"https:\/\/www.jadastroom.nl\/fr\/wp-json\/wp\/v2\/media?parent=2948"}],"curies":[{"name":"wp","href":"https:\/\/api.w.org\/{rel}","templated":true}]}}