{"id":4092,"date":"2022-12-21T23:08:28","date_gmt":"2022-12-21T22:08:28","guid":{"rendered":"https:\/\/jadastroom.nl\/?post_type=product&#038;p=4092"},"modified":"2025-06-20T10:51:18","modified_gmt":"2025-06-20T08:51:18","slug":"bluetooth-victron-energy-mppt-laadregelaar-set-uitklapbaar-zonnepaneel-400wp","status":"publish","type":"product","link":"https:\/\/www.jadastroom.nl\/es\/winkel\/geen-categorie\/bluetooth-victron-energy-mppt-laadregelaar-set-uitklapbaar-zonnepaneel-400wp\/","title":{"rendered":"Bluetooth \u2013 Victron Energy MPPT Laadregelaar \u2013 Set Uitklapbaar Zonnepaneel 400Wp"},"content":{"rendered":"<p>Artikelnummer: JaDa950842231282011<\/p>\n<p>Geen ruimte voor zonnepanelen op het dak of dek van je vaar- of voertuig en toch stroom opladen met zonnepanelen? Met deze uitklapbare zonnepanelen set is het mogelijk, kom niet zonder stroom te zitten! De zonnepanelen zijn makkelijk om in en uit elkaar te vouwen en worden geleverd met een stevige hoes.<br \/>\nEl set es muy f\u00e1cil de instalar, incluso si no tiene experiencia con paneles solares. Esto se debe a que el kit es plug-and-play.<br \/>\nAdem\u00e1s, el kit se entrega con instrucciones paso a paso, un esquema y un manual para el regulador de carga. Si tiene alguna pregunta, siempre estamos a su disposici\u00f3n.<br \/>\nOok kan u via de app van Victron Energy zien hoeveel de zonnepanelen opleveren.<\/p>\n<p><strong>Este set contiene<\/strong><\/p>\n<ul>\n<li>4 x uitklapbaar zonnepaneel 100Wp<\/li>\n<li>4 x stevige opberghoes<\/li>\n<li>1 x regulador de carga MPPT Victron Energy 100\/30 con Bluetooth (incluye manual)<\/li>\n<li>1 x diagrama esquem\u00e1tico<\/li>\n<li>1 x pasacables de techo<\/li>\n<li>3 x 1meter verbindingskabel (kabel tussen de zonnepanelen)<\/li>\n<li>5 metros de cable rojo (del panel solar al regulador)<\/li>\n<li>5 metros de cable negro (del panel solar al regulador)<\/li>\n<li>2,5 metros de cable rojo (del regulador a la bater\u00eda)<\/li>\n<li>2,5 metros de cable negro (del regulador a la bater\u00eda)<\/li>\n<li>Todos los cables con conectores<\/li>\n<li>Altijd technische ondersteuning door JaDa Consumentenartikelen<\/li>\n<\/ul>\n<p><strong>Informaci\u00f3n sobre el panel:<\/strong><\/p>\n<ul>\n<li>Maximum Power (Pmax) 100 W<\/li>\n<li>Open Circuit Voltage (Voc) 21,6 V<\/li>\n<li>Short Circuit Current (Isc) 6,16 A<\/li>\n<li>Maximum Power Voltage (Vmp) 18,00 V<\/li>\n<li>Maximum Power Current (Imp) 5,56A<\/li>\n<li>Afmetingen wanneer paneel is uitgeklapt: 1008 * 693 * 35MM<\/li>\n<li>Gewicht: 12,17kg<\/li>\n<li>Paneel is uitklapbaar<\/li>\n<li>Monocristalino<\/li>\n<\/ul>\n<p><strong>Informaci\u00f3n sobre el regulador de carga<\/strong><br \/>\nCon el regulador de carga MPPT de Victron Energy, aumentas la eficiencia energ\u00e9tica en un 30% en comparaci\u00f3n con los reguladores PWM, y el regulador MPPT de Victron Energy es un 10% m\u00e1s eficiente que los MPPT m\u00e1s lentos.<br \/>\nEl regulador de carga incluye un manual, disponible en neerland\u00e9s e ingl\u00e9s.<br \/>\nTambi\u00e9n puede ver cu\u00e1nta energ\u00eda producen los paneles solares a trav\u00e9s de la aplicaci\u00f3n de Victron Energy, llamada \u201cVictronConnect\u201d, que se puede descargar f\u00e1cilmente en la App Store y Play Store.<\/p>\n<p><strong>Informaci\u00f3n sobre el cable<\/strong><\/p>\n<ul>\n<li>El cable contiene todos los conectores para la conexi\u00f3n. Adem\u00e1s, hay un fusible incorporado en el cable.<\/li>\n<li>El cable del panel solar al regulador es de 6 mm\u00b2.<\/li>\n<li>El cable del regulador de carga a la bater\u00eda es de 10 mm\u00b2.<\/li>\n<li>Verbindingskabel is 6mm2.<\/li>\n<\/ul>\n<p><strong>Informaci\u00f3n sobre el pasacables de techo<\/strong><br \/>\nPermite que el cable entre en la caravana o el barco sin que entre agua.<\/p>\n<p><strong>\u00datil saber<\/strong><\/p>\n<ul>\n<li>Este set es para un sistema de 12V y 24V<\/li>\n<\/ul>\n<p><strong>\u00bfPor qu\u00e9 elegirnos?<\/strong><\/p>\n<p>JaDa Consumentenartikelen biedt een complete zonnepanelen set aan voor een scherpe prijs, daarnaast kan u altijd bij ons terecht met vragen zowel voor als na de koop! Daarnaast staan wij voor kwaliteit, wij hebben er bewust voor gekozen om een weerbestendig paneel aan te bieden. Dit is ook te zien aan de Victron Energy laadregelaar, een van de beste merken op de markt.<\/p>\n<p><strong>Informaci\u00f3n adicional<br \/>\n<\/strong>De laadregelaar is geschikt voor de volgende accu\u2019s: loodzuur, Lithium lifepo4 met interne bms, AGM en GEL accu\u2019s.<\/p>\n<p>Nunca conecte 2 tipos diferentes de paneles a un mismo regulador de carga, es decir, paneles con diferentes especificaciones. Por seguridad y eficiencia.<\/p>\n<p>&nbsp;<\/p>","protected":false},"excerpt":{"rendered":"<p>Artikelnummer: JaDa950842231282011 Geen ruimte voor zonnepanelen op het dak of dek van je vaar- of voertuig en toch stroom opladen met zonnepanelen? Met deze uitklapbare zonnepanelen set is het mogelijk, kom niet zonder stroom te zitten! De zonnepanelen zijn makkelijk om in en uit elkaar te vouwen en worden geleverd met een stevige hoes. De [&hellip;]<\/p>\n","protected":false},"featured_media":4093,"comment_status":"open","ping_status":"closed","template":"","meta":{"wds_primary_product_brand":0,"wds_primary_product_cat":139},"product_brand":[],"product_cat":[46],"product_tag":[],"class_list":{"0":"post-4092","1":"product","2":"type-product","3":"status-publish","4":"has-post-thumbnail","6":"product_cat-geen-categorie","7":"pa_bluetooth-scherm-alleen-bluetooth","8":"pa_hoeveel-wp-400wp","9":"pa_merk-laadregelaar-victron-energy","10":"pa_type-laadregelaar-mppt","12":"first","13":"outofstock","14":"taxable","15":"shipping-taxable","16":"purchasable","17":"product-type-simple"},"_links":{"self":[{"href":"https:\/\/www.jadastroom.nl\/es\/wp-json\/wp\/v2\/product\/4092","targetHints":{"allow":["GET"]}}],"collection":[{"href":"https:\/\/www.jadastroom.nl\/es\/wp-json\/wp\/v2\/product"}],"about":[{"href":"https:\/\/www.jadastroom.nl\/es\/wp-json\/wp\/v2\/types\/product"}],"replies":[{"embeddable":true,"href":"https:\/\/www.jadastroom.nl\/es\/wp-json\/wp\/v2\/comments?post=4092"}],"wp:featuredmedia":[{"embeddable":true,"href":"https:\/\/www.jadastroom.nl\/es\/wp-json\/wp\/v2\/media\/4093"}],"wp:attachment":[{"href":"https:\/\/www.jadastroom.nl\/es\/wp-json\/wp\/v2\/media?parent=4092"}],"wp:term":[{"taxonomy":"product_brand","embeddable":true,"href":"https:\/\/www.jadastroom.nl\/es\/wp-json\/wp\/v2\/product_brand?post=4092"},{"taxonomy":"product_cat","embeddable":true,"href":"https:\/\/www.jadastroom.nl\/es\/wp-json\/wp\/v2\/product_cat?post=4092"},{"taxonomy":"product_tag","embeddable":true,"href":"https:\/\/www.jadastroom.nl\/es\/wp-json\/wp\/v2\/product_tag?post=4092"}],"curies":[{"name":"wp","href":"https:\/\/api.w.org\/{rel}","templated":true}]}}