{"id":4000,"date":"2022-11-06T13:37:39","date_gmt":"2022-11-06T12:37:39","guid":{"rendered":"https:\/\/jadastroom.nl\/?post_type=product&#038;p=4000"},"modified":"2023-11-30T18:53:52","modified_gmt":"2023-11-30T17:53:52","slug":"200wp-set-met-victron-energy-lithium-lifepo4-accu-200ah-12v-230v-omvormer-12-1600-2","status":"publish","type":"product","link":"https:\/\/www.jadastroom.nl\/es\/winkel\/geen-categorie\/200wp-set-met-victron-energy-lithium-lifepo4-accu-200ah-12v-230v-omvormer-12-1600-2\/","title":{"rendered":"200Wp Set Met Victron Energy Lithium Lifepo4 Accu 200Ah &amp; 12V-230V Omvormer 12\/1600"},"content":{"rendered":"<p>Artikelnummer: JaDa9504984192641231l<\/p>\n<p>\u00bfVa a salir este a\u00f1o con el barco, la caravana o la autocaravana y no quiere quedarse sin electricidad?<br \/>\nEntonces este kit de paneles solares es ideal, ya que los paneles cargan autom\u00e1ticamente su bater\u00eda.<br \/>\nEl set es muy f\u00e1cil de instalar, incluso si no tiene experiencia con paneles solares. Esto se debe a que el kit es plug-and-play.<br \/>\nAdem\u00e1s, el kit se entrega con instrucciones paso a paso, un esquema y un manual para el regulador de carga. Si tiene alguna pregunta, siempre estamos a su disposici\u00f3n.<br \/>\nA trav\u00e9s de la aplicaci\u00f3n de Victron Energy puede ver cu\u00e1nta energ\u00eda generan los paneles solares. El kit solar incluye una bater\u00eda, un inversor de 12V-230V y los cables necesarios para la conexi\u00f3n.<\/p>\n<p>De levertijd voor deze set is 5-7 werkdagen.<\/p>\n<p><strong>Este set contiene<\/strong><\/p>\n<ul>\n<li>2 x Renogy zonnepaneel 100Wp<\/li>\n<li>8 x bevestigingsbeugel inclusief schroeven en bouten<\/li>\n<li>1 x regulador de carga MPPT Victron Energy 75\/15 con Bluetooth (incluye manual)<\/li>\n<li>2 x Bater\u00eda de litio Victron SuperPack 12,8V\/100Ah (M8) alta corriente<\/li>\n<li>1 x Inversor Victron Phoenix Smart 12\/1600 230V<\/li>\n<li>1 x diagrama esquem\u00e1tico<\/li>\n<li>1 x pasacables de techo<\/li>\n<li>5 metros de cable rojo (del panel solar al regulador)<\/li>\n<li>5 metros de cable negro (del panel solar al regulador)<\/li>\n<li>Cable rojo de 2,5 metros (cable del regulador de carga a la bater\u00eda)<\/li>\n<li>Cable negro de 2,5 metros (cable del regulador de carga a la bater\u00eda)<\/li>\n<li>Cable rojo de 1,5 metros (cable de la bater\u00eda al inversor 12V-230V)<\/li>\n<li>Cable negro de 1,5 metros (cable de la bater\u00eda al inversor 12V-230V)<\/li>\n<li>Cable rojo de 30 cm (entre las dos bater\u00edas)<\/li>\n<li>Cable negro de 30 cm (entre las dos bater\u00edas)<\/li>\n<li>Todos los cables con conectores<\/li>\n<li>Altijd technische ondersteuning door JaDa Consumentenartikelen<\/li>\n<\/ul>\n<p><strong>Informaci\u00f3n sobre el panel:<\/strong><\/p>\n<ul>\n<li>Merk zonnepaneel: Renogy<\/li>\n<li>Max Power at STC (Pmax): 100W<\/li>\n<li>Open-Circuit Voltage (Voc): 24,3V<\/li>\n<li>Optimum Operating Voltage (Vmp): 20,4V<\/li>\n<li>Optimum Operating Current (Imp): 4,91A<\/li>\n<li>Short-Circuit Current (Isc): 5,21A<\/li>\n<li>Gewicht: 6,4kg<\/li>\n<li>Afmetingen: 106,2 x 53 x 3,5 cm<\/li>\n<li>Monocristalino<\/li>\n<\/ul>\n<p class=\"translation-block\"><strong>Informaci\u00f3n sobre el regulador de carga<\/strong><br>\nCon el regulador de carga MPPT de Victron Energy, aumentas la eficiencia energ\u00e9tica en un 30% en comparaci\u00f3n con los reguladores PWM, y el regulador MPPT de Victron Energy es un 10% m\u00e1s eficiente que los MPPT m\u00e1s lentos. El regulador de carga incluye un manual, disponible en neerland\u00e9s e ingl\u00e9s. Tambi\u00e9n puedes ver cu\u00e1nta energ\u00eda producen los paneles solares a trav\u00e9s de la aplicaci\u00f3n de Victron Energy, llamada \u201cVictronConnect\u201d, que se puede descargar f\u00e1cilmente en la App Store y Play Store. Adem\u00e1s, hay un fusible incorporado en el regulador de carga.<\/p>\n<p><strong>Informaci\u00f3n sobre la bater\u00eda<\/strong><\/p>\n<p>Victron Lithium SuperPack 12,8V\/100Ah (M8) alta corriente. Este modelo de alta corriente es apto para cargar y descargar hasta 100A.<\/p>\n<p>Las bater\u00edas Victron 12,8V Lithium SuperPack cuentan con un BMS integrado y un interruptor de seguridad. Las bater\u00edas SuperPack son muy f\u00e1ciles de instalar sin necesidad de componentes adicionales. El interruptor interno desconectar\u00e1 la bater\u00eda en caso de descarga profunda, sobretensi\u00f3n o altas temperaturas. Las bater\u00edas pueden conectarse en paralelo. No est\u00e1 permitido conectarlas en serie.<\/p>\n<p><strong>Informaci\u00f3n sobre el inversor 12V-230V<\/strong><\/p>\n<p>Con este inversor de onda sinusoidal pura DC\/AC, se convierte 12 VDC en 230 VAC para dispositivos con una potencia continua de 1300 W (potencia m\u00e1xima 2400 W). El inversor cuenta con Bluetooth integrado y un puerto de comunicaci\u00f3n VE.Direct.<\/p>\n<p>El inversor Phoenix 1600VA es ideal para dispositivos que requieren una alta potencia de arranque, como neveras y congeladores. Muy utilizado en autocaravanas, barcos y veh\u00edculos comerciales. Compatible con aparatos como Senseo, Nespresso, microondas, hervidores y otros electrodom\u00e9sticos.<\/p>\n<p><strong>Informaci\u00f3n sobre el cable<\/strong><\/p>\n<ul>\n<li>El cable contiene todos los conectores para la conexi\u00f3n. Adem\u00e1s, hay un fusible incorporado en el cable.<\/li>\n<li>El cable del panel solar al regulador es de 4 mm\u00b2.<\/li>\n<li>El cable del regulador de carga a la bater\u00eda es de 6 mm\u00b2. Este cable cuenta con un fusible.<\/li>\n<li>El cable de la bater\u00eda al inversor 12V-230V es de 70 mm\u00b2. Este cable cuenta con un fusible.<\/li>\n<li>El cable entre las bater\u00edas es de 70 mm\u00b2.<\/li>\n<\/ul>\n<p><strong>Informaci\u00f3n sobre el pasacables de techo<\/strong><br \/>\nPermite que el cable entre en la caravana o el barco sin que entre agua.<\/p>\n<p><strong>\u00datil saber<\/strong><\/p>\n<ul>\n<li>Este set es para un sistema de 12V<\/li>\n<li>De laadregelaar is geschikt voor de volgende accu\u2019s: loodzuur, Lithium lifepo4 met interne bms, AGM en GEL accu\u2019s<\/li>\n<li>Nunca conecte 2 tipos diferentes de paneles a un mismo regulador de carga, es decir, paneles con diferentes especificaciones. Por seguridad y eficiencia.<\/li>\n<li>Si desea conectar dispositivos directamente a las bater\u00edas, consulte primero con nosotros. Es posible que necesite un cable m\u00e1s grueso. Esto es por motivos de seguridad.<\/li>\n<li>Para el cable de la bater\u00eda al inversor de 230V: conecte siempre el lado del fusible a la bater\u00eda.<\/li>\n<\/ul>\n<p><strong>\u00bfPor qu\u00e9 elegirnos?<\/strong><br \/>\nJaDa Consumentenartikelen biedt een complete zonnepanelen set aan voor een scherpe prijs, daarnaast kan u altijd bij ons terecht met vragen zowel voor als na de koop! Daarnaast staan wij voor kwaliteit, wij hebben er bewust voor gekozen om een weerbestendig paneel aan te bieden. Dit is ook te zien aan de Victron Energy laadregelaar, een van de beste merken op de markt.<\/p>","protected":false},"excerpt":{"rendered":"<p>Artikelnummer: JaDa9504984192641231l Gaat u dit jaar weg met de boot, caravan of camper en wilt u niet zonder stroom zitten? Dan is deze zonnepanelen set ideaal, omdat de zonnepanelen automatisch uw accu opladen. De set is erg eenvoudig om aan te sluiten, ook al heeft u geen ervaring met zonnepanelen dit komt omdat de set [&hellip;]<\/p>\n","protected":false},"featured_media":4001,"comment_status":"open","ping_status":"closed","template":"","meta":{"wds_primary_product_brand":0,"wds_primary_product_cat":139},"product_brand":[],"product_cat":[46],"product_tag":[],"class_list":{"0":"post-4000","1":"product","2":"type-product","3":"status-publish","4":"has-post-thumbnail","6":"product_cat-geen-categorie","7":"pa_bluetooth-scherm-alleen-bluetooth","8":"pa_hoeveel-wp-200wp","9":"pa_merk-laadregelaar-victron-energy","10":"pa_type-laadregelaar-mppt","11":"pa_vast-of-flexibel-vast","13":"first","14":"outofstock","15":"taxable","16":"shipping-taxable","17":"purchasable","18":"product-type-simple"},"_links":{"self":[{"href":"https:\/\/www.jadastroom.nl\/es\/wp-json\/wp\/v2\/product\/4000","targetHints":{"allow":["GET"]}}],"collection":[{"href":"https:\/\/www.jadastroom.nl\/es\/wp-json\/wp\/v2\/product"}],"about":[{"href":"https:\/\/www.jadastroom.nl\/es\/wp-json\/wp\/v2\/types\/product"}],"replies":[{"embeddable":true,"href":"https:\/\/www.jadastroom.nl\/es\/wp-json\/wp\/v2\/comments?post=4000"}],"wp:featuredmedia":[{"embeddable":true,"href":"https:\/\/www.jadastroom.nl\/es\/wp-json\/wp\/v2\/media\/4001"}],"wp:attachment":[{"href":"https:\/\/www.jadastroom.nl\/es\/wp-json\/wp\/v2\/media?parent=4000"}],"wp:term":[{"taxonomy":"product_brand","embeddable":true,"href":"https:\/\/www.jadastroom.nl\/es\/wp-json\/wp\/v2\/product_brand?post=4000"},{"taxonomy":"product_cat","embeddable":true,"href":"https:\/\/www.jadastroom.nl\/es\/wp-json\/wp\/v2\/product_cat?post=4000"},{"taxonomy":"product_tag","embeddable":true,"href":"https:\/\/www.jadastroom.nl\/es\/wp-json\/wp\/v2\/product_tag?post=4000"}],"curies":[{"name":"wp","href":"https:\/\/api.w.org\/{rel}","templated":true}]}}