{"id":3642,"date":"2022-09-07T19:08:05","date_gmt":"2022-09-07T17:08:05","guid":{"rendered":"https:\/\/jadastroom.nl\/?post_type=product&#038;p=3642"},"modified":"2026-01-29T14:46:10","modified_gmt":"2026-01-29T13:46:10","slug":"victron-phoenix-omvormer-12-800-230v-ve-direct-schuko","status":"publish","type":"product","link":"https:\/\/www.jadastroom.nl\/es\/winkel\/230v-omvormers\/victron-phoenix-omvormer-12-800-230v-ve-direct-schuko\/","title":{"rendered":"Inversor Victron Phoenix 12\/800 230V VE.Direct SCHUKO"},"content":{"rendered":"<div>\n<p>N\u00famero de art\u00edculo: PIN121801200<\/p>\n<\/div>\n<div class=\"long-description with-long open\">\n<div class=\"std\">\n<div class=\"shortdesc active\">\n<p>El inversor Victron Phoenix 12\/800 230V VE.Direct SCHUKO* es un inversor de onda sinusoidal pura con alta eficiencia y un dise\u00f1o compacto. Gracias a su carcasa alargada de acero\/pl\u00e1stico (clasificaci\u00f3n IP21), los nuevos modelos Phoenix son f\u00e1cilmente reconocibles. Con este inversor, los dispositivos que requieren corriente alterna de 230V o 120V pueden alimentarse desde una bater\u00eda de 12V, 24V o 48V en corriente continua.<\/p>\n<p><strong>Especificaciones del inversor Phoenix 12\/800 230 V VE.Direct SCHUKO:<\/strong>:<\/p>\n<p>Voltaje de entrada: 12VDC | Voltaje de salida: 230VAC<br \/>\nPotencia de salida: 800VA \/ 650W | Pico: 1500W<br \/>\nEntradas AC: no | Salidas AC: 1<br \/>\nCapacidad de bater\u00eda recomendada: 100\u2013400 Ah<br \/>\nFusible DC recomendado: 125 A MEGA \u2013 Ver \u00ab Pedir directamente \u00bb<br \/>\nConexi\u00f3n de bater\u00eda: Terminales de tornillo<\/p>\n<p>*SCHUKO es el sistema de enchufe m\u00e1s utilizado en los Pa\u00edses Bajos para enchufes redondos con toma de tierra (CEE 7\/7), enchufes redondos sin toma de tierra (CEE 7\/17) y enchufes planos sin toma de tierra (CEE 7\/16). La toma dispone de dos orificios para las clavijas y, en los laterales, dos contactos met\u00e1licos el\u00e1sticos para la conexi\u00f3n a tierra. Al insertar el enchufe, primero se conectan los contactos de tierra y despu\u00e9s los dos polos conductores. La corriente m\u00e1xima es de 16 A.<\/p>\n<\/div>\n<div class=\"longdesc\">\n<p class=\"translation-block\">El Phoenix 12\/800 es un potente inversor de onda sinusoidal pura con una potencia de 800 VA (650 vatios) en una carcasa compacta. Este Phoenix se suministra sin los cables necesarios de 25 mm\u00b2.<\/p>\n<p>La serie de inversores sinusoidales Phoenix de Victron Energy ha sido desarrollada para uso profesional y puede utilizarse para una amplia gama de aplicaciones el\u00e9ctricas, \u00a1en cualquier momento y lugar! Los inversores convierten la corriente continua (DC) en corriente alterna (AC). De este modo, los electrodom\u00e9sticos \u2013 desde hervidores de agua hasta televisores \u2013 pueden utilizarse siempre en coches, autocaravanas, barcos o casas de jard\u00edn o de playa. Ya no es necesario un generador ruidoso.<\/p>\n<p>Cada inversor de onda sinusoidal pura cuenta con una alta potencia de pico y suministra energ\u00eda sin problemas para cualquier tipo de carga. Los inversores de Victron Energy est\u00e1n dise\u00f1ados para uso profesional. Son adecuados para una amplia variedad de equipos con altas y bajas potencias de arranque.<\/p>\n<p class=\"translation-block\"><strong>VE.Direct-communicatiepoort<\/strong><br>\r\nDe Phoenix omvormer VE.Direct serie is voorzien van een VE.Direct communicatiepoort waardoor de omvormer kan worden aangesloten op een computer met een VE.Direct naar USB-interface kabel of op Apple- en Android-smartphones, tablets, macbooks en overige apparaten met een VE.Direct Bluetooth Smart dongle. Hierdoor is de omvormer volledig configureerbaar op de navolgende functionaliteit:<br>\r\n&gt; Schakel- en resetniveaus alarm voor lage accuspanning<br>\r\n&gt; Uitschakel- en herstartniveaus alarm voor lage accuspanning<br>\r\n&gt; Dynamische cut-off: afhankelijk van de belasting cut-off niveau<br>\r\n&gt; Uitgangsspanning 210 \u2013 245V<br>\r\n&gt; Frequentie 50 Hz of 60 Hz<br>\r\n&gt; ECO-modus aan\/uit en ECO-modus-detectieniveau<br>\r\n&gt; Bewaking: In- en uitgangsspanning, % belasting en alarmen<\/p>\n<p><strong>Fiabilidad comprobada<\/strong><br \/>\nLa topolog\u00eda de inversor de puente completo con transformador toroidal ha demostrado su fiabilidad durante muchos a\u00f1os. Los inversores son resistentes a cortocircuitos y est\u00e1n protegidos contra el sobrecalentamiento, ya sea causado por sobrecarga o por una alta temperatura ambiente.<\/p>\n<p><strong>Alta potencia de arranque<\/strong><br \/>\nNecesario para arrancar cargas, como convertidores de potencia para l\u00e1mparas LED, l\u00e1mparas hal\u00f3genas o herramientas el\u00e9ctricas.<\/p>\n<p><strong>Modo ECO<\/strong><br \/>\nEn el modo ECO, el inversor cambia a modo de espera cuando la carga cae por debajo de un valor preestablecido (carga m\u00ednima: 15 W). Cuando est\u00e1 en modo de espera, el inversor se activa brevemente a intervalos ajustables (por defecto cada 2,5 segundos). Si la carga supera un nivel preestablecido, el inversor permanece encendido.<\/p>\n<p><strong>Encendido\/apagado remoto<\/strong><br \/>\nUn interruptor de encendido\/apagado remoto puede conectarse a un conector bipolar o entre el polo positivo de la bater\u00eda y el contacto izquierdo del conector bipolar.<\/p>\n<\/div>\n<\/div>\n<\/div>","protected":false},"excerpt":{"rendered":"<p>Artikelnummer: PIN121801200 Victron Phoenix 12\/800 230V VE.Direct SCHUKO* omvormer is een zuivere sinusgolf-omvormer met een hoge effici\u00ebntie in een enkele compacte behuizing. Door de langwerpige staal\/kunststof behuizing (beschermklasse IP 21) zijn de nieuwe Phoenix modellen eenvoudig te herkennen. Met een omvormer kunnen apparaten, die 230V- of 120V-wisselstroom vereisen, worden gevoed vanuit een accu met 12V-, [&hellip;]<\/p>\n","protected":false},"featured_media":3835,"comment_status":"open","ping_status":"closed","template":"","meta":{"wds_primary_product_brand":0,"wds_primary_product_cat":180},"product_brand":[],"product_cat":[180],"product_tag":[],"class_list":{"0":"post-3642","1":"product","2":"type-product","3":"status-publish","4":"has-post-thumbnail","6":"product_cat-230v-omvormers","7":"pa_met-kabel-zonder-kabel","9":"first","10":"instock","11":"taxable","12":"shipping-taxable","13":"purchasable","14":"product-type-simple"},"_links":{"self":[{"href":"https:\/\/www.jadastroom.nl\/es\/wp-json\/wp\/v2\/product\/3642","targetHints":{"allow":["GET"]}}],"collection":[{"href":"https:\/\/www.jadastroom.nl\/es\/wp-json\/wp\/v2\/product"}],"about":[{"href":"https:\/\/www.jadastroom.nl\/es\/wp-json\/wp\/v2\/types\/product"}],"replies":[{"embeddable":true,"href":"https:\/\/www.jadastroom.nl\/es\/wp-json\/wp\/v2\/comments?post=3642"}],"wp:featuredmedia":[{"embeddable":true,"href":"https:\/\/www.jadastroom.nl\/es\/wp-json\/wp\/v2\/media\/3835"}],"wp:attachment":[{"href":"https:\/\/www.jadastroom.nl\/es\/wp-json\/wp\/v2\/media?parent=3642"}],"wp:term":[{"taxonomy":"product_brand","embeddable":true,"href":"https:\/\/www.jadastroom.nl\/es\/wp-json\/wp\/v2\/product_brand?post=3642"},{"taxonomy":"product_cat","embeddable":true,"href":"https:\/\/www.jadastroom.nl\/es\/wp-json\/wp\/v2\/product_cat?post=3642"},{"taxonomy":"product_tag","embeddable":true,"href":"https:\/\/www.jadastroom.nl\/es\/wp-json\/wp\/v2\/product_tag?post=3642"}],"curies":[{"name":"wp","href":"https:\/\/api.w.org\/{rel}","templated":true}]}}