{"id":3636,"date":"2022-09-07T19:01:35","date_gmt":"2022-09-07T17:01:35","guid":{"rendered":"https:\/\/jadastroom.nl\/?post_type=product&#038;p=3636"},"modified":"2026-01-29T14:46:11","modified_gmt":"2026-01-29T13:46:11","slug":"victron-phoenix-smart-omvormer-12-3000-230v","status":"publish","type":"product","link":"https:\/\/www.jadastroom.nl\/es\/winkel\/230v-omvormers\/victron-phoenix-smart-omvormer-12-3000-230v\/","title":{"rendered":"Inversor Victron Phoenix Smart 12\/3000 230V \u2013 Bluetooth"},"content":{"rendered":"<div class=\"sku\">N\u00famero de art\u00edculo: PIN122300000<\/div>\n<div class=\"long-description with-long open\">\n<div class=\"std\">\n<div class=\"shortdesc active\"><strong>Inversor Victron Phoenix 12\/3000 230V Smart \u2013 \u00a1NUEVO!<\/strong><br \/>\nCon este inversor de onda sinusoidal pura DC\/AC, se convierte 12 VDC en 230 VAC para dispositivos con una potencia continua de 2400 W (potencia m\u00e1xima 4800 W). El inversor cuenta con Bluetooth integrado y un puerto de comunicaci\u00f3n VE.Direct.<\/div>\n<div class=\"longdesc\">\n<p class=\"translation-block\">Este nuevo modelo del inversor Victron Phoenix 12\/3000 230V Smart suministra a los electrodom\u00e9sticos con corriente alterna de 230 V la tensi\u00f3n adecuada desde bater\u00edas de corriente continua. El inversor cuenta con Bluetooth y puede controlarse mediante smartphone, tablet o PC a trav\u00e9s de la aplicaci\u00f3n Victron Connect para informaci\u00f3n y configuraciones.<\/p>\n<p><strong>Bluetooth integrado<\/strong>\u00a0: completamente configurable con una tablet o un smartphone<\/p>\n<p>\u2022 Alarma por bater\u00eda casi descargada<br \/>\n\u2022 Niveles de apagado y reinicio por bater\u00eda casi descargada<br \/>\n\u2022 Apagado din\u00e1mico: nivel de corte en funci\u00f3n de la carga<br \/>\n\u2022 Tensi\u00f3n de salida: 210 \u2013 245 V<br \/>\n\u2022 Frecuencia: 50 Hz o 60 Hz<br \/>\n\u2022 Modo ECO activado\/desactivado y nivel de detecci\u00f3n del modo ECO<br \/>\n\u2022 Rel\u00e9 de alarma<\/p>\n<p>Supervisi\u00f3n<br \/>\n\u2022 Tensi\u00f3n de entrada y salida, carga y alarmas<\/p>\n<p><strong>Puerto de comunicaci\u00f3n VE.Direct<\/strong><br \/>\nEl puerto VE.Direct puede conectarse a un ordenador (se requiere un cable de interfaz VE.Direct a USB) para configurar y supervisar los mismos par\u00e1metros.<\/p>\n<p><strong>Fiabilidad comprobada<\/strong><br \/>\nLa topolog\u00eda de puente completo y transformador toroidal ha demostrado su fiabilidad durante muchos a\u00f1os. Los inversores son resistentes a cortocircuitos y est\u00e1n protegidos contra el sobrecalentamiento, ya sea por sobrecarga o por alta temperatura ambiente.<\/p>\n<p><strong>Alta potencia de arranque<\/strong><br \/>\nNecesario para arrancar cargas, como convertidores de potencia para l\u00e1mparas LED, l\u00e1mparas hal\u00f3genas o herramientas el\u00e9ctricas.<br \/>\n<strong>Modo ECO<\/strong><\/p>\n<p>En el modo ECO, el inversor cambia a modo de espera cuando la carga cae por debajo de un valor preestablecido. En modo de espera, el inversor se activa brevemente cada 2,5 segundos (ajustable). Si la carga supera un nivel preestablecido, el inversor permanece encendido.<\/p>\n<p><strong>Encendido\/apagado remoto<\/strong><br \/>\nUn interruptor externo de encendido\/apagado puede conectarse a un conector bipolar. Como alternativa, el terminal H (izquierda) del conector bipolar puede conectarse al polo positivo de la bater\u00eda, o el terminal L (derecha) del conector bipolar puede conectarse al polo negativo de la bater\u00eda (o, por ejemplo, al chasis de un veh\u00edculo).<\/p>\n<p><strong>Diagn\u00f3stico LED<\/strong><br \/>\nConsulte el manual para obtener una descripci\u00f3n.<\/p>\n<p><strong>Para transferir la carga a otra fuente de CA<\/strong>: el interruptor de transferencia autom\u00e1tica<br \/>\nPara nuestros inversores de baja potencia, recomendamos nuestro interruptor de transferencia autom\u00e1tico Filax. El Filax tiene un tiempo de conmutaci\u00f3n muy corto (menos de 20 milisegundos), lo que permite que los ordenadores y otros equipos electr\u00f3nicos funcionen sin interrupciones. Como alternativa, utilice un MultiPlus con interruptor de transferencia integrado.<\/p>\n<\/div>\n<\/div>\n<\/div>","protected":false},"excerpt":{"rendered":"<p>Artikelnummer: PIN122300000 Victron Phoenix omvormer 12\/3000 230V Smart &#8211; NIEUW! Met deze zuivere sinus DC\/AC omvormer wordt 12 VDC omgevormd naar 230 VAC, voor apparaten met continue vermogen van 2400W (piekvermogen 4800W). De omvormer is voorzien van ge\u00efntegreerde Bluetooth en een VE.Direct-communicatiepoort. Dit nieuwe model\u00a0Victron Phoenix omvormer 12\/3000 230V Smart\u00a0voorziet huishoudelijke apparaten op 230V-wisselstroom van [&hellip;]<\/p>\n","protected":false},"featured_media":3858,"comment_status":"open","ping_status":"closed","template":"","meta":{"wds_primary_product_brand":0,"wds_primary_product_cat":180},"product_brand":[],"product_cat":[180],"product_tag":[],"class_list":{"0":"post-3636","1":"product","2":"type-product","3":"status-publish","4":"has-post-thumbnail","6":"product_cat-230v-omvormers","7":"pa_met-kabel-zonder-kabel","9":"first","10":"instock","11":"taxable","12":"shipping-taxable","13":"purchasable","14":"product-type-simple"},"_links":{"self":[{"href":"https:\/\/www.jadastroom.nl\/es\/wp-json\/wp\/v2\/product\/3636","targetHints":{"allow":["GET"]}}],"collection":[{"href":"https:\/\/www.jadastroom.nl\/es\/wp-json\/wp\/v2\/product"}],"about":[{"href":"https:\/\/www.jadastroom.nl\/es\/wp-json\/wp\/v2\/types\/product"}],"replies":[{"embeddable":true,"href":"https:\/\/www.jadastroom.nl\/es\/wp-json\/wp\/v2\/comments?post=3636"}],"wp:featuredmedia":[{"embeddable":true,"href":"https:\/\/www.jadastroom.nl\/es\/wp-json\/wp\/v2\/media\/3858"}],"wp:attachment":[{"href":"https:\/\/www.jadastroom.nl\/es\/wp-json\/wp\/v2\/media?parent=3636"}],"wp:term":[{"taxonomy":"product_brand","embeddable":true,"href":"https:\/\/www.jadastroom.nl\/es\/wp-json\/wp\/v2\/product_brand?post=3636"},{"taxonomy":"product_cat","embeddable":true,"href":"https:\/\/www.jadastroom.nl\/es\/wp-json\/wp\/v2\/product_cat?post=3636"},{"taxonomy":"product_tag","embeddable":true,"href":"https:\/\/www.jadastroom.nl\/es\/wp-json\/wp\/v2\/product_tag?post=3636"}],"curies":[{"name":"wp","href":"https:\/\/api.w.org\/{rel}","templated":true}]}}