{"id":3601,"date":"2022-09-02T17:17:22","date_gmt":"2022-09-02T15:17:22","guid":{"rendered":"https:\/\/jadastroom.nl\/?post_type=product&#038;p=3601"},"modified":"2026-01-29T14:40:57","modified_gmt":"2026-01-29T13:40:57","slug":"victron-lithium-accu-superpack-128v-100ah-m8-hoge-stroom","status":"publish","type":"product","link":"https:\/\/www.jadastroom.nl\/es\/winkel\/accus\/victron-lithium-accu-superpack-128v-100ah-m8-hoge-stroom\/","title":{"rendered":"Bater\u00eda de Litio Victron SuperPack 12,8V\/100Ah (M8) alta corriente"},"content":{"rendered":"<div>\n<p>N\u00famero de art\u00edculo: BAT512110710<\/p>\n<\/div>\n<div id=\"rmjs-1\" class=\"short-description\" data-readmore=\"\" aria-expanded=\"true\">\n<div class=\"std\">Victron Lithium SuperPack 12,8V\/100Ah (M8) alta corriente. Este modelo de alta corriente es apto para cargar y descargar hasta 100A.<\/div>\n<div>Peso: 14 kg<\/div>\n<div>Dimensiones (AlxAnxPr) mm: 220 x 330 x 172<\/div>\n<div class=\"std\">Las bater\u00edas Victron 12,8V Lithium SuperPack cuentan con un BMS integrado y un interruptor de seguridad. Las bater\u00edas SuperPack son muy f\u00e1ciles de instalar sin necesidad de componentes adicionales. El interruptor interno desconectar\u00e1 la bater\u00eda en caso de descarga profunda, sobretensi\u00f3n o altas temperaturas. Las bater\u00edas pueden conectarse en paralelo. No est\u00e1 permitido conectarlas en serie.<\/div>\n<\/div>","protected":false},"excerpt":{"rendered":"<p>Artikelnummer: BAT512110710 Victron Lithium SuperPack 12,8V\/100Ah (M8) hoge stroom. Dit hoge stroom model is geschikt om met 100A te laden en te ontladen. Gewicht 14 kg Afmetingen (HxBxD) mm 220 x 330 x 172 De Victron 12,8V Lithium SuperPack batterijen hebben een ge\u00efntegreerd BMS en veiligheidsschakelaar. De SuperPack-accu\u2019s zijn heel gemakkelijk te installeren zonder dat [&hellip;]<\/p>\n","protected":false},"featured_media":3913,"comment_status":"open","ping_status":"closed","template":"","meta":{"wds_primary_product_brand":0,"wds_primary_product_cat":140},"product_brand":[],"product_cat":[140],"product_tag":[],"class_list":{"0":"post-3601","1":"product","2":"type-product","3":"status-publish","4":"has-post-thumbnail","6":"product_cat-accus","7":"pa_merk-accu-victron-energy","8":"pa_type-accu-lithium","10":"first","11":"instock","12":"taxable","13":"shipping-taxable","14":"purchasable","15":"product-type-simple"},"_links":{"self":[{"href":"https:\/\/www.jadastroom.nl\/es\/wp-json\/wp\/v2\/product\/3601","targetHints":{"allow":["GET"]}}],"collection":[{"href":"https:\/\/www.jadastroom.nl\/es\/wp-json\/wp\/v2\/product"}],"about":[{"href":"https:\/\/www.jadastroom.nl\/es\/wp-json\/wp\/v2\/types\/product"}],"replies":[{"embeddable":true,"href":"https:\/\/www.jadastroom.nl\/es\/wp-json\/wp\/v2\/comments?post=3601"}],"wp:featuredmedia":[{"embeddable":true,"href":"https:\/\/www.jadastroom.nl\/es\/wp-json\/wp\/v2\/media\/3913"}],"wp:attachment":[{"href":"https:\/\/www.jadastroom.nl\/es\/wp-json\/wp\/v2\/media?parent=3601"}],"wp:term":[{"taxonomy":"product_brand","embeddable":true,"href":"https:\/\/www.jadastroom.nl\/es\/wp-json\/wp\/v2\/product_brand?post=3601"},{"taxonomy":"product_cat","embeddable":true,"href":"https:\/\/www.jadastroom.nl\/es\/wp-json\/wp\/v2\/product_cat?post=3601"},{"taxonomy":"product_tag","embeddable":true,"href":"https:\/\/www.jadastroom.nl\/es\/wp-json\/wp\/v2\/product_tag?post=3601"}],"curies":[{"name":"wp","href":"https:\/\/api.w.org\/{rel}","templated":true}]}}