{"id":3437,"date":"2022-07-29T15:09:34","date_gmt":"2022-07-29T13:09:34","guid":{"rendered":"https:\/\/jadastroom.nl\/?post_type=product&#038;p=3437"},"modified":"2026-04-14T15:45:40","modified_gmt":"2026-04-14T13:45:40","slug":"200wp-set-met-victron-energy-accu-220ah-12v-230v-omvormer-12-1600","status":"publish","type":"product","link":"https:\/\/www.jadastroom.nl\/es\/winkel\/zonnepanelensets\/200wp-set-met-victron-energy-accu-220ah-12v-230v-omvormer-12-1600\/","title":{"rendered":"Kit 330Wp Con Bater\u00eda Victron Energy 440Ah &amp; Inversor 12V-230V 12\/1600"},"content":{"rendered":"<p>N\u00famero de art\u00edculo: JaDa95084223128201<\/p>\n<p>\u00bfVa a salir este a\u00f1o con el barco, la caravana o la autocaravana y no quiere quedarse sin electricidad?<br \/>\nEntonces este kit de paneles solares es ideal, ya que los paneles cargan autom\u00e1ticamente su bater\u00eda.<br \/>\nEl set es muy f\u00e1cil de instalar, incluso si no tiene experiencia con paneles solares. Esto se debe a que el kit es plug-and-play.<br \/>\nAdem\u00e1s, el kit se entrega con instrucciones paso a paso, un esquema y un manual para el regulador de carga. Si tiene alguna pregunta, siempre estamos a su disposici\u00f3n.<br \/>\nA trav\u00e9s de la aplicaci\u00f3n de Victron Energy puede ver cu\u00e1nta energ\u00eda generan los paneles solares. El kit solar incluye una bater\u00eda, un inversor de 12V-230V y los cables necesarios para la conexi\u00f3n.<\/p>\n<p><strong>Este set contiene<\/strong><\/p>\n<ul>\n<li>3 x panel solar flexible JaDaStroom 110Wp<\/li>\n<li>1 x regulador de carga MPPT Victron Energy 100\/30 con Bluetooth (incluye manual)<\/li>\n<li>2 x Bater\u00eda AGM Victron 12V\/220Ah<\/li>\n<li>1 x Inversor Victron Phoenix Smart 12\/1600 230V<\/li>\n<li>1 x diagrama esquem\u00e1tico<\/li>\n<li>1 x pasacables de techo<\/li>\n<li>5 metros de cable rojo (del panel solar al regulador)<\/li>\n<li>5 metros de cable negro (del panel solar al regulador)<\/li>\n<li>2,5 metros de cable rojo (del regulador a la bater\u00eda)<\/li>\n<li>2,5 metros de cable negro (del regulador a la bater\u00eda)<\/li>\n<li>Cable rojo de 1,5 metros (cable de la bater\u00eda al inversor 12V-230V)<\/li>\n<li>Cable negro de 1,5 metros (cable de la bater\u00eda al inversor 12V-230V)<\/li>\n<li>Cable rojo de 30 cm (entre las dos bater\u00edas)<\/li>\n<li>Cable negro de 30 cm (entre las dos bater\u00edas)<\/li>\n<li>Todos los cables con conectores<\/li>\n<li>Soporte t\u00e9cnico siempre disponible por JaDaStroom<\/li>\n<\/ul>\n<p><strong>Informaci\u00f3n sobre el panel:<\/strong><\/p>\n<ul>\n<li>Maximum Power (Pmax) 110Wp<\/li>\n<li>Open Circuit Voltage (Voc) 24,50V<\/li>\n<li>Short Circuit Current (Isc) 5,53A<\/li>\n<li>Maximum Power Voltage (Vmp) 20,9V<\/li>\n<li>Maximum Power Current (Imp) 5,27A<\/li>\n<li>Dimensiones: 108 * 54 * 0,2 cm<\/li>\n<li>Longitud de los cables del panel solar: 30cm<\/li>\n<li>Peso: 2 kg<\/li>\n<li>Panel flexible<\/li>\n<li>Monocristalino<\/li>\n<li>Marca: JaDaStroom<\/li>\n<\/ul>\n<p>&nbsp;<\/p>\n<p><strong>Informaci\u00f3n sobre el regulador de carga<\/strong><br \/>\nCon el regulador de carga MPPT de Victron Energy, aumentas la eficiencia energ\u00e9tica en un 30% en comparaci\u00f3n con los reguladores PWM, y el regulador MPPT de Victron Energy es un 10% m\u00e1s eficiente que los MPPT m\u00e1s lentos.<br \/>\nEl regulador de carga incluye un manual, disponible en neerland\u00e9s e ingl\u00e9s.<br \/>\nTambi\u00e9n puede ver cu\u00e1nta energ\u00eda producen los paneles solares a trav\u00e9s de la aplicaci\u00f3n de Victron Energy, llamada \u201cVictronConnect\u201d, que se puede descargar f\u00e1cilmente en la App Store y Play Store.<\/p>\n<p><strong>Informaci\u00f3n sobre la bater\u00eda<\/strong><\/p>\n<p>Tecnolog\u00eda: AGM<br \/>\nCapacidad nominal de la bater\u00eda (Ah)*: 220<br \/>\nVoltaje de la bater\u00eda (V): 12<br \/>\nConexi\u00f3n: cobre<br \/>\nDimensiones LxAxH (mm): 522 x 238 x 240<br \/>\nPeso (kg): 65<br \/>\nCCA a -18\u00b0C (0\u00b0F): 650<br \/>\nRES CAP @80\u00b0F: 250<\/p>\n<p>* Capacidad nominal: descarga en 20 horas a 25\u00b0C<\/p>\n<p><strong>Informaci\u00f3n sobre el inversor 12V-230V<\/strong><\/p>\n<p>Con este inversor de onda sinusoidal pura DC\/AC, se convierte 12 VDC en 230 VAC para dispositivos con una potencia continua de 1300 W (potencia m\u00e1xima 2400 W). El inversor cuenta con Bluetooth integrado y un puerto de comunicaci\u00f3n VE.Direct.<\/p>\n<p>El inversor Phoenix 1600VA es ideal para dispositivos que requieren una alta potencia de arranque, como neveras y congeladores. Muy utilizado en autocaravanas, barcos y veh\u00edculos comerciales. Compatible con Senseo, Nespresso, microondas, hervidores y otros electrodom\u00e9sticos.<\/p>\n<p><strong>Informaci\u00f3n sobre el cable<\/strong><\/p>\n<ul>\n<li>El cable contiene todos los conectores para la conexi\u00f3n. Adem\u00e1s, hay un fusible incorporado en el cable.<\/li>\n<li>El cable del panel solar al regulador es de 6 mm\u00b2.<\/li>\n<li>El cable del regulador de carga a la bater\u00eda es de 10 mm\u00b2. Este cable cuenta con un fusible.<\/li>\n<li>El cable de la bater\u00eda al inversor 12V-230V es de 70 mm\u00b2. Este cable cuenta con un fusible.<\/li>\n<\/ul>\n<p><strong>Informaci\u00f3n sobre el pasacables de techo<\/strong><br \/>\nPermite que el cable entre en la caravana o el barco sin que entre agua.<\/p>\n<p><strong>\u00datil saber<\/strong><\/p>\n<ul>\n<li>Los paneles se pueden fijar con masilla o a trav\u00e9s de los puntos de sujeci\u00f3n laterales<\/li>\n<li>Este set es para un sistema de 12V<\/li>\n<li>Si desea conectar dispositivos directamente a las bater\u00edas, consulte primero con nosotros. Es posible que necesite un cable m\u00e1s grueso. Esto es por motivos de seguridad.<\/li>\n<li>Para el cable de la bater\u00eda al inversor de 230V: conecte siempre el lado del fusible a la bater\u00eda.<\/li>\n<\/ul>\n<p><strong>\u00bfPor qu\u00e9 elegirnos?<\/strong><\/p>\n<p>JaDaStroom ofrece un kit solar completo a un precio competitivo. Adem\u00e1s, siempre puede contactarnos si tiene preguntas, antes y despu\u00e9s de la compra. Apostamos por la calidad y hemos elegido un panel resistente a la intemperie. Esto tambi\u00e9n se refleja en el regulador de carga Victron Energy, una de las mejores marcas del mercado.<\/p>\n<p><strong>Informaci\u00f3n adicional<br \/>\n<\/strong>De laadregelaar is geschikt voor de volgende accu\u2019s: loodzuur, Lithium lifepo4 met interne bms, AGM en GEL accu\u2019s.<\/p>\n<p>Nunca conecte 2 tipos diferentes de paneles a un mismo regulador de carga, es decir, paneles con diferentes especificaciones. Por seguridad y eficiencia.<\/p>\n<p class=\"translation-block\">Los paneles solares pueden calentarse.\nTenga en cuenta que la superficie donde se colocan los paneles puede soportar el calor. De lo contrario, la pintura, por ejemplo, podr\u00eda burbujear.<\/p>\n<p>Si va a usar masilla para la fijaci\u00f3n: elija una masilla resistente al calor y a los rayos UV, por ejemplo Sikaflex 252 (tambi\u00e9n compruebe si la masilla se puede adherir a su superficie).<\/p>\n<p><a href=\"https:\/\/www.jadastroom.nl\/es\/categoria-producto\/zonnepanelensets\/\" target=\"_blank\" rel=\"noopener\">Descubre todos los kits de paneles solares para autocaravana y barco<\/a><\/p>","protected":false},"excerpt":{"rendered":"<p>Artikelnummer: JaDa95084223128201 Gaat u dit jaar weg met de boot, caravan of camper en wilt u niet zonder stroom zitten? Dan is deze zonnepanelen set ideaal, omdat de zonnepanelen automatisch uw accu opladen. De set is erg eenvoudig om aan te sluiten, ook al heeft u geen ervaring met zonnepanelen dit komt omdat de set [&hellip;]<\/p>\n","protected":false},"featured_media":33722,"comment_status":"open","ping_status":"closed","template":"","meta":{"wds_primary_product_brand":0,"wds_primary_product_cat":139},"product_brand":[],"product_cat":[139],"product_tag":[],"class_list":{"0":"post-3437","1":"product","2":"type-product","3":"status-publish","4":"has-post-thumbnail","6":"product_cat-zonnepanelensets","7":"pa_bluetooth-scherm-alleen-bluetooth","8":"pa_hoeveel-wp-300wp","9":"pa_merk-laadregelaar-victron-energy","10":"pa_type-laadregelaar-mppt","11":"pa_vast-of-flexibel-flexibel","13":"first","14":"instock","15":"taxable","16":"shipping-taxable","17":"purchasable","18":"product-type-simple"},"_links":{"self":[{"href":"https:\/\/www.jadastroom.nl\/es\/wp-json\/wp\/v2\/product\/3437","targetHints":{"allow":["GET"]}}],"collection":[{"href":"https:\/\/www.jadastroom.nl\/es\/wp-json\/wp\/v2\/product"}],"about":[{"href":"https:\/\/www.jadastroom.nl\/es\/wp-json\/wp\/v2\/types\/product"}],"replies":[{"embeddable":true,"href":"https:\/\/www.jadastroom.nl\/es\/wp-json\/wp\/v2\/comments?post=3437"}],"wp:featuredmedia":[{"embeddable":true,"href":"https:\/\/www.jadastroom.nl\/es\/wp-json\/wp\/v2\/media\/33722"}],"wp:attachment":[{"href":"https:\/\/www.jadastroom.nl\/es\/wp-json\/wp\/v2\/media?parent=3437"}],"wp:term":[{"taxonomy":"product_brand","embeddable":true,"href":"https:\/\/www.jadastroom.nl\/es\/wp-json\/wp\/v2\/product_brand?post=3437"},{"taxonomy":"product_cat","embeddable":true,"href":"https:\/\/www.jadastroom.nl\/es\/wp-json\/wp\/v2\/product_cat?post=3437"},{"taxonomy":"product_tag","embeddable":true,"href":"https:\/\/www.jadastroom.nl\/es\/wp-json\/wp\/v2\/product_tag?post=3437"}],"curies":[{"name":"wp","href":"https:\/\/api.w.org\/{rel}","templated":true}]}}