{"id":33258,"date":"2025-03-12T10:10:11","date_gmt":"2025-03-12T09:10:11","guid":{"rendered":"https:\/\/www.jadastroom.nl\/?post_type=product&#038;p=33258"},"modified":"2025-06-20T10:52:22","modified_gmt":"2025-06-20T08:52:22","slug":"bluetooth-victron-energy-mppt-laadregelaar-set-zonnepaneel-460wp-5-jaar-garantie","status":"publish","type":"product","link":"https:\/\/www.jadastroom.nl\/es\/winkel\/geen-categorie\/bluetooth-victron-energy-mppt-laadregelaar-set-zonnepaneel-460wp-5-jaar-garantie\/","title":{"rendered":"Bluetooth \u2013 Victron Energy MPPT Laadregelaar \u2013 Set Zonnepaneel 460Wp \u2013 5 Jaar Garantie"},"content":{"rendered":"<p>Artikelnummer: JaDa9501513853771<\/p>\n<p class=\"translation-block\">\u00bfVa a salir este a\u00f1o con el barco, la caravana o el camper y no quiere quedarse sin electricidad? Entonces este kit de paneles solares es ideal, ya que carga autom\u00e1ticamente su bater\u00eda. El kit es muy f\u00e1cil de instalar, \u00a1incluso si no tiene experiencia con paneles solares! Esto se debe a que el kit es plug-and-play. Adem\u00e1s, el kit se entrega con instrucciones paso a paso, un esquema, un manual para el regulador de carga y, si tiene preguntas sobre la instalaci\u00f3n, el equipo de JaDaStroom siempre est\u00e1 disponible. A trav\u00e9s de la aplicaci\u00f3n de Victron Energy, puede ver cu\u00e1nta energ\u00eda generan los paneles solares. Los cables del panel solar tienen 30 cm de longitud, por lo que no tiene cables sueltos en el techo (tambi\u00e9n podemos suministrar extensiones si es necesario). El kit de paneles solares tiene una garant\u00eda de 5 a\u00f1os.<\/p>\n<p><strong>Este set contiene<\/strong><\/p>\n<ul>\n<li>4 x Sungold Solar 115Wp mono zonnepaneel<\/li>\n<li>4 x Montage spoiler (set van 2 stuks)<\/li>\n<li>1 x regulador de carga MPPT Victron Energy 100\/30 con Bluetooth (incluye manual)<\/li>\n<li>1 x diagrama esquem\u00e1tico<\/li>\n<li>1 x pasacables de techo<\/li>\n<li>5 metros de cable rojo (del panel solar al regulador)<\/li>\n<li>5 metros de cable negro (del panel solar al regulador)<\/li>\n<li>2,5 metros de cable rojo (del regulador a la bater\u00eda)<\/li>\n<li>2,5 metros de cable negro (del regulador a la bater\u00eda)<\/li>\n<li>Todos los cables con conectores<\/li>\n<li>Soporte t\u00e9cnico siempre disponible por JaDaStroom<\/li>\n<\/ul>\n<p><strong>Informaci\u00f3n sobre el panel:<\/strong><\/p>\n<ul>\n<li>Maximum Power (Pmax): 115 Watt<\/li>\n<li>Open Circuit Voltage (Voc): 22,6 Volt<\/li>\n<li>Maximum Power Current (Imp): 5,09A<\/li>\n<li>Dimensiones 1195 x 545 x 35 mm<\/li>\n<li>Peso: 5,9 kg<\/li>\n<li>Monocristalino<\/li>\n<\/ul>\n<p><strong>Informaci\u00f3n sobre el regulador de carga<\/strong><br \/>\nCon el regulador de carga MPPT de Victron Energy, aumentas la eficiencia energ\u00e9tica en un 30% en comparaci\u00f3n con los reguladores PWM, y el regulador MPPT de Victron Energy es un 10% m\u00e1s eficiente que los MPPT m\u00e1s lentos.<br \/>\nEl regulador de carga incluye un manual, disponible en neerland\u00e9s e ingl\u00e9s.<br \/>\nTambi\u00e9n puede ver cu\u00e1nta energ\u00eda producen los paneles solares a trav\u00e9s de la aplicaci\u00f3n de Victron Energy, llamada \u201cVictronConnect\u201d, que se puede descargar f\u00e1cilmente en la App Store y Play Store.<\/p>\n<p><strong>Informaci\u00f3n sobre el cable<\/strong><\/p>\n<ul>\n<li>El cable contiene todos los conectores para la conexi\u00f3n. Adem\u00e1s, hay un fusible incorporado en el cable.<\/li>\n<li>El cable del panel solar al regulador es de 6 mm\u00b2.<\/li>\n<li>El cable del regulador de carga a la bater\u00eda es de 10 mm\u00b2.<\/li>\n<\/ul>\n<p><strong>Informaci\u00f3n sobre el pasacables de techo<\/strong><br \/>\nPermite que el cable entre en la caravana o el barco sin que entre agua.<\/p>\n<p><strong>\u00datil saber<\/strong><\/p>\n<ul>\n<li>Los paneles se pueden fijar con masilla o a trav\u00e9s de los puntos de sujeci\u00f3n laterales<\/li>\n<li>Este set es para un sistema de 12V y 24V<\/li>\n<\/ul>\n<p><strong>\u00bfPor qu\u00e9 elegirnos?<\/strong><\/p>\n<p>JaDaStroom ofrece un set completo de paneles solares plug-and-play a un precio competitivo. Adem\u00e1s, siempre puede contactarnos con preguntas, tanto antes como despu\u00e9s de la compra. Tambi\u00e9n apostamos por la calidad, y hemos elegido deliberadamente un panel resistente a la intemperie. Esto tambi\u00e9n se refleja en el regulador de carga Victron Energy, una de las mejores marcas del mercado. Adem\u00e1s, JaDaStroom ofrece 5 a\u00f1os de garant\u00eda en este set de paneles solares.<\/p>\n<p><strong>Informaci\u00f3n adicional<br \/>\n<\/strong>De laadregelaar is geschikt voor de volgende accu\u2019s: loodzuur, Lithium lifepo4 met interne bms,\u00a0AGM en GEL accu\u2019s.<\/p>\n<p>Nunca conecte 2 tipos diferentes de paneles a un mismo regulador de carga, es decir, paneles con diferentes especificaciones. Por seguridad y eficiencia.<\/p>\n<p class=\"translation-block\">Los paneles solares pueden calentarse.\nTenga en cuenta que la superficie donde se colocan los paneles puede soportar el calor. De lo contrario, la pintura, por ejemplo, podr\u00eda burbujear.<\/p>\n<p>Si va a usar masilla para la fijaci\u00f3n: elija una masilla resistente al calor y a los rayos UV, por ejemplo Sikaflex 252 (tambi\u00e9n compruebe si la masilla se puede adherir a su superficie).<\/p>","protected":false},"excerpt":{"rendered":"<p>Artikelnummer: JaDa9501513853771 Gaat u dit jaar weg met de boot, caravan of camper en wilt u niet zonder stroom zitten? Dan is deze zonnepanelen set ideaal, omdat de zonnepanelen set automatisch uw accu oplaad. De set is erg eenvoudig om aan te sluiten, ook al heeft u geen ervaring met zonnepanelen! Dit komt omdat de [&hellip;]<\/p>\n","protected":false},"featured_media":33259,"comment_status":"open","ping_status":"closed","template":"","meta":{"wds_primary_product_brand":0,"wds_primary_product_cat":0},"product_brand":[],"product_cat":[46],"product_tag":[],"class_list":{"0":"post-33258","1":"product","2":"type-product","3":"status-publish","4":"has-post-thumbnail","6":"product_cat-geen-categorie","8":"first","9":"outofstock","10":"taxable","11":"shipping-taxable","12":"purchasable","13":"product-type-simple"},"_links":{"self":[{"href":"https:\/\/www.jadastroom.nl\/es\/wp-json\/wp\/v2\/product\/33258","targetHints":{"allow":["GET"]}}],"collection":[{"href":"https:\/\/www.jadastroom.nl\/es\/wp-json\/wp\/v2\/product"}],"about":[{"href":"https:\/\/www.jadastroom.nl\/es\/wp-json\/wp\/v2\/types\/product"}],"replies":[{"embeddable":true,"href":"https:\/\/www.jadastroom.nl\/es\/wp-json\/wp\/v2\/comments?post=33258"}],"wp:featuredmedia":[{"embeddable":true,"href":"https:\/\/www.jadastroom.nl\/es\/wp-json\/wp\/v2\/media\/33259"}],"wp:attachment":[{"href":"https:\/\/www.jadastroom.nl\/es\/wp-json\/wp\/v2\/media?parent=33258"}],"wp:term":[{"taxonomy":"product_brand","embeddable":true,"href":"https:\/\/www.jadastroom.nl\/es\/wp-json\/wp\/v2\/product_brand?post=33258"},{"taxonomy":"product_cat","embeddable":true,"href":"https:\/\/www.jadastroom.nl\/es\/wp-json\/wp\/v2\/product_cat?post=33258"},{"taxonomy":"product_tag","embeddable":true,"href":"https:\/\/www.jadastroom.nl\/es\/wp-json\/wp\/v2\/product_tag?post=33258"}],"curies":[{"name":"wp","href":"https:\/\/api.w.org\/{rel}","templated":true}]}}