{"id":32995,"date":"2024-06-28T18:25:33","date_gmt":"2024-06-28T16:25:33","guid":{"rendered":"https:\/\/www.jadastroom.nl\/?post_type=product&#038;p=32995"},"modified":"2026-04-14T15:35:37","modified_gmt":"2026-04-14T13:35:37","slug":"beloopbaar-flexibel-zonnepaneel-120wp-caravan-camper-boot-bestelwagen-of-vrachtwagen-5-jaar-garantie","status":"publish","type":"product","link":"https:\/\/www.jadastroom.nl\/es\/winkel\/zonnepanelensets\/beloopbaar-flexibel-zonnepaneel-120wp-caravan-camper-boot-bestelwagen-of-vrachtwagen-5-jaar-garantie\/","title":{"rendered":"Panel solar flexible premium transitable 120 Wp \u2013 Caravana, Autocaravana, Barco, Furgoneta o Cami\u00f3n \u2013 5 A\u00f1os de Garant\u00eda"},"content":{"rendered":"<p>Haga que sus viajes en caravana, autocaravana o barco sean a\u00fan m\u00e1s c\u00f3modos con nuestro panel solar flexible y transitable de 120 Wp. Este panel de alta calidad ofrece un rendimiento y una durabilidad excepcionales, ideal para aplicaciones m\u00f3viles. Con 5 a\u00f1os de garant\u00eda, disfruta de una fiabilidad a largo plazo.<\/p>\n<p><strong>Caracter\u00edsticas:<\/strong><\/p>\n<ul>\n<li class=\"translation-block\">Flexible y transitable: ideal para superficies curvas y apto para el tr\u00e1nsito peatonal.<\/li>\n<li class=\"translation-block\">Cable de 30 cm: minimiza el desorden en el techo para una instalaci\u00f3n ordenada.<\/li>\n<li class=\"translation-block\">Instalaci\u00f3n sencilla: dise\u00f1o plug &amp; play para un montaje sin esfuerzo.<\/li>\n<li class=\"translation-block\">Uso vers\u00e1til: dise\u00f1ado especialmente para caravanas, autocaravanas y barcos.<\/li>\n<li class=\"translation-block\">Soporte t\u00e9cnico: Asistencia t\u00e9cnica siempre proporcionada por JaDaStroom.<\/li>\n<\/ul>\n<p>Elija energ\u00eda sostenible mientras viaja con nuestro panel solar premium y disfrute de la libertad de un suministro el\u00e9ctrico independiente.<\/p>\n<p><strong>Informaci\u00f3n sobre el panel:<\/strong><\/p>\n<ul>\n<li>Maximum Power (Pmax) 120Wp<\/li>\n<li>Open Circuit Voltage (Voc) 23,30V<\/li>\n<li>Short Circuit Current (Isc) 6,42A<\/li>\n<li>Maximum Power Voltage (Vmp) 19,8V<\/li>\n<li>Maximum Power Current (Imp) 6,07A<\/li>\n<li>Dimensiones: 107 * 54 * 0,2cm<\/li>\n<li>Longitud de los cables del panel solar: 30cm<\/li>\n<li>Peso: 2 kg<\/li>\n<li>Panel flexible<\/li>\n<li>Monocristalino<\/li>\n<li>El panel solar es transitable<\/li>\n<li>Marca: JaDaStroom<\/li>\n<\/ul>\n<p><strong>\u00datil saber<\/strong><\/p>\n<ul>\n<li>Durante la conexi\u00f3n, tenga en cuenta los siguientes puntos: cubra siempre el panel al conectarlo o desconectarlo y siga las instrucciones del regulador de carga.<\/li>\n<li>Nunca conecte 2 tipos diferentes de paneles a un mismo regulador de carga, es decir, paneles con diferentes especificaciones. Por seguridad y eficiencia.<\/li>\n<li>Los paneles solares pueden calentarse.<\/li>\n<li>Tenga en cuenta que la superficie sobre la que se colocan los paneles solares sea resistente a esto. De lo contrario, la pintura podr\u00eda formar burbujas.<\/li>\n<li>Si utiliza adhesivo para la fijaci\u00f3n: elija un adhesivo resistente al calor y a los rayos UV, por ejemplo Sikaflex 252 (compruebe tambi\u00e9n que el adhesivo sea adecuado para su superficie). Utilice un cable solar de al menos 4 mm\u00b2.<\/li>\n<li>Aseg\u00farese de que no pueda entrar aire debajo del panel para evitar que se desprenda durante el trayecto.<\/li>\n<li>Si utiliza adhesivo, compruebe que tambi\u00e9n sea resistente al calor.<\/li>\n<li>Si un panel est\u00e1 da\u00f1ado y puede entrar agua en su interior, deje de utilizarlo.<\/li>\n<li>Si se coloca sobre el panel solar, aseg\u00farese de que no haya objetos afilados sobre el panel o debajo de su zapato. No se suba al panel solar con tacones.<\/li>\n<\/ul>\n<p><a href=\"https:\/\/www.jadastroom.nl\/es\/categoria-producto\/zonnepanelensets\/\" target=\"_blank\" rel=\"noopener\">Descubre todos los sistemas de paneles solares para autocaravanas y barcos<\/a><\/p>\n<p>&nbsp;<\/p>","protected":false},"excerpt":{"rendered":"<p>Maak uw reis met uw caravan, camper of boot nog comfortabeler met ons 120Wp flexibele overloopbare zonnepaneel. Dit hoogwaardige zonnepaneel biedt uitzonderlijke prestaties en duurzaamheid, perfect voor mobiele toepassingen. Met een garantie van 5 jaar bent u verzekerd van langdurige betrouwbaarheid. Kenmerken: Flexibel en Overloopbaar: Ideaal voor gebogen oppervlakken en voetgangersvriendelijk. 30cm Kabel: Minimaliseert rommel [&hellip;]<\/p>\n","protected":false},"featured_media":32996,"comment_status":"open","ping_status":"closed","template":"","meta":{"wds_primary_product_brand":0,"wds_primary_product_cat":139},"product_brand":[],"product_cat":[139],"product_tag":[],"class_list":{"0":"post-32995","1":"product","2":"type-product","3":"status-publish","4":"has-post-thumbnail","6":"product_cat-zonnepanelensets","8":"first","9":"instock","10":"taxable","11":"shipping-taxable","12":"purchasable","13":"product-type-simple"},"_links":{"self":[{"href":"https:\/\/www.jadastroom.nl\/es\/wp-json\/wp\/v2\/product\/32995","targetHints":{"allow":["GET"]}}],"collection":[{"href":"https:\/\/www.jadastroom.nl\/es\/wp-json\/wp\/v2\/product"}],"about":[{"href":"https:\/\/www.jadastroom.nl\/es\/wp-json\/wp\/v2\/types\/product"}],"replies":[{"embeddable":true,"href":"https:\/\/www.jadastroom.nl\/es\/wp-json\/wp\/v2\/comments?post=32995"}],"wp:featuredmedia":[{"embeddable":true,"href":"https:\/\/www.jadastroom.nl\/es\/wp-json\/wp\/v2\/media\/32996"}],"wp:attachment":[{"href":"https:\/\/www.jadastroom.nl\/es\/wp-json\/wp\/v2\/media?parent=32995"}],"wp:term":[{"taxonomy":"product_brand","embeddable":true,"href":"https:\/\/www.jadastroom.nl\/es\/wp-json\/wp\/v2\/product_brand?post=32995"},{"taxonomy":"product_cat","embeddable":true,"href":"https:\/\/www.jadastroom.nl\/es\/wp-json\/wp\/v2\/product_cat?post=32995"},{"taxonomy":"product_tag","embeddable":true,"href":"https:\/\/www.jadastroom.nl\/es\/wp-json\/wp\/v2\/product_tag?post=32995"}],"curies":[{"name":"wp","href":"https:\/\/api.w.org\/{rel}","templated":true}]}}