{"id":32981,"date":"2024-06-28T18:18:21","date_gmt":"2024-06-28T16:18:21","guid":{"rendered":"https:\/\/www.jadastroom.nl\/?post_type=product&#038;p=32981"},"modified":"2026-04-14T15:36:43","modified_gmt":"2026-04-14T13:36:43","slug":"overloopbare-flexibele-zonnepanelen-set-240wp-victron-energy-mppt-laadregelaar-5-jaar-garantie","status":"publish","type":"product","link":"https:\/\/www.jadastroom.nl\/es\/winkel\/zonnepanelensets\/overloopbare-flexibele-zonnepanelen-set-240wp-victron-energy-mppt-laadregelaar-5-jaar-garantie\/","title":{"rendered":"Kit de panel solar flexible transitable 240Wp premium \u2013 Regulador de carga MPPT Victron Energy \u2013 5 a\u00f1os de garant\u00eda"},"content":{"rendered":"<p>Haga que sus aventuras sean a\u00fan m\u00e1s c\u00f3modas con nuestro set premium de paneles solares, especialmente dise\u00f1ado para caravanas, autocaravanas y barcos. Este set ofrece una combinaci\u00f3n perfecta de eficiencia y comodidad con una impresionante garant\u00eda de 5 a\u00f1os. Gracias a la instalaci\u00f3n plug &amp; play y a las instrucciones paso a paso, el sistema es f\u00e1cil de conectar, incluso sin conocimientos t\u00e9cnicos. Los paneles solares son transitables y tienen cables de 30 cm, por lo que no tendr\u00e1 cables sueltos en el techo (tambi\u00e9n podemos suministrar extensiones si es necesario). Adem\u00e1s, JaDaStroom siempre ofrece soporte t\u00e9cnico si tiene alguna pregunta.<\/p>\n<p><strong>Este set contiene<\/strong><\/p>\n<ul>\n<li>2 x JaDaStroom panel solar flexible transitable 120Wp premium<\/li>\n<li>1 x regulador de carga MPPT Victron Energy 100\/20 con Bluetooth (incluye manual)<\/li>\n<li>1 x diagrama esquem\u00e1tico<\/li>\n<li>1 x pasacables de techo<\/li>\n<li>5 metros de cable rojo (del panel solar al regulador)<\/li>\n<li>5 metros de cable negro (del panel solar al regulador)<\/li>\n<li>2,5 metros de cable rojo (del regulador a la bater\u00eda)<\/li>\n<li>2,5 metros de cable negro (del regulador a la bater\u00eda)<\/li>\n<li>Todos los cables con conectores<\/li>\n<li>Soporte t\u00e9cnico siempre disponible por JaDaStroom<\/li>\n<\/ul>\n<p><strong>Informaci\u00f3n sobre el panel:<\/strong><\/p>\n<ul>\n<li>Maximum Power (Pmax) 120Wp<\/li>\n<li>Open Circuit Voltage (Voc) 23,30V<\/li>\n<li>Short Circuit Current (Isc) 6,42A<\/li>\n<li>Maximum Power Voltage (Vmp) 19,8V<\/li>\n<li>Maximum Power Current (Imp) 6,07A<\/li>\n<li>Dimensiones: 107 * 54 * 0,2cm<\/li>\n<li>Longitud de los cables del panel solar: 30cm<\/li>\n<li>Peso: 2 kg<\/li>\n<li>Panel flexible<\/li>\n<li>Monocristalino<\/li>\n<li>El panel solar es transitable<\/li>\n<li>Marca: JaDaStroom<\/li>\n<\/ul>\n<p class=\"translation-block\"><strong>Informaci\u00f3n sobre el regulador de carga<\/strong><br>\nCon el regulador de carga MPPT de Victron Energy, aumentas la eficiencia energ\u00e9tica en un 30% en comparaci\u00f3n con los reguladores PWM, y el regulador MPPT de Victron Energy es un 10% m\u00e1s eficiente que los MPPT m\u00e1s lentos. El regulador de carga incluye un manual, disponible en neerland\u00e9s e ingl\u00e9s. Tambi\u00e9n puedes ver cu\u00e1nta energ\u00eda producen los paneles solares a trav\u00e9s de la aplicaci\u00f3n de Victron Energy, llamada \u201cVictronConnect\u201d, que se puede descargar f\u00e1cilmente en la App Store y Play Store. Adem\u00e1s, hay un fusible incorporado en el regulador de carga.<\/p>\n<p><strong>Informaci\u00f3n sobre el cable<\/strong><\/p>\n<ul>\n<li>El cable contiene todos los conectores para la conexi\u00f3n. Adem\u00e1s, hay un fusible incorporado en el cable.<\/li>\n<li>El cable del panel solar al regulador es de 4 mm\u00b2.<\/li>\n<li>El cable del regulador a la bater\u00eda es de 6 mm\u00b2.<\/li>\n<\/ul>\n<p><strong>Informaci\u00f3n sobre el pasacables de techo<\/strong><br \/>\nPermite que el cable entre en la caravana o el barco sin que entre agua.<\/p>\n<p><strong>\u00datil saber<\/strong><\/p>\n<ul>\n<li>Los paneles se pueden fijar con masilla o a trav\u00e9s de los puntos de sujeci\u00f3n laterales<\/li>\n<li>Deze set is voor een 12V of 24V systeem<\/li>\n<\/ul>\n<p><strong>\u00bfPor qu\u00e9 elegirnos?<\/strong><\/p>\n<p>JaDaStroom ofrece un set completo de paneles solares plug-and-play a un precio competitivo. Adem\u00e1s, siempre puede contactarnos con preguntas, tanto antes como despu\u00e9s de la compra. Tambi\u00e9n apostamos por la calidad, y hemos elegido deliberadamente un panel resistente a la intemperie. Esto tambi\u00e9n se refleja en el regulador de carga Victron Energy, una de las mejores marcas del mercado. Adem\u00e1s, JaDaStroom ofrece 5 a\u00f1os de garant\u00eda en este set de paneles solares.<\/p>\n<p><strong>Informaci\u00f3n adicional<br \/>\n<\/strong>De laadregelaar is geschikt voor de volgende accu\u2019s: loodzuur, Lithium lifepo4 met interne bms, AGM en GEL accu\u2019s.<\/p>\n<p>Nunca conecte 2 tipos diferentes de paneles a un mismo regulador de carga, es decir, paneles con diferentes especificaciones. Por seguridad y eficiencia.<\/p>\n<p class=\"translation-block\">Los paneles solares pueden calentarse.\nTenga en cuenta que la superficie donde se colocan los paneles puede soportar el calor. De lo contrario, la pintura, por ejemplo, podr\u00eda burbujear.<\/p>\n<p>Si va a usar masilla para la fijaci\u00f3n: elija una masilla resistente al calor y a los rayos UV, por ejemplo Sikaflex 252 (tambi\u00e9n compruebe si la masilla se puede adherir a su superficie).<\/p>\n<p>Si se coloca sobre el panel solar, aseg\u00farese de que no haya objetos afilados sobre el panel o debajo de su zapato. No se suba al panel solar con tacones.<\/p>\n<p><a href=\"https:\/\/www.jadastroom.nl\/es\/categoria-producto\/zonnepanelensets\/\" target=\"_blank\" rel=\"noopener\">Ver m\u00e1s kits de paneles solares para autocaravana y barco<\/a><\/p>\n<p>&nbsp;<\/p>","protected":false},"excerpt":{"rendered":"<p>Maak uw avonturen nog comfortabeler met onze premium zonnepanelen set, speciaal ontworpen voor caravans, campers en boten. Deze set biedt een perfecte combinatie van effici\u00ebntie en gemak met een indrukwekkende garantie van 5 jaar. Dankzij de plug &amp; play installatie en de stapsgewijze instructie is het systeem eenvoudig aan te sluiten, zelfs zonder technische kennis. [&hellip;]<\/p>\n","protected":false},"featured_media":32982,"comment_status":"open","ping_status":"closed","template":"","meta":{"wds_primary_product_brand":0,"wds_primary_product_cat":139},"product_brand":[],"product_cat":[139],"product_tag":[],"class_list":{"0":"post-32981","1":"product","2":"type-product","3":"status-publish","4":"has-post-thumbnail","6":"product_cat-zonnepanelensets","8":"first","9":"instock","10":"taxable","11":"shipping-taxable","12":"purchasable","13":"product-type-simple"},"_links":{"self":[{"href":"https:\/\/www.jadastroom.nl\/es\/wp-json\/wp\/v2\/product\/32981","targetHints":{"allow":["GET"]}}],"collection":[{"href":"https:\/\/www.jadastroom.nl\/es\/wp-json\/wp\/v2\/product"}],"about":[{"href":"https:\/\/www.jadastroom.nl\/es\/wp-json\/wp\/v2\/types\/product"}],"replies":[{"embeddable":true,"href":"https:\/\/www.jadastroom.nl\/es\/wp-json\/wp\/v2\/comments?post=32981"}],"wp:featuredmedia":[{"embeddable":true,"href":"https:\/\/www.jadastroom.nl\/es\/wp-json\/wp\/v2\/media\/32982"}],"wp:attachment":[{"href":"https:\/\/www.jadastroom.nl\/es\/wp-json\/wp\/v2\/media?parent=32981"}],"wp:term":[{"taxonomy":"product_brand","embeddable":true,"href":"https:\/\/www.jadastroom.nl\/es\/wp-json\/wp\/v2\/product_brand?post=32981"},{"taxonomy":"product_cat","embeddable":true,"href":"https:\/\/www.jadastroom.nl\/es\/wp-json\/wp\/v2\/product_cat?post=32981"},{"taxonomy":"product_tag","embeddable":true,"href":"https:\/\/www.jadastroom.nl\/es\/wp-json\/wp\/v2\/product_tag?post=32981"}],"curies":[{"name":"wp","href":"https:\/\/api.w.org\/{rel}","templated":true}]}}