{"id":32711,"date":"2024-02-06T16:01:18","date_gmt":"2024-02-06T15:01:18","guid":{"rendered":"https:\/\/www.jadastroom.nl\/?post_type=product&#038;p=32711"},"modified":"2026-04-14T15:41:25","modified_gmt":"2026-04-14T13:41:25","slug":"victron-energy-zonnepanelen-set-bluetooth-set-vast-zonnepaneel-175wp","status":"publish","type":"product","link":"https:\/\/www.jadastroom.nl\/es\/winkel\/zonnepanelensets\/victron-energy-zonnepanelen-set-bluetooth-set-vast-zonnepaneel-175wp\/","title":{"rendered":"Kit de Panel Solar Victron Energy Bluetooth \u2013 Set de Panel Solar Fijo 185Wp \u2013 5 A\u00f1os de Garant\u00eda"},"content":{"rendered":"<p>N\u00famero de art\u00edculo JaDa950498419264123112<\/p>\n<p>Kit de paneles solares Victron Energy para caravanas, autocaravanas, barcos, furgonetas, camiones, casas peque\u00f1as o cobertizos.<\/p>\n<p>\u00bfVa a salir este a\u00f1o con el barco, la caravana o la autocaravana y no quiere quedarse sin electricidad?<br \/>\nEntonces este kit de paneles solares es ideal, ya que los paneles cargan autom\u00e1ticamente su bater\u00eda.<br \/>\nEl set es muy f\u00e1cil de instalar, incluso si no tiene experiencia con paneles solares. Esto se debe a que el kit es plug-and-play.<br \/>\nAdem\u00e1s, el kit se entrega con instrucciones paso a paso, un esquema y un manual para el regulador de carga. Si tiene alguna pregunta, siempre estamos a su disposici\u00f3n.<br \/>\nTambi\u00e9n puede ver a trav\u00e9s de la aplicaci\u00f3n de Victron Energy cu\u00e1nta energ\u00eda producen los paneles solares. El kit de paneles solares tiene una garant\u00eda de 5 a\u00f1os.<\/p>\n<p><strong>Este set contiene<\/strong><\/p>\n<ul>\n<li>1 x panel solar monocristalino Victron BlueSolar 185Wp<\/li>\n<li>1 x spoiler de montaje Solara HS68\/W (2) (set de 2 piezas)<\/li>\n<li>1 x regulador de carga MPPT Victron Energy 75\/15 con Bluetooth (incluye manual)<\/li>\n<li>1 x diagrama esquem\u00e1tico<\/li>\n<li>1 x pasacables de techo<\/li>\n<li>5 metros de cable rojo (del panel solar al regulador)<\/li>\n<li>5 metros de cable negro (del panel solar al regulador)<\/li>\n<li>Cable rojo de 2,5 metros (cable del regulador de carga a la bater\u00eda)<\/li>\n<li>Cable negro de 2,5 metros (cable del regulador de carga a la bater\u00eda)<\/li>\n<li>Todos los cables con conectores<\/li>\n<li>Soporte t\u00e9cnico siempre disponible por JaDaStroom<\/li>\n<\/ul>\n<p><strong>Informaci\u00f3n sobre el panel:<\/strong><\/p>\n<p>Maximum Power (Pmax) 185Wp<br \/>\nOpen Circuit Voltage (Voc): 24,11V<br \/>\nMaximum Power Current (Imp) 9,41A<br \/>\nDimensiones 1485 x 668 x 30 mm<br \/>\nPeso:  11 Kg<br \/>\nMonocristalino<\/p>\n<p><strong>Informaci\u00f3n sobre el regulador de carga<\/strong><br \/>\nCon el regulador de carga MPPT de Victron Energy, aumentas la eficiencia energ\u00e9tica en un 30% en comparaci\u00f3n con los reguladores PWM, y el regulador MPPT de Victron Energy es un 10% m\u00e1s eficiente que los MPPT m\u00e1s lentos.<br \/>\nEl regulador de carga incluye un manual, disponible en neerland\u00e9s e ingl\u00e9s.<br \/>\nTambi\u00e9n puede ver cu\u00e1nta energ\u00eda producen los paneles solares a trav\u00e9s de la aplicaci\u00f3n de Victron Energy, llamada \u201cVictronConnect\u201d, que se puede descargar f\u00e1cilmente en la App Store y Play Store.<br \/>\nAdem\u00e1s, hay un fusible incorporado en el regulador de carga.<\/p>\n<p><strong>Informaci\u00f3n sobre el cable<\/strong><br \/>\nEl cable incluye todos los conectores para la conexi\u00f3n.<br \/>\nEl cable del panel solar al regulador es de 4 mm\u00b2.<br \/>\nEl cable del regulador a la bater\u00eda es de 6 mm\u00b2.<\/p>\n<p>En el cable del regulador de carga a la bater\u00eda hay un fusible, y este fusible es reemplazable.<\/p>\n<p><strong>Informaci\u00f3n sobre los spoilers de montaje:<\/strong><\/p>\n<p>El kit incluye 2 spoilers de montaje, tambi\u00e9n se incluyen los tornillos. Los tornillos se pueden atornillar al marco del panel solar para fijarlo al spoiler de montaje (ver las ranuras en el spoiler). En la parte inferior del spoiler de montaje hay una tira donde se puede aplicar masilla para pegar el panel solar al techo o cubierta.<\/p>\n<p><strong>Informaci\u00f3n sobre el pasacables de techo<\/strong><br \/>\nPermite que el cable entre en la caravana o el barco sin que entre agua.<\/p>\n<p><strong>\u00datil saber<\/strong><\/p>\n<ul>\n<li>Este set es para un sistema de 12V<\/li>\n<li>Los spoilers de montaje sobresalen 7 cm por cada lado. Mida cuidadosamente el techo o la cubierta para asegurarse de que haya suficiente espacio para una instalaci\u00f3n correcta.<\/li>\n<\/ul>\n<p><strong>\u00bfPor qu\u00e9 elegirnos?<br \/>\n<\/strong>JaDaStroom ofrece un kit completo de paneles solares a un precio competitivo. Adem\u00e1s, siempre puede contactarnos con preguntas, tanto antes como despu\u00e9s de la compra. Apostamos por la calidad y hemos elegido deliberadamente un panel resistente a la intemperie. Esto tambi\u00e9n se refleja en el regulador de carga Victron Energy, una de las mejores marcas del mercado. La garant\u00eda del kit de paneles solares es de 5 a\u00f1os.<\/p>\n<p><strong><br \/>\nInformaci\u00f3n adicional<br \/>\n<\/strong><\/p>\n<p>Este kit de paneles solares tiene 5 a\u00f1os de garant\u00eda.<\/p>\n<p>El regulador de carga es compatible con las siguientes bater\u00edas: plomo-\u00e1cido, litio LiFePO4 con BMS interno, AGM y GEL.<\/p>\n<p>Nunca conecte 2 tipos diferentes de paneles a un mismo regulador de carga, es decir, paneles con diferentes especificaciones. Por seguridad y eficiencia.<\/p>\n<p>Este producto solo puede ser vendido por JaDaStroom. El cable es fabricado por JaDaStroom y no se vende por separado, lo que impide que otras personas ofrezcan el kit ya que el cable pertenece a JaDaStroom. El soporte t\u00e9cnico tambi\u00e9n es realizado por JaDaStroom.<\/p>\n<p><a href=\"https:\/\/www.jadastroom.nl\/es\/categoria-producto\/zonnepanelensets\/\" target=\"_blank\" rel=\"noopener\">Descubre todos los kits de paneles solares para autocaravana y barco<\/a><\/p>","protected":false},"excerpt":{"rendered":"<p>Artikelnummer: JaDa950498419264123112 Victron Energy zonnepanelen set voor caravans, campers, boten, busjes, vrachtwagens, tiny houses of schuurtjes! Gaat u dit jaar weg met de boot, caravan of camper en wilt u niet zonder stroom zitten? Dan is deze zonnepanelen set ideaal, omdat de zonnepanelen automatisch uw accu opladen. De set is erg eenvoudig om aan te [&hellip;]<\/p>\n","protected":false},"featured_media":32713,"comment_status":"open","ping_status":"closed","template":"","meta":{"wds_primary_product_brand":0,"wds_primary_product_cat":139},"product_brand":[],"product_cat":[139],"product_tag":[],"class_list":{"0":"post-32711","1":"product","2":"type-product","3":"status-publish","4":"has-post-thumbnail","6":"product_cat-zonnepanelensets","7":"pa_bluetooth-scherm-alleen-bluetooth","8":"pa_hoeveel-wp-200wp","9":"pa_merk-laadregelaar-victron-energy","10":"pa_type-laadregelaar-mppt","11":"pa_vast-of-flexibel-vast","13":"first","14":"instock","15":"taxable","16":"shipping-taxable","17":"purchasable","18":"product-type-simple"},"_links":{"self":[{"href":"https:\/\/www.jadastroom.nl\/es\/wp-json\/wp\/v2\/product\/32711","targetHints":{"allow":["GET"]}}],"collection":[{"href":"https:\/\/www.jadastroom.nl\/es\/wp-json\/wp\/v2\/product"}],"about":[{"href":"https:\/\/www.jadastroom.nl\/es\/wp-json\/wp\/v2\/types\/product"}],"replies":[{"embeddable":true,"href":"https:\/\/www.jadastroom.nl\/es\/wp-json\/wp\/v2\/comments?post=32711"}],"wp:featuredmedia":[{"embeddable":true,"href":"https:\/\/www.jadastroom.nl\/es\/wp-json\/wp\/v2\/media\/32713"}],"wp:attachment":[{"href":"https:\/\/www.jadastroom.nl\/es\/wp-json\/wp\/v2\/media?parent=32711"}],"wp:term":[{"taxonomy":"product_brand","embeddable":true,"href":"https:\/\/www.jadastroom.nl\/es\/wp-json\/wp\/v2\/product_brand?post=32711"},{"taxonomy":"product_cat","embeddable":true,"href":"https:\/\/www.jadastroom.nl\/es\/wp-json\/wp\/v2\/product_cat?post=32711"},{"taxonomy":"product_tag","embeddable":true,"href":"https:\/\/www.jadastroom.nl\/es\/wp-json\/wp\/v2\/product_tag?post=32711"}],"curies":[{"name":"wp","href":"https:\/\/api.w.org\/{rel}","templated":true}]}}