{"id":3102,"date":"2022-04-01T14:42:06","date_gmt":"2022-04-01T12:42:06","guid":{"rendered":"https:\/\/jadastroom.nl\/?post_type=product&#038;p=3102"},"modified":"2023-11-30T18:55:40","modified_gmt":"2023-11-30T17:55:40","slug":"bluetooth-victron-energy-mppt-laadregelaar-set-vast-zonnepaneel-300wp","status":"publish","type":"product","link":"https:\/\/www.jadastroom.nl\/es\/winkel\/geen-categorie\/bluetooth-victron-energy-mppt-laadregelaar-set-vast-zonnepaneel-300wp\/","title":{"rendered":"Bluetooth &#8211; Victron Energy MPPT Laadregelaar &#8211; Set Vast Zonnepaneel 300Wp"},"content":{"rendered":"<p>Artikelnummer: JaDa95038673743341<\/p>\n<p>\u00bfVa a salir este a\u00f1o con el barco, la caravana o la autocaravana y no quiere quedarse sin electricidad?<br \/>\nEntonces este kit de paneles solares es ideal, ya que los paneles cargan autom\u00e1ticamente su bater\u00eda.<br \/>\nEl set es muy f\u00e1cil de instalar, incluso si no tiene experiencia con paneles solares. Esto se debe a que el kit es plug-and-play.<br \/>\nAdem\u00e1s, el kit se entrega con instrucciones paso a paso, un esquema y un manual para el regulador de carga. Si tiene alguna pregunta, siempre estamos a su disposici\u00f3n.<\/p>\n<p><strong>Este set contiene<\/strong><\/p>\n<ul>\n<li>3 x vast zonnepaneel 100Wp<\/li>\n<li>12 x bevestigingsbeugel inclusief schroeven en bouten<\/li>\n<li>1 x regulador de carga MPPT Victron Energy 100\/30 con Bluetooth (incluye manual)<\/li>\n<li>1 x diagrama esquem\u00e1tico<\/li>\n<li>1 x pasacables de techo<\/li>\n<li>5 metros de cable rojo (del panel solar al regulador)<\/li>\n<li>5 metros de cable negro (del panel solar al regulador)<\/li>\n<li>2,5 metros de cable rojo (del regulador a la bater\u00eda)<\/li>\n<li>2,5 metros de cable negro (del regulador a la bater\u00eda)<\/li>\n<li>Todos los cables con conectores<\/li>\n<li>Altijd technische ondersteuning door JaDa Consumentenartikelen<\/li>\n<\/ul>\n<p><strong>Informaci\u00f3n sobre el panel:<\/strong><\/p>\n<ul>\n<li>Merk zonnepaneel: Renogy<\/li>\n<li>Max Power at STC (Pmax): 100W<\/li>\n<li>Open-Circuit Voltage (Voc): 24,3V<\/li>\n<li>Optimum Operating Voltage (Vmp): 20,4V<\/li>\n<li>Optimum Operating Current (Imp): 4,91A<\/li>\n<li>Short-Circuit Current (Isc): 5,21A<\/li>\n<li>Gewicht: 6,4kg<\/li>\n<li>Afmetingen: 106,2 x 53 x 3,5 cm<\/li>\n<li>Monocristalino<\/li>\n<\/ul>\n<p><strong>Informaci\u00f3n sobre el regulador de carga<\/strong><br \/>\nCon el regulador de carga MPPT de Victron Energy, aumentas la eficiencia energ\u00e9tica en un 30% en comparaci\u00f3n con los reguladores PWM, y el regulador MPPT de Victron Energy es un 10% m\u00e1s eficiente que los MPPT m\u00e1s lentos.<br \/>\nEl regulador de carga incluye un manual, disponible en neerland\u00e9s e ingl\u00e9s.<br \/>\nTambi\u00e9n puede ver cu\u00e1nta energ\u00eda producen los paneles solares a trav\u00e9s de la aplicaci\u00f3n de Victron Energy, llamada \u201cVictronConnect\u201d, que se puede descargar f\u00e1cilmente en la App Store y Play Store.<\/p>\n<p><strong>Informaci\u00f3n sobre el cable<\/strong><\/p>\n<ul>\n<li>El cable contiene todos los conectores para la conexi\u00f3n. Adem\u00e1s, hay un fusible incorporado en el cable.<\/li>\n<li>El cable del panel solar al regulador es de 6 mm\u00b2.<\/li>\n<li>El cable del regulador de carga a la bater\u00eda es de 10 mm\u00b2.<\/li>\n<\/ul>\n<p><strong>Informaci\u00f3n sobre el pasacables de techo<\/strong><br \/>\nPermite que el cable entre en la caravana o el barco sin que entre agua.<\/p>\n<p><strong>Informatie over de\u00a0<\/strong><strong>bevestigingsbeugels<br \/>\n<\/strong>De bevestigingsbeugel wordt geleverd met schroeven en bouten zodat u eenvoudig het paneel kan monteren.<\/p>\n<p><strong>Informaci\u00f3n adicional<br \/>\n<\/strong>De laadregelaar is geschikt voor de volgende accu\u2019s: loodzuur, Lithium lifepo4 met interne bms, AGM en GEL accu\u2019s.<\/p>\n<p>Nunca conecte 2 tipos diferentes de paneles a un mismo regulador de carga, es decir, paneles con diferentes especificaciones. Por seguridad y eficiencia.<\/p>\n<p>&nbsp;<\/p>","protected":false},"excerpt":{"rendered":"<p>Artikelnummer: JaDa95038673743341 Gaat u dit jaar weg met de boot, caravan of camper en wilt u niet zonder stroom zitten? Dan is deze zonnepanelen set ideaal, omdat de zonnepanelen automatisch uw accu opladen. De set is erg eenvoudig om aan te sluiten, ook al heeft u geen ervaring met zonnepanelen dit komt omdat de set [&hellip;]<\/p>\n","protected":false},"featured_media":3938,"comment_status":"open","ping_status":"closed","template":"","meta":{"wds_primary_product_brand":0,"wds_primary_product_cat":46},"product_brand":[],"product_cat":[46],"product_tag":[],"class_list":{"0":"post-3102","1":"product","2":"type-product","3":"status-publish","4":"has-post-thumbnail","6":"product_cat-geen-categorie","7":"pa_bluetooth-scherm-alleen-bluetooth","8":"pa_hoeveel-wp-300wp","9":"pa_merk-laadregelaar-victron-energy","10":"pa_type-laadregelaar-mppt","11":"pa_vast-of-flexibel-vast","13":"first","14":"outofstock","15":"taxable","16":"shipping-taxable","17":"purchasable","18":"product-type-simple"},"_links":{"self":[{"href":"https:\/\/www.jadastroom.nl\/es\/wp-json\/wp\/v2\/product\/3102","targetHints":{"allow":["GET"]}}],"collection":[{"href":"https:\/\/www.jadastroom.nl\/es\/wp-json\/wp\/v2\/product"}],"about":[{"href":"https:\/\/www.jadastroom.nl\/es\/wp-json\/wp\/v2\/types\/product"}],"replies":[{"embeddable":true,"href":"https:\/\/www.jadastroom.nl\/es\/wp-json\/wp\/v2\/comments?post=3102"}],"wp:featuredmedia":[{"embeddable":true,"href":"https:\/\/www.jadastroom.nl\/es\/wp-json\/wp\/v2\/media\/3938"}],"wp:attachment":[{"href":"https:\/\/www.jadastroom.nl\/es\/wp-json\/wp\/v2\/media?parent=3102"}],"wp:term":[{"taxonomy":"product_brand","embeddable":true,"href":"https:\/\/www.jadastroom.nl\/es\/wp-json\/wp\/v2\/product_brand?post=3102"},{"taxonomy":"product_cat","embeddable":true,"href":"https:\/\/www.jadastroom.nl\/es\/wp-json\/wp\/v2\/product_cat?post=3102"},{"taxonomy":"product_tag","embeddable":true,"href":"https:\/\/www.jadastroom.nl\/es\/wp-json\/wp\/v2\/product_tag?post=3102"}],"curies":[{"name":"wp","href":"https:\/\/api.w.org\/{rel}","templated":true}]}}