{"id":2245,"date":"2021-11-23T20:25:24","date_gmt":"2021-11-23T19:25:24","guid":{"rendered":"https:\/\/jadastroom.nl\/?post_type=product&#038;p=2245"},"modified":"2024-06-28T18:33:58","modified_gmt":"2024-06-28T16:33:58","slug":"pwm-victron-3","status":"publish","type":"product","link":"https:\/\/www.jadastroom.nl\/es\/winkel\/geen-categorie\/pwm-victron-3\/","title":{"rendered":"LCD &amp; USB &#8211; Victron Energy PWM Laadregelaar &#8211; Set Flexibel Zonnepaneel 300Wp"},"content":{"rendered":"<p>Artikelnummer: JaDa9501971913845<\/p>\n<p><strong>Todas las ventajas de un vistazo:<\/strong><\/p>\n<ul>\n<li>El kit es plug &amp; play<\/li>\n<li>El kit se entrega con instrucciones paso a paso, un esquema t\u00e9cnico y un manual de Victron Energy.<\/li>\n<li>Los paneles tambi\u00e9n funcionan en d\u00edas nublados.<\/li>\n<li>El regulador de carga Victron Energy est\u00e1 equipado con dos puertos USB y una pantalla LCD.<\/li>\n<li>Este kit incluye un fusible y todos los productos cuentan con la certificaci\u00f3n CE.<\/li>\n<li>\u00bfNecesita m\u00e1s o menos cable solar? Inf\u00f3rmenos con antelaci\u00f3n, ya que esto tambi\u00e9n es posible.<\/li>\n<\/ul>\n<p><strong>El kit incluye:<br \/>\n<\/strong><\/p>\n<ul>\n<li>3 x zonnepaneel 100Wp<\/li>\n<li>1 x Victron BlueSolar PWM-LCD&amp;USB 12\/24V-30A (hier zit ook een handleiding bij)<\/li>\n<li>1 x diagrama esquem\u00e1tico<\/li>\n<li>2 x splitter set<\/li>\n<li>1 x pasacables de techo<\/li>\n<li>5 metros de cable rojo (del panel solar al regulador)<\/li>\n<li>5 metros de cable negro (del panel solar al regulador)<\/li>\n<li>2,5 metros de cable rojo (del regulador a la bater\u00eda)<\/li>\n<li>2,5 metros de cable negro (del regulador a la bater\u00eda)<\/li>\n<li>Todos los cables con conectores<\/li>\n<li>Altijd technische ondersteuning door JaDa Consumentenartikelen<\/li>\n<\/ul>\n<p><strong>Informaci\u00f3n sobre el panel:<\/strong><\/p>\n<ul>\n<li>Maximum Power (Pmax) 100 W<\/li>\n<li>Open Circuit Voltage (Voc) 22,50 V<\/li>\n<li>Short Circuit Current (Isc) 5,81 A<\/li>\n<li>Maximum Power Voltage (Vmp) 18,00 V<\/li>\n<li>Maximum Power Current (Imp) 5,56 A<\/li>\n<li>Afmetingen: 1180 * 540 * 2MM<\/li>\n<li>Gewicht: 1,10kg<\/li>\n<li>Panel flexible<\/li>\n<li>Monocristalino<\/li>\n<\/ul>\n<p><strong>Informaci\u00f3n sobre el regulador de carga<br \/>\n<\/strong>El regulador de carga cuenta con una pantalla LCD para el control de estado y los ajustes. Tambi\u00e9n dispone de dos puertos USB. El cargador solar est\u00e1 equipado con una desconexi\u00f3n autom\u00e1tica de la carga.<br \/>\nProtecci\u00f3n contra sobrecorriente, cortocircuito y conexi\u00f3n con polaridad invertida de los paneles solares y\/o la bater\u00eda.<br \/>\nBij deze laadregelaar zitten de USB poorten aan de onderkant in plaats van aan de voorkant.<\/p>\n<p><strong>Informaci\u00f3n sobre el cable<\/strong><\/p>\n<ul>\n<li>El cable contiene todos los conectores para la conexi\u00f3n. Adem\u00e1s, hay un fusible incorporado en el cable.<\/li>\n<li>El cable del panel solar al regulador es de 6 mm\u00b2.<\/li>\n<li>El cable del regulador de carga a la bater\u00eda es de 10 mm\u00b2.<\/li>\n<\/ul>\n<p><strong>Informaci\u00f3n sobre el pasacables de techo<\/strong><br \/>\nPermite que el cable entre en la caravana o el barco sin que entre agua.<\/p>\n<p><strong>\u00datil saber<\/strong><\/p>\n<ul>\n<li>Los paneles se pueden fijar con masilla o a trav\u00e9s de los puntos de sujeci\u00f3n laterales<\/li>\n<li>Este set es para un sistema de 12V<\/li>\n<\/ul>\n<p><strong>\u00bfPor qu\u00e9 elegirnos?<\/strong><\/p>\n<p>JaDa Consumentenartikelen biedt een complete zonnepanelen set aan voor een scherpe prijs, daarnaast kan u altijd bij ons terecht met vragen zowel voor als na de koop! Daarnaast staan wij voor kwaliteit, wij hebben er bewust voor gekozen om een weerbestendig paneel aan te bieden. Dit is ook te zien aan de Victron Energy laadregelaar, een van de beste merken op de markt.<\/p>\n<p><strong>Informaci\u00f3n adicional<\/strong><br \/>\nDe laadregelaar is geschikt voor de volgende accu&#8217;s:\u00a0AGM, GEL, Flooded of LiFePO4-accu&#8217;s (alleen voor lithium accu&#8217;s met intern BMS).<\/p>\n<p>Nunca conecte 2 tipos diferentes de paneles a un mismo regulador de carga, es decir, paneles con diferentes especificaciones. Por seguridad y eficiencia.<\/p>\n<p class=\"translation-block\">Los paneles solares pueden calentarse.\nTenga en cuenta que la superficie donde se colocan los paneles puede soportar el calor. De lo contrario, la pintura, por ejemplo, podr\u00eda burbujear.<\/p>\n<p>Si va a usar masilla para la fijaci\u00f3n: elija una masilla resistente al calor y a los rayos UV, por ejemplo Sikaflex 252 (tambi\u00e9n compruebe si la masilla se puede adherir a su superficie).<\/p>","protected":false},"excerpt":{"rendered":"<p>Artikelnummer: JaDa9501971913845 Alle voordelen op een rijtje: De set is plug &amp; play De set wordt geleverd met een stapgewijze instructie, een schematische tekening en een handleiding van Victron Energy De panelen werken ook bij bewolkte dagen De Victron Energy laadregelaar is voorzien van twee USB poorten en een LCD scherm Deze set heeft een [&hellip;]<\/p>\n","protected":false},"featured_media":4216,"comment_status":"open","ping_status":"closed","template":"","meta":{"wds_primary_product_brand":0,"wds_primary_product_cat":139},"product_brand":[],"product_cat":[46],"product_tag":[],"class_list":{"0":"post-2245","1":"product","2":"type-product","3":"status-publish","4":"has-post-thumbnail","6":"product_cat-geen-categorie","7":"pa_bluetooth-scherm-alleen-scherm","8":"pa_hoeveel-wp-300wp","9":"pa_merk-laadregelaar-victron-energy","10":"pa_type-laadregelaar-pwm","11":"pa_vast-of-flexibel-flexibel","13":"first","14":"instock","15":"taxable","16":"shipping-taxable","17":"purchasable","18":"product-type-simple"},"_links":{"self":[{"href":"https:\/\/www.jadastroom.nl\/es\/wp-json\/wp\/v2\/product\/2245","targetHints":{"allow":["GET"]}}],"collection":[{"href":"https:\/\/www.jadastroom.nl\/es\/wp-json\/wp\/v2\/product"}],"about":[{"href":"https:\/\/www.jadastroom.nl\/es\/wp-json\/wp\/v2\/types\/product"}],"replies":[{"embeddable":true,"href":"https:\/\/www.jadastroom.nl\/es\/wp-json\/wp\/v2\/comments?post=2245"}],"wp:featuredmedia":[{"embeddable":true,"href":"https:\/\/www.jadastroom.nl\/es\/wp-json\/wp\/v2\/media\/4216"}],"wp:attachment":[{"href":"https:\/\/www.jadastroom.nl\/es\/wp-json\/wp\/v2\/media?parent=2245"}],"wp:term":[{"taxonomy":"product_brand","embeddable":true,"href":"https:\/\/www.jadastroom.nl\/es\/wp-json\/wp\/v2\/product_brand?post=2245"},{"taxonomy":"product_cat","embeddable":true,"href":"https:\/\/www.jadastroom.nl\/es\/wp-json\/wp\/v2\/product_cat?post=2245"},{"taxonomy":"product_tag","embeddable":true,"href":"https:\/\/www.jadastroom.nl\/es\/wp-json\/wp\/v2\/product_tag?post=2245"}],"curies":[{"name":"wp","href":"https:\/\/api.w.org\/{rel}","templated":true}]}}