{"id":2948,"date":"2022-02-26T15:12:57","date_gmt":"2022-02-26T14:12:57","guid":{"rendered":"https:\/\/jadastroom.nl\/?page_id=2948"},"modified":"2023-07-10T19:43:04","modified_gmt":"2023-07-10T17:43:04","slug":"faq","status":"publish","type":"page","link":"https:\/\/www.jadastroom.nl\/es\/faq\/","title":{"rendered":"FAQ"},"content":{"rendered":"<div data-elementor-type=\"wp-page\" data-elementor-id=\"2948\" class=\"elementor elementor-2948\" data-elementor-post-type=\"page\">\n\t\t\t\t\t\t<section class=\"elementor-section elementor-top-section elementor-element elementor-element-2056b elementor-section-height-min-height elementor-section-boxed elementor-section-height-default elementor-section-items-middle\" data-id=\"2056b\" data-element_type=\"section\" data-e-type=\"section\" data-settings=\"{&quot;background_background&quot;:&quot;classic&quot;,&quot;jet_parallax_layout_list&quot;:[]}\">\n\t\t\t\t\t\t\t<div class=\"elementor-background-overlay\"><\/div>\n\t\t\t\t\t\t\t<div class=\"elementor-container elementor-column-gap-default\">\n\t\t\t\t\t<div class=\"elementor-column elementor-col-100 elementor-top-column elementor-element elementor-element-22c038b7\" data-id=\"22c038b7\" data-element_type=\"column\" data-e-type=\"column\">\n\t\t\t<div class=\"elementor-widget-wrap elementor-element-populated\">\n\t\t\t\t\t\t<div class=\"elementor-element elementor-element-7dd8ef15 elementor-widget elementor-widget-text-editor\" data-id=\"7dd8ef15\" data-element_type=\"widget\" data-e-type=\"widget\" data-widget_type=\"text-editor.default\">\n\t\t\t\t<div class=\"elementor-widget-container\">\n\t\t\t\t\t\t\t\t\t<p>Preguntas frecuentes\u00a0<b>FAQ<\/b><\/p>\t\t\t\t\t\t\t\t<\/div>\n\t\t\t\t<\/div>\n\t\t\t\t\t<\/div>\n\t\t<\/div>\n\t\t\t\t\t<\/div>\n\t\t<\/section>\n\t\t\t\t<section class=\"elementor-section elementor-top-section elementor-element elementor-element-f12acd5 elementor-section-boxed elementor-section-height-default elementor-section-height-default\" data-id=\"f12acd5\" data-element_type=\"section\" data-e-type=\"section\" data-settings=\"{&quot;background_background&quot;:&quot;classic&quot;,&quot;jet_parallax_layout_list&quot;:[]}\">\n\t\t\t\t\t\t<div class=\"elementor-container elementor-column-gap-default\">\n\t\t\t\t\t<div class=\"elementor-column elementor-col-100 elementor-top-column elementor-element elementor-element-31343fd9\" data-id=\"31343fd9\" data-element_type=\"column\" data-e-type=\"column\">\n\t\t\t<div class=\"elementor-widget-wrap elementor-element-populated\">\n\t\t\t\t\t\t<div class=\"elementor-element elementor-element-420f7202 elementor-widget elementor-widget-woocommerce-breadcrumb\" data-id=\"420f7202\" data-element_type=\"widget\" data-e-type=\"widget\" data-widget_type=\"woocommerce-breadcrumb.default\">\n\t\t\t\t<div class=\"elementor-widget-container\">\n\t\t\t\t\t<nav class=\"woocommerce-breadcrumb\" aria-label=\"Breadcrumb\" data-no-translation=\"\" data-trp-gettext=\"\">Inicio<\/nav>\t\t\t\t<\/div>\n\t\t\t\t<\/div>\n\t\t\t\t\t<\/div>\n\t\t<\/div>\n\t\t\t\t\t<\/div>\n\t\t<\/section>\n\t\t\t\t<section class=\"elementor-section elementor-top-section elementor-element elementor-element-42ae3b8 elementor-section-boxed elementor-section-height-default elementor-section-height-default\" data-id=\"42ae3b8\" data-element_type=\"section\" data-e-type=\"section\" data-settings=\"{&quot;jet_parallax_layout_list&quot;:[]}\">\n\t\t\t\t\t\t<div class=\"elementor-container elementor-column-gap-default\">\n\t\t\t\t\t<div class=\"elementor-column elementor-col-100 elementor-top-column elementor-element elementor-element-ff7b146\" data-id=\"ff7b146\" data-element_type=\"column\" data-e-type=\"column\">\n\t\t\t<div class=\"elementor-widget-wrap elementor-element-populated\">\n\t\t\t\t\t\t<div class=\"elementor-element elementor-element-8a3aa3a elementor-widget elementor-widget-elementskit-faq\" data-id=\"8a3aa3a\" data-element_type=\"widget\" data-e-type=\"widget\" data-widget_type=\"elementskit-faq.default\">\n\t\t\t\t<div class=\"elementor-widget-container\">\n\t\t\t\t\t<div class=\"ekit-wid-con\" >\n                <div class=\"elementskit-single-faq elementor-repeater-item-3f236db\">\n            <div class=\"elementskit-faq-header\">\n                <h2 class=\"elementskit-faq-title\">\u00bfC\u00f3mo instalo un kit de paneles solares de JaDa Stroom?<\/h2>\n            <\/div>\n            <div class=\"elementskit-faq-body translation-block\">Un kit de paneles solares de JaDa Stroom es f\u00e1cil de instalar, puede leerlo en este blog. Si todav\u00eda tiene preguntas, p\u00f3ngase en contacto con uno de nuestros expertos.<\/div>\n        <\/div>\n                <div class=\"elementskit-single-faq elementor-repeater-item-f9767e9\">\n            <div class=\"elementskit-faq-header\">\n                <h2 class=\"elementskit-faq-title\">\u00bfC\u00f3mo elijo el kit de paneles solares adecuado para mi caravana, camper o barco?<\/h2>\n            <\/div>\n            <div class=\"elementskit-faq-body translation-block\">Al elegir un kit de paneles solares adecuado, se deben tener en cuenta varios aspectos, como se explica en este blog. Si todav\u00eda tiene preguntas, p\u00f3ngase en contacto con uno de nuestros expertos.<\/div>\n        <\/div>\n                <div class=\"elementskit-single-faq elementor-repeater-item-27872fc\">\n            <div class=\"elementskit-faq-header\">\n                <h2 class=\"elementskit-faq-title\">\u00bfCu\u00e1ndo merece la pena un kit de paneles solares para un veh\u00edculo o embarcaci\u00f3n?<\/h2>\n            <\/div>\n            <div class=\"elementskit-faq-body translation-block\">A menudo, un kit de paneles solares merece la pena para un veh\u00edculo o embarcaci\u00f3n; puede encontrar m\u00e1s informaci\u00f3n al respecto en este blog. Si todav\u00eda tiene preguntas, p\u00f3ngase en contacto con uno de nuestros expertos.<\/div>\n        <\/div>\n                <div class=\"elementskit-single-faq elementor-repeater-item-0274c1a\">\n            <div class=\"elementskit-faq-header\">\n                <h2 class=\"elementskit-faq-title\">\u00bfC\u00f3mo instalo los paneles solares?<\/h2>\n            <\/div>\n            <div class=\"elementskit-faq-body translation-block\">Los paneles solares flexibles suelen fijarse con sellador, siendo Sikaflex 252 muy utilizado. Compruebe siempre si el sellador es adecuado para la superficie donde se colocar\u00e1n los paneles solares. Otras opciones son los puntos de fijaci\u00f3n en los paneles flexibles o tiras de velcro; aseg\u00farese de que el panel solar no pueda volar. Los paneles solares fijos se fijan con los soportes que se incluyen en el kit. Si todav\u00eda tiene preguntas, p\u00f3ngase en contacto con uno de nuestros expertos.<\/div>\n        <\/div>\n                <div class=\"elementskit-single-faq elementor-repeater-item-b40acb9\">\n            <div class=\"elementskit-faq-header\">\n                <h2 class=\"elementskit-faq-title\">\u00bfQu\u00e9 bater\u00eda y qu\u00e9 inversor 12\u202fV 230\u202fV necesito? <\/h2>\n            <\/div>\n            <div class=\"elementskit-faq-body translation-block\">Actualmente no hay un blog sobre esto, puede enviar sus preguntas a trav\u00e9s de nuestro formulario de contacto. Si todav\u00eda tiene preguntas, p\u00f3ngase en contacto con uno de nuestros expertos.<\/div>\n        <\/div>\n                <div class=\"elementskit-single-faq elementor-repeater-item-34558e1\">\n            <div class=\"elementskit-faq-header\">\n                <h2 class=\"elementskit-faq-title\">\u00bfD\u00f3nde encuentro el tipo de bater\u00eda para poder configurar correctamente mi regulador de carga? <\/h2>\n            <\/div>\n            <div class=\"elementskit-faq-body translation-block\">A menudo esto est\u00e1 indicado en la bater\u00eda o en la p\u00e1gina web del proveedor y del fabricante. Si no es as\u00ed, lo mejor es preguntar al proveedor o fabricante. \u00a1En las bater\u00edas que suministra JaDa Stroom siempre aparece esta informaci\u00f3n! Si todav\u00eda tiene preguntas, p\u00f3ngase en contacto con uno de nuestros expertos.<\/div>\n        <\/div>\n                <div class=\"elementskit-single-faq elementor-repeater-item-d7e9374\">\n            <div class=\"elementskit-faq-header\">\n                <h2 class=\"elementskit-faq-title\">\u00bfC\u00f3mo cambio la configuraci\u00f3n del regulador de carga? <\/h2>\n            <\/div>\n            <div class=\"elementskit-faq-body translation-block\">Esto var\u00eda seg\u00fan el regulador de carga; en el manual que se entrega con el kit encontrar\u00e1 m\u00e1s informaci\u00f3n al respecto. Si todav\u00eda tiene preguntas, p\u00f3ngase en contacto con uno de nuestros expertos.<\/div>\n        <\/div>\n                <div class=\"elementskit-single-faq elementor-repeater-item-10a210a\">\n            <div class=\"elementskit-faq-header\">\n                <h2 class=\"elementskit-faq-title\">\u00bfCu\u00e1les son las dimensiones y el peso de los paneles solares? <\/h2>\n            <\/div>\n            <div class=\"elementskit-faq-body translation-block\">Esto se encuentra en la p\u00e1gina del producto, bajo el t\u00edtulo: \u201cInformaci\u00f3n sobre el panel:\u201d. Haga clic aqu\u00ed para ver todos los kits de paneles solares. Si todav\u00eda tiene preguntas, p\u00f3ngase en contacto con uno de nuestros expertos.<\/div>\n        <\/div>\n                <div class=\"elementskit-single-faq elementor-repeater-item-7ba43f7\">\n            <div class=\"elementskit-faq-header\">\n                <h2 class=\"elementskit-faq-title\">\u00bfCu\u00e1l es la diferencia entre los distintos reguladores de carga? <\/h2>\n            <\/div>\n            <div class=\"elementskit-faq-body translation-block\">La diferencia entre los distintos reguladores de carga se puede encontrar en este blog, bajo el t\u00edtulo: \u201cOpciones por regulador de carga\u201d. Si todav\u00eda tiene preguntas, p\u00f3ngase en contacto con uno de nuestros expertos.<\/div>\n        <\/div>\n                \n    <\/div>\t\t\t\t<\/div>\n\t\t\t\t<\/div>\n\t\t\t\t\t<\/div>\n\t\t<\/div>\n\t\t\t\t\t<\/div>\n\t\t<\/section>\n\t\t\t\t<\/div>","protected":false},"excerpt":{"rendered":"<p>Veel gestelde vragen &#8211;\u00a0FAQ Hoe installeer ik een zonnepanelen set van JaDa Stroom? Een zonnepanelen set van JaDa Stroom is makkelijk te installeren, dit is te lezen in deze blog. Mocht u nog vragen hebben neem dan contact op met een van de experts! Hoe kies ik de geschikte zonnepanelen set voor mijn caravan, camper [&hellip;]<\/p>\n","protected":false},"author":8,"featured_media":0,"parent":0,"menu_order":0,"comment_status":"closed","ping_status":"closed","template":"","meta":{"footnotes":""},"class_list":["post-2948","page","type-page","status-publish","hentry"],"_links":{"self":[{"href":"https:\/\/www.jadastroom.nl\/es\/wp-json\/wp\/v2\/pages\/2948","targetHints":{"allow":["GET"]}}],"collection":[{"href":"https:\/\/www.jadastroom.nl\/es\/wp-json\/wp\/v2\/pages"}],"about":[{"href":"https:\/\/www.jadastroom.nl\/es\/wp-json\/wp\/v2\/types\/page"}],"author":[{"embeddable":true,"href":"https:\/\/www.jadastroom.nl\/es\/wp-json\/wp\/v2\/users\/8"}],"replies":[{"embeddable":true,"href":"https:\/\/www.jadastroom.nl\/es\/wp-json\/wp\/v2\/comments?post=2948"}],"version-history":[{"count":0,"href":"https:\/\/www.jadastroom.nl\/es\/wp-json\/wp\/v2\/pages\/2948\/revisions"}],"wp:attachment":[{"href":"https:\/\/www.jadastroom.nl\/es\/wp-json\/wp\/v2\/media?parent=2948"}],"curies":[{"name":"wp","href":"https:\/\/api.w.org\/{rel}","templated":true}]}}