{"id":4058,"date":"2022-12-14T19:28:35","date_gmt":"2022-12-14T18:28:35","guid":{"rendered":"https:\/\/jadastroom.nl\/?post_type=product&#038;p=4058"},"modified":"2025-06-20T10:51:32","modified_gmt":"2025-06-20T08:51:32","slug":"flexibel-zonnepaneel-175wp-caravan-camper-boot-bestelwagen-of-vrachtwagen","status":"publish","type":"product","link":"https:\/\/www.jadastroom.nl\/de\/winkel\/geen-categorie\/flexibel-zonnepaneel-175wp-caravan-camper-boot-bestelwagen-of-vrachtwagen\/","title":{"rendered":"Flexibel Zonnepaneel 175Wp \u2013 Caravan, Camper, Boot, Bestelwagen Of Vrachtwagen"},"content":{"rendered":"<p>Artikelnummer: JaDa95045992127271<\/p>\n<p>Leichte, flexible Module \u2013 es handelt sich um monokristalline Solarmodule.<br \/>\nDiese Solarmodule sind vielseitig einsetzbar, da sie flexibel sind. Sie lassen sich problemlos auf leicht gew\u00f6lbten Oberfl\u00e4chen montieren.<br \/>\nDie Montage kann mit Kleber oder \u00fcber die Befestigungspunkte erfolgen.<br \/>\nDiese Module werden h\u00e4ufig auf dem Dach eines Wohnwagens oder auf dem Deck eines Bootes sowie f\u00fcr viele weitere Anwendungen eingesetzt.<\/p>\n<p><strong>Informationen \u00fcber das Panel:<\/strong><\/p>\n<ul>\n<li>Maximum Power (Pmax) 175 Wp<\/li>\n<li>Opitmum Operating Voltage: 19,5 V<\/li>\n<li>Open-Circuit voltage (Voc): 23,9 V<\/li>\n<li>Optimum Operating Current: 8,98 A<\/li>\n<li>Short-Circuit Current (Isc): 9,50 A<\/li>\n<li>Afmetingen: 150,37 x 67,31 x 0,20 cm<\/li>\n<li>Gewicht: 2,81 kg<\/li>\n<li>Panel ist flexibel<\/li>\n<li>Monokristallin<\/li>\n<\/ul>\n<p><strong>Paket enth\u00e4lt:<\/strong><\/p>\n<ul>\n<li>1 x Flexibel Zonnepaneel 175Wp<\/li>\n<li>1 x Anleitungsliste<\/li>\n<li>Altijd technische ondersteuning door JaDa Consumentenartikelen<\/li>\n<\/ul>\n<p><strong>Praktisch zu wissen<\/strong><\/p>\n<ul>\n<li>Bei der Installation sollten Sie auf folgende Punkte achten: Decken Sie das Solarmodul beim Anschlie\u00dfen oder Trennen immer ab und befolgen Sie die Anweisungen des Ladereglers.<\/li>\n<li>Schlie\u00dfen Sie niemals zwei verschiedene Arten von Paneelen an einen Laderegler an, also Paneele mit unterschiedlichen Spezifikationen. Aus Sicherheits- und Effizienzgr\u00fcnden.<\/li>\n<li>Die Solarmodule k\u00f6nnen hei\u00df werden.<\/li>\n<li>Bitte beachten Sie, dass die Oberfl\u00e4che, auf der die Solarmodule montiert werden, daf\u00fcr geeignet und hitzebest\u00e4ndig ist. Andernfalls kann sich beispielsweise die Farbe abl\u00f6sen oder Blasen bilden.<\/li>\n<li>Als u kit gaat gebruiken voor de bevestiging: kies dan een kit dat hitte \/ uv bestendig is, bijvoorbeeld sikaflex 252 (check ook of de kit op uw oppervlakte kan worden verlijmd)<\/li>\n<li>Wenn ein Modul besch\u00e4digt ist und dadurch Wasser eindringen kann, verwenden Sie es nicht mehr.<\/li>\n<\/ul>","protected":false},"excerpt":{"rendered":"<p>Artikelnummer: JaDa95045992127271 Lichte flexibele panelen, dit zijn monokristallijn panelen. Deze zonnepanelen zijn breed toepasbaar doordat ze buigbaar zijn u kunt ze makkelijk monteren op een licht gebogen oppervlakte. Monteren kan met kit of via de bevestigingspunten. Deze panelen worden veel gebruikt op het dak van een caravan of op het dek van een boot en [&hellip;]<\/p>\n","protected":false},"featured_media":4059,"comment_status":"open","ping_status":"closed","template":"","meta":{"wds_primary_product_brand":0,"wds_primary_product_cat":139},"product_brand":[],"product_cat":[46],"product_tag":[],"class_list":{"0":"post-4058","1":"product","2":"type-product","3":"status-publish","4":"has-post-thumbnail","6":"product_cat-geen-categorie","7":"pa_vast-of-flexibel-flexibel","9":"first","10":"outofstock","11":"taxable","12":"shipping-taxable","13":"purchasable","14":"product-type-simple"},"_links":{"self":[{"href":"https:\/\/www.jadastroom.nl\/de\/wp-json\/wp\/v2\/product\/4058","targetHints":{"allow":["GET"]}}],"collection":[{"href":"https:\/\/www.jadastroom.nl\/de\/wp-json\/wp\/v2\/product"}],"about":[{"href":"https:\/\/www.jadastroom.nl\/de\/wp-json\/wp\/v2\/types\/product"}],"replies":[{"embeddable":true,"href":"https:\/\/www.jadastroom.nl\/de\/wp-json\/wp\/v2\/comments?post=4058"}],"wp:featuredmedia":[{"embeddable":true,"href":"https:\/\/www.jadastroom.nl\/de\/wp-json\/wp\/v2\/media\/4059"}],"wp:attachment":[{"href":"https:\/\/www.jadastroom.nl\/de\/wp-json\/wp\/v2\/media?parent=4058"}],"wp:term":[{"taxonomy":"product_brand","embeddable":true,"href":"https:\/\/www.jadastroom.nl\/de\/wp-json\/wp\/v2\/product_brand?post=4058"},{"taxonomy":"product_cat","embeddable":true,"href":"https:\/\/www.jadastroom.nl\/de\/wp-json\/wp\/v2\/product_cat?post=4058"},{"taxonomy":"product_tag","embeddable":true,"href":"https:\/\/www.jadastroom.nl\/de\/wp-json\/wp\/v2\/product_tag?post=4058"}],"curies":[{"name":"wp","href":"https:\/\/api.w.org\/{rel}","templated":true}]}}