{"id":4000,"date":"2022-11-06T13:37:39","date_gmt":"2022-11-06T12:37:39","guid":{"rendered":"https:\/\/jadastroom.nl\/?post_type=product&#038;p=4000"},"modified":"2023-11-30T18:53:52","modified_gmt":"2023-11-30T17:53:52","slug":"200wp-set-met-victron-energy-lithium-lifepo4-accu-200ah-12v-230v-omvormer-12-1600-2","status":"publish","type":"product","link":"https:\/\/www.jadastroom.nl\/de\/winkel\/geen-categorie\/200wp-set-met-victron-energy-lithium-lifepo4-accu-200ah-12v-230v-omvormer-12-1600-2\/","title":{"rendered":"200Wp Set Met Victron Energy Lithium Lifepo4 Accu 200Ah &amp; 12V-230V Omvormer 12\/1600"},"content":{"rendered":"<p>Artikelnummer: JaDa9504984192641231l<\/p>\n<p>Fahren Sie dieses Jahr mit dem Boot, Wohnwagen oder Camper weg und m\u00f6chten Sie nicht ohne Strom dastehen?<br \/>\nDann ist dieses Solarpanel-Set ideal, da die Solarmodule Ihre Batterie automatisch laden.<br \/>\nDas Set ist sehr einfach anzuschlie\u00dfen, auch wenn Sie keine Erfahrung mit Solarmodulen haben. Dies liegt daran, dass das Set Plug-and-Play ist.<br \/>\nDar\u00fcber hinaus wird das Set mit einer Schritt-f\u00fcr-Schritt-Anleitung, einem Schaltplan und einer Bedienungsanleitung f\u00fcr den Laderegler geliefert. Sollten Sie noch Fragen haben, stehen wir Ihnen jederzeit zur Verf\u00fcgung!<br \/>\n\u00dcber die Victron Energy App k\u00f6nnen Sie sehen, wie viel die Solarmodule erzeugen. Das Solar-Set wird mit einer Batterie, einem 12V-230V Wechselrichter und allen Kabeln f\u00fcr den Anschluss geliefert.<\/p>\n<p>De levertijd voor deze set is 5-7 werkdagen.<\/p>\n<p><strong>Dieses Set enth\u00e4lt<\/strong><\/p>\n<ul>\n<li>2 x Renogy zonnepaneel 100Wp<\/li>\n<li>8 x bevestigingsbeugel inclusief schroeven en bouten<\/li>\n<li>1 x MPPT-Laderegler Victron Energy 75\/15 mit Bluetooth (inklusive Bedienungsanleitung)<\/li>\n<li>2 x Victron Lithium Batterie SuperPack 12,8V\/100Ah (M8) Hochstrom<\/li>\n<li>1 x Victron Phoenix Smart Wechselrichter 12\/1600 230V<\/li>\n<li>1 x Schaltplan<\/li>\n<li>1 x Dachdurchf\u00fchrung<\/li>\n<li>5 Meter rotes Kabel (vom Solarpanel zum Laderegler)<\/li>\n<li>5 Meter schwarzes Kabel (vom Solarpanel zum Laderegler)<\/li>\n<li>2,5meter kabel rood (kabel is voor laadregelaar naar accu)<\/li>\n<li>2,5meter kabel zwart (kabel is voor laadregelaar naar accu)<\/li>\n<li>1,5 Meter rotes Kabel (Kabel von der Batterie zum 12V-230V Wechselrichter)<\/li>\n<li>1,5 Meter schwarzes Kabel (Kabel von der Batterie zum 12V-230V Wechselrichter)<\/li>\n<li>30 cm rotes Kabel (zwischen den beiden Batterien)<\/li>\n<li>30 cm schwarzes Kabel (zwischen den beiden Batterien)<\/li>\n<li>Alle Kabel mit Steckverbindern<\/li>\n<li>Altijd technische ondersteuning door JaDa Consumentenartikelen<\/li>\n<\/ul>\n<p><strong>Informationen \u00fcber das Panel:<\/strong><\/p>\n<ul>\n<li>Merk zonnepaneel: Renogy<\/li>\n<li>Max Power at STC (Pmax): 100W<\/li>\n<li>Open-Circuit Voltage (Voc): 24,3V<\/li>\n<li>Optimum Operating Voltage (Vmp): 20,4V<\/li>\n<li>Optimum Operating Current (Imp): 4,91A<\/li>\n<li>Short-Circuit Current (Isc): 5,21A<\/li>\n<li>Gewicht: 6,4kg<\/li>\n<li>Afmetingen: 106,2 x 53 x 3,5 cm<\/li>\n<li>Monokristallin<\/li>\n<\/ul>\n<p class=\"translation-block\"><strong>Informationen \u00fcber den Laderegler<\/strong><br>\nMit dem MPPT-Laderegler von Victron Energy erh\u00f6hen Sie die Energieausbeute um 30 % im Vergleich zu PWM-Ladereglern. Au\u00dferdem ist der MPPT-Laderegler von Victron Energy 10 % effizienter als langsamere MPPT-Laderegler. Dem Laderegler liegt eine Bedienungsanleitung bei, diese Anleitung ist sowohl auf Niederl\u00e4ndisch als auch auf Englisch verf\u00fcgbar. \u00dcber die Victron Energy-App k\u00f6nnen Sie auch sehen, wie viel Strom die Solarmodule erzeugen. Die App hei\u00dft \u201eVictronConnect\u201c und ist einfach im App- und Playstore herunterzuladen. Au\u00dferdem ist im Laderegler eine Sicherung eingebaut.<\/p>\n<p><strong>Informationen zur Batterie<\/strong><\/p>\n<p>Victron Lithium SuperPack 12,8V\/100Ah (M8) Hochstrom. Dieses Hochstrom-Modell ist geeignet zum Laden und Entladen mit 100A.<\/p>\n<p>Die Victron 12,8V Lithium SuperPack Batterien verf\u00fcgen \u00fcber ein integriertes BMS und einen Sicherheitsschalter. Die SuperPack-Batterien sind sehr einfach zu installieren, ohne dass zus\u00e4tzliche Komponenten erforderlich sind. Der interne Schalter trennt die Batterie bei Tiefentladung, \u00dcberspannung oder hohen Temperaturen. Die Batterien k\u00f6nnen parallel geschaltet werden. Eine Serienschaltung ist nicht zul\u00e4ssig.<\/p>\n<p><strong>Informationen \u00fcber den 12V-230V Wechselrichter<\/strong><\/p>\n<p>Mit diesem reinen Sinus-DC\/AC-Wechselrichter wird 12 VDC in 230 VAC umgewandelt, f\u00fcr Ger\u00e4te mit einer Dauerleistung von 1300 W (Spitzenleistung 2400 W). Der Wechselrichter verf\u00fcgt \u00fcber integriertes Bluetooth und einen VE.Direct-Kommunikationsanschluss.<\/p>\n<p>Der Phoenix Wechselrichter 1600VA eignet sich besonders f\u00fcr Ger\u00e4te mit hohem Anlaufstrom, wie K\u00fchlschr\u00e4nke und Gefrierger\u00e4te. H\u00e4ufig eingesetzt in Wohnmobilen, Booten und Nutzfahrzeugen. Geeignet f\u00fcr Ger\u00e4te wie Senseo, Nespresso, Mikrowellen, Wasserkocher und andere Haushaltsger\u00e4te.<\/p>\n<p><strong>Informationen \u00fcber das Kabel<\/strong><\/p>\n<ul>\n<li>Das Kabel enth\u00e4lt alle Steckverbinder f\u00fcr den Anschluss. Au\u00dferdem ist eine Sicherung im Kabel eingebaut.<\/li>\n<li>Kabel vom Solarpanel zum Laderegler ist 4mm\u00b2.<\/li>\n<li>Das Kabel vom Laderegler zur Batterie hat einen Querschnitt von 6 mm\u00b2. Dieses Kabel ist mit einer Sicherung ausgestattet.<\/li>\n<li>Das Kabel von der Batterie zum 12V-230V Wechselrichter hat einen Querschnitt von 70 mm\u00b2. Dieses Kabel ist mit einer Sicherung ausgestattet.<\/li>\n<li>Das Kabel zwischen den Batterien hat einen Querschnitt von 70 mm\u00b2.<\/li>\n<\/ul>\n<p><strong>Informationen \u00fcber die Dachdurchf\u00fchrung<\/strong><br \/>\nBietet die M\u00f6glichkeit, das Kabel in den Wohnwagen oder das Boot zu f\u00fchren, ohne dass Wasser eindringt.<\/p>\n<p><strong>Praktisch zu wissen<\/strong><\/p>\n<ul>\n<li>Dieses Set ist f\u00fcr ein 12V System<\/li>\n<li>De laadregelaar is geschikt voor de volgende accu\u2019s: loodzuur, Lithium lifepo4 met interne bms, AGM en GEL accu\u2019s<\/li>\n<li>Schlie\u00dfen Sie niemals zwei verschiedene Arten von Paneelen an einen Laderegler an, also Paneele mit unterschiedlichen Spezifikationen. Aus Sicherheits- und Effizienzgr\u00fcnden.<\/li>\n<li>Wenn Sie Ger\u00e4te direkt an die Batterien anschlie\u00dfen m\u00f6chten, stimmen Sie dies bitte mit uns ab. M\u00f6glicherweise ben\u00f6tigen Sie ein dickeres Kabel. Dies dient der Sicherheit.<\/li>\n<li>F\u00fcr das Kabel von der Batterie zum 230V-Wechselrichter: Schlie\u00dfen Sie die Seite mit der Sicherung immer an die Batterie an.<\/li>\n<\/ul>\n<p><strong>Warum entscheiden Sie sich f\u00fcr uns?<\/strong><br \/>\nJaDa Consumentenartikelen biedt een complete zonnepanelen set aan voor een scherpe prijs, daarnaast kan u altijd bij ons terecht met vragen zowel voor als na de koop! Daarnaast staan wij voor kwaliteit, wij hebben er bewust voor gekozen om een weerbestendig paneel aan te bieden. Dit is ook te zien aan de Victron Energy laadregelaar, een van de beste merken op de markt.<\/p>","protected":false},"excerpt":{"rendered":"<p>Artikelnummer: JaDa9504984192641231l Gaat u dit jaar weg met de boot, caravan of camper en wilt u niet zonder stroom zitten? Dan is deze zonnepanelen set ideaal, omdat de zonnepanelen automatisch uw accu opladen. De set is erg eenvoudig om aan te sluiten, ook al heeft u geen ervaring met zonnepanelen dit komt omdat de set [&hellip;]<\/p>\n","protected":false},"featured_media":4001,"comment_status":"open","ping_status":"closed","template":"","meta":{"wds_primary_product_brand":0,"wds_primary_product_cat":139},"product_brand":[],"product_cat":[46],"product_tag":[],"class_list":{"0":"post-4000","1":"product","2":"type-product","3":"status-publish","4":"has-post-thumbnail","6":"product_cat-geen-categorie","7":"pa_bluetooth-scherm-alleen-bluetooth","8":"pa_hoeveel-wp-200wp","9":"pa_merk-laadregelaar-victron-energy","10":"pa_type-laadregelaar-mppt","11":"pa_vast-of-flexibel-vast","13":"first","14":"outofstock","15":"taxable","16":"shipping-taxable","17":"purchasable","18":"product-type-simple"},"_links":{"self":[{"href":"https:\/\/www.jadastroom.nl\/de\/wp-json\/wp\/v2\/product\/4000","targetHints":{"allow":["GET"]}}],"collection":[{"href":"https:\/\/www.jadastroom.nl\/de\/wp-json\/wp\/v2\/product"}],"about":[{"href":"https:\/\/www.jadastroom.nl\/de\/wp-json\/wp\/v2\/types\/product"}],"replies":[{"embeddable":true,"href":"https:\/\/www.jadastroom.nl\/de\/wp-json\/wp\/v2\/comments?post=4000"}],"wp:featuredmedia":[{"embeddable":true,"href":"https:\/\/www.jadastroom.nl\/de\/wp-json\/wp\/v2\/media\/4001"}],"wp:attachment":[{"href":"https:\/\/www.jadastroom.nl\/de\/wp-json\/wp\/v2\/media?parent=4000"}],"wp:term":[{"taxonomy":"product_brand","embeddable":true,"href":"https:\/\/www.jadastroom.nl\/de\/wp-json\/wp\/v2\/product_brand?post=4000"},{"taxonomy":"product_cat","embeddable":true,"href":"https:\/\/www.jadastroom.nl\/de\/wp-json\/wp\/v2\/product_cat?post=4000"},{"taxonomy":"product_tag","embeddable":true,"href":"https:\/\/www.jadastroom.nl\/de\/wp-json\/wp\/v2\/product_tag?post=4000"}],"curies":[{"name":"wp","href":"https:\/\/api.w.org\/{rel}","templated":true}]}}