{"id":3643,"date":"2022-09-07T19:17:33","date_gmt":"2022-09-07T17:17:33","guid":{"rendered":"https:\/\/jadastroom.nl\/?post_type=product&#038;p=3643"},"modified":"2026-02-26T11:24:42","modified_gmt":"2026-02-26T10:24:42","slug":"victron-phoenix-omvormer-12-800-230v-ve-direct-schuko-met-plug-play-kabelset","status":"publish","type":"product","link":"https:\/\/www.jadastroom.nl\/de\/winkel\/230v-omvormers\/victron-phoenix-omvormer-12-800-230v-ve-direct-schuko-met-plug-play-kabelset\/","title":{"rendered":"Victron Phoenix Wechselrichter 12\/800 230V VE.Direct SCHUKO \u2013 Mit Kabelsatz"},"content":{"rendered":"<div>\n<p><strong>Dieses Paket enth\u00e4lt:<\/strong><\/p>\n<\/div>\n<div>1 x Victron Phoenix Wechselrichter 12\/800 230V VE.Direct SCHUKO<\/div>\n<div>1 x Plug &amp; Play Kabelsatz mit Sicherung<\/div>\n<div><\/div>\n<div class=\"shortdesc active\">\n<p>Der Victron Phoenix 12\/800 230V VE.Direct SCHUKO* Wechselrichter ist ein reiner Sinuswechselrichter mit hohem Wirkungsgrad in einem kompakten Geh\u00e4use. Durch das l\u00e4ngliche Geh\u00e4use aus Stahl\/Kunststoff (Schutzklasse IP21) sind die neuen Phoenix-Modelle leicht erkennbar. Mit diesem Wechselrichter k\u00f6nnen Ger\u00e4te, die 230V oder 120V Wechselstrom ben\u00f6tigen, aus einer Batterie mit 12V, 24V oder 48V Gleichstrom betrieben werden.<\/p>\n<p><strong>Phoenix 12\/800 230 V VE.Direct SCHUKO Wechselrichter Spezifikationen:<\/strong>:<\/p>\n<p>Eingangsspannung: 12VDC | Ausgangsspannung: 230VAC<br \/>\nAusgangsleistung: 800VA \/ 650W | Spitze: 1500W<br \/>\nAC-Eing\u00e4nge: nein | AC-Ausg\u00e4nge: 1<br \/>\nEmpfohlene Batteriekapazit\u00e4t: 100\u2013400 Ah<br \/>\nEmpfohlene DC-Sicherung: 125 A MEGA \u2013 Siehe \u201eDirekt mitbestellen\u201c<br \/>\nBatterieanschluss: Schraubklemmen<\/p>\n<p>*SCHUKO ist in den Niederlanden das am h\u00e4ufigsten verwendete Steckdosensystem f\u00fcr runde Schutzkontaktstecker (CEE 7\/7) und ungeerdete Konturenstecker (CEE 7\/17) sowie f\u00fcr flache ungeerdete Stecker (CEE 7\/16). Die Steckdose verf\u00fcgt \u00fcber zwei \u00d6ffnungen f\u00fcr die Kontaktstifte sowie seitlich \u00fcber zwei federnde Metallklemmen f\u00fcr den Schutzkontakt. Beim Einstecken stellen zuerst die Schutzkontakte eine Verbindung her, danach erst die beiden stromf\u00fchrenden Kontakte. Die maximale Stromst\u00e4rke betr\u00e4gt 16 A.<\/p>\n<\/div>\n<div class=\"longdesc\">\n<p class=\"translation-block\">Der Phoenix 12\/800 ist ein leistungsstarker reiner Sinus-Wechselrichter mit einer Leistung von 800 VA (650 Watt) in einem kompakten Geh\u00e4use.<\/p>\n<p>Die Phoenix-Serie Sinus-Wechselrichter von Victron Energy wurde f\u00fcr den professionellen Einsatz entwickelt und eignet sich f\u00fcr ein breites Spektrum an Stromanwendungen \u2013 jederzeit und \u00fcberall! Die Wechselrichter wandeln Gleichstrom (DC) in Wechselstrom (AC) um. Dadurch k\u00f6nnen Haushaltsger\u00e4te \u2013 vom Wasserkocher bis zum Fernseher \u2013 beispielsweise in Autos, Wohnmobilen, Booten oder Garten- bzw. Strandh\u00e4usern jederzeit betrieben werden. Ein lauter Generator ist somit nicht mehr erforderlich.<\/p>\n<p>Jeder reine Sinus-Wechselrichter verf\u00fcgt \u00fcber eine hohe Spitzenleistung und liefert problemlos Strom f\u00fcr jede Art von Last. Die Wechselrichter von Victron Energy sind f\u00fcr den professionellen Einsatz konzipiert. Sie eignen sich f\u00fcr verschiedenste Ger\u00e4te mit hohen und niedrigen Anlaufleistungen.<\/p>\n<p class=\"translation-block\"><strong>VE.Direct-communicatiepoort<\/strong><br>\r\nDe Phoenix omvormer VE.Direct serie is voorzien van een VE.Direct communicatiepoort waardoor de omvormer kan worden aangesloten op een computer met een VE.Direct naar USB-interface kabel of op Apple- en Android-smartphones, tablets, macbooks en overige apparaten met een VE.Direct Bluetooth Smart dongle. Hierdoor is de omvormer volledig configureerbaar op de navolgende functionaliteit:<br>\r\n&gt; Schakel- en resetniveaus alarm voor lage accuspanning<br>\r\n&gt; Uitschakel- en herstartniveaus alarm voor lage accuspanning<br>\r\n&gt; Dynamische cut-off: afhankelijk van de belasting cut-off niveau<br>\r\n&gt; Uitgangsspanning 210 \u2013 245V<br>\r\n&gt; Frequentie 50 Hz of 60 Hz<br>\r\n&gt; ECO-modus aan\/uit en ECO-modus-detectieniveau<br>\r\n&gt; Bewaking: In- en uitgangsspanning, % belasting en alarmen<\/p>\n<p><strong>Bew\u00e4hrte Zuverl\u00e4ssigkeit<\/strong><br \/>\nDie Vollbr\u00fccken- und toroidf\u00f6rmige Wechselrichtertopologie hat ihre Zuverl\u00e4ssigkeit seit vielen Jahren bewiesen. Die Wechselrichter sind kurzschlussfest und gegen \u00dcberhitzung gesch\u00fctzt \u2013 unabh\u00e4ngig davon, ob diese durch \u00dcberlast oder hohe Umgebungstemperaturen verursacht wird.<\/p>\n<p><strong>Hohe Anlaufleistung<\/strong><br \/>\nErforderlich zum Starten von Lasten, wie z. B. Netzteile f\u00fcr LED-Lampen, Halogenlampen oder Elektrowerkzeuge.<\/p>\n<p><strong>ECO-Modus<\/strong><br \/>\nIm ECO-Modus schaltet der Wechselrichter in den Standby-Modus, wenn die Last unter einen voreingestellten Wert f\u00e4llt (Mindestlast: 15 W). Sobald sich das Ger\u00e4t im Standby befindet, wird der Wechselrichter in einstellbaren Intervallen (Standard: alle 2,5 Sekunden) kurz aktiviert. \u00dcberschreitet die Last einen festgelegten Schwellenwert, bleibt der Wechselrichter eingeschaltet.<\/p>\n<p><strong>Fern Ein\/Aus<\/strong><br \/>\nEin Schalter zum Fern-Ein-\/Ausschalten kann an einen zweipoligen Stecker oder zwischen den Pluspol der Batterie und den linken Kontakt des zweipoligen Steckers angeschlossen werden.<\/p>\n<\/div>","protected":false},"excerpt":{"rendered":"<p>Dit pakket bevat: 1 x Victron Phoenix omvormer 12\/800 230V VE.Direct SCHUKO 1 x plug &amp; play kabelset met zekering Victron Phoenix 12\/800 230V VE.Direct SCHUKO* omvormer is een zuivere sinusgolf-omvormer met een hoge effici\u00ebntie in een enkele compacte behuizing. Door de langwerpige staal\/kunststof behuizing (beschermklasse IP 21) zijn de nieuwe Phoenix modellen eenvoudig te [&hellip;]<\/p>\n","protected":false},"featured_media":3830,"comment_status":"open","ping_status":"closed","template":"","meta":{"wds_primary_product_brand":0,"wds_primary_product_cat":180},"product_brand":[],"product_cat":[180],"product_tag":[],"class_list":{"0":"post-3643","1":"product","2":"type-product","3":"status-publish","4":"has-post-thumbnail","6":"product_cat-230v-omvormers","7":"pa_met-kabel-met-kabel","9":"first","10":"instock","11":"taxable","12":"shipping-taxable","13":"purchasable","14":"product-type-simple"},"_links":{"self":[{"href":"https:\/\/www.jadastroom.nl\/de\/wp-json\/wp\/v2\/product\/3643","targetHints":{"allow":["GET"]}}],"collection":[{"href":"https:\/\/www.jadastroom.nl\/de\/wp-json\/wp\/v2\/product"}],"about":[{"href":"https:\/\/www.jadastroom.nl\/de\/wp-json\/wp\/v2\/types\/product"}],"replies":[{"embeddable":true,"href":"https:\/\/www.jadastroom.nl\/de\/wp-json\/wp\/v2\/comments?post=3643"}],"wp:featuredmedia":[{"embeddable":true,"href":"https:\/\/www.jadastroom.nl\/de\/wp-json\/wp\/v2\/media\/3830"}],"wp:attachment":[{"href":"https:\/\/www.jadastroom.nl\/de\/wp-json\/wp\/v2\/media?parent=3643"}],"wp:term":[{"taxonomy":"product_brand","embeddable":true,"href":"https:\/\/www.jadastroom.nl\/de\/wp-json\/wp\/v2\/product_brand?post=3643"},{"taxonomy":"product_cat","embeddable":true,"href":"https:\/\/www.jadastroom.nl\/de\/wp-json\/wp\/v2\/product_cat?post=3643"},{"taxonomy":"product_tag","embeddable":true,"href":"https:\/\/www.jadastroom.nl\/de\/wp-json\/wp\/v2\/product_tag?post=3643"}],"curies":[{"name":"wp","href":"https:\/\/api.w.org\/{rel}","templated":true}]}}