{"id":3636,"date":"2022-09-07T19:01:35","date_gmt":"2022-09-07T17:01:35","guid":{"rendered":"https:\/\/jadastroom.nl\/?post_type=product&#038;p=3636"},"modified":"2026-01-29T14:46:11","modified_gmt":"2026-01-29T13:46:11","slug":"victron-phoenix-smart-omvormer-12-3000-230v","status":"publish","type":"product","link":"https:\/\/www.jadastroom.nl\/de\/winkel\/230v-omvormers\/victron-phoenix-smart-omvormer-12-3000-230v\/","title":{"rendered":"Victron Phoenix Smart Wechselrichter 12\/3000 230V \u2013 Bluetooth"},"content":{"rendered":"<div class=\"sku\">Artikelnummer: PIN122300000<\/div>\n<div class=\"long-description with-long open\">\n<div class=\"std\">\n<div class=\"shortdesc active\"><strong>Victron Phoenix Wechselrichter 12\/3000 230V Smart \u2013 NEU!<\/strong><br \/>\nMit diesem reinen Sinus-DC\/AC-Wechselrichter wird 12 VDC in 230 VAC umgewandelt, f\u00fcr Ger\u00e4te mit einer Dauerleistung von 2400 W (Spitzenleistung 4800 W). Der Wechselrichter verf\u00fcgt \u00fcber integriertes Bluetooth und einen VE.Direct-Kommunikationsanschluss.<\/div>\n<div class=\"longdesc\">\n<p class=\"translation-block\">Dieses neue Modell des Victron Phoenix Wechselrichters 12\/3000 230V Smart versorgt Haushaltsger\u00e4te mit 230V Wechselstrom mit der richtigen Versorgungsspannung aus Gleichstrombatterien. Der Wechselrichter verf\u00fcgt \u00fcber Bluetooth und kann \u00fcber die Victron Connect App mit Smartphone, Tablet oder PC f\u00fcr Informationen und Einstellungen gesteuert werden.<\/p>\n<p><strong>Integriertes Bluetooth<\/strong>\u00a0: vollst\u00e4ndig konfigurierbar mit Tablet oder Smartphone<\/p>\n<p>\u2022 Alarm bei nahezu leerer Batteriespannung<br \/>\n\u2022 Abschalt- und Neustartniveaus bei niedriger Batteriespannung<br \/>\n\u2022 Dynamische Abschaltung: lastabh\u00e4ngiges Abschaltniveau<br \/>\n\u2022 Ausgangsspannung: 210 \u2013 245 V<br \/>\n\u2022 Frequenz: 50 Hz oder 60 Hz<br \/>\n\u2022 ECO-Modus ein\/aus und ECO-Modus-Erkennungsniveau<br \/>\n\u2022 Alarmrelais<\/p>\n<p>\u00dcberwachung<br \/>\n\u2022 Eingangs- und Ausgangsspannung, Last und Alarme<\/p>\n<p><strong>VE.Direct-Kommunikationsanschluss<\/strong><br \/>\nDer VE.Direct-Anschluss kann mit einem Computer verbunden werden (VE.Direct-zu-USB-Interfacekabel erforderlich), um dieselben Parameter zu konfigurieren und zu \u00fcberwachen.<\/p>\n<p><strong>Bew\u00e4hrte Zuverl\u00e4ssigkeit<\/strong><br \/>\nDie Vollbr\u00fccken- und toroidale Transformator-Topologie hat ihre Zuverl\u00e4ssigkeit \u00fcber viele Jahre hinweg bewiesen. Die Wechselrichter sind kurzschlussfest und gegen \u00dcberhitzung gesch\u00fctzt, sei es durch \u00dcberlast oder hohe Umgebungstemperaturen.<\/p>\n<p><strong>Hohe Anlaufleistung<\/strong><br \/>\nErforderlich zum Starten von Lasten, wie z. B. Netzteile f\u00fcr LED-Lampen, Halogenlampen oder Elektrowerkzeuge.<br \/>\n<strong>ECO-Modus<\/strong><\/p>\n<p>Im ECO-Modus wechselt der Wechselrichter in den Standby-Modus, wenn die Last unter einen voreingestellten Wert f\u00e4llt. Im Standby schaltet sich der Wechselrichter alle 2,5 Sekunden f\u00fcr einen kurzen Zeitraum ein (einstellbar). \u00dcberschreitet die Last einen festgelegten Schwellenwert, bleibt der Wechselrichter eingeschaltet.<\/p>\n<p><strong>Fern Ein\/Aus<\/strong><br \/>\nEin externer Ein-\/Ausschalter kann an einen zweipoligen Stecker angeschlossen werden. Alternativ kann die H-Klemme (links) des zweipoligen Steckers mit dem Pluspol der Batterie verbunden werden oder die L-Klemme (rechts) des zweipoligen Steckers mit dem Minuspol der Batterie (oder z. B. mit der Fahrzeugkarosserie) geschaltet werden.<\/p>\n<p><strong>LED-Diagnose<\/strong><br \/>\nWeitere Informationen finden Sie in der Bedienungsanleitung.<\/p>\n<p><strong>Um die Last auf eine andere AC-Quelle zu \u00fcbertragen<\/strong>: der automatische Umschalter<br \/>\nF\u00fcr unsere Low-Power-Wechselrichter empfehlen wir unseren Filax Automatic Transfer Switch. Der Filax verf\u00fcgt \u00fcber eine sehr kurze Umschaltzeit (weniger als 20 Millisekunden), sodass Computer und andere elektronische Ger\u00e4te ohne Unterbrechung weiterlaufen k\u00f6nnen. Alternativ kann ein MultiPlus mit integrierter Umschaltfunktion verwendet werden.<\/p>\n<\/div>\n<\/div>\n<\/div>","protected":false},"excerpt":{"rendered":"<p>Artikelnummer: PIN122300000 Victron Phoenix omvormer 12\/3000 230V Smart &#8211; NIEUW! Met deze zuivere sinus DC\/AC omvormer wordt 12 VDC omgevormd naar 230 VAC, voor apparaten met continue vermogen van 2400W (piekvermogen 4800W). De omvormer is voorzien van ge\u00efntegreerde Bluetooth en een VE.Direct-communicatiepoort. Dit nieuwe model\u00a0Victron Phoenix omvormer 12\/3000 230V Smart\u00a0voorziet huishoudelijke apparaten op 230V-wisselstroom van [&hellip;]<\/p>\n","protected":false},"featured_media":3858,"comment_status":"open","ping_status":"closed","template":"","meta":{"wds_primary_product_brand":0,"wds_primary_product_cat":180},"product_brand":[],"product_cat":[180],"product_tag":[],"class_list":{"0":"post-3636","1":"product","2":"type-product","3":"status-publish","4":"has-post-thumbnail","6":"product_cat-230v-omvormers","7":"pa_met-kabel-zonder-kabel","9":"first","10":"instock","11":"taxable","12":"shipping-taxable","13":"purchasable","14":"product-type-simple"},"_links":{"self":[{"href":"https:\/\/www.jadastroom.nl\/de\/wp-json\/wp\/v2\/product\/3636","targetHints":{"allow":["GET"]}}],"collection":[{"href":"https:\/\/www.jadastroom.nl\/de\/wp-json\/wp\/v2\/product"}],"about":[{"href":"https:\/\/www.jadastroom.nl\/de\/wp-json\/wp\/v2\/types\/product"}],"replies":[{"embeddable":true,"href":"https:\/\/www.jadastroom.nl\/de\/wp-json\/wp\/v2\/comments?post=3636"}],"wp:featuredmedia":[{"embeddable":true,"href":"https:\/\/www.jadastroom.nl\/de\/wp-json\/wp\/v2\/media\/3858"}],"wp:attachment":[{"href":"https:\/\/www.jadastroom.nl\/de\/wp-json\/wp\/v2\/media?parent=3636"}],"wp:term":[{"taxonomy":"product_brand","embeddable":true,"href":"https:\/\/www.jadastroom.nl\/de\/wp-json\/wp\/v2\/product_brand?post=3636"},{"taxonomy":"product_cat","embeddable":true,"href":"https:\/\/www.jadastroom.nl\/de\/wp-json\/wp\/v2\/product_cat?post=3636"},{"taxonomy":"product_tag","embeddable":true,"href":"https:\/\/www.jadastroom.nl\/de\/wp-json\/wp\/v2\/product_tag?post=3636"}],"curies":[{"name":"wp","href":"https:\/\/api.w.org\/{rel}","templated":true}]}}