{"id":3616,"date":"2022-09-07T18:48:57","date_gmt":"2022-09-07T16:48:57","guid":{"rendered":"https:\/\/jadastroom.nl\/?post_type=product&#038;p=3616"},"modified":"2026-02-26T11:25:29","modified_gmt":"2026-02-26T10:25:29","slug":"victron-phoenix-smart-omvormer-12-1600-230v-met-kabelset","status":"publish","type":"product","link":"https:\/\/www.jadastroom.nl\/de\/winkel\/230v-omvormers\/victron-phoenix-smart-omvormer-12-1600-230v-met-kabelset\/","title":{"rendered":"Victron Phoenix Smart Wechselrichter 12\/1600 230V \u2013 Mit Plug &amp; Play Kabelsatz"},"content":{"rendered":"<div>\n<p><strong>Victron Phoenix Wechselrichter 12\/1600 230V Smart \u2013 NEU!<\/strong><\/p>\n<\/div>\n<div class=\"long-description with-long open\">\n<div class=\"std\">\n<div class=\"shortdesc active\"><strong>Dieses Paket enth\u00e4lt:<\/strong><\/div>\n<div class=\"shortdesc active\">1 x Victron Phoenix Smart Wechselrichter 12\/1600 230V<\/div>\n<div class=\"shortdesc active\">1 x Plug &amp; Play Kabelsatz mit Sicherung<\/div>\n<div><\/div>\n<div class=\"shortdesc active\">Mit diesem reinen Sinus-DC\/AC-Wechselrichter wird 12 V DC in 230 V AC umgewandelt, f\u00fcr Ger\u00e4te mit einer Dauerleistung von 1300 W (Spitzenleistung 2400 W). Der Wechselrichter verf\u00fcgt \u00fcber integriertes Bluetooth und einen VE.Direct-Kommunikationsanschluss. Der Phoenix 1600 VA Wechselrichter eignet sich daher besonders f\u00fcr Ger\u00e4te mit hohem Anlaufstrom wie K\u00fchl- und Gefrierger\u00e4te. H\u00e4ufig eingesetzt in Wohnmobilen, Booten und Nutzfahrzeugen. Geeignet f\u00fcr Senseo, Nespresso, Mikrowellen, Wasserkocher und andere Haushaltsger\u00e4te.<\/div>\n<div class=\"longdesc\">\n<p class=\"translation-block\">Dieses neue Modell des Victron Phoenix Wechselrichters 12\/1600 230V Smart versorgt Haushaltsger\u00e4te mit 230V Wechselstrom mit der richtigen Versorgungsspannung aus Gleichstrombatterien. Mit diesem reinen Sinus-DC\/AC-Wechselrichter wird 12 V DC in 230 V AC umgewandelt, f\u00fcr Ger\u00e4te mit einer Dauerleistung bei nichtlinearer Last von 1600 VA (1300 W mit einer Spitzenleistung von 2400 W). Der Wechselrichter verf\u00fcgt \u00fcber integriertes Bluetooth und einen VE.Direct-Kommunikationsanschluss. \u00dcber Bluetooth kann der Wechselrichter mit Smartphone, Tablet oder PC \u00fcber die Victron Connect App f\u00fcr Informationen und Einstellungen gesteuert werden.<\/p>\n<p><strong>Integriertes Bluetooth<\/strong> : vollst\u00e4ndig konfigurierbar mit Tablet oder Smartphone\n\u2022 Alarm bei nahezu leerer Batteriespannung<br \/>\n\u2022 Abschalt- und Neustartniveaus bei niedriger Batteriespannung<br \/>\n\u2022 Dynamische Abschaltung: lastabh\u00e4ngiges Abschaltniveau<br \/>\n\u2022 Ausgangsspannung: 210 \u2013 245 V\n\u2022 Frequenz: 50 Hz oder 60 Hz<br \/>\n\u2022 ECO-Modus ein\/aus und ECO-Modus-Erkennungsniveau<br \/>\n\u2022 Alarmrelais<\/p>\n<p>\u00dcberwachung<br \/>\n\u2022 Eingangs- und Ausgangsspannung, Last und Alarme<\/p>\n<p><strong>VE.Direct-Kommunikationsanschluss<\/strong><br \/>\nDer VE.Direct-Anschluss kann mit einem Computer verbunden werden (VE.Direct-zu-USB-Interfacekabel erforderlich), um dieselben Parameter zu konfigurieren und zu \u00fcberwachen.<\/p>\n<p><strong>Bew\u00e4hrte Zuverl\u00e4ssigkeit<\/strong><br \/>\nDie Vollbr\u00fccken- und toroidale Transformator-Topologie hat ihre Zuverl\u00e4ssigkeit \u00fcber viele Jahre hinweg bewiesen. Die Wechselrichter sind kurzschlussfest und gegen \u00dcberhitzung gesch\u00fctzt, sei es durch \u00dcberlast oder hohe Umgebungstemperaturen.<\/p>\n<p><strong>Hohe Anlaufleistung<\/strong><br \/>\nErforderlich zum Starten von Lasten, wie z. B. Netzteile f\u00fcr LED-Lampen, Halogenlampen oder Elektrowerkzeuge.<\/p>\n<p><strong>ECO-Modus<\/strong><\/p>\n<p>Im ECO-Modus wechselt der Wechselrichter in den Standby-Modus, wenn die Last unter einen voreingestellten Wert f\u00e4llt. Im Standby schaltet sich der Wechselrichter alle 2,5 Sekunden f\u00fcr einen kurzen Zeitraum ein (einstellbar). \u00dcberschreitet die Last einen festgelegten Schwellenwert, bleibt der Wechselrichter eingeschaltet.<\/p>\n<p><strong>Fern Ein\/Aus<\/strong><br \/>\nEin externer Ein-\/Ausschalter kann an einen zweipoligen Stecker angeschlossen werden. Alternativ kann die H-Klemme (links) des zweipoligen Steckers mit dem Pluspol der Batterie verbunden werden oder die L-Klemme (rechts) des zweipoligen Steckers mit dem Minuspol der Batterie (oder z. B. mit der Fahrzeugkarosserie) geschaltet werden.<\/p>\n<p><strong>LED-Diagnose<\/strong><br \/>\nWeitere Informationen finden Sie in der Bedienungsanleitung.<\/p>\n<p><strong>Um die Last auf eine andere AC-Quelle zu \u00fcbertragen<\/strong>: der automatische Umschalter<br \/>\nF\u00fcr unsere Low-Power-Wechselrichter empfehlen wir unseren Filax Automatic Transfer Switch. Der Filax verf\u00fcgt \u00fcber eine sehr kurze Umschaltzeit (unter 20 Millisekunden), sodass Computer und andere elektronische Ger\u00e4te ohne Unterbrechung weiterlaufen k\u00f6nnen. Alternativ kann ein MultiPlus mit integrierter Umschaltfunktion verwendet werden.<\/p>\n<\/div>\n<\/div>\n<\/div>","protected":false},"excerpt":{"rendered":"<p>Victron Phoenix omvormer 12\/1600 230V Smart &#8211; NIEUW! Dit pakket bevat: 1 x Victron Phoenix Smart omvormer 12\/1600 230V 1 x plug &amp; play kabelset met zekering Met deze zuivere sinus DC\/AC omvormer wordt 12 VDC omgevormd naar 230 VAC, voor apparaten met continue vermogen van 1300W (piekvermogen 2400W). De omvormer is voorzien van ge\u00efntegreerde [&hellip;]<\/p>\n","protected":false},"featured_media":3840,"comment_status":"open","ping_status":"closed","template":"","meta":{"wds_primary_product_brand":0,"wds_primary_product_cat":180},"product_brand":[],"product_cat":[180],"product_tag":[],"class_list":{"0":"post-3616","1":"product","2":"type-product","3":"status-publish","4":"has-post-thumbnail","6":"product_cat-230v-omvormers","7":"pa_met-kabel-met-kabel","9":"first","10":"instock","11":"taxable","12":"shipping-taxable","13":"purchasable","14":"product-type-simple"},"_links":{"self":[{"href":"https:\/\/www.jadastroom.nl\/de\/wp-json\/wp\/v2\/product\/3616","targetHints":{"allow":["GET"]}}],"collection":[{"href":"https:\/\/www.jadastroom.nl\/de\/wp-json\/wp\/v2\/product"}],"about":[{"href":"https:\/\/www.jadastroom.nl\/de\/wp-json\/wp\/v2\/types\/product"}],"replies":[{"embeddable":true,"href":"https:\/\/www.jadastroom.nl\/de\/wp-json\/wp\/v2\/comments?post=3616"}],"wp:featuredmedia":[{"embeddable":true,"href":"https:\/\/www.jadastroom.nl\/de\/wp-json\/wp\/v2\/media\/3840"}],"wp:attachment":[{"href":"https:\/\/www.jadastroom.nl\/de\/wp-json\/wp\/v2\/media?parent=3616"}],"wp:term":[{"taxonomy":"product_brand","embeddable":true,"href":"https:\/\/www.jadastroom.nl\/de\/wp-json\/wp\/v2\/product_brand?post=3616"},{"taxonomy":"product_cat","embeddable":true,"href":"https:\/\/www.jadastroom.nl\/de\/wp-json\/wp\/v2\/product_cat?post=3616"},{"taxonomy":"product_tag","embeddable":true,"href":"https:\/\/www.jadastroom.nl\/de\/wp-json\/wp\/v2\/product_tag?post=3616"}],"curies":[{"name":"wp","href":"https:\/\/api.w.org\/{rel}","templated":true}]}}