{"id":3601,"date":"2022-09-02T17:17:22","date_gmt":"2022-09-02T15:17:22","guid":{"rendered":"https:\/\/jadastroom.nl\/?post_type=product&#038;p=3601"},"modified":"2026-01-29T14:40:57","modified_gmt":"2026-01-29T13:40:57","slug":"victron-lithium-accu-superpack-128v-100ah-m8-hoge-stroom","status":"publish","type":"product","link":"https:\/\/www.jadastroom.nl\/de\/winkel\/accus\/victron-lithium-accu-superpack-128v-100ah-m8-hoge-stroom\/","title":{"rendered":"Victron Lithium Batterie SuperPack 12,8V\/100Ah (M8) Hochstrom"},"content":{"rendered":"<div>\n<p>Artikelnummer: BAT512110710<\/p>\n<\/div>\n<div id=\"rmjs-1\" class=\"short-description\" data-readmore=\"\" aria-expanded=\"true\">\n<div class=\"std\">Victron Lithium SuperPack 12,8V\/100Ah (M8) Hochstrom. Dieses Hochstrom-Modell ist geeignet zum Laden und Entladen mit 100A.<\/div>\n<div>Gewicht: 14 kg<\/div>\n<div>Abmessungen (HxBxT) mm: 220 x 330 x 172<\/div>\n<div class=\"std\">Die Victron 12,8V Lithium SuperPack Batterien verf\u00fcgen \u00fcber ein integriertes BMS und einen Sicherheitsschalter. Die SuperPack-Batterien sind sehr einfach zu installieren, ohne dass zus\u00e4tzliche Komponenten erforderlich sind. Der interne Schalter trennt die Batterie bei Tiefentladung, \u00dcberspannung oder hohen Temperaturen. Die Batterien k\u00f6nnen parallel geschaltet werden. Eine Serienschaltung ist nicht zul\u00e4ssig.<\/div>\n<\/div>","protected":false},"excerpt":{"rendered":"<p>Artikelnummer: BAT512110710 Victron Lithium SuperPack 12,8V\/100Ah (M8) hoge stroom. Dit hoge stroom model is geschikt om met 100A te laden en te ontladen. Gewicht 14 kg Afmetingen (HxBxD) mm 220 x 330 x 172 De Victron 12,8V Lithium SuperPack batterijen hebben een ge\u00efntegreerd BMS en veiligheidsschakelaar. De SuperPack-accu\u2019s zijn heel gemakkelijk te installeren zonder dat [&hellip;]<\/p>\n","protected":false},"featured_media":3913,"comment_status":"open","ping_status":"closed","template":"","meta":{"wds_primary_product_brand":0,"wds_primary_product_cat":140},"product_brand":[],"product_cat":[140],"product_tag":[],"class_list":{"0":"post-3601","1":"product","2":"type-product","3":"status-publish","4":"has-post-thumbnail","6":"product_cat-accus","7":"pa_merk-accu-victron-energy","8":"pa_type-accu-lithium","10":"first","11":"instock","12":"taxable","13":"shipping-taxable","14":"purchasable","15":"product-type-simple"},"_links":{"self":[{"href":"https:\/\/www.jadastroom.nl\/de\/wp-json\/wp\/v2\/product\/3601","targetHints":{"allow":["GET"]}}],"collection":[{"href":"https:\/\/www.jadastroom.nl\/de\/wp-json\/wp\/v2\/product"}],"about":[{"href":"https:\/\/www.jadastroom.nl\/de\/wp-json\/wp\/v2\/types\/product"}],"replies":[{"embeddable":true,"href":"https:\/\/www.jadastroom.nl\/de\/wp-json\/wp\/v2\/comments?post=3601"}],"wp:featuredmedia":[{"embeddable":true,"href":"https:\/\/www.jadastroom.nl\/de\/wp-json\/wp\/v2\/media\/3913"}],"wp:attachment":[{"href":"https:\/\/www.jadastroom.nl\/de\/wp-json\/wp\/v2\/media?parent=3601"}],"wp:term":[{"taxonomy":"product_brand","embeddable":true,"href":"https:\/\/www.jadastroom.nl\/de\/wp-json\/wp\/v2\/product_brand?post=3601"},{"taxonomy":"product_cat","embeddable":true,"href":"https:\/\/www.jadastroom.nl\/de\/wp-json\/wp\/v2\/product_cat?post=3601"},{"taxonomy":"product_tag","embeddable":true,"href":"https:\/\/www.jadastroom.nl\/de\/wp-json\/wp\/v2\/product_tag?post=3601"}],"curies":[{"name":"wp","href":"https:\/\/api.w.org\/{rel}","templated":true}]}}