{"id":3595,"date":"2022-09-02T17:04:48","date_gmt":"2022-09-02T15:04:48","guid":{"rendered":"https:\/\/jadastroom.nl\/?post_type=product&#038;p=3595"},"modified":"2026-02-25T10:53:30","modified_gmt":"2026-02-25T09:53:30","slug":"victron-lithium-accu-superpack-128v-200ah","status":"publish","type":"product","link":"https:\/\/www.jadastroom.nl\/de\/winkel\/accus\/victron-lithium-accu-superpack-128v-200ah\/","title":{"rendered":"Victron Lithium Batterie SuperPack 12,8V\/200Ah"},"content":{"rendered":"<div>\n<p>Artikelnummer: BAT512120705<\/p>\n<\/div>\n<div id=\"rmjs-1\" class=\"short-description\" data-readmore=\"\" aria-expanded=\"true\">\n<div class=\"std\">Victron Lithium SuperPack 12,8V\/200Ah (M8)<\/div>\n<div class=\"std\">Gewicht: 21 kg<\/div>\n<div class=\"std\">\n<p>Abmessungen (HxBxT) mm: 208 x 520 x 269<\/p>\n<p>Die Victron 12,8V Lithium SuperPack Batterien verf\u00fcgen \u00fcber ein integriertes BMS und einen Sicherheitsschalter. Die SuperPack-Batterien sind sehr einfach zu installieren, ohne dass zus\u00e4tzliche Komponenten erforderlich sind. Der interne Schalter trennt die Batterie bei Tiefentladung, \u00dcberspannung oder hohen Temperaturen. Die Batterien k\u00f6nnen parallel geschaltet werden. Eine Serienschaltung ist nicht zul\u00e4ssig.<\/p>\n<\/div>\n<div><\/div>\n<\/div>","protected":false},"excerpt":{"rendered":"<p>Artikelnummer: BAT512120705 Victron Lithium SuperPack 12,8V\/200Ah (M8) Gewicht 21 kg Afmetingen (HxBxD) mm 208 x 520 x 269 De Victron 12,8V Lithium SuperPack batterijen hebben een ge\u00efntegreerd BMS en veiligheidsschakelaar. De SuperPack-accu\u2019s zijn heel gemakkelijk te installeren zonder dat daar extra onderdelen voor nodig zijn. De interne schakelaar zal de accu afsluiten in het geval [&hellip;]<\/p>\n","protected":false},"featured_media":3908,"comment_status":"open","ping_status":"closed","template":"","meta":{"wds_primary_product_brand":0,"wds_primary_product_cat":140},"product_brand":[],"product_cat":[140],"product_tag":[],"class_list":{"0":"post-3595","1":"product","2":"type-product","3":"status-publish","4":"has-post-thumbnail","6":"product_cat-accus","7":"pa_merk-accu-victron-energy","8":"pa_type-accu-lithium","10":"first","11":"instock","12":"taxable","13":"shipping-taxable","14":"purchasable","15":"product-type-simple"},"_links":{"self":[{"href":"https:\/\/www.jadastroom.nl\/de\/wp-json\/wp\/v2\/product\/3595","targetHints":{"allow":["GET"]}}],"collection":[{"href":"https:\/\/www.jadastroom.nl\/de\/wp-json\/wp\/v2\/product"}],"about":[{"href":"https:\/\/www.jadastroom.nl\/de\/wp-json\/wp\/v2\/types\/product"}],"replies":[{"embeddable":true,"href":"https:\/\/www.jadastroom.nl\/de\/wp-json\/wp\/v2\/comments?post=3595"}],"wp:featuredmedia":[{"embeddable":true,"href":"https:\/\/www.jadastroom.nl\/de\/wp-json\/wp\/v2\/media\/3908"}],"wp:attachment":[{"href":"https:\/\/www.jadastroom.nl\/de\/wp-json\/wp\/v2\/media?parent=3595"}],"wp:term":[{"taxonomy":"product_brand","embeddable":true,"href":"https:\/\/www.jadastroom.nl\/de\/wp-json\/wp\/v2\/product_brand?post=3595"},{"taxonomy":"product_cat","embeddable":true,"href":"https:\/\/www.jadastroom.nl\/de\/wp-json\/wp\/v2\/product_cat?post=3595"},{"taxonomy":"product_tag","embeddable":true,"href":"https:\/\/www.jadastroom.nl\/de\/wp-json\/wp\/v2\/product_tag?post=3595"}],"curies":[{"name":"wp","href":"https:\/\/api.w.org\/{rel}","templated":true}]}}