{"id":33031,"date":"2024-07-17T17:06:52","date_gmt":"2024-07-17T15:06:52","guid":{"rendered":"https:\/\/www.jadastroom.nl\/?post_type=product&#038;p=33031"},"modified":"2026-02-24T11:01:49","modified_gmt":"2026-02-24T10:01:49","slug":"5-jaar-garantie-flexibel-zonnepaneel-5wp-caravan-camper-boot-bestelwagen-of-vrachtwagen","status":"publish","type":"product","link":"https:\/\/www.jadastroom.nl\/de\/winkel\/zonnepanelensets\/5-jaar-garantie-flexibel-zonnepaneel-5wp-caravan-camper-boot-bestelwagen-of-vrachtwagen\/","title":{"rendered":"5 Jahre Garantie \u2013 Flexibles Solarmodul 55Wp \u2013 Wohnwagen, Wohnmobil, Boot, Transporter oder LKW"},"content":{"rendered":"<p>Artikelnummer: JaDa9504599212727<\/p>\n<p>Leichte, flexible Module \u2013 es handelt sich um monokristalline Solarmodule.<br \/>\nDiese Solarmodule sind vielseitig einsetzbar, da sie flexibel sind. Sie lassen sich problemlos auf leicht gew\u00f6lbten Oberfl\u00e4chen montieren.<br \/>\nDie Montage kann mit Kleber oder \u00fcber die Befestigungspunkte erfolgen.<br \/>\nDiese Module werden h\u00e4ufig auf dem Dach eines Wohnwagens oder auf dem Deck eines Bootes sowie f\u00fcr viele weitere Anwendungen eingesetzt.<\/p>\n<p><strong>Informationen \u00fcber das Panel:<\/strong><\/p>\n<ul>\n<li>Maximum Power (Pmax) 55Wp<\/li>\n<li>Open Circuit Voltage (Voc) 24,50V<\/li>\n<li>Short Circuit Current (Isc) 2,76A<\/li>\n<li>Maximum Power Voltage (Vmp) 20,9V<\/li>\n<li>Maximum Power Current (Imp) 2,64A<\/li>\n<li>Abmessungen: 58 \u00d7 54 \u00d7 0,2 cm<\/li>\n<li>L\u00e4nge der Solarpanel-Kabel: 30cm<\/li>\n<li>Gewicht: 1 kg<\/li>\n<li>Panel ist flexibel<\/li>\n<li>Monokristallin<\/li>\n<li>Marke: JaDaStroom<\/li>\n<\/ul>\n<p><strong>Paket enth\u00e4lt:<\/strong><\/p>\n<ul>\n<li>1 x JaDaStroom flexibles Solarmodul 55Wp<\/li>\n<li>Immer technische Unterst\u00fctzung durch JaDaStroom<\/li>\n<\/ul>\n<p><strong>Praktisch zu wissen<\/strong><\/p>\n<ul>\n<li>Bei der Installation sollten Sie auf folgende Punkte achten: Decken Sie das Solarmodul beim Anschlie\u00dfen oder Trennen immer ab und befolgen Sie die Anweisungen des Ladereglers.<\/li>\n<li>Schlie\u00dfen Sie niemals zwei verschiedene Arten von Paneelen an einen Laderegler an, also Paneele mit unterschiedlichen Spezifikationen. Aus Sicherheits- und Effizienzgr\u00fcnden.<\/li>\n<li>Die Solarmodule k\u00f6nnen hei\u00df werden.<\/li>\n<li>Bitte beachten Sie, dass die Oberfl\u00e4che, auf der die Solarmodule montiert werden, daf\u00fcr geeignet und hitzebest\u00e4ndig ist. Andernfalls kann sich beispielsweise die Farbe abl\u00f6sen oder Blasen bilden.<\/li>\n<li>Wenn Sie Kleber zur Befestigung verwenden: W\u00e4hlen Sie einen hitze- und UV-best\u00e4ndigen Kleber, zum Beispiel Sikaflex 252 (pr\u00fcfen Sie auch, ob der Kleber f\u00fcr Ihren Untergrund geeignet ist). Verwenden Sie mindestens ein 4 mm\u00b2 Solarkabel.<\/li>\n<\/ul>\n<p>Stellen Sie sicher, dass keine Luft unter das Modul gelangen kann, damit es w\u00e4hrend der Fahrt nicht abhebt.<\/p>\n<p>Wenn Sie Kleber verwenden, pr\u00fcfen Sie bitte, ob dieser auch hitzebest\u00e4ndig ist.<\/p>\n<p>Wenn ein Modul besch\u00e4digt ist und dadurch Wasser eindringen kann, verwenden Sie es nicht mehr.<\/p>","protected":false},"excerpt":{"rendered":"<p>Artikelnummer: JaDa9504599212727 Lichte flexibele panelen, dit zijn monokristallijn panelen. Deze zonnepanelen zijn breed toepasbaar doordat ze buigbaar zijn u kunt ze makkelijk monteren op een licht gebogen oppervlakte. Monteren kan met kit of via de bevestigingspunten. Deze panelen worden veel gebruikt op het dak van een caravan of op het dek van een boot en [&hellip;]<\/p>\n","protected":false},"featured_media":33027,"comment_status":"open","ping_status":"closed","template":"","meta":{"wds_primary_product_brand":0,"wds_primary_product_cat":139},"product_brand":[],"product_cat":[139],"product_tag":[],"class_list":{"0":"post-33031","1":"product","2":"type-product","3":"status-publish","4":"has-post-thumbnail","6":"product_cat-zonnepanelensets","8":"first","9":"instock","10":"taxable","11":"shipping-taxable","12":"purchasable","13":"product-type-simple"},"_links":{"self":[{"href":"https:\/\/www.jadastroom.nl\/de\/wp-json\/wp\/v2\/product\/33031","targetHints":{"allow":["GET"]}}],"collection":[{"href":"https:\/\/www.jadastroom.nl\/de\/wp-json\/wp\/v2\/product"}],"about":[{"href":"https:\/\/www.jadastroom.nl\/de\/wp-json\/wp\/v2\/types\/product"}],"replies":[{"embeddable":true,"href":"https:\/\/www.jadastroom.nl\/de\/wp-json\/wp\/v2\/comments?post=33031"}],"wp:featuredmedia":[{"embeddable":true,"href":"https:\/\/www.jadastroom.nl\/de\/wp-json\/wp\/v2\/media\/33027"}],"wp:attachment":[{"href":"https:\/\/www.jadastroom.nl\/de\/wp-json\/wp\/v2\/media?parent=33031"}],"wp:term":[{"taxonomy":"product_brand","embeddable":true,"href":"https:\/\/www.jadastroom.nl\/de\/wp-json\/wp\/v2\/product_brand?post=33031"},{"taxonomy":"product_cat","embeddable":true,"href":"https:\/\/www.jadastroom.nl\/de\/wp-json\/wp\/v2\/product_cat?post=33031"},{"taxonomy":"product_tag","embeddable":true,"href":"https:\/\/www.jadastroom.nl\/de\/wp-json\/wp\/v2\/product_tag?post=33031"}],"curies":[{"name":"wp","href":"https:\/\/api.w.org\/{rel}","templated":true}]}}