{"id":33023,"date":"2024-07-17T17:02:52","date_gmt":"2024-07-17T15:02:52","guid":{"rendered":"https:\/\/www.jadastroom.nl\/?post_type=product&#038;p=33023"},"modified":"2026-04-14T15:34:27","modified_gmt":"2026-04-14T13:34:27","slug":"victron-energy-pwm-laadregelaar-set-flexibel-zonnepaneel-55wp-5-jaar-garantie","status":"publish","type":"product","link":"https:\/\/www.jadastroom.nl\/de\/winkel\/zonnepanelensets\/victron-energy-pwm-laadregelaar-set-flexibel-zonnepaneel-55wp-5-jaar-garantie\/","title":{"rendered":"Victron Energy PWM Laderegler \u2013 Set Flexibles Solarmodul 55Wp \u2013 5 Jahre Garantie"},"content":{"rendered":"<p><strong>Alle Vorteile auf einen Blick:<\/strong><\/p>\n<ul>\n<li>Das Set ist Plug &amp; Play<\/li>\n<li>Auf das Set gibt es 5 Jahre Garantie<\/li>\n<li>Das Set wird mit einer Schritt-f\u00fcr-Schritt-Anleitung, einer technischen Zeichnung und einer Anleitung von Victron Energy geliefert.<\/li>\n<li>Die Solarmodule funktionieren auch an bew\u00f6lkten Tagen.<\/li>\n<li>Der Victron Energy Laderegler ist mit zwei USB-Anschl\u00fcssen und einem LCD-Display ausgestattet.<\/li>\n<li>Dieses Set verf\u00fcgt \u00fcber eine Sicherung und alle Produkte tragen das CE-Zeichen.<\/li>\n<li>Ben\u00f6tigen Sie mehr oder weniger Solarkabel? Teilen Sie uns dies im Voraus mit, da dies ebenfalls m\u00f6glich ist.<\/li>\n<\/ul>\n<p><strong>Das Set enth\u00e4lt:<\/strong><\/p>\n<ul>\n<li>1 x JaDaStroom flexibles Solarmodul 55Wp<\/li>\n<li>1 x Victron BlueSolar PWM-LCD&amp;USB 12\/24V-10A (inklusive Bedienungsanleitung)<\/li>\n<li>1 x Schaltplan<\/li>\n<li>1 x Dachdurchf\u00fchrung<\/li>\n<li>5 Meter rotes Kabel (vom Solarpanel zum Laderegler)<\/li>\n<li>5 Meter schwarzes Kabel (vom Solarpanel zum Laderegler)<\/li>\n<li>2,5 Meter rotes Kabel (vom Laderegler zur Batterie)<\/li>\n<li>2,5 Meter schwarzes Kabel (vom Laderegler zur Batterie)<\/li>\n<li>Alle Kabel mit Steckverbindern<\/li>\n<li>Immer technische Unterst\u00fctzung durch JaDaStroom<\/li>\n<\/ul>\n<p><strong>Informationen \u00fcber das Panel:<\/strong><\/p>\n<ul>\n<li>Maximum Power (Pmax) 55Wp<\/li>\n<li>Open Circuit Voltage (Voc) 24,50V<\/li>\n<li>Short Circuit Current (Isc) 2,76A<\/li>\n<li>Maximum Power Voltage (Vmp) 20,9V<\/li>\n<li>Maximum Power Current (Imp) 2,64A<\/li>\n<li>Abmessungen: 58 \u00d7 54 \u00d7 0,2 cm<\/li>\n<li>L\u00e4nge der Solarpanel-Kabel: 30cm<\/li>\n<li>Gewicht: 1 kg<\/li>\n<li>Panel ist flexibel<\/li>\n<li>Monokristallin<\/li>\n<li>Marke: JaDaStroom<\/li>\n<\/ul>\n<p><strong>Informationen \u00fcber den Laderegler<\/strong><\/p>\n<p>Der Laderegler verf\u00fcgt \u00fcber ein LCD-Display zur Status\u00fcberwachung und Einstellung. Au\u00dferdem hat der Laderegler zwei USB-Anschl\u00fcsse. Der Solarregler ist mit einer automatischen Lastabschaltung ausgestattet.<\/p>\n<p>Schutz vor \u00dcberstrom, Kurzschluss und falschem Polarit\u00e4tsanschluss der Solarmodule und\/oder Batterie.<\/p>\n<p><strong>Informationen \u00fcber das Kabel<\/strong><\/p>\n<ul>\n<li>Das Kabel enth\u00e4lt alle Anschlussstecker f\u00fcr die Installation. Au\u00dferdem ist eine Sicherung im Kabel integriert.<\/li>\n<li>Kabel vom Solarpanel zum Laderegler ist 4mm\u00b2.<\/li>\n<li>Kabel vom Laderegler zur Batterie ist 6mm\u00b2.<\/li>\n<\/ul>\n<p><strong>Informationen \u00fcber die Dachdurchf\u00fchrung<\/strong><\/p>\n<p>Bietet die M\u00f6glichkeit, das Kabel in den Wohnwagen oder das Boot zu f\u00fchren, ohne dass Wasser eindringt.<\/p>\n<p><strong>Praktisch zu wissen<\/strong><\/p>\n<p>Die Paneele k\u00f6nnen mit Dichtmasse befestigt werden oder \u00fcber die Befestigungspunkte an der Seite<\/p>\n<p>Dieses Set ist f\u00fcr ein 12V System<\/p>\n<p><strong>Warum entscheiden Sie sich f\u00fcr uns?<\/strong><\/p>\n<p>JaDaStroom bietet ein komplettes Solar-Set zu einem attraktiven Preis an. Dar\u00fcber hinaus k\u00f6nnen Sie sich jederzeit \u2013 vor und nach dem Kauf \u2013 mit Fragen an uns wenden. Wir stehen f\u00fcr Qualit\u00e4t und haben uns bewusst f\u00fcr ein wetterfestes Solarmodul entschieden. Dies zeigt sich auch am Victron Energy Laderegler, einer der besten Marken auf dem Markt. Au\u00dferdem bietet JaDaStroom 5 Jahre Garantie auf das Solar-Set!<\/p>\n<p><strong>Zus\u00e4tzliche Informationen<\/strong><\/p>\n<p>Der Laderegler ist geeignet f\u00fcr folgende Batterien: AGM, GEL, Nassbatterien oder LiFePO4-Batterien (nur f\u00fcr Lithium-Batterien mit internem BMS).<\/p>\n<p>Schlie\u00dfen Sie niemals zwei verschiedene Arten von Paneelen an einen Laderegler an, also Paneele mit unterschiedlichen Spezifikationen. Aus Sicherheits- und Effizienzgr\u00fcnden.<\/p>\n<p>Die Solarmodule k\u00f6nnen hei\u00df werden.<\/p>\n<p>Bitte beachten Sie, dass die Oberfl\u00e4che, auf der die Solarmodule montiert werden, daf\u00fcr geeignet und hitzebest\u00e4ndig ist. Andernfalls kann sich beispielsweise die Farbe abl\u00f6sen oder Blasen bilden.<\/p>\n<p>Wenn Sie Dichtmasse zur Befestigung verwenden: w\u00e4hlen Sie eine hitze- und UV-best\u00e4ndige Dichtmasse, z. B. Sikaflex 252 (pr\u00fcfen Sie auch, ob die Dichtmasse auf Ihrer Oberfl\u00e4che verklebt werden kann).<\/p>\n<p><a href=\"https:\/\/www.jadastroom.nl\/de\/produkt-kategorie\/zonnepanelensets\/\" target=\"_blank\" rel=\"noopener\">Entdecken Sie unsere kompletten Solaranlagen-Sets f\u00fcr Wohnmobil und Boot<\/a><\/p>\n<p>&nbsp;<\/p>","protected":false},"excerpt":{"rendered":"<p>Alle voordelen op een rijtje: De set is plug &amp; play Op de set zit 5 jaar garantie De set wordt geleverd met een stapgewijze instructie, een schematische tekening en een handleiding van Victron Energy De panelen werken ook bij bewolkte dagen De Victron Energy laadregelaar is voorzien van twee USB poorten en een LCD [&hellip;]<\/p>\n","protected":false},"featured_media":33024,"comment_status":"open","ping_status":"closed","template":"","meta":{"wds_primary_product_brand":0,"wds_primary_product_cat":139},"product_brand":[],"product_cat":[139],"product_tag":[],"class_list":{"0":"post-33023","1":"product","2":"type-product","3":"status-publish","4":"has-post-thumbnail","6":"product_cat-zonnepanelensets","8":"first","9":"instock","10":"taxable","11":"shipping-taxable","12":"purchasable","13":"product-type-simple"},"_links":{"self":[{"href":"https:\/\/www.jadastroom.nl\/de\/wp-json\/wp\/v2\/product\/33023","targetHints":{"allow":["GET"]}}],"collection":[{"href":"https:\/\/www.jadastroom.nl\/de\/wp-json\/wp\/v2\/product"}],"about":[{"href":"https:\/\/www.jadastroom.nl\/de\/wp-json\/wp\/v2\/types\/product"}],"replies":[{"embeddable":true,"href":"https:\/\/www.jadastroom.nl\/de\/wp-json\/wp\/v2\/comments?post=33023"}],"wp:featuredmedia":[{"embeddable":true,"href":"https:\/\/www.jadastroom.nl\/de\/wp-json\/wp\/v2\/media\/33024"}],"wp:attachment":[{"href":"https:\/\/www.jadastroom.nl\/de\/wp-json\/wp\/v2\/media?parent=33023"}],"wp:term":[{"taxonomy":"product_brand","embeddable":true,"href":"https:\/\/www.jadastroom.nl\/de\/wp-json\/wp\/v2\/product_brand?post=33023"},{"taxonomy":"product_cat","embeddable":true,"href":"https:\/\/www.jadastroom.nl\/de\/wp-json\/wp\/v2\/product_cat?post=33023"},{"taxonomy":"product_tag","embeddable":true,"href":"https:\/\/www.jadastroom.nl\/de\/wp-json\/wp\/v2\/product_tag?post=33023"}],"curies":[{"name":"wp","href":"https:\/\/api.w.org\/{rel}","templated":true}]}}