{"id":32734,"date":"2024-02-10T11:32:54","date_gmt":"2024-02-10T10:32:54","guid":{"rendered":"https:\/\/www.jadastroom.nl\/?post_type=product&#038;p=32734"},"modified":"2026-04-14T15:39:52","modified_gmt":"2026-04-14T13:39:52","slug":"victron-energy-175wp-set-165ah-accu-12v-230v-omvormer-12-1600","status":"publish","type":"product","link":"https:\/\/www.jadastroom.nl\/de\/winkel\/zonnepanelensets\/victron-energy-175wp-set-165ah-accu-12v-230v-omvormer-12-1600\/","title":{"rendered":"Victron Energy 185Wp Set \u2013 330Ah Batterie &amp; 12V-230V Wechselrichter 12\/1600"},"content":{"rendered":"<p>Artikelnummer: JaDa950498419264123112a<\/p>\n<p>Victron Energy Solarpanel-Set f\u00fcr Wohnwagen, Wohnmobile, Boote, Transporter, Lkw, Tiny Houses oder Schuppen!<\/p>\n<p>Fahren Sie dieses Jahr mit dem Boot, Wohnwagen oder Camper weg und m\u00f6chten Sie nicht ohne Strom dastehen?<br \/>\nDann ist dieses Solarpanel-Set ideal, da die Solarmodule Ihre Batterie automatisch laden.<br \/>\nDas Set ist sehr einfach anzuschlie\u00dfen, auch wenn Sie keine Erfahrung mit Solarmodulen haben. Dies liegt daran, dass das Set Plug-and-Play ist.<br \/>\nDar\u00fcber hinaus wird das Set mit einer Schritt-f\u00fcr-Schritt-Anleitung, einem Schaltplan und einer Bedienungsanleitung f\u00fcr den Laderegler geliefert. Sollten Sie noch Fragen haben, stehen wir Ihnen jederzeit zur Verf\u00fcgung!<br \/>\n\u00dcber die Victron Energy App k\u00f6nnen Sie sehen, wie viel die Solarmodule erzeugen. Das Solar-Set wird mit einer Batterie, einem 12V-230V Wechselrichter und allen Kabeln f\u00fcr den Anschluss geliefert.<\/p>\n<p><strong>Dieses Set enth\u00e4lt<\/strong><\/p>\n<ul>\n<li>1 x Victron BlueSolar 185Wp Mono-Solarmodul<\/li>\n<li>1 x Solara Montagespoiler HS68\/W (2) (Set mit 2 St\u00fcck)<\/li>\n<li>1 x MPPT-Laderegler Victron Energy 75\/15 mit Bluetooth (inklusive Bedienungsanleitung)<\/li>\n<li>2 x Victron AGM Batterie 12V\/165Ah<\/li>\n<li>1 x Victron Phoenix Smart Wechselrichter 12\/1600 230V<\/li>\n<li>1 x Schaltplan<\/li>\n<li>1 x Dachdurchf\u00fchrung<\/li>\n<li>5 Meter rotes Kabel (vom Solarpanel zum Laderegler)<\/li>\n<li>5 Meter schwarzes Kabel (vom Solarpanel zum Laderegler)<\/li>\n<li>2,5 Meter rotes Kabel (vom Laderegler zur Batterie)<\/li>\n<li>2,5 Meter schwarzes Kabel (vom Laderegler zur Batterie)<\/li>\n<li>1,5 Meter rotes Kabel (Kabel von der Batterie zum 12V-230V Wechselrichter)<\/li>\n<li>1,5 Meter schwarzes Kabel (Kabel von der Batterie zum 12V-230V Wechselrichter)<\/li>\n<li>30 cm rotes Kabel (zwischen den beiden Batterien)<\/li>\n<li>30 cm schwarzes Kabel (zwischen den beiden Batterien)<\/li>\n<li>Alle Kabel mit Steckverbindern<\/li>\n<li>Immer technische Unterst\u00fctzung durch JaDaStroom<\/li>\n<\/ul>\n<p><strong>Informationen \u00fcber das Panel:<\/strong><br \/>\nMaximum Power (Pmax) 185Wp<br \/>\nOpen Circuit Voltage (Voc): 24,11V<br \/>\nMaximum Power Current (Imp) 9,41A<br \/>\nAbmessungen 1485 x 668 x 30 mm<br \/>\nGewicht: 11 Kg<br \/>\nMonokristallin<\/p>\n<p class=\"translation-block\"><strong>Informationen \u00fcber den Laderegler<\/strong><br>\nMit dem MPPT-Laderegler von Victron Energy erh\u00f6hen Sie die Energieausbeute um 30 % im Vergleich zu PWM-Ladereglern. Au\u00dferdem ist der MPPT-Laderegler von Victron Energy 10 % effizienter als langsamere MPPT-Laderegler. Dem Laderegler liegt eine Bedienungsanleitung bei, diese Anleitung ist sowohl auf Niederl\u00e4ndisch als auch auf Englisch verf\u00fcgbar. \u00dcber die Victron Energy-App k\u00f6nnen Sie auch sehen, wie viel Strom die Solarmodule erzeugen. Die App hei\u00dft \u201eVictronConnect\u201c und ist einfach im App- und Playstore herunterzuladen. Au\u00dferdem ist im Laderegler eine Sicherung eingebaut.<\/p>\n<p><strong>Informationen zur Batterie<\/strong><\/p>\n<p>Technologie: AGM<br \/>\nNennkapazit\u00e4t der Batterie (Ah)*: 165<br \/>\nBatteriespannung (V): 12<br \/>\nAnschluss: Kupfer<br \/>\nAbmessungen LxBxH (mm): 485 x 172 x 240<br \/>\nGewicht (kg): 47<br \/>\nCCA bei -18\u00b0C (0\u00b0F): 600<br \/>\nRES CAP @80\u00b0F: 220<\/p>\n<p>* Nennkapazit\u00e4t: 20 Stunden Entladung bei 25\u00b0C<\/p>\n<p><strong>Informationen \u00fcber den 12V-230V Wechselrichter<\/strong><\/p>\n<p>Mit diesem reinen Sinus-DC\/AC-Wechselrichter wird 12 VDC in 230 VAC umgewandelt, f\u00fcr Ger\u00e4te mit einer Dauerleistung von 1300 W (Spitzenleistung 2400 W). Der Wechselrichter verf\u00fcgt \u00fcber integriertes Bluetooth und einen VE.Direct-Kommunikationsanschluss.<\/p>\n<p>Der Phoenix Wechselrichter 1600VA eignet sich besonders f\u00fcr Ger\u00e4te mit hohem Anlaufstrom, wie K\u00fchlschr\u00e4nke und Gefrierger\u00e4te. H\u00e4ufig eingesetzt in Wohnmobilen, Booten und Nutzfahrzeugen. Geeignet f\u00fcr Ger\u00e4te wie Senseo, Nespresso, Mikrowellen, Wasserkocher und andere Haushaltsger\u00e4te.<\/p>\n<p><strong>Informationen \u00fcber das Kabel<\/strong><\/p>\n<ul>\n<li>Das Kabel enth\u00e4lt alle Steckverbinder f\u00fcr den Anschluss. Au\u00dferdem ist eine Sicherung im Kabel eingebaut.<\/li>\n<li>Kabel vom Solarpanel zum Laderegler ist 4mm\u00b2.<\/li>\n<li>Das Kabel vom Laderegler zur Batterie hat einen Querschnitt von 6 mm\u00b2. Dieses Kabel ist mit einer Sicherung ausgestattet.<\/li>\n<li>Das Kabel von der Batterie zum 12V-230V Wechselrichter hat einen Querschnitt von 70 mm\u00b2. Dieses Kabel ist mit einer Sicherung ausgestattet.<\/li>\n<\/ul>\n<p><strong>Informationen \u00fcber die Dachdurchf\u00fchrung<\/strong><br \/>\nBietet die M\u00f6glichkeit, das Kabel in den Wohnwagen oder das Boot zu f\u00fchren, ohne dass Wasser eindringt.<\/p>\n<p><strong>Praktisch zu wissen<\/strong><\/p>\n<ul>\n<li>Dieses Set ist f\u00fcr ein 12V System<\/li>\n<li>Wenn Sie Ger\u00e4te direkt an die Batterien anschlie\u00dfen m\u00f6chten, stimmen Sie dies bitte mit uns ab. M\u00f6glicherweise ben\u00f6tigen Sie ein dickeres Kabel. Dies dient der Sicherheit.<\/li>\n<li>F\u00fcr das Kabel von der Batterie zum 230V-Wechselrichter: Schlie\u00dfen Sie die Seite mit der Sicherung immer an die Batterie an.<\/li>\n<li>Die Montagespoiler stehen auf beiden Seiten 7 cm hervor. Messen Sie daher das Dach oder Deck sorgf\u00e4ltig aus, um sicherzustellen, dass ausreichend Platz f\u00fcr eine korrekte Montage vorhanden ist.<\/li>\n<\/ul>\n<p><strong>Warum entscheiden Sie sich f\u00fcr uns?<\/strong><\/p>\n<p>JaDaStroom bietet ein komplettes Solar-Set zu einem attraktiven Preis an. Dar\u00fcber hinaus k\u00f6nnen Sie sich jederzeit mit Fragen an uns wenden \u2013 sowohl vor als auch nach dem Kauf. Wir stehen f\u00fcr Qualit\u00e4t und haben bewusst ein wetterbest\u00e4ndiges Solarmodul gew\u00e4hlt. Dies zeigt sich auch bei den Victron Energy Produkten, einer der besten Marken auf dem Markt.<\/p>\n<p><strong>Zus\u00e4tzliche Informationen<br \/>\n<\/strong>De laadregelaar is geschikt voor de volgende accu\u2019s: loodzuur, Lithium lifepo4 met interne bms, AGM en GEL accu\u2019s.<\/p>\n<p>Schlie\u00dfen Sie niemals zwei verschiedene Arten von Paneelen an einen Laderegler an, also Paneele mit unterschiedlichen Spezifikationen. Aus Sicherheits- und Effizienzgr\u00fcnden.<\/p>\n<p><a href=\"https:\/\/www.jadastroom.nl\/de\/produkt-kategorie\/zonnepanelensets\/\" target=\"_blank\" rel=\"noopener\">Entdecken Sie unser gesamtes Angebot an Solaranlagen-Sets<\/a><\/p>","protected":false},"excerpt":{"rendered":"<p>Artikelnummer: JaDa950498419264123112a Victron Energy zonnepanelen set voor caravans, campers, boten, busjes, vrachtwagens, tiny houses of schuurtjes! Gaat u dit jaar weg met de boot, caravan of camper en wilt u niet zonder stroom zitten? Dan is deze zonnepanelen set ideaal, omdat de zonnepanelen automatisch uw accu opladen. De set is erg eenvoudig om aan te [&hellip;]<\/p>\n","protected":false},"featured_media":33719,"comment_status":"open","ping_status":"closed","template":"","meta":{"wds_primary_product_brand":0,"wds_primary_product_cat":139},"product_brand":[],"product_cat":[139],"product_tag":[],"class_list":{"0":"post-32734","1":"product","2":"type-product","3":"status-publish","4":"has-post-thumbnail","6":"product_cat-zonnepanelensets","7":"pa_hoeveel-wp-200wp","8":"pa_merk-laadregelaar-victron-energy","9":"pa_type-laadregelaar-mppt","10":"pa_vast-of-flexibel-vast","12":"first","13":"instock","14":"taxable","15":"shipping-taxable","16":"purchasable","17":"product-type-simple"},"_links":{"self":[{"href":"https:\/\/www.jadastroom.nl\/de\/wp-json\/wp\/v2\/product\/32734","targetHints":{"allow":["GET"]}}],"collection":[{"href":"https:\/\/www.jadastroom.nl\/de\/wp-json\/wp\/v2\/product"}],"about":[{"href":"https:\/\/www.jadastroom.nl\/de\/wp-json\/wp\/v2\/types\/product"}],"replies":[{"embeddable":true,"href":"https:\/\/www.jadastroom.nl\/de\/wp-json\/wp\/v2\/comments?post=32734"}],"wp:featuredmedia":[{"embeddable":true,"href":"https:\/\/www.jadastroom.nl\/de\/wp-json\/wp\/v2\/media\/33719"}],"wp:attachment":[{"href":"https:\/\/www.jadastroom.nl\/de\/wp-json\/wp\/v2\/media?parent=32734"}],"wp:term":[{"taxonomy":"product_brand","embeddable":true,"href":"https:\/\/www.jadastroom.nl\/de\/wp-json\/wp\/v2\/product_brand?post=32734"},{"taxonomy":"product_cat","embeddable":true,"href":"https:\/\/www.jadastroom.nl\/de\/wp-json\/wp\/v2\/product_cat?post=32734"},{"taxonomy":"product_tag","embeddable":true,"href":"https:\/\/www.jadastroom.nl\/de\/wp-json\/wp\/v2\/product_tag?post=32734"}],"curies":[{"name":"wp","href":"https:\/\/api.w.org\/{rel}","templated":true}]}}