{"id":32711,"date":"2024-02-06T16:01:18","date_gmt":"2024-02-06T15:01:18","guid":{"rendered":"https:\/\/www.jadastroom.nl\/?post_type=product&#038;p=32711"},"modified":"2026-04-14T15:41:25","modified_gmt":"2026-04-14T13:41:25","slug":"victron-energy-zonnepanelen-set-bluetooth-set-vast-zonnepaneel-175wp","status":"publish","type":"product","link":"https:\/\/www.jadastroom.nl\/de\/winkel\/zonnepanelensets\/victron-energy-zonnepanelen-set-bluetooth-set-vast-zonnepaneel-175wp\/","title":{"rendered":"Victron Energy Solarpanel-Set Bluetooth \u2013 Feste Solarmodul-Set 185Wp \u2013 5 Jahre Garantie"},"content":{"rendered":"<p>Artikelnummer JaDa950498419264123112<\/p>\n<p>Victron Energy Solarpanel-Set f\u00fcr Wohnwagen, Wohnmobile, Boote, Transporter, Lkw, Tiny Houses oder Schuppen!<\/p>\n<p>Fahren Sie dieses Jahr mit dem Boot, Wohnwagen oder Camper weg und m\u00f6chten Sie nicht ohne Strom dastehen?<br \/>\nDann ist dieses Solarpanel-Set ideal, da die Solarmodule Ihre Batterie automatisch laden.<br \/>\nDas Set ist sehr einfach anzuschlie\u00dfen, auch wenn Sie keine Erfahrung mit Solarmodulen haben. Dies liegt daran, dass das Set Plug-and-Play ist.<br \/>\nDar\u00fcber hinaus wird das Set mit einer Schritt-f\u00fcr-Schritt-Anleitung, einem Schaltplan und einer Bedienungsanleitung f\u00fcr den Laderegler geliefert. Sollten Sie noch Fragen haben, stehen wir Ihnen jederzeit zur Verf\u00fcgung!<br \/>\n\u00dcber die App von Victron Energy k\u00f6nnen Sie auch sehen, wie viel Strom die Solarmodule erzeugen. Das Solarpanel-Set hat eine Garantie von 5 Jahren.<\/p>\n<p><strong>Dieses Set enth\u00e4lt<\/strong><\/p>\n<ul>\n<li>1 x Victron BlueSolar 185Wp Mono-Solarmodul<\/li>\n<li>1 x Solara Montagespoiler HS68\/W (2) (Set mit 2 St\u00fcck)<\/li>\n<li>1 x MPPT-Laderegler Victron Energy 75\/15 mit Bluetooth (inklusive Bedienungsanleitung)<\/li>\n<li>1 x Schaltplan<\/li>\n<li>1 x Dachdurchf\u00fchrung<\/li>\n<li>5 Meter rotes Kabel (vom Solarpanel zum Laderegler)<\/li>\n<li>5 Meter schwarzes Kabel (vom Solarpanel zum Laderegler)<\/li>\n<li>2,5meter kabel rood (kabel is voor laadregelaar naar accu)<\/li>\n<li>2,5meter kabel zwart (kabel is voor laadregelaar naar accu)<\/li>\n<li>Alle Kabel mit Steckverbindern<\/li>\n<li>Immer technische Unterst\u00fctzung durch JaDaStroom<\/li>\n<\/ul>\n<p><strong>Informationen \u00fcber das Panel:<\/strong><\/p>\n<p>Maximum Power (Pmax) 185Wp<br \/>\nOpen Circuit Voltage (Voc): 24,11V<br \/>\nMaximum Power Current (Imp) 9,41A<br \/>\nAbmessungen 1485 x 668 x 30 mm<br \/>\nGewicht: 11 Kg<br \/>\nMonokristallin<\/p>\n<p><strong>Informationen \u00fcber den Laderegler<\/strong><br \/>\nMit dem MPPT-Laderegler von Victron Energy erh\u00f6hen Sie die Energieausbeute um 30 % im Vergleich zu PWM-Ladereglern. Au\u00dferdem ist der MPPT-Laderegler von Victron Energy 10 % effizienter als langsamere MPPT-Laderegler.<br \/>\nDem Laderegler liegt eine Bedienungsanleitung bei, diese Anleitung ist sowohl auf Niederl\u00e4ndisch als auch auf Englisch verf\u00fcgbar.<br \/>\n\u00dcber die App von Victron Energy k\u00f6nnen Sie auch sehen, wie viel Strom die Solarmodule erzeugen. Die App hei\u00dft \u201eVictronConnect\u201c und ist einfach im App- und Playstore herunterzuladen.<br \/>\nDar\u00fcber hinaus ist im Laderegler eine Sicherung eingebaut.<\/p>\n<p><strong>Informationen \u00fcber das Kabel<\/strong><br \/>\nDas Kabel enth\u00e4lt alle Steckverbinder f\u00fcr den Anschluss.<br \/>\nKabel vom Solarpanel zum Laderegler ist 4mm\u00b2.<br \/>\nKabel vom Laderegler zur Batterie ist 6mm\u00b2.<\/p>\n<p>Im Kabel vom Laderegler zur Batterie befindet sich eine Sicherung, diese Sicherung ist austauschbar.<\/p>\n<p><strong>Informationen \u00fcber die Montagespoiler:<\/strong><\/p>\n<p>Im Set sind 2 Montagespoiler enthalten, auch die Schrauben sind dabei. Die Schrauben k\u00f6nnen in den Rahmen des Solarmoduls geschraubt werden, um das Modul am Montagespoiler zu befestigen (siehe Aussparungen am Spoiler). An der Unterseite des Montagespoilers befindet sich ein Streifen, auf den Dichtmasse aufgetragen werden kann, um das Solarmodul auf dem Dach oder Deck zu verkleben.<\/p>\n<p><strong>Informationen \u00fcber die Dachdurchf\u00fchrung<\/strong><br \/>\nBietet die M\u00f6glichkeit, das Kabel in den Wohnwagen oder das Boot zu f\u00fchren, ohne dass Wasser eindringt.<\/p>\n<p><strong>Praktisch zu wissen<\/strong><\/p>\n<ul>\n<li>Dieses Set ist f\u00fcr ein 12V System<\/li>\n<li>Die Montagespoiler stehen auf beiden Seiten 7 cm hervor. Messen Sie daher das Dach oder Deck sorgf\u00e4ltig aus, um sicherzustellen, dass ausreichend Platz f\u00fcr eine korrekte Montage vorhanden ist.<\/li>\n<\/ul>\n<p><strong>Warum entscheiden Sie sich f\u00fcr uns?<br \/>\n<\/strong>JaDaStroom bietet ein komplettes Solarpanel-Set zu einem attraktiven Preis an. Au\u00dferdem k\u00f6nnen Sie sich sowohl vor als auch nach dem Kauf jederzeit mit Fragen an uns wenden! Wir stehen f\u00fcr Qualit\u00e4t und haben uns bewusst f\u00fcr ein wetterfestes Solarmodul entschieden. Dies zeigt sich auch am Victron Energy-Laderegler, einer der besten Marken auf dem Markt. Zudem betr\u00e4gt die Garantie auf das Solarpanel-Set 5 Jahre.<\/p>\n<p><strong><br \/>\nZus\u00e4tzliche Informationen<br \/>\n<\/strong><\/p>\n<p>Auf dieses Solarpanel-Set gibt es 5 Jahre Garantie.<\/p>\n<p>Der Laderegler ist geeignet f\u00fcr folgende Batterien: Blei-S\u00e4ure, Lithium LiFePO4 mit internem BMS, AGM und GEL-Batterien.<\/p>\n<p>Schlie\u00dfen Sie niemals zwei verschiedene Arten von Paneelen an einen Laderegler an, also Paneele mit unterschiedlichen Spezifikationen. Aus Sicherheits- und Effizienzgr\u00fcnden.<\/p>\n<p>Dieses Produkt darf ausschlie\u00dflich von JaDaStroom verkauft werden. Das Kabel wird von JaDaStroom hergestellt und wird nicht separat verkauft, wodurch niemand sonst das Set anbieten kann, da das Kabel von JaDaStroom stammt. Auch der technische Support wird von JaDaStroom durchgef\u00fchrt.<\/p>\n<p><a href=\"https:\/\/www.jadastroom.nl\/de\/produkt-kategorie\/zonnepanelensets\/\" target=\"_blank\" rel=\"noopener\">Entdecken Sie alle Solaranlagen-Sets f\u00fcr Wohnmobil und Boot<\/a><\/p>","protected":false},"excerpt":{"rendered":"<p>Artikelnummer: JaDa950498419264123112 Victron Energy zonnepanelen set voor caravans, campers, boten, busjes, vrachtwagens, tiny houses of schuurtjes! Gaat u dit jaar weg met de boot, caravan of camper en wilt u niet zonder stroom zitten? Dan is deze zonnepanelen set ideaal, omdat de zonnepanelen automatisch uw accu opladen. De set is erg eenvoudig om aan te [&hellip;]<\/p>\n","protected":false},"featured_media":32713,"comment_status":"open","ping_status":"closed","template":"","meta":{"wds_primary_product_brand":0,"wds_primary_product_cat":139},"product_brand":[],"product_cat":[139],"product_tag":[],"class_list":{"0":"post-32711","1":"product","2":"type-product","3":"status-publish","4":"has-post-thumbnail","6":"product_cat-zonnepanelensets","7":"pa_bluetooth-scherm-alleen-bluetooth","8":"pa_hoeveel-wp-200wp","9":"pa_merk-laadregelaar-victron-energy","10":"pa_type-laadregelaar-mppt","11":"pa_vast-of-flexibel-vast","13":"first","14":"instock","15":"taxable","16":"shipping-taxable","17":"purchasable","18":"product-type-simple"},"_links":{"self":[{"href":"https:\/\/www.jadastroom.nl\/de\/wp-json\/wp\/v2\/product\/32711","targetHints":{"allow":["GET"]}}],"collection":[{"href":"https:\/\/www.jadastroom.nl\/de\/wp-json\/wp\/v2\/product"}],"about":[{"href":"https:\/\/www.jadastroom.nl\/de\/wp-json\/wp\/v2\/types\/product"}],"replies":[{"embeddable":true,"href":"https:\/\/www.jadastroom.nl\/de\/wp-json\/wp\/v2\/comments?post=32711"}],"wp:featuredmedia":[{"embeddable":true,"href":"https:\/\/www.jadastroom.nl\/de\/wp-json\/wp\/v2\/media\/32713"}],"wp:attachment":[{"href":"https:\/\/www.jadastroom.nl\/de\/wp-json\/wp\/v2\/media?parent=32711"}],"wp:term":[{"taxonomy":"product_brand","embeddable":true,"href":"https:\/\/www.jadastroom.nl\/de\/wp-json\/wp\/v2\/product_brand?post=32711"},{"taxonomy":"product_cat","embeddable":true,"href":"https:\/\/www.jadastroom.nl\/de\/wp-json\/wp\/v2\/product_cat?post=32711"},{"taxonomy":"product_tag","embeddable":true,"href":"https:\/\/www.jadastroom.nl\/de\/wp-json\/wp\/v2\/product_tag?post=32711"}],"curies":[{"name":"wp","href":"https:\/\/api.w.org\/{rel}","templated":true}]}}