{"id":3187,"date":"2022-05-22T15:56:24","date_gmt":"2022-05-22T13:56:24","guid":{"rendered":"https:\/\/jadastroom.nl\/?post_type=product&#038;p=3187"},"modified":"2024-06-28T18:34:32","modified_gmt":"2024-06-28T16:34:32","slug":"bluetooth-victron-energy-mppt-laadregelaar-set-vast-zonnepaneel-175wp","status":"publish","type":"product","link":"https:\/\/www.jadastroom.nl\/de\/winkel\/geen-categorie\/bluetooth-victron-energy-mppt-laadregelaar-set-vast-zonnepaneel-175wp\/","title":{"rendered":"Bluetooth &#8211; Victron Energy MPPT Laadregelaar &#8211; Set Vast Zonnepaneel 175Wp"},"content":{"rendered":"<p>Artikelnummer: JaDa95049841926412311<\/p>\n<p>Fahren Sie dieses Jahr mit dem Boot, Wohnwagen oder Camper weg und m\u00f6chten Sie nicht ohne Strom dastehen?<br \/>\nDann ist dieses Solarpanel-Set ideal, da die Solarmodule Ihre Batterie automatisch laden.<br \/>\nDas Set ist sehr einfach anzuschlie\u00dfen, auch wenn Sie keine Erfahrung mit Solarmodulen haben. Dies liegt daran, dass das Set Plug-and-Play ist.<br \/>\nDar\u00fcber hinaus wird das Set mit einer Schritt-f\u00fcr-Schritt-Anleitung, einem Schaltplan und einer Bedienungsanleitung f\u00fcr den Laderegler geliefert. Sollten Sie noch Fragen haben, stehen wir Ihnen jederzeit zur Verf\u00fcgung!<br \/>\nOok kan u via de app van Victron Energy zien hoeveel de zonnepanelen opleveren.<\/p>\n<p><strong>Dieses Set enth\u00e4lt<\/strong><\/p>\n<ul>\n<li>1 x Renogy zonnepaneel 175Wp<\/li>\n<li>8 x bevestigingsbeugel inclusief schroeven en bouten<\/li>\n<li>1 x MPPT-Laderegler Victron Energy 75\/15 mit Bluetooth (inklusive Bedienungsanleitung)<\/li>\n<li>1 x Schaltplan<\/li>\n<li>1 x Dachdurchf\u00fchrung<\/li>\n<li>5 Meter rotes Kabel (vom Solarpanel zum Laderegler)<\/li>\n<li>5 Meter schwarzes Kabel (vom Solarpanel zum Laderegler)<\/li>\n<li>2,5meter kabel rood (kabel is voor laadregelaar naar accu)<\/li>\n<li>2,5meter kabel zwart (kabel is voor laadregelaar naar accu)<\/li>\n<li>Alle Kabel mit Steckverbindern<\/li>\n<li>Altijd technische ondersteuning door JaDa Consumentenartikelen<\/li>\n<\/ul>\n<p><strong>Informationen \u00fcber das Panel:<\/strong><\/p>\n<ul>\n<li>Merk zonnepaneel: Renogy<\/li>\n<li>Max Power at STC:\u00a0175W<\/li>\n<li>Open Circuit Voltage:\u00a021.6V<\/li>\n<li>Opitmum Operating Voltage:\u00a018V<\/li>\n<li>Optimum Operating Current:\u00a09.73A<\/li>\n<li>Short Circuit Current:\u00a010.62A<\/li>\n<li>Gewicht: 9,5kg<\/li>\n<li>Afmetingen: 1328*670*35mm<\/li>\n<li>Monokristallin<\/li>\n<\/ul>\n<p class=\"translation-block\"><strong>Informationen \u00fcber den Laderegler<\/strong><br>\nMit dem MPPT-Laderegler von Victron Energy erh\u00f6hen Sie die Energieausbeute um 30 % im Vergleich zu PWM-Ladereglern. Au\u00dferdem ist der MPPT-Laderegler von Victron Energy 10 % effizienter als langsamere MPPT-Laderegler. Dem Laderegler liegt eine Bedienungsanleitung bei, diese Anleitung ist sowohl auf Niederl\u00e4ndisch als auch auf Englisch verf\u00fcgbar. \u00dcber die Victron Energy-App k\u00f6nnen Sie auch sehen, wie viel Strom die Solarmodule erzeugen. Die App hei\u00dft \u201eVictronConnect\u201c und ist einfach im App- und Playstore herunterzuladen. Au\u00dferdem ist im Laderegler eine Sicherung eingebaut.<\/p>\n<p><strong>Informationen \u00fcber das Kabel<\/strong><\/p>\n<ul>\n<li>Das Kabel enth\u00e4lt alle Steckverbinder f\u00fcr den Anschluss. Au\u00dferdem ist eine Sicherung im Kabel eingebaut.<\/li>\n<li>Kabel vom Solarpanel zum Laderegler ist 4mm\u00b2.<\/li>\n<li>Kabel vom Laderegler zur Batterie ist 6mm\u00b2.<\/li>\n<\/ul>\n<p><strong>Informationen \u00fcber die Dachdurchf\u00fchrung<\/strong><br \/>\nBietet die M\u00f6glichkeit, das Kabel in den Wohnwagen oder das Boot zu f\u00fchren, ohne dass Wasser eindringt.<\/p>\n<p><strong>Praktisch zu wissen<\/strong><\/p>\n<ul>\n<li>Dieses Set ist f\u00fcr ein 12V System<\/li>\n<li>De laadregelaar is geschikt voor de volgende accu\u2019s: loodzuur, Lithium lifepo4 met interne bms, AGM en GEL accu\u2019s<\/li>\n<li>Schlie\u00dfen Sie niemals zwei verschiedene Arten von Paneelen an einen Laderegler an, also Paneele mit unterschiedlichen Spezifikationen. Aus Sicherheits- und Effizienzgr\u00fcnden.<\/li>\n<\/ul>\n<p><strong>Warum entscheiden Sie sich f\u00fcr uns?<\/strong><br \/>\nJaDa Consumentenartikelen biedt een complete zonnepanelen set aan voor een scherpe prijs, daarnaast kan u altijd bij ons terecht met vragen zowel voor als na de koop! Daarnaast staan wij voor kwaliteit, wij hebben er bewust voor gekozen om een weerbestendig paneel aan te bieden. Dit is ook te zien aan de Victron Energy laadregelaar, een van de beste merken op de markt.<\/p>\n<p>&nbsp;<\/p>","protected":false},"excerpt":{"rendered":"<p>Artikelnummer: JaDa95049841926412311 Gaat u dit jaar weg met de boot, caravan of camper en wilt u niet zonder stroom zitten? Dan is deze zonnepanelen set ideaal, omdat de zonnepanelen automatisch uw accu opladen. De set is erg eenvoudig om aan te sluiten, ook al heeft u geen ervaring met zonnepanelen dit komt omdat de set [&hellip;]<\/p>\n","protected":false},"featured_media":3188,"comment_status":"open","ping_status":"closed","template":"","meta":{"wds_primary_product_brand":0,"wds_primary_product_cat":139},"product_brand":[],"product_cat":[46],"product_tag":[],"class_list":{"0":"post-3187","1":"product","2":"type-product","3":"status-publish","4":"has-post-thumbnail","6":"product_cat-geen-categorie","7":"pa_bluetooth-scherm-alleen-bluetooth","8":"pa_merk-laadregelaar-victron-energy","9":"pa_type-laadregelaar-mppt","10":"pa_vast-of-flexibel-vast","12":"first","13":"instock","14":"taxable","15":"shipping-taxable","16":"purchasable","17":"product-type-simple"},"_links":{"self":[{"href":"https:\/\/www.jadastroom.nl\/de\/wp-json\/wp\/v2\/product\/3187","targetHints":{"allow":["GET"]}}],"collection":[{"href":"https:\/\/www.jadastroom.nl\/de\/wp-json\/wp\/v2\/product"}],"about":[{"href":"https:\/\/www.jadastroom.nl\/de\/wp-json\/wp\/v2\/types\/product"}],"replies":[{"embeddable":true,"href":"https:\/\/www.jadastroom.nl\/de\/wp-json\/wp\/v2\/comments?post=3187"}],"wp:featuredmedia":[{"embeddable":true,"href":"https:\/\/www.jadastroom.nl\/de\/wp-json\/wp\/v2\/media\/3188"}],"wp:attachment":[{"href":"https:\/\/www.jadastroom.nl\/de\/wp-json\/wp\/v2\/media?parent=3187"}],"wp:term":[{"taxonomy":"product_brand","embeddable":true,"href":"https:\/\/www.jadastroom.nl\/de\/wp-json\/wp\/v2\/product_brand?post=3187"},{"taxonomy":"product_cat","embeddable":true,"href":"https:\/\/www.jadastroom.nl\/de\/wp-json\/wp\/v2\/product_cat?post=3187"},{"taxonomy":"product_tag","embeddable":true,"href":"https:\/\/www.jadastroom.nl\/de\/wp-json\/wp\/v2\/product_tag?post=3187"}],"curies":[{"name":"wp","href":"https:\/\/api.w.org\/{rel}","templated":true}]}}